{"id":1534,"date":"2021-05-15T21:34:14","date_gmt":"2021-05-15T13:34:14","guid":{"rendered":"https:\/\/amthy.com\/?post_type=product&#038;p=1534"},"modified":"2022-05-26T16:27:59","modified_gmt":"2022-05-26T08:27:59","slug":"europrofile-lock-cylinder-manufacturer-h1000","status":"publish","type":"product","link":"https:\/\/amthy.com\/fr\/product\/europrofile-lock-cylinder-manufacturer-h1000\/","title":{"rendered":"Cylindre de porte de s\u00e9curit\u00e9 Europrofile -H1000"},"content":{"rendered":"<h2>Fonction de verrouillage Europrofile<\/h2>\n<ul>\n<li>Haute s\u00e9curit\u00e9-double broches et instruction de broche de disque<\/li>\n<li>Syst\u00e8me de cl\u00e9 principale AB-1 cl\u00e9 temporaire, 5 cl\u00e9s primaires<\/li>\n<li>Anti-crochetage, Anti-clic<\/li>\n<li>La dur\u00e9e de vie du produit en laiton complet peut \u00eatre sup\u00e9rieure \u00e0 10 ans<\/li>\n<\/ul>\n<h2>Qui sommes-nous ?<\/h2>\n<p style=\"text-align: left;\">Amthy est un cylindre de s\u00e9curit\u00e9 Europrofile <a href=\"https:\/\/amthy.com\/fr\/product-category\/lock-cylinder\/\">Fournisseur <\/a>de Chine. Nous offrons normalement <a href=\"https:\/\/en.wikipedia.org\/wiki\/Pin_tumbler_lock\" target=\"_blank\" rel=\"noopener\">cylindres<\/a> pour portes int\u00e9rieures et cylindres de haute s\u00e9curit\u00e9 pour portes ext\u00e9rieures. \u00c9tant l&#039;un des principaux fabricants de 3 cylindres, l&#039;installation automatique ou semi-automatique 95.9% est adopt\u00e9e pour remplacer le travail manuel, r\u00e9duire les co\u00fbts et augmenter l&#039;efficacit\u00e9. <span style=\"color: #ff0000;\"><span style=\"color: #000000;\">En cons\u00e9quence, <\/span><\/span>Moins de co\u00fbt de main-d&#039;\u0153uvre apporte toujours des prix plus comp\u00e9titifs et attractifs. Gr\u00e2ce aux avantages ci-dessus, <em>Nous sommes maintenant dispos\u00e9s \u00e0 <a href=\"https:\/\/www.youtube.com\/watch?v=9Lw0FD68w1c\" target=\"_blank\" rel=\"noopener\">r\u00e9v\u00e9ler et partager le co\u00fbt<\/a> de bouteilles normales avec des acheteurs<\/em>,<span style=\"color: #ff0000;\"> <span style=\"color: #000000;\">c&#039;est-\u00e0-dire que vous obtiendrez une composition claire du prix unitaire, qui comprend notre profit pur 10%<\/span><\/span><span style=\"color: #ff0000;\"><span style=\"color: #000000;\">. <\/span><\/span><\/p>\n<p style=\"text-align: left;\">Pendant ce temps, notre \u00e9quipe de R&amp;D d\u00e9veloppe le<em> S\u00e9ries S1000, S2000 et S3000<\/em> de cylindres de serrure de porte \u00e0 profil europ\u00e9en de HAUTE S\u00c9CURIT\u00c9 pour les exigences plus \u00e9lev\u00e9es du march\u00e9. La technologie exclusive de structure de combinaison Wafers et Pins augmente consid\u00e9rablement le niveau de s\u00e9curit\u00e9. De plus, un fournisseur de cylindres de s\u00e9curit\u00e9 Europrofile doit toujours effectuer le travail pour la principale pr\u00e9occupation de l&#039;acheteur.<\/p>\n<p>&nbsp;<\/p>\n<h2 style=\"text-align: left;\">Qu&#039;est-ce que le cylindre de serrure Europrofile ?<\/h2>\n<p><em><i>Le cylindre de serrure est un composant de serrure qui contient le bouchon, l&#039;actionneur et les composants de verrouillage. Il peut \u00eatre en laiton, en alliage de zinc, en aluminium et en acier inoxydable. Bien que le plus souvent associ\u00e9s aux conceptions de goupilles, les cylindres sont utilis\u00e9s dans de nombreux autres, tels que les plaquettes et les disques. Il tourne pour entra\u00eener le loquet de la serrure \u00e0 mortaise et le p\u00eane dormant avec une cl\u00e9 assortie. <\/i><\/em>Le cylindre de serrure Europrofile est le c\u0153ur de la porte. Le cylindre de s\u00e9curit\u00e9 Europrofile est utilis\u00e9 pour la porte de s\u00e9curit\u00e9 d&#039;entr\u00e9e. Serrure Europrofile<\/p>\n<p><b>Profil europ\u00e9en<\/b>\u00a0(ou alors\u00a0<b>Profil europ\u00e9en<\/b>) est un type de\u00a0<a title=\"Cylindre\" href=\"http:\/\/www.lockwiki.com\/index.php\/Cylinder\" target=\"_blank\" rel=\"noopener\">cylindre<\/a>\u00a0conception principalement utilis\u00e9e en Europe. Contrairement aux cylindres \u00e0 mortaise et \u00e0 rebord traditionnels, le profil europ\u00e9en utilise une seule pi\u00e8ce de m\u00e9tal pour relier les deux c\u00f4t\u00e9s de la serrure. Un c\u00e9libataire ou Individual\u00a0<a class=\"mw-redirect\" title=\"Came\" href=\"http:\/\/www.lockwiki.com\/index.php\/Cam\" target=\"_blank\" rel=\"noopener\">came<\/a>\u00a0le composant est plac\u00e9 entre les deux c\u00f4t\u00e9s de la serrure et est directement reli\u00e9 aux deux\u00a0<a title=\"Prise\" href=\"http:\/\/www.lockwiki.com\/index.php\/Plug\" target=\"_blank\" rel=\"noopener\">bouchons<\/a>. Le profil Euro est pratique \u00e0 installer et \u00e0 remplacer, mais il pr\u00e9sente de graves lacunes en mati\u00e8re de s\u00e9curit\u00e9 qui doivent \u00eatre prises en consid\u00e9ration. Voir\u00a0<a href=\"http:\/\/www.lockwiki.com\/index.php\/Euro_Profile#Vulnerabilities\" target=\"_blank\" rel=\"noopener\">Profil europ\u00e9en (vuln\u00e9rabilit\u00e9s)<\/a>\u00a0pour plus d&#039;informations.Serrure Europrofile<\/p>\n<p>&nbsp;<\/p>\n<p><img fetchpriority=\"high\" decoding=\"async\" class=\"wp-image-2119 aligncenter\" src=\"https:\/\/amthy.com\/wp-content\/uploads\/2021\/05\/technical_drawing_C73_3-300x168.jpg\" alt=\"profil europ\u00e9en\" width=\"636\" height=\"356\" title=\"\" srcset=\"https:\/\/amthy.com\/wp-content\/uploads\/2021\/05\/technical_drawing_C73_3-300x168.jpg 300w, https:\/\/amthy.com\/wp-content\/uploads\/2021\/05\/technical_drawing_C73_3-600x336.jpg 600w, https:\/\/amthy.com\/wp-content\/uploads\/2021\/05\/technical_drawing_C73_3-768x430.jpg 768w, https:\/\/amthy.com\/wp-content\/uploads\/2021\/05\/technical_drawing_C73_3-18x10.jpg 18w, https:\/\/amthy.com\/wp-content\/uploads\/2021\/05\/technical_drawing_C73_3.jpg 1000w\" sizes=\"(max-width: 636px) 100vw, 636px\" \/><\/p>\n<p>&nbsp;<\/p>\n<h2>Pourquoi nous ?<\/h2>\n<h3><strong>\u221aReliable Qualit\u00e9<\/strong><\/h3>\n<ul>\n<li>L&#039;\u00e9quipe professionnelle de QC supervise tout le cycle de production<\/li>\n<li>Une s\u00e9lection stricte des partenaires de coop\u00e9ration<\/li>\n<\/ul>\n<h3><strong>\u221aPrix comp\u00e9titif<\/strong><\/h3>\n<ul>\n<li>Mati\u00e8re premi\u00e8re en stock de 3 mois pour r\u00e9duire le risque de fluctuation des prix.<\/li>\n<li>\u00c9quipement automatique et avanc\u00e9 pour r\u00e9duire le co\u00fbt \u00e9lev\u00e9 de la main-d'\u0153uvre<\/li>\n<\/ul>\n<h3><strong>\u221aTrustful Service pour plus de 20 pays.<\/strong><\/h3>\n<ul>\n<li>Service ODM\/OEM<\/li>\n<li>Un service apr\u00e8s-vente responsable<\/li>\n<\/ul>\n<p>&nbsp;<\/p>","protected":false},"excerpt":{"rendered":"<p>&nbsp;<\/p>\n<ul>\n<li><strong>Code article :<\/strong> H1000<\/li>\n<li><strong>M\u00e9canisme de verrouillage :<\/strong> Serrure \u00e0 goupille<\/li>\n<li><strong>Mat\u00e9riau du corps<\/strong><strong>:<\/strong> Laiton<\/li>\n<li><strong>Mat\u00e9riau du bouchon<\/strong><strong>:<\/strong> Laiton<\/li>\n<li><strong>Marque :<\/strong> ODM disponible<\/li>\n<li><b>Type de profil : <\/b>Euro<\/li>\n<li><strong>Taille du profil :<\/strong>17*33*10mm<\/li>\n<li><strong>Cl\u00e9 :<\/strong> Rainure en laiton double &quot;S&quot;<\/li>\n<li><strong>Accessoires :<\/strong>Vis de 55 mm<\/li>\n<li><strong>Application :<\/strong> Portes en bois\/UPVC\/s\u00e9curit\u00e9<\/li>\n<li><strong>Syst\u00e8me de cl\u00e9 ma\u00eetresse :<\/strong> Disponible sur<\/li>\n<li><strong>Syst\u00e8me de Cl\u00e9 Alike :<\/strong> Disponible sur<\/li>\n<li><strong>Syst\u00e8me de Cl\u00e9 Alike :<\/strong>Disponible sur<\/li>\n<li><strong>Fonction anti-snap : <\/strong>Disponible sur<\/li>\n<li><strong><strong>EN1303 2005 Classification :<\/strong><\/strong><br \/>\n<table>\n<tbody>\n<tr>\n<td>1<\/td>\n<td>6<\/td>\n<td>0<\/td>\n<td>1<\/td>\n<td>0<\/td>\n<td>C<\/td>\n<td>5<\/td>\n<td>2<\/td>\n<\/tr>\n<\/tbody>\n<\/table>\n<\/li>\n<li><strong>Couleur <\/strong>Laiton poli (BP)\/Nickel plaqu\u00e9 (NP)\/Satin Nickel (SN)\/Chrome plaqu\u00e9 (CP)\/Laiton antique (AB)<\/li>\n<\/ul>\n<p>&nbsp;<\/p>","protected":false},"featured_media":1526,"template":"","meta":{"nf_dc_page":""},"product_brand":[],"product_cat":[25],"product_tag":[34,35],"class_list":{"0":"post-1534","1":"product","2":"type-product","3":"status-publish","4":"has-post-thumbnail","6":"product_cat-euro-profile-cylinder-manufacturer","7":"product_tag-door-cylinder","8":"product_tag-europrofile","10":"first","11":"instock","12":"shipping-taxable","13":"product-type-simple"},"_links":{"self":[{"href":"https:\/\/amthy.com\/fr\/wp-json\/wp\/v2\/product\/1534","targetHints":{"allow":["GET"]}}],"collection":[{"href":"https:\/\/amthy.com\/fr\/wp-json\/wp\/v2\/product"}],"about":[{"href":"https:\/\/amthy.com\/fr\/wp-json\/wp\/v2\/types\/product"}],"wp:featuredmedia":[{"embeddable":true,"href":"https:\/\/amthy.com\/fr\/wp-json\/wp\/v2\/media\/1526"}],"wp:attachment":[{"href":"https:\/\/amthy.com\/fr\/wp-json\/wp\/v2\/media?parent=1534"}],"wp:term":[{"taxonomy":"product_brand","embeddable":true,"href":"https:\/\/amthy.com\/fr\/wp-json\/wp\/v2\/product_brand?post=1534"},{"taxonomy":"product_cat","embeddable":true,"href":"https:\/\/amthy.com\/fr\/wp-json\/wp\/v2\/product_cat?post=1534"},{"taxonomy":"product_tag","embeddable":true,"href":"https:\/\/amthy.com\/fr\/wp-json\/wp\/v2\/product_tag?post=1534"}],"curies":[{"name":"wp","href":"https:\/\/api.w.org\/{rel}","templated":true}]}}