{"id":1871,"date":"2021-08-29T18:54:16","date_gmt":"2021-08-29T10:54:16","guid":{"rendered":"https:\/\/amthy.com\/?post_type=product&#038;p=1871"},"modified":"2023-05-26T19:51:58","modified_gmt":"2023-05-26T11:51:58","slug":"smart-lock-manufacturer-am-600","status":"publish","type":"product","link":"https:\/\/amthy.com\/fr\/product\/smart-lock-manufacturer-am-600\/","title":{"rendered":"Serrure intelligente AM-600"},"content":{"rendered":"<p><img fetchpriority=\"high\" decoding=\"async\" class=\"wp-image-2034 aligncenter\" src=\"https:\/\/amthy.com\/wp-content\/uploads\/2021\/08\/AM400-300x35.jpg\" alt=\"Fournisseur de serrures intelligentes\" width=\"1003\" height=\"117\" title=\"\" srcset=\"https:\/\/amthy.com\/wp-content\/uploads\/2021\/08\/AM400-300x35.jpg 300w, https:\/\/amthy.com\/wp-content\/uploads\/2021\/08\/AM400-600x71.jpg 600w, https:\/\/amthy.com\/wp-content\/uploads\/2021\/08\/AM400-1024x120.jpg 1024w, https:\/\/amthy.com\/wp-content\/uploads\/2021\/08\/AM400-768x90.jpg 768w, https:\/\/amthy.com\/wp-content\/uploads\/2021\/08\/AM400-1536x181.jpg 1536w, https:\/\/amthy.com\/wp-content\/uploads\/2021\/08\/AM400-2048x241.jpg 2048w, https:\/\/amthy.com\/wp-content\/uploads\/2021\/08\/AM400-18x2.jpg 18w\" sizes=\"(max-width: 1003px) 100vw, 1003px\" \/><\/p>\n<p>&nbsp;<\/p>\n<p><iframe title=\"Serrure \u00e0 p\u00eane dormant intelligente AM-600 | Quel est le meilleur et bon prix serrure \u00e0 p\u00eane dormant intelligent en 2022\" width=\"1435\" height=\"807\" src=\"https:\/\/www.youtube.com\/embed\/YckZv9yzx7k?feature=oembed\" frameborder=\"0\" allow=\"accelerometer; autoplay; clipboard-write; encrypted-media; gyroscope; picture-in-picture\" allowfullscreen><\/iframe><\/p>\n<p>&nbsp;<\/p>\n<p>L&#039;AMTHY 600 est une serrure de porte intelligente qui vous donne le contr\u00f4le total de la s\u00e9curit\u00e9 de votre maison tout en vous offrant une tranquillit\u00e9 d&#039;esprit totale. Utilisez une vari\u00e9t\u00e9 de fa\u00e7ons d&#039;acc\u00e9der \u00e0 votre maison, que ce soit via l&#039;empreinte digitale, le t\u00e9l\u00e9phone Bluetooth ou via le module Wi-Fi pour le contr\u00f4le \u00e0 distance. Avec la serrure de porte num\u00e9rique AMTHY, vous pouvez envoyer des cl\u00e9s virtuelles aux utilisateurs afin que vos amis et votre famille puissent acc\u00e9der \u00e0 votre maison si vous n&#039;\u00eates pas l\u00e0. Une fois qu&#039;ils ont obtenu l&#039;acc\u00e8s, vous pouvez g\u00e9rer qui peut entrer dans votre propri\u00e9t\u00e9 en d\u00e9sactivant ou en supprimant des utilisateurs via l&#039;application t\u00e9l\u00e9phonique. Les cl\u00e9s virtuelles peuvent \u00eatre programm\u00e9es ou rendues permanentes pour un contr\u00f4le ultime de votre maison ou de votre propri\u00e9t\u00e9. Vous pouvez \u00e9galement surveiller qui vient et qui part afin que vous sachiez quand vos proches sont \u00e0 la maison en toute s\u00e9curit\u00e9. Vous pouvez m\u00eame recevoir une notification vous informant lorsque quelqu&#039;un rentre \u00e0 la maison. Pas besoin de vous soucier de transporter vos cl\u00e9s avec vous. Tout ce dont vous avez besoin est votre smartphone et en un seul clic, vous pouvez facilement d\u00e9verrouiller la porte. L&#039;appareil utilise la technologie intelligente Bluetooth crypt\u00e9e afin que la serrure intelligente ne d\u00e9pende pas de la r\u00e9ception du r\u00e9seau. Rendez votre serrure intelligente encore plus intelligente en connectant l&#039;un de nos modules de serrure. Entreprise directe du fabricant de cylindres de porte intelligents. <a href=\"https:\/\/en.wikipedia.org\/wiki\/Lock\" target=\"_blank\" rel=\"noopener\">Fermer \u00e0 cl\u00e9<\/a> et <a href=\"https:\/\/amthy.com\/fr\/product-category\/smart-lock\/\">Fabricant de serrures intelligentes AM-600<\/a><\/p>\n<p>&nbsp;<\/p>\n<p><img decoding=\"async\" class=\"wp-image-2045 aligncenter\" src=\"https:\/\/amthy.com\/wp-content\/uploads\/2021\/08\/O1CN01SiefB51qLt71ZUJPA_3014925480-0-cib-300x157.jpg\" alt=\"Fournisseur de serrures intelligentes\" width=\"1095\" height=\"573\" title=\"\" srcset=\"https:\/\/amthy.com\/wp-content\/uploads\/2021\/08\/O1CN01SiefB51qLt71ZUJPA_3014925480-0-cib-300x157.jpg 300w, https:\/\/amthy.com\/wp-content\/uploads\/2021\/08\/O1CN01SiefB51qLt71ZUJPA_3014925480-0-cib-600x314.jpg 600w, https:\/\/amthy.com\/wp-content\/uploads\/2021\/08\/O1CN01SiefB51qLt71ZUJPA_3014925480-0-cib-18x9.jpg 18w, https:\/\/amthy.com\/wp-content\/uploads\/2021\/08\/O1CN01SiefB51qLt71ZUJPA_3014925480-0-cib.jpg 746w\" sizes=\"(max-width: 1095px) 100vw, 1095px\" \/><\/p>\n<h2><\/h2>\n<h2>Pourquoi nous? (Fournisseur de cylindre de porte de s\u00e9curit\u00e9 \u00e0 profil europ\u00e9en <em>de AMTHY SECURITE<\/em>)<\/h2>\n<h3><strong>\u221aQualit\u00e9 fiable (fabricant Smart Lock AM-600)<\/strong><\/h3>\n<ul>\n<li>Une \u00e9quipe de contr\u00f4le de qualit\u00e9 professionnelle supervise toutes les \u00e9tapes de la production.<\/li>\n<li>Une s\u00e9lection stricte des partenaires de coop\u00e9ration<\/li>\n<\/ul>\n<h3><strong>\u221aPrix comp\u00e9titif<\/strong><\/h3>\n<ul>\n<li>Mati\u00e8re premi\u00e8re en stock de 3 mois pour r\u00e9duire le risque de fluctuation des prix.<\/li>\n<li>\u00c9quipement automatique et avanc\u00e9 pour r\u00e9duire le co\u00fbt \u00e9lev\u00e9 de la main-d'\u0153uvre<\/li>\n<\/ul>\n<h3><strong>\u221aTrustful Service pour plus de 20 pays.<\/strong><\/h3>\n<ul>\n<li>Service ODM\/OEM<\/li>\n<li>Un service apr\u00e8s-vente responsable<\/li>\n<\/ul>","protected":false},"excerpt":{"rendered":"<ul>\n<li><strong>Code article :<\/strong> SUIS-600<\/li>\n<li><strong>Mat\u00e9riau<\/strong><strong>:<\/strong> alliage de zinc<\/li>\n<li><strong>Corps de serrure :<\/strong> Verrouillage simple<\/li>\n<li><strong>Backset<\/strong>: 60-70mm r\u00e9glable<\/li>\n<li><strong>Marque :<\/strong> ODM disponible<\/li>\n<li><strong>Application :<\/strong> Portes en bois\/UPVC\/s\u00e9curit\u00e9<\/li>\n<li><strong>Batterie<\/strong>: 4*AA<\/li>\n<li><strong>\u00c9paisseur de la porte :<\/strong>40-70mm<\/li>\n<li><b>Mode de d\u00e9verrouillage : <\/b>Empreinte digitale\/code-passe\/carte IC\/cl\u00e9 m\u00e9canique\/bluetooth<\/li>\n<\/ul>","protected":false},"featured_media":1872,"template":"","meta":{"nf_dc_page":""},"product_brand":[],"product_cat":[55],"product_tag":[],"class_list":{"0":"post-1871","1":"product","2":"type-product","3":"status-publish","4":"has-post-thumbnail","6":"product_cat-smart-lock","8":"first","9":"instock","10":"shipping-taxable","11":"product-type-simple"},"_links":{"self":[{"href":"https:\/\/amthy.com\/fr\/wp-json\/wp\/v2\/product\/1871","targetHints":{"allow":["GET"]}}],"collection":[{"href":"https:\/\/amthy.com\/fr\/wp-json\/wp\/v2\/product"}],"about":[{"href":"https:\/\/amthy.com\/fr\/wp-json\/wp\/v2\/types\/product"}],"wp:featuredmedia":[{"embeddable":true,"href":"https:\/\/amthy.com\/fr\/wp-json\/wp\/v2\/media\/1872"}],"wp:attachment":[{"href":"https:\/\/amthy.com\/fr\/wp-json\/wp\/v2\/media?parent=1871"}],"wp:term":[{"taxonomy":"product_brand","embeddable":true,"href":"https:\/\/amthy.com\/fr\/wp-json\/wp\/v2\/product_brand?post=1871"},{"taxonomy":"product_cat","embeddable":true,"href":"https:\/\/amthy.com\/fr\/wp-json\/wp\/v2\/product_cat?post=1871"},{"taxonomy":"product_tag","embeddable":true,"href":"https:\/\/amthy.com\/fr\/wp-json\/wp\/v2\/product_tag?post=1871"}],"curies":[{"name":"wp","href":"https:\/\/api.w.org\/{rel}","templated":true}]}}