{"id":1879,"date":"2021-08-29T19:08:10","date_gmt":"2021-08-29T11:08:10","guid":{"rendered":"https:\/\/amthy.com\/?post_type=product&#038;p=1879"},"modified":"2023-05-26T19:51:48","modified_gmt":"2023-05-26T11:51:48","slug":"smart-lock-manufacturer-am-700","status":"publish","type":"product","link":"https:\/\/amthy.com\/fr\/product\/smart-lock-manufacturer-am-700\/","title":{"rendered":"Serrure intelligente AM-700"},"content":{"rendered":"<p>L&#039;AMTHY 700 est une serrure de porte intelligente qui vous donne le contr\u00f4le total de la s\u00e9curit\u00e9 de votre maison tout en vous offrant une tranquillit\u00e9 d&#039;esprit totale. Utilisez une vari\u00e9t\u00e9 de fa\u00e7ons d&#039;acc\u00e9der \u00e0 votre maison, que ce soit via le code PIN et la cl\u00e9 m\u00e9canique. Pas besoin de vous soucier de transporter vos cl\u00e9s avec vous. Tout ce dont vous avez besoin est votre code PIN, vous pouvez d\u00e9verrouiller la porte en toute simplicit\u00e9. Entreprise directe du fabricant de cylindres de porte intelligents. smart-lock-fabricant-am-700.<a href=\"https:\/\/en.wikipedia.org\/wiki\/Lock\" target=\"_blank\" rel=\"noopener\">Fermer \u00e0 cl\u00e9<\/a> et <a href=\"https:\/\/amthy.com\/fr\/product-category\/smart-lock\/\">Cylindre de porte intelligent<\/a><\/p>\n<h2>Am\u00e9liorez facilement votre serrure existante\u00a0:<\/h2>\n<p>Convient au bricolage et s&#039;installe facilement \u00e0 la place de votre cylindre et de votre poign\u00e9e de porte existants. Tout ce dont vous avez besoin est un tournevis cruciforme et un ruban \u00e0 mesurer.<\/p>\n<h2><strong>Caract\u00e9ristiques et avantages:<\/strong><\/h2>\n<ul>\n<li>Keyless - Vous donne la libert\u00e9 de s\u00e9curiser votre maison sans avoir besoin d'une cl\u00e9<\/li>\n<li>Simple \u00e0 installer - Convient \u00e0 la plupart des portes en PVC et composites, tournevis requis<\/li>\n<li>Facile d&#039;acc\u00e8s - 50 ensembles de codes PIN de 4 \u00e0 8 chiffres sont disponibles.<\/li>\n<li>Aliment\u00e9 par batterie - 4 piles AA<\/li>\n<li>Convient aux portes d&#039;une \u00e9paisseur comprise entre 35 et 55 mm<\/li>\n<li>Disponible dans une gamme de finitions - y compris le noir et l'argent<\/li>\n<\/ul>\n<h2>Pourquoi nous? (Fournisseur de cylindre de porte de s\u00e9curit\u00e9 \u00e0 profil europ\u00e9en <em>de AMTHY SECURITE<\/em>)<\/h2>\n<h3><strong>\u221aQualit\u00e9 fiable (fabricant Smart Lock AM-700)<\/strong><\/h3>\n<ul>\n<li>Une \u00e9quipe de contr\u00f4le de qualit\u00e9 professionnelle supervise toutes les \u00e9tapes de la production.<\/li>\n<li>Une s\u00e9lection stricte des partenaires de coop\u00e9ration<\/li>\n<\/ul>\n<h3><strong>\u221aPrix comp\u00e9titif<\/strong><\/h3>\n<ul>\n<li>Mati\u00e8re premi\u00e8re en stock de 3 mois pour r\u00e9duire le risque de fluctuation des prix.<\/li>\n<li>\u00c9quipement automatique et avanc\u00e9 pour r\u00e9duire le co\u00fbt \u00e9lev\u00e9 de la main-d'\u0153uvre<\/li>\n<\/ul>\n<h3><strong>\u221aTrustful Service pour plus de 20 pays.<\/strong><\/h3>\n<ul>\n<li>Service ODM\/OEM<\/li>\n<li>Un service apr\u00e8s-vente responsable<\/li>\n<\/ul>","protected":false},"excerpt":{"rendered":"<ul>\n<li><strong>Code article :<\/strong> AM-700<\/li>\n<li><strong>Mat\u00e9riau<\/strong><strong>:<\/strong> alliage de zinc<\/li>\n<li><strong>Corps de serrure :<\/strong> Verrouillage simple<\/li>\n<li><strong>Backset<\/strong>: 60mm<\/li>\n<li><strong>Marque :<\/strong> ODM disponible<\/li>\n<li><strong>Application :<\/strong> Portes en bois\/UPVC\/s\u00e9curit\u00e9<\/li>\n<li><strong>Batterie<\/strong>: 4*AA<\/li>\n<li><strong>\u00c9paisseur de la porte :<\/strong>35-55mm<\/li>\n<li><b>Mode de d\u00e9verrouillage : <\/b>Code d'acc\u00e8s\/cl\u00e9 m\u00e9canique<\/li>\n<\/ul>","protected":false},"featured_media":1880,"template":"","meta":{"nf_dc_page":""},"product_brand":[],"product_cat":[55],"product_tag":[],"class_list":{"0":"post-1879","1":"product","2":"type-product","3":"status-publish","4":"has-post-thumbnail","6":"product_cat-smart-lock","8":"first","9":"instock","10":"shipping-taxable","11":"product-type-simple"},"_links":{"self":[{"href":"https:\/\/amthy.com\/fr\/wp-json\/wp\/v2\/product\/1879","targetHints":{"allow":["GET"]}}],"collection":[{"href":"https:\/\/amthy.com\/fr\/wp-json\/wp\/v2\/product"}],"about":[{"href":"https:\/\/amthy.com\/fr\/wp-json\/wp\/v2\/types\/product"}],"wp:featuredmedia":[{"embeddable":true,"href":"https:\/\/amthy.com\/fr\/wp-json\/wp\/v2\/media\/1880"}],"wp:attachment":[{"href":"https:\/\/amthy.com\/fr\/wp-json\/wp\/v2\/media?parent=1879"}],"wp:term":[{"taxonomy":"product_brand","embeddable":true,"href":"https:\/\/amthy.com\/fr\/wp-json\/wp\/v2\/product_brand?post=1879"},{"taxonomy":"product_cat","embeddable":true,"href":"https:\/\/amthy.com\/fr\/wp-json\/wp\/v2\/product_cat?post=1879"},{"taxonomy":"product_tag","embeddable":true,"href":"https:\/\/amthy.com\/fr\/wp-json\/wp\/v2\/product_tag?post=1879"}],"curies":[{"name":"wp","href":"https:\/\/api.w.org\/{rel}","templated":true}]}}