{"id":1925,"date":"2021-08-29T20:56:13","date_gmt":"2021-08-29T12:56:13","guid":{"rendered":"https:\/\/amthy.com\/?post_type=product&#038;p=1925"},"modified":"2023-05-26T19:50:53","modified_gmt":"2023-05-26T11:50:53","slug":"smart-lock-manufacturer-am-p100","status":"publish","type":"product","link":"https:\/\/amthy.com\/fr\/product\/smart-lock-manufacturer-am-p100\/","title":{"rendered":"Serrure intelligente AM-P100"},"content":{"rendered":"<p><img fetchpriority=\"high\" decoding=\"async\" class=\"alignnone wp-image-2034\" src=\"https:\/\/amthy.com\/wp-content\/uploads\/2021\/08\/AM400-300x35.jpg\" alt=\"amthy\" width=\"994\" height=\"116\" title=\"\" srcset=\"https:\/\/amthy.com\/wp-content\/uploads\/2021\/08\/AM400-300x35.jpg 300w, https:\/\/amthy.com\/wp-content\/uploads\/2021\/08\/AM400-600x71.jpg 600w, https:\/\/amthy.com\/wp-content\/uploads\/2021\/08\/AM400-1024x120.jpg 1024w, https:\/\/amthy.com\/wp-content\/uploads\/2021\/08\/AM400-768x90.jpg 768w, https:\/\/amthy.com\/wp-content\/uploads\/2021\/08\/AM400-1536x181.jpg 1536w, https:\/\/amthy.com\/wp-content\/uploads\/2021\/08\/AM400-2048x241.jpg 2048w, https:\/\/amthy.com\/wp-content\/uploads\/2021\/08\/AM400-18x2.jpg 18w\" sizes=\"(max-width: 994px) 100vw, 994px\" \/><\/p>\n<p>&nbsp;<\/p>\n<p>L&#039;AMTHY P100 est une serrure de porte intelligente qui vous donne le contr\u00f4le total de la s\u00e9curit\u00e9 de votre maison tout en vous offrant une tranquillit\u00e9 d&#039;esprit totale. Utilisez une vari\u00e9t\u00e9 de fa\u00e7ons d&#039;acc\u00e9der \u00e0 votre maison, que ce soit via un mot de passe, une empreinte digitale, une cl\u00e9 de carte, un t\u00e9l\u00e9phone Bluetooth ou via le module wifi pour le contr\u00f4le \u00e0 distance. Avec la serrure de porte num\u00e9rique AMTHY, vous pouvez envoyer des cl\u00e9s virtuelles aux utilisateurs afin que vos amis et votre famille puissent acc\u00e9der \u00e0 votre maison si vous n&#039;\u00eates pas l\u00e0. Une fois qu&#039;ils ont obtenu l&#039;acc\u00e8s, vous pouvez g\u00e9rer qui peut entrer dans votre propri\u00e9t\u00e9 en d\u00e9sactivant ou en supprimant des utilisateurs via l&#039;application t\u00e9l\u00e9phonique. Les cl\u00e9s virtuelles peuvent \u00eatre programm\u00e9es ou rendues permanentes pour un contr\u00f4le ultime de votre maison ou de votre propri\u00e9t\u00e9. Vous pouvez \u00e9galement surveiller qui vient et qui part afin que vous sachiez quand vos proches sont \u00e0 la maison en toute s\u00e9curit\u00e9. Vous pouvez m\u00eame recevoir une notification vous informant lorsque quelqu&#039;un rentre \u00e0 la maison. Pas besoin de vous soucier de transporter vos cl\u00e9s avec vous. Tout ce dont vous avez besoin est votre smartphone et en un seul clic, vous pouvez facilement d\u00e9verrouiller la porte. L&#039;appareil utilise la technologie intelligente Bluetooth crypt\u00e9e afin que la serrure intelligente ne d\u00e9pende pas de la r\u00e9ception du r\u00e9seau. Rendez votre serrure intelligente encore plus intelligente en connectant l&#039;un de nos modules de serrure. Entreprise directe du fabricant de serrures de porte intelligentes. <a href=\"https:\/\/en.wikipedia.org\/wiki\/Lock\" target=\"_blank\" rel=\"noopener\">Fermer \u00e0 cl\u00e9<\/a> et <a href=\"https:\/\/amthy.com\/fr\/product-category\/smart-lock\/\">Fabricant de serrures intelligentes AM-P100<\/a><\/p>\n<p><strong>Caract\u00e9ristiques et avantages:<\/strong><\/p>\n<ul>\n<li>Keyless - Vous donne la libert\u00e9 de s\u00e9curiser votre maison sans avoir besoin d'une cl\u00e9<\/li>\n<li>Simple \u00e0 installer - Convient \u00e0 la plupart des portes en PVC et composites, tournevis requis<\/li>\n<li>Simple \u00e0 monter - <strong>Pas besoin de changer la serrure compl\u00e8te<\/strong> mais ne remplacez que le cylindre sans endommager la porte. Installation facile.<\/li>\n<li>Aliment\u00e9 par piles \u2013 3 piles AAA, alerte \u00e9mise lorsque les piles sont faibles<\/li>\n<li>Convient aux portes d'une \u00e9paisseur comprise entre 60 et 100 mm<\/li>\n<li>Disponible dans une gamme de finitions - y compris le noir et l'argent<\/li>\n<\/ul>\n<p>&nbsp;<\/p>\n<h2>Pourquoi nous? (Fournisseur de cylindre de porte de s\u00e9curit\u00e9 \u00e0 profil europ\u00e9en <em>de AMTHY SECURITE<\/em>)<\/h2>\n<h3><strong>\u221aQualit\u00e9 fiable (fabricant Smart Lock AM-P100)<\/strong><\/h3>\n<ul>\n<li>Une \u00e9quipe de contr\u00f4le de qualit\u00e9 professionnelle supervise toutes les \u00e9tapes de la production.<\/li>\n<li>Une s\u00e9lection stricte des partenaires de coop\u00e9ration<\/li>\n<\/ul>\n<h3><strong>\u221aPrix comp\u00e9titif<\/strong><\/h3>\n<ul>\n<li>Mati\u00e8re premi\u00e8re en stock de 3 mois pour r\u00e9duire le risque de fluctuation des prix.<\/li>\n<li>\u00c9quipement automatique et avanc\u00e9 pour r\u00e9duire le co\u00fbt \u00e9lev\u00e9 de la main-d'\u0153uvre<\/li>\n<\/ul>\n<h3><strong>\u221aTrustful Service pour plus de 20 pays.<\/strong><\/h3>\n<ul>\n<li>Service ODM\/OEM<\/li>\n<li>Un service apr\u00e8s-vente responsable<\/li>\n<\/ul>","protected":false},"excerpt":{"rendered":"<ul>\n<li><strong>Code article :<\/strong> AM-P100<\/li>\n<li><strong>Mat\u00e9riau de la poign\u00e9e<\/strong><strong>:<\/strong> Acier inoxydable 304<\/li>\n<li><strong>Marque :<\/strong> ODM disponible<\/li>\n<li><strong>Taille de la plaque :<\/strong>\u00a0303*43mm<\/li>\n<li><strong>Accessoires :<\/strong>Vis de 55 mm<\/li>\n<li><strong>\u00c9paisseur de la porte :<\/strong>30-70mm<\/li>\n<li><strong>Application :<\/strong> Portes en bois\/UPVC\/s\u00e9curit\u00e9<\/li>\n<li><strong>Batterie<\/strong>: USB rechargeable (6 mois)<\/li>\n<li><b>Mode de d\u00e9verrouillage :<\/b> Empreinte digitale\/application\/cl\u00e9 m\u00e9canique\/code d&#039;acc\u00e8s\/cl\u00e9 de carte<\/li>\n<\/ul>","protected":false},"featured_media":2177,"template":"","meta":{"nf_dc_page":""},"product_brand":[],"product_cat":[55],"product_tag":[],"class_list":{"0":"post-1925","1":"product","2":"type-product","3":"status-publish","4":"has-post-thumbnail","6":"product_cat-smart-lock","8":"first","9":"instock","10":"shipping-taxable","11":"product-type-simple"},"_links":{"self":[{"href":"https:\/\/amthy.com\/fr\/wp-json\/wp\/v2\/product\/1925","targetHints":{"allow":["GET"]}}],"collection":[{"href":"https:\/\/amthy.com\/fr\/wp-json\/wp\/v2\/product"}],"about":[{"href":"https:\/\/amthy.com\/fr\/wp-json\/wp\/v2\/types\/product"}],"wp:featuredmedia":[{"embeddable":true,"href":"https:\/\/amthy.com\/fr\/wp-json\/wp\/v2\/media\/2177"}],"wp:attachment":[{"href":"https:\/\/amthy.com\/fr\/wp-json\/wp\/v2\/media?parent=1925"}],"wp:term":[{"taxonomy":"product_brand","embeddable":true,"href":"https:\/\/amthy.com\/fr\/wp-json\/wp\/v2\/product_brand?post=1925"},{"taxonomy":"product_cat","embeddable":true,"href":"https:\/\/amthy.com\/fr\/wp-json\/wp\/v2\/product_cat?post=1925"},{"taxonomy":"product_tag","embeddable":true,"href":"https:\/\/amthy.com\/fr\/wp-json\/wp\/v2\/product_tag?post=1925"}],"curies":[{"name":"wp","href":"https:\/\/api.w.org\/{rel}","templated":true}]}}