{"id":1937,"date":"2021-08-31T16:46:30","date_gmt":"2021-08-31T08:46:30","guid":{"rendered":"https:\/\/amthy.com\/?post_type=product&#038;p=1937"},"modified":"2023-05-26T19:50:36","modified_gmt":"2023-05-26T11:50:36","slug":"smart-door-cylinder-manufacturer-am-200","status":"publish","type":"product","link":"https:\/\/amthy.com\/fr\/product\/smart-door-cylinder-manufacturer-am-200\/","title":{"rendered":"Cylindre de porte intelligent AM-200"},"content":{"rendered":"<p><img fetchpriority=\"high\" decoding=\"async\" class=\"alignnone wp-image-2019 aligncenter\" src=\"https:\/\/amthy.com\/wp-content\/uploads\/2021\/08\/AM20-300x41.jpg\" alt=\"amthy\" width=\"857\" height=\"117\" title=\"\" srcset=\"https:\/\/amthy.com\/wp-content\/uploads\/2021\/08\/AM20-300x41.jpg 300w, https:\/\/amthy.com\/wp-content\/uploads\/2021\/08\/AM20-600x81.jpg 600w, https:\/\/amthy.com\/wp-content\/uploads\/2021\/08\/AM20-1024x139.jpg 1024w, https:\/\/amthy.com\/wp-content\/uploads\/2021\/08\/AM20-768x104.jpg 768w, https:\/\/amthy.com\/wp-content\/uploads\/2021\/08\/AM20-1536x208.jpg 1536w, https:\/\/amthy.com\/wp-content\/uploads\/2021\/08\/AM20-2048x278.jpg 2048w, https:\/\/amthy.com\/wp-content\/uploads\/2021\/08\/AM20-18x2.jpg 18w\" sizes=\"(max-width: 857px) 100vw, 857px\" \/><\/p>\n<p><iframe title=\"Cylindre de serrure intelligent| AM-200 est le verrou intelligent des fonctions de d\u00e9verrouillage des empreintes digitales et de l&#039;application t\u00e9l\u00e9phonique.\" width=\"1435\" height=\"807\" src=\"https:\/\/www.youtube.com\/embed\/yRCbSkD6CE8?feature=oembed\" frameborder=\"0\" allow=\"accelerometer; autoplay; clipboard-write; encrypted-media; gyroscope; picture-in-picture\" allowfullscreen><\/iframe><\/p>\n<p>L'AMTHY 200 est une serrure de porte intelligente qui vous donne un contr\u00f4le total sur la s\u00e9curit\u00e9 de votre maison tout en vous offrant une tranquillit\u00e9 d'esprit totale. Utilisez une vari\u00e9t\u00e9 de moyens pour acc\u00e9der \u00e0 votre maison, que ce soit via l'empreinte digitale, le t\u00e9l\u00e9phone Bluetooth ou via le module wifi pour le contr\u00f4le \u00e0 distance. Avec la serrure de porte num\u00e9rique AMTHY, vous pouvez envoyer aux utilisateurs des cl\u00e9s virtuelles afin que vos amis et votre famille puissent acc\u00e9der \u00e0 votre maison si vous n'\u00eates pas l\u00e0. Une fois qu'ils ont obtenu l'acc\u00e8s, vous pouvez g\u00e9rer qui peut entrer dans votre propri\u00e9t\u00e9 en d\u00e9sactivant ou en supprimant des utilisateurs via l'application t\u00e9l\u00e9phonique. Les cl\u00e9s virtuelles peuvent \u00eatre programm\u00e9es ou rendues permanentes pour un contr\u00f4le ultime de votre maison ou de votre propri\u00e9t\u00e9. Vous pouvez \u00e9galement surveiller qui vient et qui part afin que vous sachiez quand vos proches sont \u00e0 la maison en toute s\u00e9curit\u00e9. Vous pouvez m\u00eame recevoir une notification vous informant lorsque quelqu'un rentre \u00e0 la maison. Pas besoin de vous soucier de transporter vos cl\u00e9s avec vous. Tout ce dont vous avez besoin est votre smartphone et d'un seul geste, vous pouvez d\u00e9verrouiller la porte en toute simplicit\u00e9. L'appareil utilise la technologie Bluetooth Smart crypt\u00e9e, de sorte que le verrou intelligent ne d\u00e9pend pas de la r\u00e9ception du r\u00e9seau. Rendez votre serrure intelligente encore plus intelligente en connectant l'un de nos modules de serrure. Affaires directes du fabricant de cylindres de porte intelligents. <a href=\"https:\/\/en.wikipedia.org\/wiki\/Lock\" target=\"_blank\" rel=\"noopener\">Fermer \u00e0 cl\u00e9<\/a> et <a href=\"https:\/\/amthy.com\/fr\/product-category\/smart-lock\/\">Cylindre de porte intelligent<\/a><\/p>\n<p><strong>Caract\u00e9ristiques et avantages (Fabricant de cylindre de porte intelligente)\u00a0:<\/strong><\/p>\n<ul>\n<li>Keyless - Vous donne la libert\u00e9 de s\u00e9curiser votre maison sans avoir besoin d'une cl\u00e9<\/li>\n<li>Simple \u00e0 installer - Convient \u00e0 la plupart des portes en PVC et composites, tournevis requis<\/li>\n<li>Simple \u00e0 monter - <strong>Pas besoin de changer la serrure compl\u00e8te<\/strong> mais ne remplacez que le cylindre sans endommager la porte. Installation facile.<\/li>\n<li>Aliment\u00e9 par piles \u2013 3 piles AAA, alerte \u00e9mise lorsque les piles sont faibles<\/li>\n<li>Convient aux portes d'une \u00e9paisseur comprise entre 60 et 100 mm<\/li>\n<li>Disponible dans une gamme de finitions - y compris le noir et l'argent<\/li>\n<\/ul>\n<p>&nbsp;<\/p>\n<hr \/>\n<p>&nbsp;<\/p>","protected":false},"excerpt":{"rendered":"<ul>\n<li><strong>Code article :<\/strong> SUIS-200<\/li>\n<li><strong>Mat\u00e9riau<\/strong><strong>:<\/strong> Laiton<\/li>\n<li><strong>Profil <\/strong>Taille:17*33*10mm<\/li>\n<li><strong>Marque :<\/strong> ODM disponible<\/li>\n<li><strong>Application :<\/strong> Portes en bois\/UPVC\/s\u00e9curit\u00e9<\/li>\n<li><strong>Batterie<\/strong>: Lithium int\u00e9gr\u00e9e<\/li>\n<li><strong>\u00c9paisseur de la porte :<\/strong>60-100mm<\/li>\n<li><strong>Temp\u00e9rature de fonctionnement\u00a0:<\/strong>-20\u00baC \u00e0 +55\u00baC<\/li>\n<li><strong>\u00c9tanche:<\/strong>IP54<\/li>\n<li><b>Mode de d\u00e9verrouillage : <\/b><em>Empreinte digitale\/Bluetooth\/T\u00e9l\u00e9commande via le module Wifi<\/em><\/li>\n<\/ul>","protected":false},"featured_media":1938,"template":"","meta":[],"product_brand":[],"product_cat":[55,25],"product_tag":[],"class_list":{"0":"post-1937","1":"product","2":"type-product","3":"status-publish","4":"has-post-thumbnail","6":"product_cat-smart-lock","7":"product_cat-euro-profile-cylinder-manufacturer","9":"first","10":"instock","11":"shipping-taxable","12":"product-type-simple"},"_links":{"self":[{"href":"https:\/\/amthy.com\/fr\/wp-json\/wp\/v2\/product\/1937","targetHints":{"allow":["GET"]}}],"collection":[{"href":"https:\/\/amthy.com\/fr\/wp-json\/wp\/v2\/product"}],"about":[{"href":"https:\/\/amthy.com\/fr\/wp-json\/wp\/v2\/types\/product"}],"wp:featuredmedia":[{"embeddable":true,"href":"https:\/\/amthy.com\/fr\/wp-json\/wp\/v2\/media\/1938"}],"wp:attachment":[{"href":"https:\/\/amthy.com\/fr\/wp-json\/wp\/v2\/media?parent=1937"}],"wp:term":[{"taxonomy":"product_brand","embeddable":true,"href":"https:\/\/amthy.com\/fr\/wp-json\/wp\/v2\/product_brand?post=1937"},{"taxonomy":"product_cat","embeddable":true,"href":"https:\/\/amthy.com\/fr\/wp-json\/wp\/v2\/product_cat?post=1937"},{"taxonomy":"product_tag","embeddable":true,"href":"https:\/\/amthy.com\/fr\/wp-json\/wp\/v2\/product_tag?post=1937"}],"curies":[{"name":"wp","href":"https:\/\/api.w.org\/{rel}","templated":true}]}}