{"id":1942,"date":"2021-08-31T16:53:46","date_gmt":"2021-08-31T08:53:46","guid":{"rendered":"https:\/\/amthy.com\/?post_type=product&#038;p=1942"},"modified":"2023-05-26T19:50:21","modified_gmt":"2023-05-26T11:50:21","slug":"smart-door-cylinder-am-400","status":"publish","type":"product","link":"https:\/\/amthy.com\/fr\/product\/smart-door-cylinder-am-400\/","title":{"rendered":"Cylindre de porte intelligent AM-400"},"content":{"rendered":"<p><img fetchpriority=\"high\" decoding=\"async\" class=\"wp-image-2024 aligncenter\" src=\"https:\/\/amthy.com\/wp-content\/uploads\/2021\/08\/AM4001-300x218.jpg\" alt=\"amthy\" width=\"994\" height=\"722\" title=\"\" srcset=\"https:\/\/amthy.com\/wp-content\/uploads\/2021\/08\/AM4001-300x218.jpg 300w, https:\/\/amthy.com\/wp-content\/uploads\/2021\/08\/AM4001-600x436.jpg 600w, https:\/\/amthy.com\/wp-content\/uploads\/2021\/08\/AM4001-1024x745.jpg 1024w, https:\/\/amthy.com\/wp-content\/uploads\/2021\/08\/AM4001-768x559.jpg 768w, https:\/\/amthy.com\/wp-content\/uploads\/2021\/08\/AM4001-1536x1117.jpg 1536w, https:\/\/amthy.com\/wp-content\/uploads\/2021\/08\/AM4001-2048x1489.jpg 2048w, https:\/\/amthy.com\/wp-content\/uploads\/2021\/08\/AM4001-18x12.jpg 18w\" sizes=\"(max-width: 994px) 100vw, 994px\" \/><\/p>\n<p><iframe title=\"Cylindre de serrure intelligent | AM-400 est le verrou intelligent de l&#039;application d&#039;empreintes digitales et du t\u00e9l\u00e9phone\/code PIN et carte IC.\" width=\"1435\" height=\"807\" src=\"https:\/\/www.youtube.com\/embed\/BSfQK6yR4_Y?feature=oembed\" frameborder=\"0\" allow=\"accelerometer; autoplay; clipboard-write; encrypted-media; gyroscope; picture-in-picture\" allowfullscreen><\/iframe><\/p>\n<p>L&#039;AMTHY 400 est une serrure de porte intelligente qui vous donne le contr\u00f4le total de la s\u00e9curit\u00e9 de votre maison tout en vous offrant une tranquillit\u00e9 d&#039;esprit totale. Utilisez une vari\u00e9t\u00e9 de fa\u00e7ons d&#039;acc\u00e9der \u00e0 votre maison, que ce soit via l&#039;empreinte digitale, le t\u00e9l\u00e9phone Bluetooth ou via le module Wi-Fi pour le contr\u00f4le \u00e0 distance. Avec la serrure de porte num\u00e9rique AMTHY, vous pouvez envoyer des cl\u00e9s virtuelles aux utilisateurs afin que vos amis et votre famille puissent acc\u00e9der \u00e0 votre maison si vous n&#039;\u00eates pas l\u00e0. Une fois qu&#039;ils ont obtenu l&#039;acc\u00e8s, vous pouvez g\u00e9rer qui peut entrer dans votre propri\u00e9t\u00e9 en d\u00e9sactivant ou en supprimant des utilisateurs via l&#039;application t\u00e9l\u00e9phonique. Les cl\u00e9s virtuelles peuvent \u00eatre programm\u00e9es ou rendues permanentes pour un contr\u00f4le ultime de votre maison ou de votre propri\u00e9t\u00e9. Vous pouvez \u00e9galement surveiller qui vient et qui part afin que vous sachiez quand vos proches sont \u00e0 la maison en toute s\u00e9curit\u00e9. Vous pouvez m\u00eame recevoir une notification vous informant lorsque quelqu&#039;un rentre \u00e0 la maison. Pas besoin de vous soucier de transporter vos cl\u00e9s avec vous. Tout ce dont vous avez besoin est votre smartphone et en un seul clic, vous pouvez facilement d\u00e9verrouiller la porte. L&#039;appareil utilise la technologie intelligente Bluetooth crypt\u00e9e afin que la serrure intelligente ne d\u00e9pende pas de la r\u00e9ception du r\u00e9seau. Rendez votre serrure intelligente encore plus intelligente en connectant l&#039;un de nos modules de serrure. Entreprise directe du fabricant de cylindres de porte intelligents. <a href=\"https:\/\/en.wikipedia.org\/wiki\/Lock\" target=\"_blank\" rel=\"noopener\">Fermer \u00e0 cl\u00e9<\/a> et <a href=\"https:\/\/amthy.com\/fr\/product-category\/smart-lock\/\">Cylindre de porte intelligent<\/a><\/p>\n<p><strong>Caract\u00e9ristiques et avantages (cylindre de porte intelligent)\u00a0:<\/strong><\/p>\n<ul>\n<li>Keyless - Vous donne la libert\u00e9 de s\u00e9curiser votre maison sans avoir besoin d'une cl\u00e9<\/li>\n<li>Simple \u00e0 installer - Convient \u00e0 la plupart des portes en PVC et composites, tournevis requis<\/li>\n<li>Simple \u00e0 monter - <strong>Pas besoin de changer la serrure compl\u00e8te<\/strong> mais ne remplacez que le cylindre sans endommager la porte. Installation facile.<\/li>\n<li>Aliment\u00e9 par piles \u2013 3 piles AAA, alerte \u00e9mise lorsque les piles sont faibles<\/li>\n<li>Convient aux portes d'une \u00e9paisseur comprise entre 60 et 100 mm<\/li>\n<li>Disponible dans une gamme de finitions - y compris le noir et l'argent<\/li>\n<\/ul>\n<p><img decoding=\"async\" class=\"aligncenter wp-image-2023\" src=\"https:\/\/amthy.com\/wp-content\/uploads\/2021\/08\/AM400.1-300x107.jpg\" alt=\"Cylindre de porte intelligent\" width=\"1001\" height=\"357\" title=\"\" srcset=\"https:\/\/amthy.com\/wp-content\/uploads\/2021\/08\/AM400.1-300x107.jpg 300w, https:\/\/amthy.com\/wp-content\/uploads\/2021\/08\/AM400.1-600x214.jpg 600w, https:\/\/amthy.com\/wp-content\/uploads\/2021\/08\/AM400.1-1024x365.jpg 1024w, https:\/\/amthy.com\/wp-content\/uploads\/2021\/08\/AM400.1-768x274.jpg 768w, https:\/\/amthy.com\/wp-content\/uploads\/2021\/08\/AM400.1-1536x548.jpg 1536w, https:\/\/amthy.com\/wp-content\/uploads\/2021\/08\/AM400.1-2048x730.jpg 2048w, https:\/\/amthy.com\/wp-content\/uploads\/2021\/08\/AM400.1-18x6.jpg 18w\" sizes=\"(max-width: 1001px) 100vw, 1001px\" \/><\/p>\n<p>&nbsp;<\/p>\n<hr \/>\n<p>&nbsp;<\/p>","protected":false},"excerpt":{"rendered":"<ul>\n<li><strong>Code article :<\/strong> AM-400<\/li>\n<li><strong>Mat\u00e9riau<\/strong><strong>:<\/strong>\u00a0Laiton<\/li>\n<li><strong>Profil\u00a0<\/strong>Taille:17*33*10mm<\/li>\n<li><strong>Marque :<\/strong>\u00a0ODM disponible<\/li>\n<li><strong>Application :<\/strong>\u00a0Portes en bois\/UPVC\/s\u00e9curit\u00e9<\/li>\n<li><strong>Batterie<\/strong>:\u00a0 3*AAA (Exclus)<\/li>\n<li><strong>\u00c9paisseur de la porte :<\/strong>60-100mm<\/li>\n<li><strong>Temp\u00e9rature de fonctionnement\u00a0:<\/strong>-20\u00baC \u00e0 +55\u00baC<\/li>\n<li><strong>\u00c9tanche: <\/strong>IP54<\/li>\n<li><b>Mode de d\u00e9verrouillage : <\/b>Empreinte digitale\/code d&#039;acc\u00e8s\/cl\u00e9 de carte\/Bluetooth\/t\u00e9l\u00e9commande via module Wifi\/cl\u00e9 m\u00e9canique<\/li>\n<\/ul>","protected":false},"featured_media":1943,"template":"","meta":{"nf_dc_page":""},"product_brand":[],"product_cat":[55,25],"product_tag":[],"class_list":{"0":"post-1942","1":"product","2":"type-product","3":"status-publish","4":"has-post-thumbnail","6":"product_cat-smart-lock","7":"product_cat-euro-profile-cylinder-manufacturer","9":"first","10":"instock","11":"shipping-taxable","12":"product-type-simple"},"_links":{"self":[{"href":"https:\/\/amthy.com\/fr\/wp-json\/wp\/v2\/product\/1942","targetHints":{"allow":["GET"]}}],"collection":[{"href":"https:\/\/amthy.com\/fr\/wp-json\/wp\/v2\/product"}],"about":[{"href":"https:\/\/amthy.com\/fr\/wp-json\/wp\/v2\/types\/product"}],"wp:featuredmedia":[{"embeddable":true,"href":"https:\/\/amthy.com\/fr\/wp-json\/wp\/v2\/media\/1943"}],"wp:attachment":[{"href":"https:\/\/amthy.com\/fr\/wp-json\/wp\/v2\/media?parent=1942"}],"wp:term":[{"taxonomy":"product_brand","embeddable":true,"href":"https:\/\/amthy.com\/fr\/wp-json\/wp\/v2\/product_brand?post=1942"},{"taxonomy":"product_cat","embeddable":true,"href":"https:\/\/amthy.com\/fr\/wp-json\/wp\/v2\/product_cat?post=1942"},{"taxonomy":"product_tag","embeddable":true,"href":"https:\/\/amthy.com\/fr\/wp-json\/wp\/v2\/product_tag?post=1942"}],"curies":[{"name":"wp","href":"https:\/\/api.w.org\/{rel}","templated":true}]}}