{"id":1225,"date":"2021-05-12T14:00:35","date_gmt":"2021-05-12T06:00:35","guid":{"rendered":"https:\/\/amthy.com\/?post_type=product&#038;p=1225"},"modified":"2021-10-19T16:51:46","modified_gmt":"2021-10-19T08:51:46","slug":"mortise-handle-manufacturer-supplier","status":"publish","type":"product","link":"https:\/\/amthy.com\/id\/product\/mortise-handle-manufacturer-supplier\/","title":{"rendered":"Gagang Pintu AM-237"},"content":{"rendered":"<h2>Siapa kita? (<a href=\"https:\/\/en.wikipedia.org\/wiki\/Mortise_lock\" target=\"_blank\" rel=\"noopener\">Tanggam<\/a> Menangani produsen &amp; Pemasok)<\/h2>\n<p style=\"text-align: left;\"><a href=\"https:\/\/amthy.com\/wp-content\/uploads\/2021\/10\/AMTHY-Zinc-Handle.pdf\">Amthy <\/a>Amthy adalah perusahaan dan produsen handle pintu dari China. Berbagai produk kami meliputi paduan seng, kuningan, stainless steel, dan bahan aluminium. Set pegangan pintu krom dan hitam sangat populer untuk pintu ruang interior, sementara itu, pegangan pintu stainless steel disambut dengan baik untuk aplikasi komersial. Selama pembuatan, pemolesan dan pelapisan listrik sebagian besar mempengaruhi KUALITAS. Sebagai produsen dan pemasok kunci pintu profesional, kami melakukan pemolesan ketat secara manual dan otomatis. Untuk lapisan pelapis permukaan, barang kami bertahan lebih dari 72 jam selama uji semprotan garam. Oleh karena itu, desain artistik dan layanan perhatian kami membawa kami menjadi salah satu perusahaan pegangan pintu terbaik di Cina.<\/p>\n<h2 style=\"text-align: left;\">Apa itu Handle Pintu?<\/h2>\n<p>Gagang pintu atau doorknob adalah alat yang digunakan untuk membuka atau menutup pintu. itu dapat ditemukan di semua jenis pintu termasuk pintu eksterior dan internal untuk bangunan perumahan dan komersial, Selain itu harus menggabungkan mekanisme penguncian atau penguncian. Seperti mortise lock body dan door lock cylinder.<\/p>\n<p><img fetchpriority=\"high\" decoding=\"async\" class=\"aligncenter wp-image-917\" src=\"https:\/\/amthy.com\/wp-content\/uploads\/2021\/05\/\u5fae\u4fe1\u56fe\u7247_20210503173056-300x201.png\" alt=\"Produsen &amp; Pemasok Pegangan Tanggam\" width=\"469\" height=\"314\" title=\"\" srcset=\"https:\/\/amthy.com\/wp-content\/uploads\/2021\/05\/\u5fae\u4fe1\u56fe\u7247_20210503173056-300x201.png 300w, https:\/\/amthy.com\/wp-content\/uploads\/2021\/05\/\u5fae\u4fe1\u56fe\u7247_20210503173056-600x401.png 600w, https:\/\/amthy.com\/wp-content\/uploads\/2021\/05\/\u5fae\u4fe1\u56fe\u7247_20210503173056-1024x685.png 1024w, https:\/\/amthy.com\/wp-content\/uploads\/2021\/05\/\u5fae\u4fe1\u56fe\u7247_20210503173056-768x514.png 768w, https:\/\/amthy.com\/wp-content\/uploads\/2021\/05\/\u5fae\u4fe1\u56fe\u7247_20210503173056.png 1097w\" sizes=\"(max-width: 469px) 100vw, 469px\" \/><\/p>\n<h2>Mengapa kita? (Produsen &amp; Supplier Pegangan Mortise)<\/h2>\n<h3><strong>Kualitas Terpercaya<\/strong><\/h3>\n<ul>\n<li>Tim QC profesional mengawasi semua putaran produksi<\/li>\n<li>Seleksi ketat mitra kerja sama<\/li>\n<\/ul>\n<h3><strong>Harga Kompetitif<\/strong><\/h3>\n<ul>\n<li>Bahan baku dalam persediaan 3 bulan untuk menurunkan risiko fluktuasi harga<\/li>\n<li>Peralatan Otomatis dan Canggih untuk mengurangi biaya tenaga kerja yang tinggi<\/li>\n<\/ul>\n<h3><strong>Layanan Terpercaya untuk lebih dari 20 negara.<\/strong><\/h3>\n<ul>\n<li>Layanan ODM\/OEM<\/li>\n<li>Layanan purna jual yang bertanggung jawab<\/li>\n<\/ul>\n<p>&nbsp;<\/p>","protected":false},"excerpt":{"rendered":"<p>Tay n\u1eafm c\u1eeda c\u00f3 th\u1ec3 \u0111\u01b0\u1ee3c t\u00f9y ch\u1ec9nh v\u1edbi c\u00e1c b\u1ec1 m\u1eb7t ho\u00e0n thi\u1ec7n kh\u00e1c nhau v\u00e0 c\u00e1c tr\u1ee5c xoay kh\u00e1c nhau cho c\u00e1c c\u1eeda kh\u00e1c nhau.<\/p>\n<ul>\n<li><strong>Kode barang:<\/strong> AM-237<\/li>\n<li><strong>Bahan:<\/strong> Zinc Alloy<\/li>\n<li><strong>Merek:<\/strong> ODM Tersedia<\/li>\n<li><strong>Permukaan:<\/strong> Chrome CP, Satin Chrome SC, PB Kuningan Dipoles, Kuningan Noda SB, PN Nikel Dipoles, Satin Nikel SN, Kuningan Antik AB, ORB perunggu yang digosok dengan minyak, BL Hitam<\/li>\n<li><strong>Aksesoris:<\/strong>7.6mmx7.6mm x100mm Spindle x 1 pcs + M3.8x30mm Sekrup x 4 pcs + 2.5mm kunci Allen x 1 pcs<\/li>\n<li><strong>Aplikasi:<\/strong> Kayu\/Logam, Interior\/Pintu Masuk, (35-50mm)<\/li>\n<\/ul>\n<p>&nbsp;<\/p>","protected":false},"featured_media":1229,"template":"","meta":{"nf_dc_page":""},"product_brand":[],"product_cat":[26,31],"product_tag":[28,29],"class_list":{"0":"post-1225","1":"product","2":"type-product","3":"status-publish","4":"has-post-thumbnail","6":"product_cat-door-handle-manufacturer","7":"product_cat-zinc-alloy-door-handle","8":"product_tag-door-handle","9":"product_tag-door-knob","11":"first","12":"instock","13":"shipping-taxable","14":"product-type-simple"},"_links":{"self":[{"href":"https:\/\/amthy.com\/id\/wp-json\/wp\/v2\/product\/1225","targetHints":{"allow":["GET"]}}],"collection":[{"href":"https:\/\/amthy.com\/id\/wp-json\/wp\/v2\/product"}],"about":[{"href":"https:\/\/amthy.com\/id\/wp-json\/wp\/v2\/types\/product"}],"wp:featuredmedia":[{"embeddable":true,"href":"https:\/\/amthy.com\/id\/wp-json\/wp\/v2\/media\/1229"}],"wp:attachment":[{"href":"https:\/\/amthy.com\/id\/wp-json\/wp\/v2\/media?parent=1225"}],"wp:term":[{"taxonomy":"product_brand","embeddable":true,"href":"https:\/\/amthy.com\/id\/wp-json\/wp\/v2\/product_brand?post=1225"},{"taxonomy":"product_cat","embeddable":true,"href":"https:\/\/amthy.com\/id\/wp-json\/wp\/v2\/product_cat?post=1225"},{"taxonomy":"product_tag","embeddable":true,"href":"https:\/\/amthy.com\/id\/wp-json\/wp\/v2\/product_tag?post=1225"}],"curies":[{"name":"wp","href":"https:\/\/api.w.org\/{rel}","templated":true}]}}