{"id":1372,"date":"2021-05-12T20:42:00","date_gmt":"2021-05-12T12:42:00","guid":{"rendered":"https:\/\/amthy.com\/?post_type=product&#038;p=1372"},"modified":"2021-10-19T17:11:17","modified_gmt":"2021-10-19T09:11:17","slug":"stainless-steel-door-handle-manufacturer","status":"publish","type":"product","link":"https:\/\/amthy.com\/id\/product\/stainless-steel-door-handle-manufacturer\/","title":{"rendered":"Gagang Pintu Stainless Steel AM-SS01"},"content":{"rendered":"<h2>Siapa kita? (produsen pegangan pintu stainless steel)<\/h2>\n<p style=\"text-align: left;\">Amthy adalah perusahaan dan produsen handle pintu dari China. Berbagai produk kami meliputi paduan seng, kuningan, stainless steel, dan bahan aluminium. Set pegangan pintu krom dan hitam sangat populer untuk pintu ruang interior, sementara itu, pegangan pintu stainless steel disambut dengan baik untuk aplikasi komersial. Selama pembuatan, pemolesan dan pelapisan listrik sebagian besar mempengaruhi KUALITAS. Sebagai produsen dan pemasok kunci pintu profesional, kami melakukan pemolesan ketat secara manual dan otomatis. Untuk lapisan pelapis permukaan, barang kami bertahan lebih dari 72 jam selama uji semprotan garam. Oleh karena itu, desain artistik dan layanan perhatian kami membawa kami menjadi salah satu perusahaan pegangan pintu terbaik di Cina. <a href=\"https:\/\/amthy.com\/wp-content\/uploads\/2021\/09\/AMTHY-Stainless-Steel.pdf\">pegangan pintu stainless steel<\/a> pabrikan<\/p>\n<h2 style=\"text-align: left;\">Apa itu Handle Pintu?<\/h2>\n<p>SEBUAH <a href=\"https:\/\/en.wikipedia.org\/wiki\/Door_handle\" target=\"_blank\" rel=\"noopener\">pegangan pintu<\/a> atau gagang pintu adalah alat yang digunakan untuk membuka atau menutup sebuah pintu. itu dapat ditemukan di semua jenis pintu termasuk pintu eksterior dan internal untuk bangunan perumahan dan komersial, Selain itu harus menggabungkan mekanisme penguncian atau penguncian. Seperti mortise lock body dan door lock cylinder. produsen pegangan pintu stainless steel<\/p>\n<h2>Mengapa kita?<\/h2>\n<h3><strong>Kualitas Terpercaya<\/strong><\/h3>\n<ul>\n<li>Tim QC profesional mengawasi semua putaran produksi<\/li>\n<li>Seleksi ketat mitra kerja sama<\/li>\n<\/ul>\n<h3><strong>Harga Kompetitif<\/strong><\/h3>\n<ul>\n<li>Bahan baku dalam persediaan 3 bulan untuk menurunkan risiko fluktuasi harga<\/li>\n<li>Peralatan Otomatis dan Canggih untuk mengurangi biaya tenaga kerja yang tinggi<\/li>\n<\/ul>\n<h3><strong>Layanan Terpercaya untuk lebih dari 20 negara.<\/strong><\/h3>\n<ul>\n<li>Layanan ODM\/OEM<\/li>\n<li>Layanan purna jual yang bertanggung jawab<\/li>\n<\/ul>\n<p>&nbsp;<\/p>\n<p>&nbsp;<\/p>","protected":false},"excerpt":{"rendered":"<p>Tay n\u1eafm c\u1eeda c\u00f3 th\u1ec3 \u0111\u01b0\u1ee3c t\u00f9y ch\u1ec9nh v\u1edbi c\u00e1c b\u1ec1 m\u1eb7t ho\u00e0n thi\u1ec7n kh\u00e1c nhau v\u00e0 c\u00e1c tr\u1ee5c xoay kh\u00e1c nhau cho c\u00e1c c\u1eeda kh\u00e1c nhau.<\/p>\n<ul>\n<li><strong>Kode barang:<\/strong> AM-SS01<\/li>\n<li><strong>Bahan:<\/strong> Baja tahan karat 201\/304<\/li>\n<li><strong>Merek:<\/strong> ODM Tersedia<\/li>\n<li><b>Diameter tabung:<\/b>18\/22mm<\/li>\n<li><strong>Aksesoris:<\/strong>7.6mmx7.6mm x100mm Spindle x 1 pcs + M3.8x30mm Sekrup x 4 pcs + 2.5mm kunci Allen x 1 pcs<\/li>\n<li><strong>Aplikasi:<\/strong> Pintu Darurat \/ Lintasan (35-50mm)<\/li>\n<li><strong>Tahan api<\/strong>: IYA<\/li>\n<\/ul>","protected":false},"featured_media":1387,"template":"","meta":{"nf_dc_page":""},"product_brand":[],"product_cat":[26,32],"product_tag":[28,29],"class_list":{"0":"post-1372","1":"product","2":"type-product","3":"status-publish","4":"has-post-thumbnail","6":"product_cat-door-handle-manufacturer","7":"product_cat-stainless-steel-handle-manufacturer","8":"product_tag-door-handle","9":"product_tag-door-knob","11":"first","12":"instock","13":"shipping-taxable","14":"product-type-simple"},"_links":{"self":[{"href":"https:\/\/amthy.com\/id\/wp-json\/wp\/v2\/product\/1372","targetHints":{"allow":["GET"]}}],"collection":[{"href":"https:\/\/amthy.com\/id\/wp-json\/wp\/v2\/product"}],"about":[{"href":"https:\/\/amthy.com\/id\/wp-json\/wp\/v2\/types\/product"}],"wp:featuredmedia":[{"embeddable":true,"href":"https:\/\/amthy.com\/id\/wp-json\/wp\/v2\/media\/1387"}],"wp:attachment":[{"href":"https:\/\/amthy.com\/id\/wp-json\/wp\/v2\/media?parent=1372"}],"wp:term":[{"taxonomy":"product_brand","embeddable":true,"href":"https:\/\/amthy.com\/id\/wp-json\/wp\/v2\/product_brand?post=1372"},{"taxonomy":"product_cat","embeddable":true,"href":"https:\/\/amthy.com\/id\/wp-json\/wp\/v2\/product_cat?post=1372"},{"taxonomy":"product_tag","embeddable":true,"href":"https:\/\/amthy.com\/id\/wp-json\/wp\/v2\/product_tag?post=1372"}],"curies":[{"name":"wp","href":"https:\/\/api.w.org\/{rel}","templated":true}]}}