{"id":1464,"date":"2021-05-14T19:36:41","date_gmt":"2021-05-14T11:36:41","guid":{"rendered":"https:\/\/amthy.com\/?post_type=product&#038;p=1464"},"modified":"2022-05-26T16:22:37","modified_gmt":"2022-05-26T08:22:37","slug":"europrofile-door-cylinder-manufacturer-v500","status":"publish","type":"product","link":"https:\/\/amthy.com\/id\/product\/europrofile-door-cylinder-manufacturer-v500\/","title":{"rendered":"Produsen Silinder Kunci Pintu Europrofile V500"},"content":{"rendered":"<h2>Siapa kita?<\/h2>\n<p style=\"text-align: left;\">Amthy adalah profil Euro <a href=\"https:\/\/amthy.com\/id\/product-category\/lock-cylinder\/\">silinder kunci<\/a> Produsen dan pemasok dari Cina. Kami menawarkan normal <a href=\"https:\/\/en.wikipedia.org\/wiki\/Pin_tumbler_lock\" target=\"_blank\" rel=\"noopener\">silinder<\/a> untuk pintu interior dan silinder keamanan tinggi untuk pintu eksterior. Menjadi produsen 3 silinder teratas, fasilitas otomatis atau setengah otomatis 95.9% diadopsi untuk menggantikan tenaga kerja manual, untuk mengurangi biaya, dan untuk meningkatkan efisiensi. <span style=\"color: #ff0000;\"><span style=\"color: #000000;\">Akibatnya, <\/span><\/span>Lebih sedikit biaya tenaga kerja selalu membawa harga yang lebih kompetitif dan menarik. Berkat manfaat di atas, <em>Kami sekarang bersedia untuk <a href=\"https:\/\/www.youtube.com\/watch?v=9Lw0FD68w1c\" target=\"_blank\" rel=\"noopener\">mengungkapkan dan berbagi biaya<\/a> silinder normal dengan pembeli<\/em>,<span style=\"color: #ff0000;\"> <span style=\"color: #000000;\">artinya, Anda akan mendapatkan komposisi harga satuan yang jelas, yang mencakup keuntungan murni 10% kami<\/span><\/span><span style=\"color: #ff0000;\"><span style=\"color: #000000;\">. <\/span><\/span><\/p>\n<p style=\"text-align: left;\">Sementara itu, tim R&amp;D kami mengembangkan<em> Seri S1000, S2000, dan S3000<\/em> silinder kunci pintu profil euro KEAMANAN TINGGI untuk permintaan pasar yang lebih tinggi. Teknologi eksklusif struktur kombinasi Wafer dan Pin sangat meningkatkan tingkat keamanan. Selain itu, A Europrofile <a href=\"https:\/\/amthy.com\/id\/product-category\/lock-cylinder\/\">silinder kunci<\/a> Produsen harus selalu melakukan pekerjaan untuk perhatian utama pembeli.<\/p>\n<p>&nbsp;<\/p>\n<h2 style=\"text-align: left;\">Apa itu Silinder Kunci Pintu Europrofile?<\/h2>\n<p><em><i>Lock Cylinder adalah komponen kunci yang menahan steker, aktuator dan komponen pengunci, dapat terbuat dari kuningan, paduan seng, aluminium, dan stainless steel. Meskipun paling sering dikaitkan dengan desain pin-tumbler, silinder digunakan di banyak lainnya, seperti wafer dan penahan cakram. Ini berputar untuk menggerakkan kait kunci tanggam dan gerendel dengan kunci yang cocok.\u00a0<\/i><\/em>Europrofile Door Lock Cylinder adalah jantung dari pintu.<\/p>\n<p>&nbsp;<\/p>\n<h2>Mengapa kita? (<em>Produsen Silinder Pintu Europrofile dari AMTHY SECURITY<\/em>)<\/h2>\n<h3><strong>Kualitas Terpercaya<\/strong><\/h3>\n<ul>\n<li>Tim QC profesional mengawasi semua putaran produksi<\/li>\n<li>Seleksi ketat mitra kerja sama<\/li>\n<\/ul>\n<h3><strong>Harga Kompetitif<\/strong><\/h3>\n<ul>\n<li>Bahan baku dalam persediaan 3 bulan untuk menurunkan risiko fluktuasi harga<\/li>\n<li>Peralatan Otomatis dan Canggih untuk mengurangi biaya tenaga kerja yang tinggi<\/li>\n<\/ul>\n<h3><strong>Layanan Terpercaya untuk lebih dari 20 negara.<\/strong><\/h3>\n<ul>\n<li>Layanan ODM\/OEM<\/li>\n<li>Layanan purna jual yang bertanggung jawab<\/li>\n<\/ul>\n<p>&nbsp;<\/p>","protected":false},"excerpt":{"rendered":"<p>&nbsp;<\/p>\n<ul>\n<li><strong>Kode barang:<\/strong> V500<\/li>\n<li><strong>Mekanisme Kunci:<\/strong> Pin Tumbler Lock<\/li>\n<li><strong>Bahan Tubuh<\/strong><strong>:<\/strong> Kuningan\/Paduan Seng\/Aluminium<\/li>\n<li><strong>Bahan Steker<\/strong><strong>:<\/strong> Kuningan\/Paduan Seng<\/li>\n<li><strong>Merek:<\/strong> ODM Tersedia<\/li>\n<li><b>Jenis Profil: <\/b>Euro<\/li>\n<li><strong>Ukuran Profil:<\/strong>17*33*10mm<\/li>\n<li><strong>Kunci:<\/strong> Alur pasak kuningan\/baja \u201cS\u201d<\/li>\n<li><strong>Aksesoris:<\/strong>sekrup 55mm<\/li>\n<li><strong>Aplikasi:<\/strong> Ah\u015fap\/UPVC\/G\u00fcvenlik Kap\u0131lar\u0131<\/li>\n<li><strong>Sistem Kunci Utama:<\/strong> Tersedia<\/li>\n<li><strong>Sistem Serupa Kunci:<\/strong> Tersedia<\/li>\n<li><strong>Fungsi Anti-Bor<\/strong>Tersedia<\/li>\n<li><strong>Fungsi Anti-Jepret: <\/strong>Tersedia<\/li>\n<li><strong><strong>EN1303 2005 Klasifikasi:<\/strong><\/strong><br \/>\n<table>\n<tbody>\n<tr>\n<td>1<\/td>\n<td>6<\/td>\n<td>0<\/td>\n<td>1<\/td>\n<td>0<\/td>\n<td>C<\/td>\n<td>5<\/td>\n<td>2<\/td>\n<\/tr>\n<\/tbody>\n<\/table>\n<\/li>\n<li><strong>Warna <\/strong>Kuningan Dipoles (BP)\/Berlapis Nikel (NP)\/Satin Nikel (SN)\/Berlapis Krom (CP)\/Kuningan Antik (AB)<\/li>\n<\/ul>\n<p>&nbsp;<\/p>","protected":false},"featured_media":1465,"template":"","meta":{"nf_dc_page":""},"product_brand":[],"product_cat":[25],"product_tag":[34,35],"class_list":{"0":"post-1464","1":"product","2":"type-product","3":"status-publish","4":"has-post-thumbnail","6":"product_cat-euro-profile-cylinder-manufacturer","7":"product_tag-door-cylinder","8":"product_tag-europrofile","10":"first","11":"instock","12":"shipping-taxable","13":"product-type-simple"},"_links":{"self":[{"href":"https:\/\/amthy.com\/id\/wp-json\/wp\/v2\/product\/1464","targetHints":{"allow":["GET"]}}],"collection":[{"href":"https:\/\/amthy.com\/id\/wp-json\/wp\/v2\/product"}],"about":[{"href":"https:\/\/amthy.com\/id\/wp-json\/wp\/v2\/types\/product"}],"wp:featuredmedia":[{"embeddable":true,"href":"https:\/\/amthy.com\/id\/wp-json\/wp\/v2\/media\/1465"}],"wp:attachment":[{"href":"https:\/\/amthy.com\/id\/wp-json\/wp\/v2\/media?parent=1464"}],"wp:term":[{"taxonomy":"product_brand","embeddable":true,"href":"https:\/\/amthy.com\/id\/wp-json\/wp\/v2\/product_brand?post=1464"},{"taxonomy":"product_cat","embeddable":true,"href":"https:\/\/amthy.com\/id\/wp-json\/wp\/v2\/product_cat?post=1464"},{"taxonomy":"product_tag","embeddable":true,"href":"https:\/\/amthy.com\/id\/wp-json\/wp\/v2\/product_tag?post=1464"}],"curies":[{"name":"wp","href":"https:\/\/api.w.org\/{rel}","templated":true}]}}