{"id":1534,"date":"2021-05-15T21:34:14","date_gmt":"2021-05-15T13:34:14","guid":{"rendered":"https:\/\/amthy.com\/?post_type=product&#038;p=1534"},"modified":"2022-05-26T16:27:59","modified_gmt":"2022-05-26T08:27:59","slug":"europrofile-lock-cylinder-manufacturer-h1000","status":"publish","type":"product","link":"https:\/\/amthy.com\/id\/product\/europrofile-lock-cylinder-manufacturer-h1000\/","title":{"rendered":"Silinder Pintu Keamanan Europrofile -H1000"},"content":{"rendered":"<h2>Fitur kunci Europrofile<\/h2>\n<ul>\n<li>Keamanan tinggi-pin ganda dan instruksi pin disk<\/li>\n<li>Sistem kunci AB master-1 buah kunci sementara, 5 kunci utama<\/li>\n<li>Anti-pilih, Anti-jepret<\/li>\n<li>Seumur hidup produk bahan Kuningan Penuh bisa lebih dari 10 tahun<\/li>\n<\/ul>\n<h2>Siapa kita?<\/h2>\n<p style=\"text-align: left;\">Amthy adalah Silinder Keamanan Europrofile <a href=\"https:\/\/amthy.com\/id\/product-category\/lock-cylinder\/\">Pemasok <\/a>dari China. Kami menawarkan normal <a href=\"https:\/\/en.wikipedia.org\/wiki\/Pin_tumbler_lock\" target=\"_blank\" rel=\"noopener\">silinder<\/a> untuk pintu interior dan silinder keamanan tinggi untuk pintu eksterior. Menjadi produsen 3 silinder teratas, fasilitas 95.9% otomatis atau setengah otomatis diadopsi untuk menggantikan tenaga kerja manual, untuk mengurangi biaya, dan meningkatkan efisiensi. <span style=\"color: #ff0000;\"><span style=\"color: #000000;\">Akibatnya, <\/span><\/span>Lebih sedikit biaya tenaga kerja selalu membawa harga yang lebih kompetitif dan menarik. Berkat manfaat di atas, <em>Kami sekarang bersedia untuk <a href=\"https:\/\/www.youtube.com\/watch?v=9Lw0FD68w1c\" target=\"_blank\" rel=\"noopener\">mengungkapkan dan berbagi biaya<\/a> silinder normal dengan pembeli<\/em>,<span style=\"color: #ff0000;\"> <span style=\"color: #000000;\">artinya, Anda akan mendapatkan komposisi harga satuan yang jelas, yang mencakup keuntungan murni 10% kami<\/span><\/span><span style=\"color: #ff0000;\"><span style=\"color: #000000;\">. <\/span><\/span><\/p>\n<p style=\"text-align: left;\">Sementara itu, tim R&amp;D kami mengembangkan<em> Seri S1000, S2000, dan S3000<\/em> silinder kunci pintu profil euro KEAMANAN TINGGI untuk permintaan pasar yang lebih tinggi. Teknologi eksklusif struktur kombinasi Wafer dan Pin sangat meningkatkan tingkat keamanan. Selain itu, Pemasok Silinder Keamanan Europrofile harus selalu melakukan pekerjaan untuk perhatian utama pembeli.<\/p>\n<p>&nbsp;<\/p>\n<h2 style=\"text-align: left;\">Apa itu Silinder Kunci Europrofile?<\/h2>\n<p><em><i>Lock Cylinder adalah komponen pengunci yang menahan steker, aktuator, dan komponen pengunci, dapat terbuat dari kuningan, paduan seng, aluminium, dan baja tahan karat. Meskipun paling sering dikaitkan dengan desain pin-tumbler, silinder digunakan di banyak lainnya, seperti wafer dan disc-detainer. Itu berputar untuk menggerakkan gerendel kunci tanggam dan gerendel dengan kunci yang cocok. <\/i><\/em>Silinder Kunci Europrofile adalah jantung dari pintu. Europrofile Security Cylinder digunakan untuk pintu keamanan masuk. Kunci profil Euro<\/p>\n<p><b>profil Eropa<\/b>\u00a0(atau\u00a0<b>Profil Euro<\/b>) adalah jenis dari\u00a0<a title=\"Silinder\" href=\"http:\/\/www.lockwiki.com\/index.php\/Cylinder\" target=\"_blank\" rel=\"noopener\">silinder<\/a>\u00a0desain didominasi digunakan di Eropa. Tidak seperti silinder tanggam dan pelek tradisional, profil Euro menggunakan satu bagian logam untuk menghubungkan kedua sisi kunci. Tunggal\u00a0<a class=\"mw-redirect\" title=\"Kamera\" href=\"http:\/\/www.lockwiki.com\/index.php\/Cam\" target=\"_blank\" rel=\"noopener\">kamera<\/a>\u00a0komponen ditempatkan di antara kedua sisi pengunci dan terhubung langsung ke keduanya\u00a0<a title=\"Steker\" href=\"http:\/\/www.lockwiki.com\/index.php\/Plug\" target=\"_blank\" rel=\"noopener\">colokan<\/a>. Profil Euro mudah dipasang dan diganti, tetapi memiliki beberapa kekurangan keamanan serius yang harus dipertimbangkan. Melihat\u00a0<a href=\"http:\/\/www.lockwiki.com\/index.php\/Euro_Profile#Vulnerabilities\" target=\"_blank\" rel=\"noopener\">Profil Euro (Kerentanan)<\/a>\u00a0untuk informasi tambahan. Kunci Profil Euro<\/p>\n<p>&nbsp;<\/p>\n<p><img fetchpriority=\"high\" decoding=\"async\" class=\"wp-image-2119 aligncenter\" src=\"https:\/\/amthy.com\/wp-content\/uploads\/2021\/05\/technical_drawing_C73_3-300x168.jpg\" alt=\"europrofile\" width=\"636\" height=\"356\" title=\"\" srcset=\"https:\/\/amthy.com\/wp-content\/uploads\/2021\/05\/technical_drawing_C73_3-300x168.jpg 300w, https:\/\/amthy.com\/wp-content\/uploads\/2021\/05\/technical_drawing_C73_3-600x336.jpg 600w, https:\/\/amthy.com\/wp-content\/uploads\/2021\/05\/technical_drawing_C73_3-768x430.jpg 768w, https:\/\/amthy.com\/wp-content\/uploads\/2021\/05\/technical_drawing_C73_3-18x10.jpg 18w, https:\/\/amthy.com\/wp-content\/uploads\/2021\/05\/technical_drawing_C73_3.jpg 1000w\" sizes=\"(max-width: 636px) 100vw, 636px\" \/><\/p>\n<p>&nbsp;<\/p>\n<h2>Mengapa kita?<\/h2>\n<h3><strong>Kualitas Terpercaya<\/strong><\/h3>\n<ul>\n<li>Tim QC profesional mengawasi semua putaran produksi<\/li>\n<li>Seleksi ketat mitra kerja sama<\/li>\n<\/ul>\n<h3><strong>Harga Kompetitif<\/strong><\/h3>\n<ul>\n<li>Bahan baku dalam persediaan 3 bulan untuk menurunkan risiko fluktuasi harga<\/li>\n<li>Peralatan Otomatis dan Canggih untuk mengurangi biaya tenaga kerja yang tinggi<\/li>\n<\/ul>\n<h3><strong>Layanan Terpercaya untuk lebih dari 20 negara.<\/strong><\/h3>\n<ul>\n<li>Layanan ODM\/OEM<\/li>\n<li>Layanan purna jual yang bertanggung jawab<\/li>\n<\/ul>\n<p>&nbsp;<\/p>","protected":false},"excerpt":{"rendered":"<p>&nbsp;<\/p>\n<ul>\n<li><strong>Kode barang:<\/strong> H1000<\/li>\n<li><strong>Mekanisme Kunci:<\/strong> Pin Tumbler Lock<\/li>\n<li><strong>Bahan Tubuh<\/strong><strong>:<\/strong> Kuningan<\/li>\n<li><strong>Bahan Steker<\/strong><strong>:<\/strong> Kuningan<\/li>\n<li><strong>Merek:<\/strong> ODM Tersedia<\/li>\n<li><b>Jenis Profil: <\/b>Euro<\/li>\n<li><strong>Ukuran Profil:<\/strong>17*33*10mm<\/li>\n<li><strong>Kunci:<\/strong> Kunci pas Kuningan Ganda\u201dS\u201d<\/li>\n<li><strong>Aksesoris:<\/strong>sekrup 55mm<\/li>\n<li><strong>Aplikasi:<\/strong> Ah\u015fap\/UPVC\/G\u00fcvenlik Kap\u0131lar\u0131<\/li>\n<li><strong>Sistem Kunci Utama:<\/strong> Tersedia<\/li>\n<li><strong>Sistem Serupa Kunci:<\/strong> Tersedia<\/li>\n<li><strong>Fungsi Anti-Bor<\/strong>Tersedia<\/li>\n<li><strong>Fungsi Anti-Jepret: <\/strong>Tersedia<\/li>\n<li><strong><strong>EN1303 2005 Klasifikasi:<\/strong><\/strong><br \/>\n<table>\n<tbody>\n<tr>\n<td>1<\/td>\n<td>6<\/td>\n<td>0<\/td>\n<td>1<\/td>\n<td>0<\/td>\n<td>C<\/td>\n<td>5<\/td>\n<td>2<\/td>\n<\/tr>\n<\/tbody>\n<\/table>\n<\/li>\n<li><strong>Warna <\/strong>Kuningan Dipoles (BP)\/Berlapis Nikel (NP)\/Satin Nikel (SN)\/Berlapis Krom (CP)\/Kuningan Antik (AB)<\/li>\n<\/ul>\n<p>&nbsp;<\/p>","protected":false},"featured_media":1526,"template":"","meta":{"nf_dc_page":""},"product_brand":[],"product_cat":[25],"product_tag":[34,35],"class_list":{"0":"post-1534","1":"product","2":"type-product","3":"status-publish","4":"has-post-thumbnail","6":"product_cat-euro-profile-cylinder-manufacturer","7":"product_tag-door-cylinder","8":"product_tag-europrofile","10":"first","11":"instock","12":"shipping-taxable","13":"product-type-simple"},"_links":{"self":[{"href":"https:\/\/amthy.com\/id\/wp-json\/wp\/v2\/product\/1534","targetHints":{"allow":["GET"]}}],"collection":[{"href":"https:\/\/amthy.com\/id\/wp-json\/wp\/v2\/product"}],"about":[{"href":"https:\/\/amthy.com\/id\/wp-json\/wp\/v2\/types\/product"}],"wp:featuredmedia":[{"embeddable":true,"href":"https:\/\/amthy.com\/id\/wp-json\/wp\/v2\/media\/1526"}],"wp:attachment":[{"href":"https:\/\/amthy.com\/id\/wp-json\/wp\/v2\/media?parent=1534"}],"wp:term":[{"taxonomy":"product_brand","embeddable":true,"href":"https:\/\/amthy.com\/id\/wp-json\/wp\/v2\/product_brand?post=1534"},{"taxonomy":"product_cat","embeddable":true,"href":"https:\/\/amthy.com\/id\/wp-json\/wp\/v2\/product_cat?post=1534"},{"taxonomy":"product_tag","embeddable":true,"href":"https:\/\/amthy.com\/id\/wp-json\/wp\/v2\/product_tag?post=1534"}],"curies":[{"name":"wp","href":"https:\/\/api.w.org\/{rel}","templated":true}]}}