{"id":1885,"date":"2021-08-29T19:14:53","date_gmt":"2021-08-29T11:14:53","guid":{"rendered":"https:\/\/amthy.com\/?post_type=product&#038;p=1885"},"modified":"2023-05-26T19:51:39","modified_gmt":"2023-05-26T11:51:39","slug":"smart-lock-manufacturer-am-800","status":"publish","type":"product","link":"https:\/\/amthy.com\/id\/product\/smart-lock-manufacturer-am-800\/","title":{"rendered":"Kunci Cerdas AM-800"},"content":{"rendered":"<p>&nbsp;<\/p>\n<p><img fetchpriority=\"high\" decoding=\"async\" class=\"wp-image-2034 aligncenter\" src=\"https:\/\/amthy.com\/wp-content\/uploads\/2021\/08\/AM400-300x35.jpg\" alt=\"Pemasok kunci pintar\" width=\"1003\" height=\"117\" title=\"\" srcset=\"https:\/\/amthy.com\/wp-content\/uploads\/2021\/08\/AM400-300x35.jpg 300w, https:\/\/amthy.com\/wp-content\/uploads\/2021\/08\/AM400-600x71.jpg 600w, https:\/\/amthy.com\/wp-content\/uploads\/2021\/08\/AM400-1024x120.jpg 1024w, https:\/\/amthy.com\/wp-content\/uploads\/2021\/08\/AM400-768x90.jpg 768w, https:\/\/amthy.com\/wp-content\/uploads\/2021\/08\/AM400-1536x181.jpg 1536w, https:\/\/amthy.com\/wp-content\/uploads\/2021\/08\/AM400-2048x241.jpg 2048w, https:\/\/amthy.com\/wp-content\/uploads\/2021\/08\/AM400-18x2.jpg 18w\" sizes=\"(max-width: 1003px) 100vw, 1003px\" \/><\/p>\n<p><iframe title=\"Gerendel Cerdas AM 800| Kunci gerendel pintar terbaik di tahun 2021\" width=\"1435\" height=\"807\" src=\"https:\/\/www.youtube.com\/embed\/ExIn-r0rDro?feature=oembed\" frameborder=\"0\" allow=\"accelerometer; autoplay; clipboard-write; encrypted-media; gyroscope; picture-in-picture\" allowfullscreen><\/iframe><\/p>\n<p>AMTHY 800 adalah kunci pintu pintar yang memberi Anda kendali penuh atas keamanan rumah Anda sekaligus memberi Anda ketenangan pikiran. Gunakan berbagai cara untuk mendapatkan akses ke rumah Anda apakah itu melalui Sidik Jari, Bluetooth ponsel, atau melalui modul wifi untuk kendali jarak jauh. Dengan kunci pintu digital AMTHY, Anda dapat mengirim kunci virtual kepada pengguna sehingga teman dan keluarga dapat mengakses rumah Anda jika Anda tidak ada. Setelah mereka mendapatkan akses, Anda dapat mengelola siapa yang dapat memasuki properti Anda dengan menonaktifkan atau menghapus pengguna melalui aplikasi telepon. Kunci virtual dapat dijadwalkan atau dibuat permanen untuk kontrol penuh atas rumah atau properti Anda. Anda juga dapat memantau siapa yang datang dan siapa yang pergi sehingga Anda akan tahu kapan orang yang Anda cintai pulang dengan selamat. Anda bahkan dapat menerima pemberitahuan yang memberi tahu Anda ketika seseorang pulang. Tidak perlu khawatir tentang membawa kunci Anda dengan Anda. Yang Anda butuhkan hanyalah ponsel cerdas Anda dan dengan satu ketukan, Anda dapat membuka kunci pintu dengan mudah. Perangkat menggunakan teknologi pintar Bluetooth terenkripsi sehingga kunci pintar tidak bergantung pada penerimaan jaringan. Jadikan kunci pintar Anda semakin pintar dengan menghubungkan salah satu modul kunci kami. Bisnis Langsung dari Pabrikan Smart Door Cylinder. <a href=\"https:\/\/en.wikipedia.org\/wiki\/Lock\" target=\"_blank\" rel=\"noopener\">Kunci<\/a> dan <a href=\"https:\/\/amthy.com\/id\/product-category\/smart-lock\/\">Produsen Smart Lock AM-800<\/a><\/p>\n<p><img decoding=\"async\" class=\"wp-image-2042 aligncenter\" src=\"https:\/\/amthy.com\/wp-content\/uploads\/2021\/08\/13719413601_1312227755-300x149.jpg\" alt=\"Pemasok kunci pintar\" width=\"1005\" height=\"499\" title=\"\" srcset=\"https:\/\/amthy.com\/wp-content\/uploads\/2021\/08\/13719413601_1312227755-300x149.jpg 300w, https:\/\/amthy.com\/wp-content\/uploads\/2021\/08\/13719413601_1312227755-600x297.jpg 600w, https:\/\/amthy.com\/wp-content\/uploads\/2021\/08\/13719413601_1312227755-18x9.jpg 18w, https:\/\/amthy.com\/wp-content\/uploads\/2021\/08\/13719413601_1312227755.jpg 743w\" sizes=\"(max-width: 1005px) 100vw, 1005px\" \/><\/p>\n<p><img decoding=\"async\" class=\"wp-image-2043 aligncenter\" src=\"https:\/\/amthy.com\/wp-content\/uploads\/2021\/08\/13719428305_1312227755-300x179.jpg\" alt=\"Pemasok kunci pintar\" width=\"1001\" height=\"597\" title=\"\" srcset=\"https:\/\/amthy.com\/wp-content\/uploads\/2021\/08\/13719428305_1312227755-300x179.jpg 300w, https:\/\/amthy.com\/wp-content\/uploads\/2021\/08\/13719428305_1312227755-600x357.jpg 600w, https:\/\/amthy.com\/wp-content\/uploads\/2021\/08\/13719428305_1312227755-18x12.jpg 18w, https:\/\/amthy.com\/wp-content\/uploads\/2021\/08\/13719428305_1312227755.jpg 746w\" sizes=\"(max-width: 1001px) 100vw, 1001px\" \/><\/p>\n<div class=\"mceTemp\"><\/div>\n<h2>Mengapa kami? (Pemasok Silinder Pintu Keamanan Profil Euro <em>dari AMTHY SECURITY<\/em>)<\/h2>\n<h3><strong>\u221aKualitas Handal (Pabrikan Smart Lock AM-800)<\/strong><\/h3>\n<ul>\n<li>Tim QC profesional mengawasi semua putaran produksi<\/li>\n<li>Seleksi ketat mitra kerja sama<\/li>\n<\/ul>\n<h3><strong>Harga Kompetitif<\/strong><\/h3>\n<ul>\n<li>Bahan baku dalam persediaan 3 bulan untuk menurunkan risiko fluktuasi harga<\/li>\n<li>Peralatan Otomatis dan Canggih untuk mengurangi biaya tenaga kerja yang tinggi<\/li>\n<\/ul>\n<h3><strong>Layanan Terpercaya untuk lebih dari 20 negara.<\/strong><\/h3>\n<ul>\n<li>Layanan ODM\/OEM<\/li>\n<li>Layanan purna jual yang bertanggung jawab<\/li>\n<\/ul>","protected":false},"excerpt":{"rendered":"<ul>\n<li><strong>Kode barang:<\/strong> AM-H100<\/li>\n<li><strong>Bahan<\/strong><strong>:<\/strong> Zinc Alloy<\/li>\n<li><strong>Kunci Tubuh:<\/strong> Kait Tunggal<\/li>\n<li><strong>Latar belakang<\/strong>: 60-70mm disesuaikan<\/li>\n<li><strong>Merek:<\/strong> ODM Tersedia<\/li>\n<li><strong>Ukuran Panel<\/strong>:58*154*35mm<\/li>\n<li><strong>Aplikasi:<\/strong> Ah\u015fap\/UPVC\/G\u00fcvenlik Kap\u0131lar\u0131<\/li>\n<li><strong>Baterai<\/strong>: 4*AA<\/li>\n<li><strong>Ketebalan pintu:<\/strong>40-70mm<\/li>\n<li><b>Buka Kunci Mode: <\/b>Sidik Jari\/Kode Sandi\/Kartu IC\/Kunci Mekanik\/Bluetooth<\/li>\n<\/ul>","protected":false},"featured_media":1894,"template":"","meta":{"nf_dc_page":""},"product_brand":[],"product_cat":[55],"product_tag":[],"class_list":{"0":"post-1885","1":"product","2":"type-product","3":"status-publish","4":"has-post-thumbnail","6":"product_cat-smart-lock","8":"first","9":"instock","10":"shipping-taxable","11":"product-type-simple"},"_links":{"self":[{"href":"https:\/\/amthy.com\/id\/wp-json\/wp\/v2\/product\/1885","targetHints":{"allow":["GET"]}}],"collection":[{"href":"https:\/\/amthy.com\/id\/wp-json\/wp\/v2\/product"}],"about":[{"href":"https:\/\/amthy.com\/id\/wp-json\/wp\/v2\/types\/product"}],"wp:featuredmedia":[{"embeddable":true,"href":"https:\/\/amthy.com\/id\/wp-json\/wp\/v2\/media\/1894"}],"wp:attachment":[{"href":"https:\/\/amthy.com\/id\/wp-json\/wp\/v2\/media?parent=1885"}],"wp:term":[{"taxonomy":"product_brand","embeddable":true,"href":"https:\/\/amthy.com\/id\/wp-json\/wp\/v2\/product_brand?post=1885"},{"taxonomy":"product_cat","embeddable":true,"href":"https:\/\/amthy.com\/id\/wp-json\/wp\/v2\/product_cat?post=1885"},{"taxonomy":"product_tag","embeddable":true,"href":"https:\/\/amthy.com\/id\/wp-json\/wp\/v2\/product_tag?post=1885"}],"curies":[{"name":"wp","href":"https:\/\/api.w.org\/{rel}","templated":true}]}}