{"id":1895,"date":"2021-08-29T20:15:13","date_gmt":"2021-08-29T12:15:13","guid":{"rendered":"https:\/\/amthy.com\/?post_type=product&#038;p=1895"},"modified":"2023-05-26T19:51:25","modified_gmt":"2023-05-26T11:51:25","slug":"smart-lock-manufacturer-am-900","status":"publish","type":"product","link":"https:\/\/amthy.com\/id\/product\/smart-lock-manufacturer-am-900\/","title":{"rendered":"Kunci Cerdas AM-900"},"content":{"rendered":"<p>AMTHY 900 adalah kunci pintu pintar yang memberi Anda kendali penuh atas keamanan rumah Anda sekaligus memberi Anda ketenangan pikiran. Gunakan berbagai cara untuk mendapatkan akses ke rumah Anda apakah itu melalui Kode Pin dan Kunci Mekanik. Tidak perlu khawatir tentang membawa kunci Anda dengan Anda. Yang Anda butuhkan hanyalah kode pin Anda, Anda dapat membuka kunci pintu dengan mudah. Bisnis Langsung dari Pabrikan Smart Door Cylinder. smart-lock-produsen-am-900.<a href=\"https:\/\/en.wikipedia.org\/wiki\/Lock\" target=\"_blank\" rel=\"noopener\">Kunci<\/a> dan <a href=\"https:\/\/amthy.com\/id\/product-category\/smart-lock\/\">Silinder Pintu Cerdas<\/a><\/p>\n<h3>Tingkatkan kunci Anda yang ada dengan mudah:<\/h3>\n<p>Ramah-DIY dan mudah dipasang di tempat silinder dan pegangan pintu yang ada. Yang Anda butuhkan hanyalah obeng crosshead dan pita pengukur.<\/p>\n<h3><strong>Fitur dan keuntungan:<\/strong><\/h3>\n<ul>\n<li>Tanpa Kunci \u2013 Memberi Anda kebebasan untuk mengamankan rumah Anda tanpa perlu kunci<\/li>\n<li>Mudah dipasang \u2013 Cocok untuk sebagian besar pintu PVC dan komposit, diperlukan obeng<\/li>\n<li>Mudah diakses- 50 set kode pin 4-8 digit tersedia.<\/li>\n<li>Bertenaga baterai \u2013 4 x baterai AA<\/li>\n<li>Cocok untuk pintu dengan ketebalan antara 35-55mm<\/li>\n<li>Tersedia dalam berbagai sentuhan akhir \u2013 termasuk Hitam dan Perak<\/li>\n<\/ul>\n<h2>Mengapa kami? (Pemasok Silinder Pintu Keamanan Profil Euro <em>dari AMTHY SECURITY<\/em>)<\/h2>\n<h3><strong>\u221aKualitas Handal (Pabrikan Smart Lock AM-900)<\/strong><\/h3>\n<ul>\n<li>Tim QC profesional mengawasi semua putaran produksi<\/li>\n<li>Seleksi ketat mitra kerja sama<\/li>\n<\/ul>\n<h3><strong>Harga Kompetitif<\/strong><\/h3>\n<ul>\n<li>Bahan baku dalam persediaan 3 bulan untuk menurunkan risiko fluktuasi harga<\/li>\n<li>Peralatan Otomatis dan Canggih untuk mengurangi biaya tenaga kerja yang tinggi<\/li>\n<\/ul>\n<h3><strong>Layanan Terpercaya untuk lebih dari 20 negara.<\/strong><\/h3>\n<ul>\n<li>Layanan ODM\/OEM<\/li>\n<li>Layanan purna jual yang bertanggung jawab<\/li>\n<\/ul>","protected":false},"excerpt":{"rendered":"<ul>\n<li><strong>Kode barang:<\/strong> AM-900<\/li>\n<li><strong>Bahan<\/strong><strong>:<\/strong> Zinc Alloy<\/li>\n<li><strong>Kunci Tubuh:<\/strong> Gerendel<\/li>\n<li><strong>Latar belakang<\/strong>: 60mm<\/li>\n<li><strong>Merek:<\/strong> ODM Tersedia<\/li>\n<li><strong>Aplikasi:<\/strong> Ah\u015fap\/UPVC\/G\u00fcvenlik Kap\u0131lar\u0131<\/li>\n<li><strong>Baterai<\/strong>: 4 * AA 6V (Tidak Termasuk)<\/li>\n<li><strong>Ketebalan pintu: <\/strong>35-55mm<\/li>\n<li><strong>Suhu Operasional:<\/strong>-20\u00baC hingga +55\u00baC<\/li>\n<li><strong>Tahan air: <\/strong>IP54<\/li>\n<li><b>Buka Kunci Mode: <\/b>Buka Kunci Mode:<\/li>\n<\/ul>","protected":false},"featured_media":1908,"template":"","meta":{"nf_dc_page":""},"product_brand":[],"product_cat":[55],"product_tag":[],"class_list":{"0":"post-1895","1":"product","2":"type-product","3":"status-publish","4":"has-post-thumbnail","6":"product_cat-smart-lock","8":"first","9":"instock","10":"shipping-taxable","11":"product-type-simple"},"_links":{"self":[{"href":"https:\/\/amthy.com\/id\/wp-json\/wp\/v2\/product\/1895","targetHints":{"allow":["GET"]}}],"collection":[{"href":"https:\/\/amthy.com\/id\/wp-json\/wp\/v2\/product"}],"about":[{"href":"https:\/\/amthy.com\/id\/wp-json\/wp\/v2\/types\/product"}],"wp:featuredmedia":[{"embeddable":true,"href":"https:\/\/amthy.com\/id\/wp-json\/wp\/v2\/media\/1908"}],"wp:attachment":[{"href":"https:\/\/amthy.com\/id\/wp-json\/wp\/v2\/media?parent=1895"}],"wp:term":[{"taxonomy":"product_brand","embeddable":true,"href":"https:\/\/amthy.com\/id\/wp-json\/wp\/v2\/product_brand?post=1895"},{"taxonomy":"product_cat","embeddable":true,"href":"https:\/\/amthy.com\/id\/wp-json\/wp\/v2\/product_cat?post=1895"},{"taxonomy":"product_tag","embeddable":true,"href":"https:\/\/amthy.com\/id\/wp-json\/wp\/v2\/product_tag?post=1895"}],"curies":[{"name":"wp","href":"https:\/\/api.w.org\/{rel}","templated":true}]}}