{"id":1372,"date":"2021-05-12T20:42:00","date_gmt":"2021-05-12T12:42:00","guid":{"rendered":"https:\/\/amthy.com\/?post_type=product&#038;p=1372"},"modified":"2021-10-19T17:11:17","modified_gmt":"2021-10-19T09:11:17","slug":"stainless-steel-door-handle-manufacturer","status":"publish","type":"product","link":"https:\/\/amthy.com\/is\/product\/stainless-steel-door-handle-manufacturer\/","title":{"rendered":"Hur\u00f0ahandfang \u00far ry\u00f0fr\u00edu st\u00e1li AM-SS01"},"content":{"rendered":"<h2>Hver vi\u00f0 erum? (framlei\u00f0andi hur\u00f0ahandfangs \u00far ry\u00f0fr\u00edu st\u00e1li)<\/h2>\n<p style=\"text-align: left;\">Amthy er hur\u00f0ahandfangsfyrirt\u00e6ki og framlei\u00f0andi fr\u00e1 K\u00edna. V\u00f6ru\u00farval okkar inniheldur sinkblendi, kopar, ry\u00f0fr\u00edtt st\u00e1l og \u00e1lefni. Kr\u00f3m og sv\u00f6rt hur\u00f0arhandfangssett eru mj\u00f6g vins\u00e6l fyrir hur\u00f0ir innandyra, \u00e1 me\u00f0an er hur\u00f0arhandfangi \u00far ry\u00f0fr\u00edu st\u00e1li velkomi\u00f0 til notkunar \u00ed atvinnuskyni. \u00c1 me\u00f0an \u00e1 framlei\u00f0slu stendur hefur f\u00e6gingin og rafh\u00fa\u00f0unin mest \u00e1hrif \u00e1 G\u00c6\u00d0IN. Sem faglegur framlei\u00f0andi og birgir hur\u00f0arl\u00e1sa gerum vi\u00f0 strangar f\u00e6gja handvirkt og sj\u00e1lfvirkt. Fyrir yfirbor\u00f0s rafh\u00fa\u00f0a\u00f0a lagi\u00f0 halda v\u00f6rurnar okkar meira en 72 klukkustundir me\u00f0an \u00e1 salt\u00fa\u00f0apr\u00f3finu stendur. \u00deess vegna f\u00e6r listr\u00e6n h\u00f6nnun okkar og yfirvegu\u00f0 \u00fej\u00f3nusta okkur til a\u00f0 vera eitt af bestu hur\u00f0ahandfangafyrirt\u00e6kjum \u00ed K\u00edna. <a href=\"https:\/\/amthy.com\/wp-content\/uploads\/2021\/09\/AMTHY-Stainless-Steel.pdf\">hur\u00f0arhandfang \u00far ry\u00f0fr\u00edu st\u00e1li<\/a> framlei\u00f0anda<\/p>\n<h2 style=\"text-align: left;\">Hva\u00f0 er hur\u00f0arhandfang?<\/h2>\n<p>A <a href=\"https:\/\/en.wikipedia.org\/wiki\/Door_handle\" target=\"_blank\" rel=\"noopener\">Hur\u00f0arh\u00fann<\/a> e\u00f0a hur\u00f0arh\u00fanur er t\u00e6ki sem nota\u00f0 er til a\u00f0 opna e\u00f0a loka hur\u00f0. \u00fea\u00f0 er a\u00f0 finna \u00e1 \u00f6llum ger\u00f0um hur\u00f0a, \u00fear me\u00f0 tali\u00f0 \u00fati- og innri hur\u00f0um fyrir \u00edb\u00fa\u00f0ar- og atvinnuh\u00fasn\u00e6\u00f0i, auk \u00feess \u00fearf \u00fea\u00f0 a\u00f0 vera me\u00f0 l\u00e6singar- e\u00f0a l\u00e6singarb\u00fana\u00f0i. Svo sem eins og skur\u00f0arl\u00e1sh\u00fasi\u00f0 og hur\u00f0arl\u00e1sh\u00f3lkurinn. framlei\u00f0andi hur\u00f0ahandfangs \u00far ry\u00f0fr\u00edu st\u00e1li<\/p>\n<h2>Hvers vegna okkur?<\/h2>\n<h3><strong>\u221a \u00c1rei\u00f0anleg g\u00e6\u00f0i<\/strong><\/h3>\n<ul>\n<li>Faglegt QC teymi hefur umsj\u00f3n me\u00f0 allri framlei\u00f0slu<\/li>\n<li>Strangt val \u00e1 samstarfsa\u00f0ilum<\/li>\n<\/ul>\n<h3><strong>\u221aSamkeppnish\u00e6f ver\u00f0<\/strong><\/h3>\n<ul>\n<li>Hr\u00e1efni \u00ed 3 m\u00e1na\u00f0a lager til a\u00f0 draga \u00far h\u00e6ttu \u00e1 ver\u00f0sveiflum<\/li>\n<li>Sj\u00e1lfvirkur og h\u00e1\u00fer\u00f3a\u00f0ur b\u00fana\u00f0ur dregur \u00far h\u00e1um launakostna\u00f0i<\/li>\n<\/ul>\n<h3><strong>\u221aTraust \u00fej\u00f3nusta fyrir yfir 20 l\u00f6nd.<\/strong><\/h3>\n<ul>\n<li>ODM \/ OEM \u00fej\u00f3nusta<\/li>\n<li>\u00c1byrg \u00fej\u00f3nusta eftir s\u00f6lu<\/li>\n<\/ul>\n<p>&nbsp;<\/p>\n<p>&nbsp;<\/p>","protected":false},"excerpt":{"rendered":"<p>H\u00e6gt er a\u00f0 a\u00f0laga hur\u00f0arhandf\u00f6ng me\u00f0 mismunandi yfirbor\u00f0s\u00e1fer\u00f0 og mismunandi sn\u00e6lda fyrir mismunandi hur\u00f0ir.<\/p>\n<ul>\n<li><strong>V\u00f6ruk\u00f3\u00f0i:<\/strong> AM-SS01<\/li>\n<li><strong>Efni:<\/strong> Ry\u00f0fr\u00edtt st\u00e1l 201\/304<\/li>\n<li><strong>Merki:<\/strong> ODM \u00ed bo\u00f0i<\/li>\n<li><b>T\u00fabu Dia:<\/b>18\/22 mm<\/li>\n<li><strong>Aukahlutir:<\/strong>7,6mmx7,6mm x100mm Sn\u00e6lda x 1 stk+M3,8x30mm skr\u00fafa x 4 stk+2,5mm innsexlykill x 1 stk<\/li>\n<li><strong>Ums\u00f3kn:<\/strong> Ney\u00f0ar-\/gangdyr (35-50 mm)<\/li>\n<li><strong>Eldheldur<\/strong>: J\u00c1<\/li>\n<\/ul>","protected":false},"featured_media":1387,"template":"","meta":{"nf_dc_page":""},"product_brand":[],"product_cat":[26,32],"product_tag":[28,29],"class_list":{"0":"post-1372","1":"product","2":"type-product","3":"status-publish","4":"has-post-thumbnail","6":"product_cat-door-handle-manufacturer","7":"product_cat-stainless-steel-handle-manufacturer","8":"product_tag-door-handle","9":"product_tag-door-knob","11":"first","12":"instock","13":"shipping-taxable","14":"product-type-simple"},"_links":{"self":[{"href":"https:\/\/amthy.com\/is\/wp-json\/wp\/v2\/product\/1372","targetHints":{"allow":["GET"]}}],"collection":[{"href":"https:\/\/amthy.com\/is\/wp-json\/wp\/v2\/product"}],"about":[{"href":"https:\/\/amthy.com\/is\/wp-json\/wp\/v2\/types\/product"}],"wp:featuredmedia":[{"embeddable":true,"href":"https:\/\/amthy.com\/is\/wp-json\/wp\/v2\/media\/1387"}],"wp:attachment":[{"href":"https:\/\/amthy.com\/is\/wp-json\/wp\/v2\/media?parent=1372"}],"wp:term":[{"taxonomy":"product_brand","embeddable":true,"href":"https:\/\/amthy.com\/is\/wp-json\/wp\/v2\/product_brand?post=1372"},{"taxonomy":"product_cat","embeddable":true,"href":"https:\/\/amthy.com\/is\/wp-json\/wp\/v2\/product_cat?post=1372"},{"taxonomy":"product_tag","embeddable":true,"href":"https:\/\/amthy.com\/is\/wp-json\/wp\/v2\/product_tag?post=1372"}],"curies":[{"name":"wp","href":"https:\/\/api.w.org\/{rel}","templated":true}]}}