{"id":1464,"date":"2021-05-14T19:36:41","date_gmt":"2021-05-14T11:36:41","guid":{"rendered":"https:\/\/amthy.com\/?post_type=product&#038;p=1464"},"modified":"2022-05-26T16:22:37","modified_gmt":"2022-05-26T08:22:37","slug":"europrofile-door-cylinder-manufacturer-v500","status":"publish","type":"product","link":"https:\/\/amthy.com\/is\/product\/europrofile-door-cylinder-manufacturer-v500\/","title":{"rendered":"Europrofile Door Lock Cylinder Framlei\u00f0andi V500"},"content":{"rendered":"<h2>Hver vi\u00f0 erum?<\/h2>\n<p style=\"text-align: left;\">Amthy er Europrofile <a href=\"https:\/\/amthy.com\/is\/product-category\/lock-cylinder\/\">Hur\u00f0arh\u00f3lkur<\/a> Framlei\u00f0andi og birgir fr\u00e1 K\u00edna. Vi\u00f0 bj\u00f3\u00f0um upp \u00e1 venjulegt <a href=\"https:\/\/en.wikipedia.org\/wiki\/Pin_tumbler_lock\" target=\"_blank\" rel=\"noopener\">strokkar<\/a> fyrir innihur\u00f0ir og h\u00e1\u00f6ryggish\u00f3lkar fyrir \u00fatihur\u00f0ir. \u00dear sem 95.9% sj\u00e1lfvirkur e\u00f0a h\u00e1lfsj\u00e1lfvirkur b\u00fana\u00f0ur er besti 3 strokka framlei\u00f0andi er hann nota\u00f0ur til a\u00f0 skipta um handavinnu, til a\u00f0 draga \u00far kostna\u00f0i og auka skilvirkni. <span style=\"color: #ff0000;\"><span style=\"color: #000000;\">\u00dear af lei\u00f0andi, <\/span><\/span>Minni launakostna\u00f0ur f\u00e6rir alltaf samkeppnish\u00e6fara og a\u00f0la\u00f0andi ver\u00f0. \u00de\u00f6kk s\u00e9 ofangreindum fr\u00ed\u00f0indum, <em>Vi\u00f0 erum n\u00fa til \u00ed <a href=\"https:\/\/www.youtube.com\/watch?v=9Lw0FD68w1c\" target=\"_blank\" rel=\"noopener\">s\u00fdna og deila kostna\u00f0inum<\/a> af venjulegum strokkum hj\u00e1 kaupendum<\/em>,<span style=\"color: #ff0000;\"> <span style=\"color: #000000;\">\u00fea\u00f0 er a\u00f0 segja, \u00fe\u00fa munt f\u00e1 sk\u00fdra samsetningu einingarver\u00f0s, sem inniheldur 10% hreinan hagna\u00f0 okkar<\/span><\/span><span style=\"color: #ff0000;\"><span style=\"color: #000000;\">. <\/span><\/span><\/p>\n<p style=\"text-align: left;\">\u00c1 sama t\u00edma \u00fer\u00f3ar R&amp;D teymi okkar<em> S1000, S2000 og S3000 r\u00f6\u00f0<\/em> af H\u00c1\u00d6RYGGI evrusni\u00f0s hur\u00f0arl\u00e1sh\u00f3lkum fyrir meiri marka\u00f0skr\u00f6fur. Einkat\u00e6knin \u00ed samsetningu Wafers og Pins eykur \u00f6ryggisstigi\u00f0 til muna. \u00dear a\u00f0 auki, A Europrofile <a href=\"https:\/\/amthy.com\/is\/product-category\/lock-cylinder\/\">Hur\u00f0arh\u00f3lkur<\/a> Framlei\u00f0andi \u00e6tti alltaf a\u00f0 vinna verki\u00f0 vegna a\u00f0al\u00e1hyggjuefnis kaupandans.<\/p>\n<p>&nbsp;<\/p>\n<h2 style=\"text-align: left;\">Hva\u00f0 er Europrofile Door Lock Cylinder?<\/h2>\n<p><em><i>L\u00e1sh\u00f3lkur er l\u00e6sihluti sem geymir stinga, st\u00fdrisb\u00fana\u00f0 og l\u00e6singar\u00edhluti, hann getur veri\u00f0 \u00far kopar, sinkblendi, \u00e1li og ry\u00f0fr\u00edu st\u00e1li. \u00der\u00e1tt fyrir a\u00f0 \u00feeir s\u00e9u oftast tengdir vi\u00f0 h\u00f6nnun me\u00f0 t\u00fasspennum, eru strokka nota\u00f0ir \u00ed m\u00f6rgum \u00f6\u00f0rum, svo sem obl\u00e1tu og diskahaldara. \u00dea\u00f0 sn\u00fdst til a\u00f0 kn\u00fdja grenil\u00e1ssl\u00e1sinn og deadbolt me\u00f0 samsvarandi lykli.\u00a0<\/i><\/em>Europrofile Door Lock Cylinder er hjarta hur\u00f0arinnar.<\/p>\n<p>&nbsp;<\/p>\n<h2>Hvers vegna okkur? (<em>Europrofile Door Cylinder Framlei\u00f0andi AMTHY SECURITY<\/em>)<\/h2>\n<h3><strong>\u221a \u00c1rei\u00f0anleg g\u00e6\u00f0i<\/strong><\/h3>\n<ul>\n<li>Faglegt QC teymi hefur umsj\u00f3n me\u00f0 allri framlei\u00f0slu<\/li>\n<li>Strangt val \u00e1 samstarfsa\u00f0ilum<\/li>\n<\/ul>\n<h3><strong>\u221aSamkeppnish\u00e6f ver\u00f0<\/strong><\/h3>\n<ul>\n<li>Hr\u00e1efni \u00ed 3 m\u00e1na\u00f0a lager til a\u00f0 draga \u00far h\u00e6ttu \u00e1 ver\u00f0sveiflum<\/li>\n<li>Sj\u00e1lfvirkur og h\u00e1\u00fer\u00f3a\u00f0ur b\u00fana\u00f0ur dregur \u00far h\u00e1um launakostna\u00f0i<\/li>\n<\/ul>\n<h3><strong>\u221aTraust \u00fej\u00f3nusta fyrir yfir 20 l\u00f6nd.<\/strong><\/h3>\n<ul>\n<li>ODM \/ OEM \u00fej\u00f3nusta<\/li>\n<li>\u00c1byrg \u00fej\u00f3nusta eftir s\u00f6lu<\/li>\n<\/ul>\n<p>&nbsp;<\/p>","protected":false},"excerpt":{"rendered":"<p>&nbsp;<\/p>\n<ul>\n<li><strong>V\u00f6ruk\u00f3\u00f0i:<\/strong> V500<\/li>\n<li><strong>L\u00e6sab\u00fana\u00f0ur:<\/strong> Pinnaglas<\/li>\n<li><strong>Efni l\u00edkama<\/strong><strong>:<\/strong> Kopar\/sinkblendi\/\u00e1l<\/li>\n<li><strong>Efni \u00ed innstungu<\/strong><strong>:<\/strong> Kopar\/sinkblendi<\/li>\n<li><strong>Merki:<\/strong> ODM \u00ed bo\u00f0i<\/li>\n<li><b>Tegund pr\u00f3f\u00edls: <\/b>Evru<\/li>\n<li><strong>Pr\u00f3f\u00edlst\u00e6r\u00f0:<\/strong>17*33*10mm<\/li>\n<li><strong>Lykill:<\/strong> \u201eS\u201c lyklagangur \u00far kopar\/st\u00e1li<\/li>\n<li><strong>Aukahlutir:<\/strong>55mm skr\u00fafur<\/li>\n<li><strong>Ums\u00f3kn:<\/strong> Vi\u00f0ar\/UPVC\/\u00d6ryggishur\u00f0ir<\/li>\n<li><strong>A\u00f0allyklakerfi:<\/strong> Laus<\/li>\n<li><strong>Lykill eins kerfi:<\/strong> Laus<\/li>\n<li><strong>Andborunara\u00f0ger\u00f0<\/strong>: Laus<\/li>\n<li><strong>Anti-snap a\u00f0ger\u00f0: <\/strong>Laus<\/li>\n<li><strong><strong>EN1303 2005 flokkun:<\/strong><\/strong><br \/>\n<table>\n<tbody>\n<tr>\n<td>1<\/td>\n<td>6<\/td>\n<td>0<\/td>\n<td>1<\/td>\n<td>0<\/td>\n<td>C<\/td>\n<td>5<\/td>\n<td>2<\/td>\n<\/tr>\n<\/tbody>\n<\/table>\n<\/li>\n<li><strong>Kl\u00e1ra: <\/strong>Brass f\u00e1\u00f0ur (BP)\/Nikkelh\u00fa\u00f0a\u00f0ur (NP)\/Satin Nikkel (SN)\/Kr\u00f3mh\u00fa\u00f0a\u00f0ur (CP)\/Ant\u00edkeir (AB)<\/li>\n<\/ul>\n<p>&nbsp;<\/p>","protected":false},"featured_media":1465,"template":"","meta":{"nf_dc_page":""},"product_brand":[],"product_cat":[25],"product_tag":[34,35],"class_list":{"0":"post-1464","1":"product","2":"type-product","3":"status-publish","4":"has-post-thumbnail","6":"product_cat-euro-profile-cylinder-manufacturer","7":"product_tag-door-cylinder","8":"product_tag-europrofile","10":"first","11":"instock","12":"shipping-taxable","13":"product-type-simple"},"_links":{"self":[{"href":"https:\/\/amthy.com\/is\/wp-json\/wp\/v2\/product\/1464","targetHints":{"allow":["GET"]}}],"collection":[{"href":"https:\/\/amthy.com\/is\/wp-json\/wp\/v2\/product"}],"about":[{"href":"https:\/\/amthy.com\/is\/wp-json\/wp\/v2\/types\/product"}],"wp:featuredmedia":[{"embeddable":true,"href":"https:\/\/amthy.com\/is\/wp-json\/wp\/v2\/media\/1465"}],"wp:attachment":[{"href":"https:\/\/amthy.com\/is\/wp-json\/wp\/v2\/media?parent=1464"}],"wp:term":[{"taxonomy":"product_brand","embeddable":true,"href":"https:\/\/amthy.com\/is\/wp-json\/wp\/v2\/product_brand?post=1464"},{"taxonomy":"product_cat","embeddable":true,"href":"https:\/\/amthy.com\/is\/wp-json\/wp\/v2\/product_cat?post=1464"},{"taxonomy":"product_tag","embeddable":true,"href":"https:\/\/amthy.com\/is\/wp-json\/wp\/v2\/product_tag?post=1464"}],"curies":[{"name":"wp","href":"https:\/\/api.w.org\/{rel}","templated":true}]}}