{"id":1879,"date":"2021-08-29T19:08:10","date_gmt":"2021-08-29T11:08:10","guid":{"rendered":"https:\/\/amthy.com\/?post_type=product&#038;p=1879"},"modified":"2023-05-26T19:51:48","modified_gmt":"2023-05-26T11:51:48","slug":"smart-lock-manufacturer-am-700","status":"publish","type":"product","link":"https:\/\/amthy.com\/is\/product\/smart-lock-manufacturer-am-700\/","title":{"rendered":"Smart Lock AM-700"},"content":{"rendered":"<p>AMTHY 700 er snjall hur\u00f0arl\u00e1s sem veitir \u00fe\u00e9r fulla stj\u00f3rn \u00e1 \u00f6ryggi heimilisins \u00e1 sama t\u00edma og veitir \u00fe\u00e9r fullan hugarr\u00f3. Nota\u00f0u \u00fdmsar lei\u00f0ir til a\u00f0 f\u00e1 a\u00f0gang a\u00f0 heimili \u00fe\u00ednu hvort sem \u00fea\u00f0 er me\u00f0 PIN-n\u00fameri og v\u00e9lr\u00e6num lykli. Engin \u00fe\u00f6rf \u00e1 a\u00f0 hafa \u00e1hyggjur af \u00fev\u00ed a\u00f0 hafa lyklana me\u00f0 \u00fe\u00e9r. Allt sem \u00fe\u00fa \u00fearft er PIN-n\u00fameri\u00f0 \u00feitt, \u00fe\u00fa getur opna\u00f0 hur\u00f0ina \u00e1 au\u00f0veldan h\u00e1tt. Bein vi\u00f0skipti fr\u00e1 framlei\u00f0anda snjallhur\u00f0ahylkja. smart-lock-manufacturer-am-700.<a href=\"https:\/\/en.wikipedia.org\/wiki\/Lock\" target=\"_blank\" rel=\"noopener\">L\u00e6sa<\/a> og <a href=\"https:\/\/amthy.com\/is\/product-category\/smart-lock\/\">Snjall hur\u00f0arh\u00f3lkur<\/a><\/p>\n<h2>Uppf\u00e6r\u00f0u au\u00f0veldlega n\u00faverandi l\u00e1s:<\/h2>\n<p>DIY-vingjarnlegur og au\u00f0veldlega settur upp \u00ed sta\u00f0 n\u00faverandi strokks og hur\u00f0arhandfangs. Allt sem \u00fe\u00fa \u00fearft er krossskr\u00fafj\u00e1rn og m\u00e1lband.<\/p>\n<h2><strong>Eiginleikar og kostir:<\/strong><\/h2>\n<ul>\n<li>Lyklalaust \u2013 Gefur \u00fe\u00e9r frelsi til a\u00f0 tryggja heimili \u00feitt \u00e1n \u00feess a\u00f0 \u00feurfa lykil<\/li>\n<li>Einfalt \u00ed a\u00f0 setja - Hentar fyrir flestar PVC og samsettar hur\u00f0ir, skr\u00fafj\u00e1rn \u00fearf<\/li>\n<li>Au\u00f0velt a\u00f0 n\u00e1lgast - 50 sett pink\u00f3\u00f0a me\u00f0 4-8 t\u00f6lust\u00f6fum eru f\u00e1anleg.<\/li>\n<li>Rafhl\u00f6\u00f0ukn\u00fanar - 4 x AA rafhl\u00f6\u00f0ur<\/li>\n<li>Hentar fyrir hur\u00f0ir me\u00f0 \u00feykkt \u00e1 bilinu 35-55 mm<\/li>\n<li>F\u00e1anlegt \u00ed \u00fdmsum \u00e1fer\u00f0um - \u00fear \u00e1 me\u00f0al sv\u00f6rtum og silfri<\/li>\n<\/ul>\n<h2>Hvers vegna okkur? (Evr\u00f3sni\u00f0i\u00f0 \u00d6ryggishur\u00f0arh\u00f3lkur birgir <em>fr\u00e1 AMTHY SECURITY<\/em>)<\/h2>\n<h3><strong>\u221a\u00c1rei\u00f0anleg g\u00e6\u00f0i (Smart Lock Framlei\u00f0andi AM-700)<\/strong><\/h3>\n<ul>\n<li>Faglegt QC teymi hefur umsj\u00f3n me\u00f0 allri framlei\u00f0slu<\/li>\n<li>Strangt val \u00e1 samstarfsa\u00f0ilum<\/li>\n<\/ul>\n<h3><strong>\u221aSamkeppnish\u00e6f ver\u00f0<\/strong><\/h3>\n<ul>\n<li>Hr\u00e1efni \u00ed 3 m\u00e1na\u00f0a lager til a\u00f0 draga \u00far h\u00e6ttu \u00e1 ver\u00f0sveiflum<\/li>\n<li>Sj\u00e1lfvirkur og h\u00e1\u00fer\u00f3a\u00f0ur b\u00fana\u00f0ur dregur \u00far h\u00e1um launakostna\u00f0i<\/li>\n<\/ul>\n<h3><strong>\u221aTraust \u00fej\u00f3nusta fyrir yfir 20 l\u00f6nd.<\/strong><\/h3>\n<ul>\n<li>ODM \/ OEM \u00fej\u00f3nusta<\/li>\n<li>\u00c1byrg \u00fej\u00f3nusta eftir s\u00f6lu<\/li>\n<\/ul>","protected":false},"excerpt":{"rendered":"<ul>\n<li><strong>V\u00f6ruk\u00f3\u00f0i:<\/strong> AM-700<\/li>\n<li><strong>Efni<\/strong><strong>:<\/strong> Sinkblendi<\/li>\n<li><strong>L\u00e1shluti:<\/strong> Einf\u00f6ld l\u00e6sing<\/li>\n<li><strong>Bakhli\u00f0<\/strong>: 60 mm<\/li>\n<li><strong>Merki:<\/strong> ODM \u00ed bo\u00f0i<\/li>\n<li><strong>Ums\u00f3kn:<\/strong> Vi\u00f0ar\/UPVC\/\u00d6ryggishur\u00f0ir<\/li>\n<li><strong>Rafhla\u00f0a<\/strong>: 4*AA<\/li>\n<li><strong>Hur\u00f0ar\u00feykkt:<\/strong>35-55 mm<\/li>\n<li><b>Opnunarhamur: <\/b>Lykilor\u00f0\/v\u00e9lr\u00e6nn lykill<\/li>\n<\/ul>","protected":false},"featured_media":1880,"template":"","meta":{"nf_dc_page":""},"product_brand":[],"product_cat":[55],"product_tag":[],"class_list":{"0":"post-1879","1":"product","2":"type-product","3":"status-publish","4":"has-post-thumbnail","6":"product_cat-smart-lock","8":"first","9":"instock","10":"shipping-taxable","11":"product-type-simple"},"_links":{"self":[{"href":"https:\/\/amthy.com\/is\/wp-json\/wp\/v2\/product\/1879","targetHints":{"allow":["GET"]}}],"collection":[{"href":"https:\/\/amthy.com\/is\/wp-json\/wp\/v2\/product"}],"about":[{"href":"https:\/\/amthy.com\/is\/wp-json\/wp\/v2\/types\/product"}],"wp:featuredmedia":[{"embeddable":true,"href":"https:\/\/amthy.com\/is\/wp-json\/wp\/v2\/media\/1880"}],"wp:attachment":[{"href":"https:\/\/amthy.com\/is\/wp-json\/wp\/v2\/media?parent=1879"}],"wp:term":[{"taxonomy":"product_brand","embeddable":true,"href":"https:\/\/amthy.com\/is\/wp-json\/wp\/v2\/product_brand?post=1879"},{"taxonomy":"product_cat","embeddable":true,"href":"https:\/\/amthy.com\/is\/wp-json\/wp\/v2\/product_cat?post=1879"},{"taxonomy":"product_tag","embeddable":true,"href":"https:\/\/amthy.com\/is\/wp-json\/wp\/v2\/product_tag?post=1879"}],"curies":[{"name":"wp","href":"https:\/\/api.w.org\/{rel}","templated":true}]}}