{"id":1916,"date":"2021-08-29T20:45:12","date_gmt":"2021-08-29T12:45:12","guid":{"rendered":"https:\/\/amthy.com\/?post_type=product&#038;p=1916"},"modified":"2023-05-26T19:51:14","modified_gmt":"2023-05-26T11:51:14","slug":"smart-lock-manufacturer-am-h200","status":"publish","type":"product","link":"https:\/\/amthy.com\/is\/product\/smart-lock-manufacturer-am-h200\/","title":{"rendered":"Smart Lock AM-H200"},"content":{"rendered":"<p><img fetchpriority=\"high\" decoding=\"async\" class=\"wp-image-2034 aligncenter\" src=\"https:\/\/amthy.com\/wp-content\/uploads\/2021\/08\/AM400-300x35.jpg\" alt=\"Birgir snjalll\u00e1sa\" width=\"1003\" height=\"117\" title=\"\" srcset=\"https:\/\/amthy.com\/wp-content\/uploads\/2021\/08\/AM400-300x35.jpg 300w, https:\/\/amthy.com\/wp-content\/uploads\/2021\/08\/AM400-600x71.jpg 600w, https:\/\/amthy.com\/wp-content\/uploads\/2021\/08\/AM400-1024x120.jpg 1024w, https:\/\/amthy.com\/wp-content\/uploads\/2021\/08\/AM400-768x90.jpg 768w, https:\/\/amthy.com\/wp-content\/uploads\/2021\/08\/AM400-1536x181.jpg 1536w, https:\/\/amthy.com\/wp-content\/uploads\/2021\/08\/AM400-2048x241.jpg 2048w, https:\/\/amthy.com\/wp-content\/uploads\/2021\/08\/AM400-18x2.jpg 18w\" sizes=\"(max-width: 1003px) 100vw, 1003px\" \/><\/p>\n<p>&nbsp;<\/p>\n<p>AMTHY H200 er snjall hur\u00f0arl\u00e1s sem veitir \u00fe\u00e9r fulla stj\u00f3rn \u00e1 \u00f6ryggi heimilisins en veitir \u00fe\u00e9r fullan hugarr\u00f3. Nota\u00f0u \u00fdmsar lei\u00f0ir til a\u00f0 f\u00e1 a\u00f0gang a\u00f0 heimili \u00fe\u00ednu hvort sem \u00fea\u00f0 er \u00ed gegnum fingrafar, Bluetooth s\u00edma e\u00f0a \u00ed gegnum Wi-Fi einingu fyrir fjarst\u00fdringu. Me\u00f0 AMTHY stafr\u00e6na hur\u00f0arl\u00e1snum getur\u00f0u sent notendum s\u00fdndarlykla svo vinir og fj\u00f6lskylda geti fengi\u00f0 a\u00f0gang a\u00f0 h\u00fasinu \u00fe\u00ednu ef \u00fe\u00fa ert ekki n\u00e1l\u00e6gt. \u00deegar \u00feeir hafa fengi\u00f0 a\u00f0gang getur\u00f0u stj\u00f3rna\u00f0 hverjir geta fari\u00f0 inn \u00e1 eignina \u00fe\u00edna me\u00f0 \u00fev\u00ed a\u00f0 sl\u00f6kkva \u00e1 e\u00f0a ey\u00f0a notendum \u00ed gegnum s\u00edmaforriti\u00f0. S\u00fdndarlykla er h\u00e6gt a\u00f0 t\u00edmasetja e\u00f0a gera varanlega fyrir fullkomna stj\u00f3rn \u00e1 heimili \u00fe\u00ednu e\u00f0a eign. \u00de\u00fa getur l\u00edka fylgst me\u00f0 hverjir koma og hverjir fara svo \u00fe\u00fa veist hven\u00e6r \u00e1stvinir \u00fe\u00ednir eru \u00f6ruggir heim. \u00de\u00fa getur jafnvel fengi\u00f0 tilkynningu sem l\u00e6tur \u00feig vita \u00feegar einhver kemur heim. Engin \u00fe\u00f6rf \u00e1 a\u00f0 hafa \u00e1hyggjur af \u00fev\u00ed a\u00f0 hafa lyklana me\u00f0 \u00fe\u00e9r. Allt sem \u00fe\u00fa \u00fearft er snjalls\u00edminn \u00feinn og me\u00f0 einum smelli getur\u00f0u opna\u00f0 hur\u00f0ina \u00e1 au\u00f0veldan h\u00e1tt. T\u00e6ki\u00f0 notar dulk\u00f3\u00f0a\u00f0a Bluetooth snjallt\u00e6kni svo snjalll\u00e1sinn er ekki h\u00e1\u00f0ur netm\u00f3tt\u00f6ku. Ger\u00f0u snjalll\u00e1sinn \u00feinn enn betri me\u00f0 \u00fev\u00ed a\u00f0 tengja eina af l\u00e6singaeiningunum okkar. Bein vi\u00f0skipti fr\u00e1 framlei\u00f0anda snjallhur\u00f0ahylkja. <a href=\"https:\/\/en.wikipedia.org\/wiki\/Lock\" target=\"_blank\" rel=\"noopener\">L\u00e6sa<\/a> og <a href=\"https:\/\/amthy.com\/is\/product-category\/smart-lock\/\">Smart Lock Framlei\u00f0andi AM-H200<\/a><\/p>\n<p>&nbsp;<\/p>\n<p><img decoding=\"async\" class=\"wp-image-2040 aligncenter\" src=\"https:\/\/amthy.com\/wp-content\/uploads\/2021\/08\/O1CN018hl8j91rIVp4EuIPJ_2655225608-0-cib-300x191.jpg\" alt=\"Birgir snjalll\u00e1sa\" width=\"996\" height=\"634\" title=\"\" srcset=\"https:\/\/amthy.com\/wp-content\/uploads\/2021\/08\/O1CN018hl8j91rIVp4EuIPJ_2655225608-0-cib-300x191.jpg 300w, https:\/\/amthy.com\/wp-content\/uploads\/2021\/08\/O1CN018hl8j91rIVp4EuIPJ_2655225608-0-cib-600x382.jpg 600w, https:\/\/amthy.com\/wp-content\/uploads\/2021\/08\/O1CN018hl8j91rIVp4EuIPJ_2655225608-0-cib-768x489.jpg 768w, https:\/\/amthy.com\/wp-content\/uploads\/2021\/08\/O1CN018hl8j91rIVp4EuIPJ_2655225608-0-cib-18x12.jpg 18w, https:\/\/amthy.com\/wp-content\/uploads\/2021\/08\/O1CN018hl8j91rIVp4EuIPJ_2655225608-0-cib.jpg 788w\" sizes=\"(max-width: 996px) 100vw, 996px\" \/><\/p>\n<h2>Hvers vegna okkur? (Evr\u00f3sni\u00f0i\u00f0 \u00d6ryggishur\u00f0arh\u00f3lkur birgir <em>fr\u00e1 AMTHY SECURITY<\/em>)<\/h2>\n<h3><strong>\u221a\u00c1rei\u00f0anleg g\u00e6\u00f0i (Smart Lock Framlei\u00f0andi AM-H200)<\/strong><\/h3>\n<ul>\n<li>Faglegt QC teymi hefur umsj\u00f3n me\u00f0 allri framlei\u00f0slu<\/li>\n<li>Strangt val \u00e1 samstarfsa\u00f0ilum<\/li>\n<\/ul>\n<h3><strong>\u221aSamkeppnish\u00e6f ver\u00f0<\/strong><\/h3>\n<ul>\n<li>Hr\u00e1efni \u00ed 3 m\u00e1na\u00f0a lager til a\u00f0 draga \u00far h\u00e6ttu \u00e1 ver\u00f0sveiflum<\/li>\n<li>Sj\u00e1lfvirkur og h\u00e1\u00fer\u00f3a\u00f0ur b\u00fana\u00f0ur dregur \u00far h\u00e1um launakostna\u00f0i<\/li>\n<\/ul>\n<h3><strong>\u221aTraust \u00fej\u00f3nusta fyrir yfir 20 l\u00f6nd.<\/strong><\/h3>\n<ul>\n<li>ODM \/ OEM \u00fej\u00f3nusta<\/li>\n<li>\u00c1byrg \u00fej\u00f3nusta eftir s\u00f6lu<\/li>\n<\/ul>","protected":false},"excerpt":{"rendered":"<ul>\n<li><strong>V\u00f6ruk\u00f3\u00f0i:<\/strong> AM-H200<\/li>\n<li><strong>Efni<\/strong><strong>:<\/strong> Sinkblendi<\/li>\n<li><strong>L\u00e1shluti:<\/strong> Einf\u00f6ld l\u00e6sing<\/li>\n<li><strong>Bakhli\u00f0<\/strong>: 60\/70 mm<\/li>\n<li><strong>Merki:<\/strong> ODM \u00ed bo\u00f0i<\/li>\n<li><strong>Ums\u00f3kn:<\/strong> Vi\u00f0ar\/UPVC\/\u00d6ryggishur\u00f0ir<\/li>\n<li><strong>Rafhla\u00f0a<\/strong>: 4*AA<\/li>\n<li><strong>Hur\u00f0ar\u00feykkt:<\/strong>30-65 mm<\/li>\n<li><b>Opnunarhamur: <\/b>Fingrafar\/a\u00f0gangsk\u00f3\u00f0i\/v\u00e9lr\u00e6nn lykill<\/li>\n<\/ul>","protected":false},"featured_media":1918,"template":"","meta":{"nf_dc_page":""},"product_brand":[],"product_cat":[55],"product_tag":[],"class_list":{"0":"post-1916","1":"product","2":"type-product","3":"status-publish","4":"has-post-thumbnail","6":"product_cat-smart-lock","8":"first","9":"instock","10":"shipping-taxable","11":"product-type-simple"},"_links":{"self":[{"href":"https:\/\/amthy.com\/is\/wp-json\/wp\/v2\/product\/1916","targetHints":{"allow":["GET"]}}],"collection":[{"href":"https:\/\/amthy.com\/is\/wp-json\/wp\/v2\/product"}],"about":[{"href":"https:\/\/amthy.com\/is\/wp-json\/wp\/v2\/types\/product"}],"wp:featuredmedia":[{"embeddable":true,"href":"https:\/\/amthy.com\/is\/wp-json\/wp\/v2\/media\/1918"}],"wp:attachment":[{"href":"https:\/\/amthy.com\/is\/wp-json\/wp\/v2\/media?parent=1916"}],"wp:term":[{"taxonomy":"product_brand","embeddable":true,"href":"https:\/\/amthy.com\/is\/wp-json\/wp\/v2\/product_brand?post=1916"},{"taxonomy":"product_cat","embeddable":true,"href":"https:\/\/amthy.com\/is\/wp-json\/wp\/v2\/product_cat?post=1916"},{"taxonomy":"product_tag","embeddable":true,"href":"https:\/\/amthy.com\/is\/wp-json\/wp\/v2\/product_tag?post=1916"}],"curies":[{"name":"wp","href":"https:\/\/api.w.org\/{rel}","templated":true}]}}