{"id":1937,"date":"2021-08-31T16:46:30","date_gmt":"2021-08-31T08:46:30","guid":{"rendered":"https:\/\/amthy.com\/?post_type=product&#038;p=1937"},"modified":"2023-05-26T19:50:36","modified_gmt":"2023-05-26T11:50:36","slug":"smart-door-cylinder-manufacturer-am-200","status":"publish","type":"product","link":"https:\/\/amthy.com\/is\/product\/smart-door-cylinder-manufacturer-am-200\/","title":{"rendered":"Smart Door Cylinder AM-200"},"content":{"rendered":"<p><img fetchpriority=\"high\" decoding=\"async\" class=\"alignnone wp-image-2019 aligncenter\" src=\"https:\/\/amthy.com\/wp-content\/uploads\/2021\/08\/AM20-300x41.jpg\" alt=\"amt\u00ed\" width=\"857\" height=\"117\" title=\"\" srcset=\"https:\/\/amthy.com\/wp-content\/uploads\/2021\/08\/AM20-300x41.jpg 300w, https:\/\/amthy.com\/wp-content\/uploads\/2021\/08\/AM20-600x81.jpg 600w, https:\/\/amthy.com\/wp-content\/uploads\/2021\/08\/AM20-1024x139.jpg 1024w, https:\/\/amthy.com\/wp-content\/uploads\/2021\/08\/AM20-768x104.jpg 768w, https:\/\/amthy.com\/wp-content\/uploads\/2021\/08\/AM20-1536x208.jpg 1536w, https:\/\/amthy.com\/wp-content\/uploads\/2021\/08\/AM20-2048x278.jpg 2048w, https:\/\/amthy.com\/wp-content\/uploads\/2021\/08\/AM20-18x2.jpg 18w\" sizes=\"(max-width: 857px) 100vw, 857px\" \/><\/p>\n<p><iframe title=\"Smart Lock Cylinder| AM-200 er snjalll\u00e6sing fingrafara og s\u00edma APP opnunara\u00f0ger\u00f0a.\" width=\"1435\" height=\"807\" src=\"https:\/\/www.youtube.com\/embed\/yRCbSkD6CE8?feature=oembed\" frameborder=\"0\" allow=\"accelerometer; autoplay; clipboard-write; encrypted-media; gyroscope; picture-in-picture\" allowfullscreen><\/iframe><\/p>\n<p>AMTHY 200 er snjall hur\u00f0arl\u00e1s sem veitir \u00fe\u00e9r fulla stj\u00f3rn \u00e1 \u00f6ryggi heimilisins \u00e1 sama t\u00edma og veitir \u00fe\u00e9r fullan hugarr\u00f3. Nota\u00f0u \u00fdmsar lei\u00f0ir til a\u00f0 f\u00e1 a\u00f0gang a\u00f0 heimili \u00fe\u00ednu hvort sem \u00fea\u00f0 er \u00ed gegnum fingrafar, Bluetooth s\u00edma e\u00f0a \u00ed gegnum Wi-Fi einingu fyrir fjarst\u00fdringu. Me\u00f0 AMTHY stafr\u00e6na hur\u00f0arl\u00e1snum getur\u00f0u sent notendum s\u00fdndarlykla svo vinir og vandamenn geti fengi\u00f0 a\u00f0gang a\u00f0 h\u00fasinu \u00fe\u00ednu ef \u00fe\u00fa ert ekki n\u00e1l\u00e6gt. \u00deegar \u00feeir hafa fengi\u00f0 a\u00f0gang getur\u00f0u stj\u00f3rna\u00f0 \u00fev\u00ed hverjir geta fari\u00f0 inn \u00e1 eignina \u00fe\u00edna me\u00f0 \u00fev\u00ed a\u00f0 sl\u00f6kkva \u00e1 e\u00f0a ey\u00f0a notendum \u00ed gegnum s\u00edmaforriti\u00f0. S\u00fdndarlykla er h\u00e6gt a\u00f0 t\u00edmasetja e\u00f0a gera varanlega fyrir fullkomna stj\u00f3rn \u00e1 heimili \u00fe\u00ednu e\u00f0a eign. \u00de\u00fa getur l\u00edka fylgst me\u00f0 hverjir koma og hverjir fara svo \u00fe\u00fa veist hven\u00e6r \u00e1stvinir \u00fe\u00ednir eru \u00f6ruggir heim. \u00de\u00fa getur jafnvel fengi\u00f0 tilkynningu sem l\u00e6tur \u00feig vita \u00feegar einhver kemur heim. Engin \u00fe\u00f6rf \u00e1 a\u00f0 hafa \u00e1hyggjur af \u00fev\u00ed a\u00f0 hafa lyklana me\u00f0 \u00fe\u00e9r. Allt sem \u00fe\u00fa \u00fearft er snjalls\u00edminn \u00feinn og me\u00f0 einum smelli getur\u00f0u opna\u00f0 hur\u00f0ina \u00e1 au\u00f0veldan h\u00e1tt. T\u00e6ki\u00f0 notar dulk\u00f3\u00f0a\u00f0a Bluetooth snjallt\u00e6kni svo snjalll\u00e1sinn er ekki h\u00e1\u00f0ur netm\u00f3tt\u00f6ku. Ger\u00f0u snjalll\u00e1sinn \u00feinn enn betri me\u00f0 \u00fev\u00ed a\u00f0 tengja eina af l\u00e6singaeiningunum okkar. Bein vi\u00f0skipti fr\u00e1 framlei\u00f0anda snjallhur\u00f0ahylkja. <a href=\"https:\/\/en.wikipedia.org\/wiki\/Lock\" target=\"_blank\" rel=\"noopener\">L\u00e6sa<\/a> og <a href=\"https:\/\/amthy.com\/is\/product-category\/smart-lock\/\">Snjall hur\u00f0arh\u00f3lkur<\/a><\/p>\n<p><strong>Eiginleikar og kostir (Smart Door Cylinder Framlei\u00f0andi):<\/strong><\/p>\n<ul>\n<li>Lyklalaust \u2013 Gefur \u00fe\u00e9r frelsi til a\u00f0 tryggja heimili \u00feitt \u00e1n \u00feess a\u00f0 \u00feurfa lykil<\/li>\n<li>Einfalt \u00ed a\u00f0 setja - Hentar fyrir flestar PVC og samsettar hur\u00f0ir, skr\u00fafj\u00e1rn \u00fearf<\/li>\n<li>Einfalt a\u00f0 passa - <strong>Engin \u00fe\u00f6rf \u00e1 a\u00f0 breyta fullstilltri l\u00e6singu<\/strong> en skipta a\u00f0eins um strokkinn \u00e1n \u00feess a\u00f0 hur\u00f0in skemmist. Au\u00f0veld uppsetning.<\/li>\n<li>Rafhl\u00f6\u00f0ukn\u00fanar \u2013 3 x AAA rafhl\u00f6\u00f0ur, vi\u00f0v\u00f6run er gefin \u00feegar rafhl\u00f6\u00f0ur eru or\u00f0nar a\u00f0 t\u00e6mast<\/li>\n<li>Hentar fyrir hur\u00f0ir me\u00f0 \u00feykkt \u00e1 bilinu 60-100mm<\/li>\n<li>F\u00e1anlegt \u00ed \u00fdmsum \u00e1fer\u00f0um - \u00fear \u00e1 me\u00f0al sv\u00f6rtum og silfri<\/li>\n<\/ul>\n<p>&nbsp;<\/p>\n<hr \/>\n<p>&nbsp;<\/p>","protected":false},"excerpt":{"rendered":"<ul>\n<li><strong>V\u00f6ruk\u00f3\u00f0i:<\/strong> AM-200<\/li>\n<li><strong>Efni<\/strong><strong>:<\/strong> Brass<\/li>\n<li><strong>Pr\u00f3f\u00edll <\/strong>St\u00e6r\u00f0: 17*33*10mm<\/li>\n<li><strong>Merki:<\/strong> ODM \u00ed bo\u00f0i<\/li>\n<li><strong>Ums\u00f3kn:<\/strong> Vi\u00f0ar\/UPVC\/\u00d6ryggishur\u00f0ir<\/li>\n<li><strong>Rafhla\u00f0a<\/strong>: Innbyggt lit\u00edum<\/li>\n<li><strong>Hur\u00f0ar\u00feykkt:<\/strong>60-100 mm<\/li>\n<li><strong>Vinnuhitastig:<\/strong>-20\u00baC til +55\u00baC<\/li>\n<li><strong>Vatnsheldur:<\/strong>IP54<\/li>\n<li><b>Opnunarhamur: <\/b><em>Fingrafar\/Bluetooth\/fjarst\u00fdring \u00ed gegnum Wifi einingu<\/em><\/li>\n<\/ul>","protected":false},"featured_media":1938,"template":"","meta":{"nf_dc_page":""},"product_brand":[],"product_cat":[55,25],"product_tag":[],"class_list":{"0":"post-1937","1":"product","2":"type-product","3":"status-publish","4":"has-post-thumbnail","6":"product_cat-smart-lock","7":"product_cat-euro-profile-cylinder-manufacturer","9":"first","10":"instock","11":"shipping-taxable","12":"product-type-simple"},"_links":{"self":[{"href":"https:\/\/amthy.com\/is\/wp-json\/wp\/v2\/product\/1937","targetHints":{"allow":["GET"]}}],"collection":[{"href":"https:\/\/amthy.com\/is\/wp-json\/wp\/v2\/product"}],"about":[{"href":"https:\/\/amthy.com\/is\/wp-json\/wp\/v2\/types\/product"}],"wp:featuredmedia":[{"embeddable":true,"href":"https:\/\/amthy.com\/is\/wp-json\/wp\/v2\/media\/1938"}],"wp:attachment":[{"href":"https:\/\/amthy.com\/is\/wp-json\/wp\/v2\/media?parent=1937"}],"wp:term":[{"taxonomy":"product_brand","embeddable":true,"href":"https:\/\/amthy.com\/is\/wp-json\/wp\/v2\/product_brand?post=1937"},{"taxonomy":"product_cat","embeddable":true,"href":"https:\/\/amthy.com\/is\/wp-json\/wp\/v2\/product_cat?post=1937"},{"taxonomy":"product_tag","embeddable":true,"href":"https:\/\/amthy.com\/is\/wp-json\/wp\/v2\/product_tag?post=1937"}],"curies":[{"name":"wp","href":"https:\/\/api.w.org\/{rel}","templated":true}]}}