{"id":1535,"date":"2021-05-15T21:43:09","date_gmt":"2021-05-15T13:43:09","guid":{"rendered":"https:\/\/amthy.com\/?post_type=product&#038;p=1535"},"modified":"2021-10-18T15:38:11","modified_gmt":"2021-10-18T07:38:11","slug":"europrofile-security-cylinder-supplier-h3000","status":"publish","type":"product","link":"https:\/\/amthy.com\/it\/product\/europrofile-security-cylinder-supplier-h3000\/","title":{"rendered":"Fornitore di cilindri di sicurezza a profilo europeo H3000"},"content":{"rendered":"<p>&nbsp;<\/p>\n<h2>Chi siamo?<\/h2>\n<p style=\"text-align: left;\">Amthy \u00e8 un cilindro di sicurezza a profilo europeo <a href=\"https:\/\/amthy.com\/it\/product-category\/lock-cylinder\/\">Fornitore <\/a>dalla Cina. Offriamo normale <a href=\"https:\/\/en.wikipedia.org\/wiki\/Pin_tumbler_lock\" target=\"_blank\" rel=\"noopener\">cilindri<\/a> per porte interne e cilindri ad alta sicurezza per porte esterne. Essendo uno dei principali produttori di 3 cilindri, la struttura automatica o semiautomatica 95.9% viene adottata per sostituire il lavoro manuale, ridurre i costi e aumentare l&#039;efficienza. <span style=\"color: #ff0000;\"><span style=\"color: #000000;\">Di conseguenza, <\/span><\/span>Un minor costo della manodopera porta sempre prezzi pi\u00f9 competitivi e attraenti. Grazie ai vantaggi di cui sopra, <em>Ora siamo disposti a farlo <a href=\"https:\/\/www.youtube.com\/watch?v=9Lw0FD68w1c\" target=\"_blank\" rel=\"noopener\">rivelare e condividere il costo<\/a> di bombole normali con gli acquirenti<\/em>,<span style=\"color: #ff0000;\"> <span style=\"color: #000000;\">vale a dire, otterrai una chiara composizione del prezzo unitario, che include il nostro puro profitto 10%<\/span><\/span><span style=\"color: #ff0000;\"><span style=\"color: #000000;\">. <\/span><\/span>Nel frattempo, il nostro team di ricerca e sviluppo sviluppa il<em> Serie S1000, S2000 e S3000<\/em> di cilindri per serrature con profilo europeo ad ALTA SICUREZZA per esigenze di mercato pi\u00f9 elevate. L&#039;esclusiva tecnologia della struttura combinata Wafer e Pins aumenta notevolmente il livello di sicurezza. Inoltre, un fornitore di cilindri di sicurezza a profilo europeo dovrebbe sempre fare i lavori per la preoccupazione principale dell&#039;acquirente. Fornitore di cilindri di sicurezza a profilo europeo<\/p>\n<p>&nbsp;<\/p>\n<h2 style=\"text-align: left;\">Che cos&#039;\u00e8 il cilindro di sicurezza a profilo europeo?<\/h2>\n<p><em><i>Il cilindro della serratura \u00e8 un componente della serratura che contiene la spina, l'attuatore e i componenti di bloccaggio, pu\u00f2 essere realizzato in ottone, lega di zinco, alluminio e acciaio inossidabile. Sebbene siano pi\u00f9 comunemente associati ai design dei pin-tumbler, i cilindri sono utilizzati in molti altri, come wafer e fermadisco. Ruota per azionare lo scrocco e il catenaccio della serratura da infilare con chiave abbinata. <\/i><\/em>Il cilindro della serratura a profilo europeo \u00e8 il cuore della porta. Il cilindro di sicurezza a profilo europeo viene utilizzato per la porta blindata d&#039;ingresso.<\/p>\n<p>&nbsp;<\/p>\n<p><img fetchpriority=\"high\" decoding=\"async\" class=\"wp-image-2116 alignleft\" src=\"https:\/\/amthy.com\/wp-content\/uploads\/2021\/05\/16019587121-300x235.png\" alt=\"Fornitore di cilindri di sicurezza a profilo europeo\" width=\"409\" height=\"320\" title=\"\" srcset=\"https:\/\/amthy.com\/wp-content\/uploads\/2021\/05\/16019587121-300x235.png 300w, https:\/\/amthy.com\/wp-content\/uploads\/2021\/05\/16019587121-600x471.png 600w, https:\/\/amthy.com\/wp-content\/uploads\/2021\/05\/16019587121-15x12.png 15w, https:\/\/amthy.com\/wp-content\/uploads\/2021\/05\/16019587121.png 701w\" sizes=\"(max-width: 409px) 100vw, 409px\" \/>\u00a0 \u00a0 \u00a0 <img decoding=\"async\" class=\"wp-image-2117 alignleft\" src=\"https:\/\/amthy.com\/wp-content\/uploads\/2021\/05\/16019587611-300x259.png\" alt=\"Fornitore di cilindri di sicurezza a profilo europeo\" width=\"368\" height=\"317\" title=\"\" srcset=\"https:\/\/amthy.com\/wp-content\/uploads\/2021\/05\/16019587611-300x259.png 300w, https:\/\/amthy.com\/wp-content\/uploads\/2021\/05\/16019587611-14x12.png 14w, https:\/\/amthy.com\/wp-content\/uploads\/2021\/05\/16019587611.png 600w\" sizes=\"(max-width: 368px) 100vw, 368px\" \/><\/p>\n<p>&nbsp;<\/p>\n<h2><\/h2>\n<h2><\/h2>\n<h2><\/h2>\n<h2><\/h2>\n<h2><\/h2>\n<h2><\/h2>\n<h2>Perch\u00e9 noi? (Fornitore di cilindri di sicurezza a profilo europeo)<\/h2>\n<h3><strong>\u221aQualit\u00e0 affidabile<\/strong><\/h3>\n<ul>\n<li>Il team professionale di QC supervisiona tutto il ciclo di produzione<\/li>\n<li>Selezione rigorosa dei partner cooperanti<\/li>\n<\/ul>\n<h3><strong>\u221aPrezzo competitivo<\/strong><\/h3>\n<ul>\n<li>Materia prima in stock di 3 mesi per abbassare il rischio di fluttuazione del prezzo<\/li>\n<li>Attrezzatura automatica e avanzata per ridurre l'alto costo del lavoro<\/li>\n<\/ul>\n<h3><strong>\u221aServizio affidabile per oltre 20 paesi.<\/strong><\/h3>\n<ul>\n<li>Servizio ODM\/OEM<\/li>\n<li>Servizio post-vendita responsabile<\/li>\n<\/ul>\n<p>&nbsp;<\/p>\n<p>&nbsp;<\/p>","protected":false},"excerpt":{"rendered":"<p>&nbsp;<\/p>\n<ul>\n<li><strong>Codice articolo:<\/strong> H3000<\/li>\n<li><strong>Meccanismo di blocco:<\/strong> Serratura a perno Tumbler<\/li>\n<li><strong>Materiale del corpo<\/strong><strong>:<\/strong> Ottone<\/li>\n<li><strong>Materiale della spina<\/strong><strong>:<\/strong> Ottone<\/li>\n<li><strong>Marchio:<\/strong> ODM disponibile<\/li>\n<li><b>Tipo di profilo: <\/b>Euro<\/li>\n<li><strong>Dimensione del profilo:<\/strong>17*33*10 mm<\/li>\n<li><strong>Chiave:<\/strong> Scanalatura a \u201cC\u201d in ottone<\/li>\n<li><strong>Accessori:<\/strong>Viti da 55 mm<\/li>\n<li><strong>Applicazione:<\/strong> Porte di legno\/UPVC\/di sicurezza<\/li>\n<li><strong>Sistema Master Key:<\/strong> Disponibile<\/li>\n<li><strong>Sistema Key Alike:<\/strong> Disponibile<\/li>\n<li><strong>Sistema Key Alike:<\/strong>Disponibile<\/li>\n<li><strong>Funzione Anti-Snap: <\/strong>Disponibile<\/li>\n<li><strong><strong>EN1303 2005 Classificazione:<\/strong><\/strong><br \/>\n<table>\n<tbody>\n<tr>\n<td>1<\/td>\n<td>6<\/td>\n<td>0<\/td>\n<td>1<\/td>\n<td>0<\/td>\n<td>C<\/td>\n<td>5<\/td>\n<td>2<\/td>\n<\/tr>\n<\/tbody>\n<\/table>\n<\/li>\n<li><strong>Colore <\/strong>Ottone lucidato (BP)\/Nichel placcato (NP)\/Nichel satinato (SN)\/Cromo placcato (CP)\/Ottone antico (AB)<\/li>\n<\/ul>\n<p>&nbsp;<\/p>","protected":false},"featured_media":1854,"template":"","meta":{"nf_dc_page":""},"product_brand":[],"product_cat":[25],"product_tag":[34,35],"class_list":{"0":"post-1535","1":"product","2":"type-product","3":"status-publish","4":"has-post-thumbnail","6":"product_cat-euro-profile-cylinder-manufacturer","7":"product_tag-door-cylinder","8":"product_tag-europrofile","10":"first","11":"instock","12":"shipping-taxable","13":"product-type-simple"},"_links":{"self":[{"href":"https:\/\/amthy.com\/it\/wp-json\/wp\/v2\/product\/1535","targetHints":{"allow":["GET"]}}],"collection":[{"href":"https:\/\/amthy.com\/it\/wp-json\/wp\/v2\/product"}],"about":[{"href":"https:\/\/amthy.com\/it\/wp-json\/wp\/v2\/types\/product"}],"wp:featuredmedia":[{"embeddable":true,"href":"https:\/\/amthy.com\/it\/wp-json\/wp\/v2\/media\/1854"}],"wp:attachment":[{"href":"https:\/\/amthy.com\/it\/wp-json\/wp\/v2\/media?parent=1535"}],"wp:term":[{"taxonomy":"product_brand","embeddable":true,"href":"https:\/\/amthy.com\/it\/wp-json\/wp\/v2\/product_brand?post=1535"},{"taxonomy":"product_cat","embeddable":true,"href":"https:\/\/amthy.com\/it\/wp-json\/wp\/v2\/product_cat?post=1535"},{"taxonomy":"product_tag","embeddable":true,"href":"https:\/\/amthy.com\/it\/wp-json\/wp\/v2\/product_tag?post=1535"}],"curies":[{"name":"wp","href":"https:\/\/api.w.org\/{rel}","templated":true}]}}