{"id":1885,"date":"2021-08-29T19:14:53","date_gmt":"2021-08-29T11:14:53","guid":{"rendered":"https:\/\/amthy.com\/?post_type=product&#038;p=1885"},"modified":"2023-05-26T19:51:39","modified_gmt":"2023-05-26T11:51:39","slug":"smart-lock-manufacturer-am-800","status":"publish","type":"product","link":"https:\/\/amthy.com\/it\/product\/smart-lock-manufacturer-am-800\/","title":{"rendered":"Serratura intelligente AM-800"},"content":{"rendered":"<p>&nbsp;<\/p>\n<p><img fetchpriority=\"high\" decoding=\"async\" class=\"wp-image-2034 aligncenter\" src=\"https:\/\/amthy.com\/wp-content\/uploads\/2021\/08\/AM400-300x35.jpg\" alt=\"Fornitore di lucchetti intelligenti\" width=\"1003\" height=\"117\" title=\"\" srcset=\"https:\/\/amthy.com\/wp-content\/uploads\/2021\/08\/AM400-300x35.jpg 300w, https:\/\/amthy.com\/wp-content\/uploads\/2021\/08\/AM400-600x71.jpg 600w, https:\/\/amthy.com\/wp-content\/uploads\/2021\/08\/AM400-1024x120.jpg 1024w, https:\/\/amthy.com\/wp-content\/uploads\/2021\/08\/AM400-768x90.jpg 768w, https:\/\/amthy.com\/wp-content\/uploads\/2021\/08\/AM400-1536x181.jpg 1536w, https:\/\/amthy.com\/wp-content\/uploads\/2021\/08\/AM400-2048x241.jpg 2048w, https:\/\/amthy.com\/wp-content\/uploads\/2021\/08\/AM400-18x2.jpg 18w\" sizes=\"(max-width: 1003px) 100vw, 1003px\" \/><\/p>\n<p><iframe title=\"Catenaccio intelligente AM 800| La migliore serratura a catenaccio intelligente nel 2021\" width=\"1435\" height=\"807\" src=\"https:\/\/www.youtube.com\/embed\/ExIn-r0rDro?feature=oembed\" frameborder=\"0\" allow=\"accelerometer; autoplay; clipboard-write; encrypted-media; gyroscope; picture-in-picture\" allowfullscreen><\/iframe><\/p>\n<p>L&#039;AMTHY 800 \u00e8 una serratura intelligente che ti d\u00e0 il pieno controllo della sicurezza della tua casa offrendoti la massima tranquillit\u00e0. Usa una variet\u00e0 di modi per accedere alla tua casa sia tramite l&#039;impronta digitale, il telefono Bluetooth o tramite il modulo wifi per il controllo remoto. Con la serratura digitale AMTHY, puoi inviare agli utenti chiavi virtuali in modo che amici e familiari possano accedere alla tua casa se non ci sei. Una volta ottenuto l&#039;accesso, puoi gestire chi pu\u00f2 entrare nella tua propriet\u00e0 disabilitando o eliminando gli utenti tramite l&#039;app del telefono. Le chiavi virtuali possono essere programmate o rese permanenti per il massimo controllo della tua casa o propriet\u00e0. Puoi anche monitorare chi viene e chi va in modo da sapere quando i tuoi cari sono a casa in sicurezza. Puoi persino ricevere una notifica che ti informa quando qualcuno torna a casa. Non devi preoccuparti di portare con te le chiavi. Tutto ci\u00f2 di cui hai bisogno \u00e8 il tuo smartphone e con un solo tocco puoi aprire la porta con facilit\u00e0. Il dispositivo utilizza la tecnologia intelligente Bluetooth crittografata, quindi la serratura intelligente non dipende dalla ricezione della rete. Rendi la tua serratura intelligente ancora pi\u00f9 intelligente collegando uno dei nostri moduli di serratura. Affari diretti dal produttore di cilindri per porte intelligenti. <a href=\"https:\/\/en.wikipedia.org\/wiki\/Lock\" target=\"_blank\" rel=\"noopener\">Serratura<\/a> e <a href=\"https:\/\/amthy.com\/it\/product-category\/smart-lock\/\">Produttore di serrature intelligenti AM-800<\/a><\/p>\n<p><img decoding=\"async\" class=\"wp-image-2042 aligncenter\" src=\"https:\/\/amthy.com\/wp-content\/uploads\/2021\/08\/13719413601_1312227755-300x149.jpg\" alt=\"Fornitore di lucchetti intelligenti\" width=\"1005\" height=\"499\" title=\"\" srcset=\"https:\/\/amthy.com\/wp-content\/uploads\/2021\/08\/13719413601_1312227755-300x149.jpg 300w, https:\/\/amthy.com\/wp-content\/uploads\/2021\/08\/13719413601_1312227755-600x297.jpg 600w, https:\/\/amthy.com\/wp-content\/uploads\/2021\/08\/13719413601_1312227755-18x9.jpg 18w, https:\/\/amthy.com\/wp-content\/uploads\/2021\/08\/13719413601_1312227755.jpg 743w\" sizes=\"(max-width: 1005px) 100vw, 1005px\" \/><\/p>\n<p><img decoding=\"async\" class=\"wp-image-2043 aligncenter\" src=\"https:\/\/amthy.com\/wp-content\/uploads\/2021\/08\/13719428305_1312227755-300x179.jpg\" alt=\"Fornitore di lucchetti intelligenti\" width=\"1001\" height=\"597\" title=\"\" srcset=\"https:\/\/amthy.com\/wp-content\/uploads\/2021\/08\/13719428305_1312227755-300x179.jpg 300w, https:\/\/amthy.com\/wp-content\/uploads\/2021\/08\/13719428305_1312227755-600x357.jpg 600w, https:\/\/amthy.com\/wp-content\/uploads\/2021\/08\/13719428305_1312227755-18x12.jpg 18w, https:\/\/amthy.com\/wp-content\/uploads\/2021\/08\/13719428305_1312227755.jpg 746w\" sizes=\"(max-width: 1001px) 100vw, 1001px\" \/><\/p>\n<div class=\"mceTemp\"><\/div>\n<h2>Perch\u00e9 noi? (Fornitore di cilindri per porte blindate con profilo europeo <em>di AMTHY SECURITY<\/em>)<\/h2>\n<h3><strong>\u221aQualit\u00e0 affidabile (produttore di Smart Lock AM-800)<\/strong><\/h3>\n<ul>\n<li>Il team professionale di QC supervisiona tutto il ciclo di produzione<\/li>\n<li>Selezione rigorosa dei partner cooperanti<\/li>\n<\/ul>\n<h3><strong>\u221aPrezzo competitivo<\/strong><\/h3>\n<ul>\n<li>Materia prima in stock di 3 mesi per abbassare il rischio di fluttuazione del prezzo<\/li>\n<li>Attrezzatura automatica e avanzata per ridurre l'alto costo del lavoro<\/li>\n<\/ul>\n<h3><strong>\u221aServizio affidabile per oltre 20 paesi.<\/strong><\/h3>\n<ul>\n<li>Servizio ODM\/OEM<\/li>\n<li>Servizio post-vendita responsabile<\/li>\n<\/ul>","protected":false},"excerpt":{"rendered":"<ul>\n<li><strong>Codice articolo:<\/strong> AM-H100<\/li>\n<li><strong>Material<\/strong><strong>:<\/strong> Lega di zinco<\/li>\n<li><strong>Corpo della serratura:<\/strong> Chiusura singola<\/li>\n<li><strong>Backset<\/strong>: 60-70 mm regolabile<\/li>\n<li><strong>Marchio:<\/strong> ODM disponibile<\/li>\n<li><strong>Dimensioni del pannello<\/strong>:58*154*35mm<\/li>\n<li><strong>Applicazione:<\/strong> Porte di legno\/UPVC\/di sicurezza<\/li>\n<li><strong>Batteria<\/strong>: 4*AA<\/li>\n<li><strong>Spessore della porta:<\/strong>40-70 mm<\/li>\n<li><b>Modalit\u00e0 di sblocco: <\/b>Impronta digitale\/codice a barre\/scheda IC\/chiave meccanica\/bluetooth<\/li>\n<\/ul>","protected":false},"featured_media":1894,"template":"","meta":{"nf_dc_page":""},"product_brand":[],"product_cat":[55],"product_tag":[],"class_list":{"0":"post-1885","1":"product","2":"type-product","3":"status-publish","4":"has-post-thumbnail","6":"product_cat-smart-lock","8":"first","9":"instock","10":"shipping-taxable","11":"product-type-simple"},"_links":{"self":[{"href":"https:\/\/amthy.com\/it\/wp-json\/wp\/v2\/product\/1885","targetHints":{"allow":["GET"]}}],"collection":[{"href":"https:\/\/amthy.com\/it\/wp-json\/wp\/v2\/product"}],"about":[{"href":"https:\/\/amthy.com\/it\/wp-json\/wp\/v2\/types\/product"}],"wp:featuredmedia":[{"embeddable":true,"href":"https:\/\/amthy.com\/it\/wp-json\/wp\/v2\/media\/1894"}],"wp:attachment":[{"href":"https:\/\/amthy.com\/it\/wp-json\/wp\/v2\/media?parent=1885"}],"wp:term":[{"taxonomy":"product_brand","embeddable":true,"href":"https:\/\/amthy.com\/it\/wp-json\/wp\/v2\/product_brand?post=1885"},{"taxonomy":"product_cat","embeddable":true,"href":"https:\/\/amthy.com\/it\/wp-json\/wp\/v2\/product_cat?post=1885"},{"taxonomy":"product_tag","embeddable":true,"href":"https:\/\/amthy.com\/it\/wp-json\/wp\/v2\/product_tag?post=1885"}],"curies":[{"name":"wp","href":"https:\/\/api.w.org\/{rel}","templated":true}]}}