{"id":1895,"date":"2021-08-29T20:15:13","date_gmt":"2021-08-29T12:15:13","guid":{"rendered":"https:\/\/amthy.com\/?post_type=product&#038;p=1895"},"modified":"2023-05-26T19:51:25","modified_gmt":"2023-05-26T11:51:25","slug":"smart-lock-manufacturer-am-900","status":"publish","type":"product","link":"https:\/\/amthy.com\/it\/product\/smart-lock-manufacturer-am-900\/","title":{"rendered":"Serratura intelligente AM-900"},"content":{"rendered":"<p>L&#039;AMTHY 900 \u00e8 una serratura intelligente che ti d\u00e0 il pieno controllo della sicurezza della tua casa offrendoti la massima tranquillit\u00e0. Usa una variet\u00e0 di modi per accedere alla tua casa sia tramite codice PIN che chiave meccanica. Non devi preoccuparti di portare con te le chiavi. Tutto ci\u00f2 di cui hai bisogno \u00e8 il tuo codice PIN, puoi aprire la porta con facilit\u00e0. Affari diretti dal produttore di cilindri per porte intelligenti. smart-lock-produttore-am-900.<a href=\"https:\/\/en.wikipedia.org\/wiki\/Lock\" target=\"_blank\" rel=\"noopener\">Serratura<\/a> e <a href=\"https:\/\/amthy.com\/it\/product-category\/smart-lock\/\">Cilindro per porta intelligente<\/a><\/p>\n<h3>Aggiorna facilmente il tuo lucchetto esistente:<\/h3>\n<p>Adatto al fai-da-te e facilmente installabile al posto del cilindro e della maniglia della porta esistenti. Tutto ci\u00f2 che serve \u00e8 un cacciavite a croce e un metro a nastro.<\/p>\n<h3><strong>Caratteristiche e vantaggi:<\/strong><\/h3>\n<ul>\n<li>Keyless: ti d\u00e0 la libert\u00e0 di proteggere la tua casa senza bisogno di una chiave<\/li>\n<li>Semplice da montare: adatto per la maggior parte delle porte in PVC e composito, \u00e8 necessario un cacciavite<\/li>\n<li>Facile accesso: sono disponibili 50 set di codici pin di 4-8 cifre.<\/li>\n<li>Alimentazione a batteria: 4 batterie AA<\/li>\n<li>Adatto per porte con uno spessore compreso tra 35-55 mm<\/li>\n<li>Disponibile in una gamma di finiture, tra cui nero e argento<\/li>\n<\/ul>\n<h2>Perch\u00e9 noi? (Fornitore di cilindri per porte blindate con profilo europeo <em>di AMTHY SECURITY<\/em>)<\/h2>\n<h3><strong>\u221aQualit\u00e0 affidabile (produttore di Smart Lock AM-900)<\/strong><\/h3>\n<ul>\n<li>Il team professionale di QC supervisiona tutto il ciclo di produzione<\/li>\n<li>Selezione rigorosa dei partner cooperanti<\/li>\n<\/ul>\n<h3><strong>\u221aPrezzo competitivo<\/strong><\/h3>\n<ul>\n<li>Materia prima in stock di 3 mesi per abbassare il rischio di fluttuazione del prezzo<\/li>\n<li>Attrezzatura automatica e avanzata per ridurre l'alto costo del lavoro<\/li>\n<\/ul>\n<h3><strong>\u221aServizio affidabile per oltre 20 paesi.<\/strong><\/h3>\n<ul>\n<li>Servizio ODM\/OEM<\/li>\n<li>Servizio post-vendita responsabile<\/li>\n<\/ul>","protected":false},"excerpt":{"rendered":"<ul>\n<li><strong>Codice articolo:<\/strong> AM-900<\/li>\n<li><strong>Material<\/strong><strong>:<\/strong> Lega di zinco<\/li>\n<li><strong>Corpo della serratura:<\/strong> Catenaccio<\/li>\n<li><strong>Backset<\/strong>: 60 mm<\/li>\n<li><strong>Marchio:<\/strong> ODM disponibile<\/li>\n<li><strong>Applicazione:<\/strong> Porte di legno\/UPVC\/di sicurezza<\/li>\n<li><strong>Batteria<\/strong>: 4 * AA 6V (escluso)<\/li>\n<li><strong>Spessore della porta: <\/strong>35-55 mm<\/li>\n<li><strong>Temperatura di esercizio:<\/strong>Da -20\u00baC a +55\u00baC<\/li>\n<li><strong>Impermeabile: <\/strong>IP54<\/li>\n<li><b>Modalit\u00e0 di sblocco: <\/b>Codice di accesso\/chiave meccanica<\/li>\n<\/ul>","protected":false},"featured_media":1908,"template":"","meta":{"nf_dc_page":""},"product_brand":[],"product_cat":[55],"product_tag":[],"class_list":{"0":"post-1895","1":"product","2":"type-product","3":"status-publish","4":"has-post-thumbnail","6":"product_cat-smart-lock","8":"first","9":"instock","10":"shipping-taxable","11":"product-type-simple"},"_links":{"self":[{"href":"https:\/\/amthy.com\/it\/wp-json\/wp\/v2\/product\/1895","targetHints":{"allow":["GET"]}}],"collection":[{"href":"https:\/\/amthy.com\/it\/wp-json\/wp\/v2\/product"}],"about":[{"href":"https:\/\/amthy.com\/it\/wp-json\/wp\/v2\/types\/product"}],"wp:featuredmedia":[{"embeddable":true,"href":"https:\/\/amthy.com\/it\/wp-json\/wp\/v2\/media\/1908"}],"wp:attachment":[{"href":"https:\/\/amthy.com\/it\/wp-json\/wp\/v2\/media?parent=1895"}],"wp:term":[{"taxonomy":"product_brand","embeddable":true,"href":"https:\/\/amthy.com\/it\/wp-json\/wp\/v2\/product_brand?post=1895"},{"taxonomy":"product_cat","embeddable":true,"href":"https:\/\/amthy.com\/it\/wp-json\/wp\/v2\/product_cat?post=1895"},{"taxonomy":"product_tag","embeddable":true,"href":"https:\/\/amthy.com\/it\/wp-json\/wp\/v2\/product_tag?post=1895"}],"curies":[{"name":"wp","href":"https:\/\/api.w.org\/{rel}","templated":true}]}}