{"id":1922,"date":"2021-08-29T20:52:21","date_gmt":"2021-08-29T12:52:21","guid":{"rendered":"https:\/\/amthy.com\/?post_type=product&#038;p=1922"},"modified":"2023-05-26T19:51:03","modified_gmt":"2023-05-26T11:51:03","slug":"smart-lock-manufacturer-am-h300","status":"publish","type":"product","link":"https:\/\/amthy.com\/it\/product\/smart-lock-manufacturer-am-h300\/","title":{"rendered":"Serratura intelligente AM-H300"},"content":{"rendered":"<p><img fetchpriority=\"high\" decoding=\"async\" class=\"wp-image-2038 aligncenter\" src=\"https:\/\/amthy.com\/wp-content\/uploads\/2021\/08\/\u56fe\u7247-300x140.png\" alt=\"Fornitore di lucchetti intelligenti\" width=\"1011\" height=\"472\" title=\"\" srcset=\"https:\/\/amthy.com\/wp-content\/uploads\/2021\/08\/\u56fe\u7247-300x140.png 300w, https:\/\/amthy.com\/wp-content\/uploads\/2021\/08\/\u56fe\u7247-600x280.png 600w, https:\/\/amthy.com\/wp-content\/uploads\/2021\/08\/\u56fe\u7247-1024x478.png 1024w, https:\/\/amthy.com\/wp-content\/uploads\/2021\/08\/\u56fe\u7247-768x359.png 768w, https:\/\/amthy.com\/wp-content\/uploads\/2021\/08\/\u56fe\u7247-18x8.png 18w, https:\/\/amthy.com\/wp-content\/uploads\/2021\/08\/\u56fe\u7247.png 1026w\" sizes=\"(max-width: 1011px) 100vw, 1011px\" \/><\/p>\n<p>L&#039;AMTHY H300 \u00e8 una serratura intelligente che ti d\u00e0 il pieno controllo della sicurezza della tua casa offrendoti la massima tranquillit\u00e0. Usa una variet\u00e0 di modi per accedere alla tua casa sia tramite l&#039;impronta digitale, il telefono Bluetooth o tramite il modulo wifi per il controllo remoto. Con la serratura digitale AMTHY, puoi inviare agli utenti chiavi virtuali in modo che amici e familiari possano accedere alla tua casa se non ci sei. Una volta che hanno ottenuto l&#039;accesso, puoi ma<\/p>\n<p>nage che pu\u00f2 entrare nella tua propriet\u00e0 disabilitando o eliminando gli utenti tramite l&#039;app del telefono. Le chiavi virtuali possono essere programmate o rese permanenti per il massimo controllo della tua casa o propriet\u00e0. Puoi anche monitorare chi viene e chi va in modo da sapere quando i tuoi cari sono a casa in sicurezza. Puoi persino ricevere una notifica che ti informa quando qualcuno torna a casa. Non devi preoccuparti di portare con te le chiavi. Tutto ci\u00f2 di cui hai bisogno \u00e8 il tuo smartphone e con un solo tocco puoi aprire la porta con facilit\u00e0. Il dispositivo utilizza la tecnologia intelligente Bluetooth crittografata, quindi la serratura intelligente non dipende dalla ricezione della rete. Rendi la tua serratura intelligente ancora pi\u00f9 intelligente collegando uno dei nostri moduli di serratura. Affari diretti dal produttore di cilindri per porte intelligenti. <a href=\"https:\/\/en.wikipedia.org\/wiki\/Lock\" target=\"_blank\" rel=\"noopener\">Serratura<\/a> e <a href=\"https:\/\/amthy.com\/it\/product-category\/smart-lock\/\">Produttore di serrature intelligenti AM-H300<\/a><\/p>\n<p>&nbsp;<\/p>\n<p><img decoding=\"async\" class=\"wp-image-2037 aligncenter\" src=\"https:\/\/amthy.com\/wp-content\/uploads\/2021\/08\/\u56fe\u7247-Copy-300x199.png\" alt=\"Fornitore di lucchetti intelligenti\" width=\"1016\" height=\"674\" title=\"\" srcset=\"https:\/\/amthy.com\/wp-content\/uploads\/2021\/08\/\u56fe\u7247-Copy-300x199.png 300w, https:\/\/amthy.com\/wp-content\/uploads\/2021\/08\/\u56fe\u7247-Copy-600x397.png 600w, https:\/\/amthy.com\/wp-content\/uploads\/2021\/08\/\u56fe\u7247-Copy-1024x678.png 1024w, https:\/\/amthy.com\/wp-content\/uploads\/2021\/08\/\u56fe\u7247-Copy-768x509.png 768w, https:\/\/amthy.com\/wp-content\/uploads\/2021\/08\/\u56fe\u7247-Copy-18x12.png 18w, https:\/\/amthy.com\/wp-content\/uploads\/2021\/08\/\u56fe\u7247-Copy.png 1143w\" sizes=\"(max-width: 1016px) 100vw, 1016px\" \/><\/p>\n<h2><\/h2>\n<h2>Perch\u00e9 noi? (Fornitore di cilindri per porte blindate con profilo europeo <em>di AMTHY SECURITY<\/em>)<\/h2>\n<h3><strong>\u221aQualit\u00e0 affidabile (produttore Smart Lock AM-H300)<\/strong><\/h3>\n<ul>\n<li>Il team professionale di QC supervisiona tutto il ciclo di produzione<\/li>\n<li>Selezione rigorosa dei partner cooperanti<\/li>\n<\/ul>\n<h3><strong>\u221aPrezzo competitivo<\/strong><\/h3>\n<ul>\n<li>Materia prima in stock di 3 mesi per abbassare il rischio di fluttuazione del prezzo<\/li>\n<li>Attrezzatura automatica e avanzata per ridurre l'alto costo del lavoro<\/li>\n<\/ul>\n<h3><strong>\u221aServizio affidabile per oltre 20 paesi.<\/strong><\/h3>\n<ul>\n<li>Servizio ODM\/OEM<\/li>\n<li>Servizio post-vendita responsabile<\/li>\n<\/ul>","protected":false},"excerpt":{"rendered":"<ul>\n<li><strong>Codice articolo:<\/strong> AM-H300<\/li>\n<li><strong>Material<\/strong><strong>:<\/strong> Alluminio<\/li>\n<li><strong>Corpo della serratura:<\/strong> Chiusura singola<\/li>\n<li><strong>Backset<\/strong>: regolabile 60\/70 mm<\/li>\n<li><strong>Marchio:<\/strong> ODM disponibile<\/li>\n<li><strong>Applicazione:<\/strong> Porte di legno\/UPVC\/di sicurezza<\/li>\n<li><strong>Batteria<\/strong>: 4*1.5v<\/li>\n<li><strong>Spessore della porta:<\/strong>30-65 mm<\/li>\n<li><b>Modalit\u00e0 di sblocco: <\/b>Impronta digitale\/chiave meccanica<\/li>\n<\/ul>","protected":false},"featured_media":1924,"template":"","meta":{"nf_dc_page":""},"product_brand":[],"product_cat":[55],"product_tag":[],"class_list":{"0":"post-1922","1":"product","2":"type-product","3":"status-publish","4":"has-post-thumbnail","6":"product_cat-smart-lock","8":"first","9":"instock","10":"shipping-taxable","11":"product-type-simple"},"_links":{"self":[{"href":"https:\/\/amthy.com\/it\/wp-json\/wp\/v2\/product\/1922","targetHints":{"allow":["GET"]}}],"collection":[{"href":"https:\/\/amthy.com\/it\/wp-json\/wp\/v2\/product"}],"about":[{"href":"https:\/\/amthy.com\/it\/wp-json\/wp\/v2\/types\/product"}],"wp:featuredmedia":[{"embeddable":true,"href":"https:\/\/amthy.com\/it\/wp-json\/wp\/v2\/media\/1924"}],"wp:attachment":[{"href":"https:\/\/amthy.com\/it\/wp-json\/wp\/v2\/media?parent=1922"}],"wp:term":[{"taxonomy":"product_brand","embeddable":true,"href":"https:\/\/amthy.com\/it\/wp-json\/wp\/v2\/product_brand?post=1922"},{"taxonomy":"product_cat","embeddable":true,"href":"https:\/\/amthy.com\/it\/wp-json\/wp\/v2\/product_cat?post=1922"},{"taxonomy":"product_tag","embeddable":true,"href":"https:\/\/amthy.com\/it\/wp-json\/wp\/v2\/product_tag?post=1922"}],"curies":[{"name":"wp","href":"https:\/\/api.w.org\/{rel}","templated":true}]}}