{"id":1925,"date":"2021-08-29T20:56:13","date_gmt":"2021-08-29T12:56:13","guid":{"rendered":"https:\/\/amthy.com\/?post_type=product&#038;p=1925"},"modified":"2023-05-26T19:50:53","modified_gmt":"2023-05-26T11:50:53","slug":"smart-lock-manufacturer-am-p100","status":"publish","type":"product","link":"https:\/\/amthy.com\/it\/product\/smart-lock-manufacturer-am-p100\/","title":{"rendered":"Serratura intelligente AM-P100"},"content":{"rendered":"<p><img fetchpriority=\"high\" decoding=\"async\" class=\"alignnone wp-image-2034\" src=\"https:\/\/amthy.com\/wp-content\/uploads\/2021\/08\/AM400-300x35.jpg\" alt=\"amthy\" width=\"994\" height=\"116\" title=\"\" srcset=\"https:\/\/amthy.com\/wp-content\/uploads\/2021\/08\/AM400-300x35.jpg 300w, https:\/\/amthy.com\/wp-content\/uploads\/2021\/08\/AM400-600x71.jpg 600w, https:\/\/amthy.com\/wp-content\/uploads\/2021\/08\/AM400-1024x120.jpg 1024w, https:\/\/amthy.com\/wp-content\/uploads\/2021\/08\/AM400-768x90.jpg 768w, https:\/\/amthy.com\/wp-content\/uploads\/2021\/08\/AM400-1536x181.jpg 1536w, https:\/\/amthy.com\/wp-content\/uploads\/2021\/08\/AM400-2048x241.jpg 2048w, https:\/\/amthy.com\/wp-content\/uploads\/2021\/08\/AM400-18x2.jpg 18w\" sizes=\"(max-width: 994px) 100vw, 994px\" \/><\/p>\n<p>&nbsp;<\/p>\n<p>L&#039;AMTHY P100 \u00e8 una serratura intelligente che ti d\u00e0 il pieno controllo della sicurezza della tua casa offrendoti la massima tranquillit\u00e0. Usa una variet\u00e0 di modi per accedere alla tua casa sia tramite password, impronta digitale, chiave card, telefono Bluetooth o tramite il modulo wifi per il controllo remoto. Con la serratura digitale AMTHY, puoi inviare agli utenti chiavi virtuali in modo che amici e familiari possano accedere alla tua casa se non ci sei. Una volta ottenuto l&#039;accesso, puoi gestire chi pu\u00f2 entrare nella tua propriet\u00e0 disabilitando o eliminando gli utenti tramite l&#039;app del telefono. Le chiavi virtuali possono essere programmate o rese permanenti per il massimo controllo della tua casa o propriet\u00e0. Puoi anche monitorare chi viene e chi va in modo da sapere quando i tuoi cari sono a casa in sicurezza. Puoi persino ricevere una notifica che ti informa quando qualcuno torna a casa. Non devi preoccuparti di portare con te le chiavi. Tutto ci\u00f2 di cui hai bisogno \u00e8 il tuo smartphone e con un solo tocco puoi aprire la porta con facilit\u00e0. Il dispositivo utilizza la tecnologia intelligente Bluetooth crittografata, quindi la serratura intelligente non dipende dalla ricezione della rete. Rendi la tua serratura intelligente ancora pi\u00f9 intelligente collegando uno dei nostri moduli di serratura. Affari diretti dal produttore di serrature Smart Door. <a href=\"https:\/\/en.wikipedia.org\/wiki\/Lock\" target=\"_blank\" rel=\"noopener\">Serratura<\/a> e <a href=\"https:\/\/amthy.com\/it\/product-category\/smart-lock\/\">Smart Lock Produttore AM-P100<\/a><\/p>\n<p><strong>Caratteristiche e vantaggi:<\/strong><\/p>\n<ul>\n<li>Keyless: ti d\u00e0 la libert\u00e0 di proteggere la tua casa senza bisogno di una chiave<\/li>\n<li>Semplice da montare: adatto per la maggior parte delle porte in PVC e composito, \u00e8 necessario un cacciavite<\/li>\n<li>Semplice da montare \u2013 <strong>Non \u00e8 necessario modificare il blocco completo<\/strong> ma sostituire solo il cilindro senza danni alla porta. Installazione facile.<\/li>\n<li>Alimentazione a batteria: 3 batterie AAA, avviso fornito quando le batterie si stanno scaricando<\/li>\n<li>Adatto per porte con uno spessore compreso tra 60 e 100 mm<\/li>\n<li>Disponibile in una gamma di finiture, tra cui nero e argento<\/li>\n<\/ul>\n<p>&nbsp;<\/p>\n<h2>Perch\u00e9 noi? (Fornitore di cilindri per porte blindate con profilo europeo <em>di AMTHY SECURITY<\/em>)<\/h2>\n<h3><strong>\u221aQualit\u00e0 affidabile (produttore Smart Lock AM-P100)<\/strong><\/h3>\n<ul>\n<li>Il team professionale di QC supervisiona tutto il ciclo di produzione<\/li>\n<li>Selezione rigorosa dei partner cooperanti<\/li>\n<\/ul>\n<h3><strong>\u221aPrezzo competitivo<\/strong><\/h3>\n<ul>\n<li>Materia prima in stock di 3 mesi per abbassare il rischio di fluttuazione del prezzo<\/li>\n<li>Attrezzatura automatica e avanzata per ridurre l'alto costo del lavoro<\/li>\n<\/ul>\n<h3><strong>\u221aServizio affidabile per oltre 20 paesi.<\/strong><\/h3>\n<ul>\n<li>Servizio ODM\/OEM<\/li>\n<li>Servizio post-vendita responsabile<\/li>\n<\/ul>","protected":false},"excerpt":{"rendered":"<ul>\n<li><strong>Codice articolo:<\/strong> AM-P100<\/li>\n<li><strong>Materiale della maniglia<\/strong><strong>:<\/strong> Acciaio inossidabile 304<\/li>\n<li><strong>Marchio:<\/strong> ODM disponibile<\/li>\n<li><strong>Dimensione del piatto:<\/strong>\u00a0303*43 mm<\/li>\n<li><strong>Accessori:<\/strong>Viti da 55 mm<\/li>\n<li><strong>Spessore della porta:<\/strong>30-70 mm<\/li>\n<li><strong>Applicazione:<\/strong> Porte di legno\/UPVC\/di sicurezza<\/li>\n<li><strong>Batteria<\/strong>: USB a pagamento (6 mesi)<\/li>\n<li><b>Modalit\u00e0 di sblocco:<\/b> Impronta digitale\/App\/Chiave meccanica\/Codice di accesso\/Chiave della carta<\/li>\n<\/ul>","protected":false},"featured_media":2177,"template":"","meta":{"nf_dc_page":""},"product_brand":[],"product_cat":[55],"product_tag":[],"class_list":{"0":"post-1925","1":"product","2":"type-product","3":"status-publish","4":"has-post-thumbnail","6":"product_cat-smart-lock","8":"first","9":"instock","10":"shipping-taxable","11":"product-type-simple"},"_links":{"self":[{"href":"https:\/\/amthy.com\/it\/wp-json\/wp\/v2\/product\/1925","targetHints":{"allow":["GET"]}}],"collection":[{"href":"https:\/\/amthy.com\/it\/wp-json\/wp\/v2\/product"}],"about":[{"href":"https:\/\/amthy.com\/it\/wp-json\/wp\/v2\/types\/product"}],"wp:featuredmedia":[{"embeddable":true,"href":"https:\/\/amthy.com\/it\/wp-json\/wp\/v2\/media\/2177"}],"wp:attachment":[{"href":"https:\/\/amthy.com\/it\/wp-json\/wp\/v2\/media?parent=1925"}],"wp:term":[{"taxonomy":"product_brand","embeddable":true,"href":"https:\/\/amthy.com\/it\/wp-json\/wp\/v2\/product_brand?post=1925"},{"taxonomy":"product_cat","embeddable":true,"href":"https:\/\/amthy.com\/it\/wp-json\/wp\/v2\/product_cat?post=1925"},{"taxonomy":"product_tag","embeddable":true,"href":"https:\/\/amthy.com\/it\/wp-json\/wp\/v2\/product_tag?post=1925"}],"curies":[{"name":"wp","href":"https:\/\/api.w.org\/{rel}","templated":true}]}}