{"id":1937,"date":"2021-08-31T16:46:30","date_gmt":"2021-08-31T08:46:30","guid":{"rendered":"https:\/\/amthy.com\/?post_type=product&#038;p=1937"},"modified":"2023-05-26T19:50:36","modified_gmt":"2023-05-26T11:50:36","slug":"smart-door-cylinder-manufacturer-am-200","status":"publish","type":"product","link":"https:\/\/amthy.com\/it\/product\/smart-door-cylinder-manufacturer-am-200\/","title":{"rendered":"Cilindro Smart Door AM-200"},"content":{"rendered":"<p><img fetchpriority=\"high\" decoding=\"async\" class=\"alignnone wp-image-2019 aligncenter\" src=\"https:\/\/amthy.com\/wp-content\/uploads\/2021\/08\/AM20-300x41.jpg\" alt=\"amthy\" width=\"857\" height=\"117\" title=\"\" srcset=\"https:\/\/amthy.com\/wp-content\/uploads\/2021\/08\/AM20-300x41.jpg 300w, https:\/\/amthy.com\/wp-content\/uploads\/2021\/08\/AM20-600x81.jpg 600w, https:\/\/amthy.com\/wp-content\/uploads\/2021\/08\/AM20-1024x139.jpg 1024w, https:\/\/amthy.com\/wp-content\/uploads\/2021\/08\/AM20-768x104.jpg 768w, https:\/\/amthy.com\/wp-content\/uploads\/2021\/08\/AM20-1536x208.jpg 1536w, https:\/\/amthy.com\/wp-content\/uploads\/2021\/08\/AM20-2048x278.jpg 2048w, https:\/\/amthy.com\/wp-content\/uploads\/2021\/08\/AM20-18x2.jpg 18w\" sizes=\"(max-width: 857px) 100vw, 857px\" \/><\/p>\n<p><iframe title=\"Cilindro della serratura intelligente| AM-200 \u00e8 il blocco intelligente delle funzioni di sblocco delle impronte digitali e dell&#039;APP del telefono.\" width=\"1435\" height=\"807\" src=\"https:\/\/www.youtube.com\/embed\/yRCbSkD6CE8?feature=oembed\" frameborder=\"0\" allow=\"accelerometer; autoplay; clipboard-write; encrypted-media; gyroscope; picture-in-picture\" allowfullscreen><\/iframe><\/p>\n<p>AMTHY 200 \u00e8 una serratura intelligente che ti d\u00e0 il pieno controllo della sicurezza della tua casa offrendoti la massima tranquillit\u00e0. Usa una variet\u00e0 di modi per accedere alla tua casa, sia tramite impronte digitali, telefono Bluetooth o tramite il modulo wifi per il controllo remoto. Con la serratura digitale AMTHY, puoi inviare agli utenti chiavi virtuali in modo che amici e familiari possano accedere a casa tua se non sei nei paraggi. Una volta che hanno ottenuto l'accesso, puoi gestire chi pu\u00f2 entrare nella tua propriet\u00e0 disabilitando o eliminando gli utenti tramite l'app del telefono. Le chiavi virtuali possono essere programmate o rese permanenti per il massimo controllo della tua casa o propriet\u00e0. Puoi anche monitorare chi viene e chi va in modo da sapere quando i tuoi cari sono a casa sani e salvi. Puoi persino ricevere una notifica che ti informa quando qualcuno torna a casa. Non devi preoccuparti di portare con te le chiavi. Tutto ci\u00f2 di cui hai bisogno \u00e8 il tuo smartphone e con un solo tocco puoi sbloccare la porta con facilit\u00e0. Il dispositivo utilizza la tecnologia intelligente Bluetooth crittografata, quindi la serratura intelligente non dipende dalla ricezione della rete. Rendi la tua serratura intelligente ancora pi\u00f9 intelligente collegando uno dei nostri moduli serratura. Affari diretti dal produttore di cilindri per porte intelligenti. <a href=\"https:\/\/en.wikipedia.org\/wiki\/Lock\" target=\"_blank\" rel=\"noopener\">Serratura<\/a> e <a href=\"https:\/\/amthy.com\/it\/product-category\/smart-lock\/\">Cilindro per porta intelligente<\/a><\/p>\n<p><strong>Caratteristiche e vantaggi (produttore di cilindri per porte intelligenti):<\/strong><\/p>\n<ul>\n<li>Keyless: ti d\u00e0 la libert\u00e0 di proteggere la tua casa senza bisogno di una chiave<\/li>\n<li>Semplice da montare: adatto per la maggior parte delle porte in PVC e composito, \u00e8 necessario un cacciavite<\/li>\n<li>Semplice da montare \u2013 <strong>Non \u00e8 necessario modificare il blocco completo<\/strong> ma sostituire solo il cilindro senza danni alla porta. Installazione facile.<\/li>\n<li>Alimentazione a batteria: 3 batterie AAA, avviso fornito quando le batterie si stanno scaricando<\/li>\n<li>Adatto per porte con uno spessore compreso tra 60 e 100 mm<\/li>\n<li>Disponibile in una gamma di finiture, tra cui nero e argento<\/li>\n<\/ul>\n<p>&nbsp;<\/p>\n<hr \/>\n<p>&nbsp;<\/p>","protected":false},"excerpt":{"rendered":"<ul>\n<li><strong>Codice articolo:<\/strong> AM-200<\/li>\n<li><strong>Material<\/strong><strong>:<\/strong> Ottone<\/li>\n<li><strong>Profilo <\/strong>Dimensioni: 17 * 33 * 10 mm<\/li>\n<li><strong>Marchio:<\/strong> ODM disponibile<\/li>\n<li><strong>Applicazione:<\/strong> Porte di legno\/UPVC\/di sicurezza<\/li>\n<li><strong>Batteria<\/strong>: Litio incorporato<\/li>\n<li><strong>Spessore della porta:<\/strong>60-100 mm<\/li>\n<li><strong>Temperatura di esercizio:<\/strong>Da -20\u00baC a +55\u00baC<\/li>\n<li><strong>Impermeabile:<\/strong>IP54<\/li>\n<li><b>Modalit\u00e0 di sblocco: <\/b><em>Impronta digitale\/Bluetooth\/Controllo remoto tramite modulo\u00a0Wifi<\/em><\/li>\n<\/ul>","protected":false},"featured_media":1938,"template":"","meta":{"nf_dc_page":""},"product_brand":[],"product_cat":[55,25],"product_tag":[],"class_list":{"0":"post-1937","1":"product","2":"type-product","3":"status-publish","4":"has-post-thumbnail","6":"product_cat-smart-lock","7":"product_cat-euro-profile-cylinder-manufacturer","9":"first","10":"instock","11":"shipping-taxable","12":"product-type-simple"},"_links":{"self":[{"href":"https:\/\/amthy.com\/it\/wp-json\/wp\/v2\/product\/1937","targetHints":{"allow":["GET"]}}],"collection":[{"href":"https:\/\/amthy.com\/it\/wp-json\/wp\/v2\/product"}],"about":[{"href":"https:\/\/amthy.com\/it\/wp-json\/wp\/v2\/types\/product"}],"wp:featuredmedia":[{"embeddable":true,"href":"https:\/\/amthy.com\/it\/wp-json\/wp\/v2\/media\/1938"}],"wp:attachment":[{"href":"https:\/\/amthy.com\/it\/wp-json\/wp\/v2\/media?parent=1937"}],"wp:term":[{"taxonomy":"product_brand","embeddable":true,"href":"https:\/\/amthy.com\/it\/wp-json\/wp\/v2\/product_brand?post=1937"},{"taxonomy":"product_cat","embeddable":true,"href":"https:\/\/amthy.com\/it\/wp-json\/wp\/v2\/product_cat?post=1937"},{"taxonomy":"product_tag","embeddable":true,"href":"https:\/\/amthy.com\/it\/wp-json\/wp\/v2\/product_tag?post=1937"}],"curies":[{"name":"wp","href":"https:\/\/api.w.org\/{rel}","templated":true}]}}