{"id":2137,"date":"2021-11-17T12:42:08","date_gmt":"2021-11-17T04:42:08","guid":{"rendered":"https:\/\/amthy.com\/?post_type=product&#038;p=2137"},"modified":"2023-05-26T19:50:07","modified_gmt":"2023-05-26T11:50:07","slug":"hotel-door-lock-manufacturer","status":"publish","type":"product","link":"https:\/\/amthy.com\/it\/product\/hotel-door-lock-manufacturer\/","title":{"rendered":"Serratura della porta dell'hotel AM-6677"},"content":{"rendered":"<p><img fetchpriority=\"high\" decoding=\"async\" class=\"aligncenter wp-image-2034\" src=\"https:\/\/amthy.com\/wp-content\/uploads\/2021\/08\/AM400-300x35.jpg\" alt=\"Produttore di serrature per hotel\" width=\"1003\" height=\"117\" title=\"\" srcset=\"https:\/\/amthy.com\/wp-content\/uploads\/2021\/08\/AM400-300x35.jpg 300w, https:\/\/amthy.com\/wp-content\/uploads\/2021\/08\/AM400-600x71.jpg 600w, https:\/\/amthy.com\/wp-content\/uploads\/2021\/08\/AM400-1024x120.jpg 1024w, https:\/\/amthy.com\/wp-content\/uploads\/2021\/08\/AM400-768x90.jpg 768w, https:\/\/amthy.com\/wp-content\/uploads\/2021\/08\/AM400-1536x181.jpg 1536w, https:\/\/amthy.com\/wp-content\/uploads\/2021\/08\/AM400-2048x241.jpg 2048w, https:\/\/amthy.com\/wp-content\/uploads\/2021\/08\/AM400-18x2.jpg 18w\" sizes=\"(max-width: 1003px) 100vw, 1003px\" \/><\/p>\n<p>&nbsp;<\/p>\n<p>Produttore di serrature per hotel. L&#039;AMTHY 6677 \u00e8 una serratura intelligente che ti d\u00e0 il pieno controllo della sicurezza della tua casa e ti offre la massima tranquillit\u00e0. Usa una variet\u00e0 di modi per accedere alla tua casa, sia tramite impronta digitale, Bluetooth del telefono o tramite il modulo wifi per il controllo remoto. Con la serratura digitale AMTHY, puoi inviare agli utenti chiavi virtuali in modo che amici e parenti possano accedere a casa tua se non ci sei. Una volta ottenuto l&#039;accesso, puoi gestire chi pu\u00f2 accedere alla tua propriet\u00e0 disabilitando o eliminando gli utenti tramite l&#039;app del telefono.<\/p>\n<p>Le chiavi virtuali possono essere programmate o rese permanenti per il massimo controllo della tua casa o propriet\u00e0. Puoi anche monitorare chi viene e chi va cos\u00ec saprai quando i tuoi cari saranno a casa sani e salvi. Puoi persino ricevere una notifica che ti informa quando qualcuno torna a casa. Non c&#039;\u00e8 bisogno di preoccuparsi di portare con s\u00e9 le chiavi. Tutto ci\u00f2 di cui hai bisogno \u00e8 il tuo smartphone e con un solo tocco puoi sbloccare la porta con facilit\u00e0. Il dispositivo utilizza la tecnologia intelligente Bluetooth crittografata in modo che il lucchetto intelligente non dipenda dalla ricezione della rete. Rendi la tua serratura intelligente ancora pi\u00f9 intelligente collegando uno dei nostri moduli di blocco. Affari diretti dal produttore di cilindri per porte intelligenti. <a href=\"https:\/\/en.wikipedia.org\/wiki\/Lock\" target=\"_blank\" rel=\"noopener\">Serratura<\/a> e <a href=\"https:\/\/amthy.com\/it\/product-category\/smart-lock\/\">Produttore di serrature per hotel<\/a><\/p>\n<h2>Perch\u00e9 noi? (Produttore di serrature per hotel)<\/h2>\n<h3><strong>\u221aQualit\u00e0 affidabile<\/strong><\/h3>\n<ul>\n<li>Il team professionale di QC supervisiona tutto il ciclo di produzione<\/li>\n<li>Selezione rigorosa dei partner cooperanti<\/li>\n<\/ul>\n<h3><strong>\u221aPrezzo competitivo<\/strong><\/h3>\n<ul>\n<li>Materia prima in stock di 3 mesi per abbassare il rischio di fluttuazione del prezzo<\/li>\n<li>Attrezzatura automatica e avanzata per ridurre l'alto costo del lavoro<\/li>\n<\/ul>\n<h3><strong>\u221aServizio affidabile per oltre 20 paesi.<\/strong><\/h3>\n<ul>\n<li>Servizio ODM\/OEM<\/li>\n<li>Servizio post-vendita responsabile<\/li>\n<\/ul>","protected":false},"excerpt":{"rendered":"<ul>\n<li><strong>Codice articolo:<\/strong> AM-6677<\/li>\n<li><strong>Material<\/strong><strong>:<\/strong> Acciaio inossidabile<\/li>\n<li><strong>Corpo della serratura:<\/strong> sicurezza<\/li>\n<li><strong>Marchio:<\/strong> ODM disponibile<\/li>\n<li><strong>Applicazione:<\/strong> Porte di legno\/UPVC\/di sicurezza<\/li>\n<li><strong>Batteria<\/strong>: 4*1.5v<\/li>\n<li><strong>Spessore della porta:<\/strong>30-65 mm<\/li>\n<li><b>Modalit\u00e0 di sblocco:<\/b>Codice di accesso\/Carta d'identit\u00e0\/Chiave meccanica\/Bluetooth\/Wifi<\/li>\n<\/ul>","protected":false},"featured_media":2138,"template":"","meta":{"nf_dc_page":""},"product_brand":[],"product_cat":[55],"product_tag":[],"class_list":{"0":"post-2137","1":"product","2":"type-product","3":"status-publish","4":"has-post-thumbnail","6":"product_cat-smart-lock","8":"first","9":"instock","10":"shipping-taxable","11":"product-type-simple"},"_links":{"self":[{"href":"https:\/\/amthy.com\/it\/wp-json\/wp\/v2\/product\/2137","targetHints":{"allow":["GET"]}}],"collection":[{"href":"https:\/\/amthy.com\/it\/wp-json\/wp\/v2\/product"}],"about":[{"href":"https:\/\/amthy.com\/it\/wp-json\/wp\/v2\/types\/product"}],"wp:featuredmedia":[{"embeddable":true,"href":"https:\/\/amthy.com\/it\/wp-json\/wp\/v2\/media\/2138"}],"wp:attachment":[{"href":"https:\/\/amthy.com\/it\/wp-json\/wp\/v2\/media?parent=2137"}],"wp:term":[{"taxonomy":"product_brand","embeddable":true,"href":"https:\/\/amthy.com\/it\/wp-json\/wp\/v2\/product_brand?post=2137"},{"taxonomy":"product_cat","embeddable":true,"href":"https:\/\/amthy.com\/it\/wp-json\/wp\/v2\/product_cat?post=2137"},{"taxonomy":"product_tag","embeddable":true,"href":"https:\/\/amthy.com\/it\/wp-json\/wp\/v2\/product_tag?post=2137"}],"curies":[{"name":"wp","href":"https:\/\/api.w.org\/{rel}","templated":true}]}}