{"id":1372,"date":"2021-05-12T20:42:00","date_gmt":"2021-05-12T12:42:00","guid":{"rendered":"https:\/\/amthy.com\/?post_type=product&#038;p=1372"},"modified":"2021-10-19T17:11:17","modified_gmt":"2021-10-19T09:11:17","slug":"stainless-steel-door-handle-manufacturer","status":"publish","type":"product","link":"https:\/\/amthy.com\/lv\/product\/stainless-steel-door-handle-manufacturer\/","title":{"rendered":"Ner\u016bs\u0113jo\u0161\u0101 t\u0113rauda durvju rokturis AM-SS01"},"content":{"rendered":"<h2>Kas m\u0113s esam? (ner\u016bs\u0113jo\u0161\u0101 t\u0113rauda durvju rokturu ra\u017eot\u0101js)<\/h2>\n<p style=\"text-align: left;\">Amthy ir durvju rokturu uz\u0146\u0113mums un ra\u017eot\u0101js no \u0136\u012bnas. M\u016bsu produktu kl\u0101st\u0101 ietilpst cinka sakaus\u0113jums, misi\u0146\u0161, ner\u016bs\u0113jo\u0161ais t\u0113rauds un alum\u012bnija materi\u0101li. Hrom\u0113ta un melna durvju rokturu komplekti ir \u013coti popul\u0101ri telpu iek\u0161durv\u012bs, savuk\u0101rt ner\u016bs\u0113jo\u0161\u0101 t\u0113rauda durvju rokturis ir \u013coti atzin\u012bgi v\u0113rt\u0113jams komerci\u0101lai lieto\u0161anai. Ra\u017eo\u0161anas laik\u0101 pul\u0113\u0161ana un galvaniz\u0101cija visvair\u0101k ietekm\u0113 KVALIT\u0100TI. K\u0101 profesion\u0101ls durvju sl\u0113dze\u0146u ra\u017eot\u0101js un pieg\u0101d\u0101t\u0101js m\u0113s veicam stingru pul\u0113\u0161anu manu\u0101li un autom\u0101tiski. Virsmas galvaniz\u0113tajam sl\u0101nim m\u016bsu izstr\u0101d\u0101jumi s\u0101ls izsmidzin\u0101\u0161anas testa laik\u0101 saglab\u0101 vair\u0101k nek\u0101 72 stundas. T\u0101p\u0113c m\u016bsu m\u0101kslinieciskais dizains un uzman\u012bgais serviss padara m\u016bs par vienu no lab\u0101kajiem durvju rokturu uz\u0146\u0113mumiem \u0136\u012bn\u0101. <a href=\"https:\/\/amthy.com\/wp-content\/uploads\/2021\/09\/AMTHY-Stainless-Steel.pdf\">ner\u016bs\u0113jo\u0161\u0101 t\u0113rauda durvju rokturis<\/a> ra\u017eot\u0101js<\/p>\n<h2 style=\"text-align: left;\">Kas ir durvju rokturis?<\/h2>\n<p>A <a href=\"https:\/\/en.wikipedia.org\/wiki\/Door_handle\" target=\"_blank\" rel=\"noopener\">durvju rokturis<\/a> vai durvju rokturis ir r\u012bks, ko izmanto durvju atv\u0113r\u0161anai vai aizv\u0113r\u0161anai. to var atrast uz visu veidu durv\u012bm, ieskaitot \u0101rdurvis un iek\u0161durvis dz\u012bvojam\u0101m un komerci\u0101l\u0101m \u0113k\u0101m, turkl\u0101t taj\u0101 ir j\u0101iestr\u0101d\u0101 fiks\u0101cijas vai blo\u0137\u0113\u0161anas meh\u0101nismi. Piem\u0113ram, iedobes sl\u0113dzenes korpuss un durvju sl\u0113dzenes cilindrs. ner\u016bs\u0113jo\u0161\u0101 t\u0113rauda durvju rokturu ra\u017eot\u0101js<\/p>\n<h2>K\u0101p\u0113c mums?<\/h2>\n<h3><strong>\u221a Uzticama kvalit\u0101te<\/strong><\/h3>\n<ul>\n<li>Profesion\u0101la kvalit\u0101tes kontroles komanda uzrauga visu ra\u017eo\u0161anas posmu<\/li>\n<li>Stingra sadarb\u012bbas partneru atlase<\/li>\n<\/ul>\n<h3><strong>\u221aKonkur\u0113tsp\u0113j\u012bga cena<\/strong><\/h3>\n<ul>\n<li>Izejviela 3 m\u0113ne\u0161u noliktav\u0101, lai samazin\u0101tu cenu sv\u0101rst\u012bbu risku<\/li>\n<li>Autom\u0101tiskais un uzlabotais apr\u012bkojums samazina augst\u0101s darbasp\u0113ka izmaksas<\/li>\n<\/ul>\n<h3><strong>\u221aUzticams serviss vair\u0101k nek\u0101 20 valst\u012bs.<\/strong><\/h3>\n<ul>\n<li>ODM\/OEM pakalpojums<\/li>\n<li>Atbild\u012bgs p\u0113cp\u0101rdo\u0161anas serviss<\/li>\n<\/ul>\n<p>&nbsp;<\/p>\n<p>&nbsp;<\/p>","protected":false},"excerpt":{"rendered":"<p>Durvju rokturus var piel\u0101got ar da\u017e\u0101du virsmas apdari un at\u0161\u0137ir\u012bgu v\u0101rpstu da\u017e\u0101d\u0101m durv\u012bm.<\/p>\n<ul>\n<li><strong>Lietas kods:<\/strong> AM-SS01<\/li>\n<li><strong>Materi\u0101ls:<\/strong> Ner\u016bs\u0113jo\u0161ais t\u0113rauds 201\/304<\/li>\n<li><strong>Z\u012bmols:<\/strong> Ir pieejams ODM<\/li>\n<li><b>Caurules diametrs:<\/b>18\/22 mm<\/li>\n<li><strong>Piederumi:<\/strong>7,6 mm x 7,6 mm x 100 mm v\u0101rpsta x 1 gab.+M3.8x30 mm Skr\u016bve x 4 gab. + 2.5 mm se\u0161skald\u0146u atsl\u0113ga x 1 gab.<\/li>\n<li><strong>Pielietojums:<\/strong> Av\u0101rijas\/p\u0101rejas durvis (35-50mm)<\/li>\n<li><strong>Ugunsdro\u0161s<\/strong>: J\u0100<\/li>\n<\/ul>","protected":false},"featured_media":1387,"template":"","meta":{"nf_dc_page":""},"product_brand":[],"product_cat":[26,32],"product_tag":[28,29],"class_list":{"0":"post-1372","1":"product","2":"type-product","3":"status-publish","4":"has-post-thumbnail","6":"product_cat-door-handle-manufacturer","7":"product_cat-stainless-steel-handle-manufacturer","8":"product_tag-door-handle","9":"product_tag-door-knob","11":"first","12":"instock","13":"shipping-taxable","14":"product-type-simple"},"_links":{"self":[{"href":"https:\/\/amthy.com\/lv\/wp-json\/wp\/v2\/product\/1372","targetHints":{"allow":["GET"]}}],"collection":[{"href":"https:\/\/amthy.com\/lv\/wp-json\/wp\/v2\/product"}],"about":[{"href":"https:\/\/amthy.com\/lv\/wp-json\/wp\/v2\/types\/product"}],"wp:featuredmedia":[{"embeddable":true,"href":"https:\/\/amthy.com\/lv\/wp-json\/wp\/v2\/media\/1387"}],"wp:attachment":[{"href":"https:\/\/amthy.com\/lv\/wp-json\/wp\/v2\/media?parent=1372"}],"wp:term":[{"taxonomy":"product_brand","embeddable":true,"href":"https:\/\/amthy.com\/lv\/wp-json\/wp\/v2\/product_brand?post=1372"},{"taxonomy":"product_cat","embeddable":true,"href":"https:\/\/amthy.com\/lv\/wp-json\/wp\/v2\/product_cat?post=1372"},{"taxonomy":"product_tag","embeddable":true,"href":"https:\/\/amthy.com\/lv\/wp-json\/wp\/v2\/product_tag?post=1372"}],"curies":[{"name":"wp","href":"https:\/\/api.w.org\/{rel}","templated":true}]}}