{"id":1419,"date":"2021-05-13T12:08:40","date_gmt":"2021-05-13T04:08:40","guid":{"rendered":"https:\/\/amthy.com\/?post_type=product&#038;p=1419"},"modified":"2021-05-13T12:30:53","modified_gmt":"2021-05-13T04:30:53","slug":"door-handle-company-am-ss15","status":"publish","type":"product","link":"https:\/\/amthy.com\/lv\/product\/door-handle-company-am-ss15\/","title":{"rendered":"Top 3 durvju rokturu uz\u0146\u0113mums no \u0136\u012bnas AM-SS15"},"content":{"rendered":"<h2>Who We Are?<\/h2>\n<p style=\"text-align: left;\">Amthy is a door handle company and manufacturer from China.\u00a0Our product range includes zinc alloy, brass, stainless steel, and aluminum materials. Chrome and black door handle sets are greatly popular for interior room doors, meanwhile, the stainless steel door handle is well welcomed for commercial application. During the manufacturing, the polishing and electroplating affect the QUALITY mostly. As a professional door lock manufacturer and supplier, we do strict polishing manually and automatically. For the surface electroplated layer, our items maintain more than 72 hours during the salt spray test. Therefore, Our artistic design and considerate service bring us to be one of the best door handle company in China.<\/p>\n<h2 style=\"text-align: left;\">What is Door Handle?<\/h2>\n<p>A door handle or doorknob is a tool used to open or close a door. it can be found on all types of doors including exterior and internal doors for residential and commercial buildings, Besides it has to incorporate latching or locking mechanisms. Such as the mortise lock body and door lock cylinder.<\/p>\n<h2>Why us?<\/h2>\n<h3><strong>\u221aReliable Quality<\/strong><\/h3>\n<ul>\n<li>Professional QC team supervise all round of production<\/li>\n<li>Strict selection of cooperating partners<\/li>\n<\/ul>\n<h3><strong>\u221aCompetitive Price<\/strong><\/h3>\n<ul>\n<li>Raw material in 3 months stock to lower the risk of fluctuating price<\/li>\n<li>Automatic and Advanced Equipment reduce the high labor cost<\/li>\n<\/ul>\n<h3><strong>\u221aTrustful Service for over 20 countries.<\/strong><\/h3>\n<ul>\n<li>ODM\/OEM service<\/li>\n<li>Responsible after-sales service<\/li>\n<\/ul>\n<p>&nbsp;<\/p>\n<p>[wpforms id=&#8221;686&#8243; description=&#8221;true&#8221;]<\/p>\n<p>&nbsp;<\/p>\n","protected":false},"excerpt":{"rendered":"<p>Durvju rokturus var piel\u0101got ar da\u017e\u0101du virsmas apdari un at\u0161\u0137ir\u012bgu v\u0101rpstu da\u017e\u0101d\u0101m durv\u012bm.<\/p>\n<ul>\n<li><strong>Lietas kods:<\/strong> AM-SS15<\/li>\n<li><strong>Materi\u0101ls:<\/strong> Ner\u016bs\u0113jo\u0161ais t\u0113rauds 201\/304<\/li>\n<li><strong>Z\u012bmols:<\/strong> Ir pieejams ODM<\/li>\n<li><b>Caurules diametrs:<\/b>18\/22 mm<\/li>\n<li><strong>Piederumi:<\/strong>7,6 mm x 7,6 mm x 100 mm v\u0101rpsta x 1 gab.+M3.8x30 mm Skr\u016bve x 4 gab. + 2.5 mm se\u0161skald\u0146u atsl\u0113ga x 1 gab.<\/li>\n<li><strong>Pielietojums:<\/strong> Av\u0101rijas\/p\u0101rejas durvis (35-50mm)<\/li>\n<li><strong>Ugunsdro\u0161s<\/strong>: J\u0100<\/li>\n<\/ul>\n<p>&nbsp;<\/p>","protected":false},"featured_media":1433,"template":"","meta":{"nf_dc_page":""},"product_brand":[],"product_cat":[26,32],"product_tag":[28,29],"class_list":{"0":"post-1419","1":"product","2":"type-product","3":"status-publish","4":"has-post-thumbnail","6":"product_cat-door-handle-manufacturer","7":"product_cat-stainless-steel-handle-manufacturer","8":"product_tag-door-handle","9":"product_tag-door-knob","11":"first","12":"instock","13":"shipping-taxable","14":"product-type-simple"},"_links":{"self":[{"href":"https:\/\/amthy.com\/lv\/wp-json\/wp\/v2\/product\/1419","targetHints":{"allow":["GET"]}}],"collection":[{"href":"https:\/\/amthy.com\/lv\/wp-json\/wp\/v2\/product"}],"about":[{"href":"https:\/\/amthy.com\/lv\/wp-json\/wp\/v2\/types\/product"}],"wp:featuredmedia":[{"embeddable":true,"href":"https:\/\/amthy.com\/lv\/wp-json\/wp\/v2\/media\/1433"}],"wp:attachment":[{"href":"https:\/\/amthy.com\/lv\/wp-json\/wp\/v2\/media?parent=1419"}],"wp:term":[{"taxonomy":"product_brand","embeddable":true,"href":"https:\/\/amthy.com\/lv\/wp-json\/wp\/v2\/product_brand?post=1419"},{"taxonomy":"product_cat","embeddable":true,"href":"https:\/\/amthy.com\/lv\/wp-json\/wp\/v2\/product_cat?post=1419"},{"taxonomy":"product_tag","embeddable":true,"href":"https:\/\/amthy.com\/lv\/wp-json\/wp\/v2\/product_tag?post=1419"}],"curies":[{"name":"wp","href":"https:\/\/api.w.org\/{rel}","templated":true}]}}