{"id":1485,"date":"2021-05-15T15:21:47","date_gmt":"2021-05-15T07:21:47","guid":{"rendered":"https:\/\/amthy.com\/?post_type=product&#038;p=1485"},"modified":"2022-05-25T20:37:59","modified_gmt":"2022-05-25T12:37:59","slug":"europrofile-lock-cylinder-manufacturer","status":"publish","type":"product","link":"https:\/\/amthy.com\/lv\/product\/europrofile-lock-cylinder-manufacturer\/","title":{"rendered":"Europrofile Durvju sl\u0113dzenes cilindrs Ra\u017eot\u0101js V500K"},"content":{"rendered":"<h2>Kas m\u0113s esam?<\/h2>\n<p style=\"text-align: left;\">Amthy ir eiroprofils <a href=\"https:\/\/amthy.com\/lv\/product-category\/lock-cylinder\/\">Sl\u0113dzenes cilindrs<\/a> Ra\u017eot\u0101js un pieg\u0101d\u0101t\u0101js no \u0136\u012bnas. Pied\u0101v\u0101jam norm\u0101lu <a href=\"https:\/\/en.wikipedia.org\/wiki\/Pin_tumbler_lock\" target=\"_blank\" rel=\"noopener\">cilindri<\/a> iek\u0161durv\u012bm un augstas dro\u0161\u012bbas cilindriem \u0101rdurv\u012bm. T\u0101 k\u0101 95.9% autom\u0101tisk\u0101 vai pusautom\u0101tisk\u0101 iek\u0101rta ir 3\u00a0popul\u0101r\u0101kais cilindru ra\u017eot\u0101js, t\u0101 tiek izmantota, lai aizst\u0101tu manu\u0101lo darbu, samazin\u0101tu izmaksas un palielin\u0101tu efektivit\u0101ti. <span style=\"color: #ff0000;\"><span style=\"color: #000000;\">Sekojo\u0161i, <\/span><\/span>Maz\u0101kas darbasp\u0113ka izmaksas vienm\u0113r nodro\u0161ina konkur\u0113tsp\u0113j\u012bg\u0101ku un pievilc\u012bg\u0101ku cenu. Pateicoties iepriek\u0161min\u0113taj\u0101m priek\u0161roc\u012bb\u0101m, <em>M\u0113s tagad esam gatavi <a href=\"https:\/\/www.youtube.com\/watch?v=9Lw0FD68w1c\" target=\"_blank\" rel=\"noopener\">atkl\u0101t un dal\u012bties ar izmaks\u0101m<\/a> parasto cilindru ar pirc\u0113jiem<\/em>,<span style=\"color: #ff0000;\"> <span style=\"color: #000000;\">tas ir, j\u016bs ieg\u016bsit skaidru vien\u012bbas cenas sast\u0101vu, kas ietver m\u016bsu 10% t\u012bro pe\u013c\u0146u<\/span><\/span><span style=\"color: #ff0000;\"><span style=\"color: #000000;\">. <\/span><\/span>Tikm\u0113r m\u016bsu p\u0113tniec\u012bbas un att\u012bst\u012bbas komanda izstr\u0101d\u0101<em> S1000, S2000 un S3000 s\u0113rijas<\/em> AUGSTAS DRO\u0160\u012aBAS eiro profila durvju sl\u0113dzenes cilindriem augst\u0101k\u0101m tirgus pras\u012bb\u0101m. Ekskluz\u012bv\u0101 vafe\u013cu un tapu kombin\u0101cijas strukt\u016bras tehnolo\u0123ija iev\u0113rojami paaugstina dro\u0161\u012bbas l\u012bmeni. Turkl\u0101t Eiroprofils <a href=\"https:\/\/amthy.com\/lv\/product-category\/lock-cylinder\/\">Durvju cilindrs<\/a> Ra\u017eot\u0101jam vienm\u0113r ir j\u0101veic darbi pirc\u0113ja galven\u0101s interes\u0113s.<\/p>\n<p>&nbsp;<\/p>\n<h2 style=\"text-align: left;\">Kas ir Europrofile sl\u0113dzenes cilindrs?<\/h2>\n<p><em><i>Sl\u0113dzenes cilindrs ir sl\u0113dzenes sast\u0101vda\u013ca, kas satur spraudni, izpildmeh\u0101nismu un blo\u0137\u0113\u0161anas sast\u0101vda\u013cas, to var izgatavot no misi\u0146a, cinka sakaus\u0113juma, alum\u012bnija un ner\u016bs\u0113jo\u0161\u0101 t\u0113rauda. Lai gan visbie\u017e\u0101k tie ir saist\u012bti ar tapu tvert\u0146u konstrukcij\u0101m, cilindri tiek izmantoti daudz\u0101s cit\u0101s, piem\u0113ram, pl\u0101ksn\u012bt\u0113s un disku aiztur\u0113s. Tas grie\u017eas, lai darbin\u0101tu fiksatora sl\u0113dzenes aizb\u012bdni un aizb\u012bdni ar atbilsto\u0161u atsl\u0113gu.\u00a0<\/i><\/em>Europrofile durvju sl\u0113dzenes cilindrs ir durvju sirds.<\/p>\n<p>&nbsp;<\/p>\n<h2>K\u0101p\u0113c mums? (<em>Europrofile sl\u0113dzenes cilindrs AMTHY SECURITY ra\u017eot\u0101js<\/em>)<\/h2>\n<h3><strong>\u221a Uzticama kvalit\u0101te<\/strong><\/h3>\n<ul>\n<li>Profesion\u0101la kvalit\u0101tes kontroles komanda uzrauga visu ra\u017eo\u0161anas posmu<\/li>\n<li>Stingra sadarb\u012bbas partneru atlase<\/li>\n<\/ul>\n<h3><strong>\u221aKonkur\u0113tsp\u0113j\u012bga cena<\/strong><\/h3>\n<ul>\n<li>Izejviela 3 m\u0113ne\u0161u noliktav\u0101, lai samazin\u0101tu cenu sv\u0101rst\u012bbu risku<\/li>\n<li>Autom\u0101tiskais un uzlabotais apr\u012bkojums samazina augst\u0101s darbasp\u0113ka izmaksas<\/li>\n<\/ul>\n<h3><strong>\u221aUzticams serviss vair\u0101k nek\u0101 20 valst\u012bs.<\/strong><\/h3>\n<ul>\n<li>ODM\/OEM pakalpojums<\/li>\n<li>Atbild\u012bgs p\u0113cp\u0101rdo\u0161anas serviss<\/li>\n<\/ul>\n<p>&nbsp;<\/p>\n<p>&nbsp;<\/p>\n<p>&nbsp;<\/p>\n<p>&nbsp;<\/p>","protected":false},"excerpt":{"rendered":"<p>&nbsp;<\/p>\n<ul>\n<li><strong>Lietas kods:<\/strong> V500K<\/li>\n<li><strong>Blo\u0137\u0113\u0161anas meh\u0101nisms:<\/strong> Pin Tumbler<\/li>\n<li><strong>Korpusa materi\u0101ls<\/strong><strong>:<\/strong> Misi\u0146\u0161\/cinka sakaus\u0113jums\/alum\u012bnijs<\/li>\n<li><strong>Spraud\u0146a materi\u0101ls<\/strong><strong>:<\/strong> Misi\u0146a\/cinka sakaus\u0113jums<\/li>\n<li><strong>Z\u012bmols:<\/strong> Ir pieejams ODM<\/li>\n<li><b>Profila veids: <\/b>eiro<\/li>\n<li><strong>Profila izm\u0113rs:<\/strong>17 * 33 * 10 mm<\/li>\n<li><strong>Tausti\u0146\u0161:<\/strong> Misi\u0146a\/t\u0113rauda \u201cS\u201d atsl\u0113gas izgriezums<\/li>\n<li><strong>Piederumi:<\/strong>55 mm skr\u016bves<\/li>\n<li><strong>Pielietojums:<\/strong> Koka\/UPVC\/dro\u0161\u012bbas durvis<\/li>\n<li><strong>Galven\u0101s atsl\u0113gas sist\u0113ma:<\/strong> Pieejams<\/li>\n<li><strong>Atsl\u0113gas l\u012bdz\u012bga sist\u0113ma:<\/strong> Pieejams<\/li>\n<li><strong>Preturb\u0161anas funkcija<\/strong>: Pieejams<\/li>\n<li><strong>Pretspie\u0161anas funkcija: <\/strong>Pieejams<\/li>\n<li><strong><strong>EN1303 2005 Klasifik\u0101cija:<\/strong><\/strong><br \/>\n<table>\n<tbody>\n<tr>\n<td>1<\/td>\n<td>6<\/td>\n<td>0<\/td>\n<td>1<\/td>\n<td>0<\/td>\n<td>C<\/td>\n<td>5<\/td>\n<td>2<\/td>\n<\/tr>\n<\/tbody>\n<\/table>\n<\/li>\n<li><strong>Pabeigt: <\/strong>Pul\u0113ts misi\u0146\u0161 (BP)\/ni\u0137el\u0113ts (NP)\/sat\u012bna ni\u0137elis (SN)\/hrom\u0113ts (CP)\/ant\u012bkais misi\u0146\u0161 (AB)<\/li>\n<\/ul>\n<p>&nbsp;<\/p>","protected":false},"featured_media":1489,"template":"","meta":{"nf_dc_page":""},"product_brand":[],"product_cat":[25],"product_tag":[34,35],"class_list":{"0":"post-1485","1":"product","2":"type-product","3":"status-publish","4":"has-post-thumbnail","6":"product_cat-euro-profile-cylinder-manufacturer","7":"product_tag-door-cylinder","8":"product_tag-europrofile","10":"first","11":"instock","12":"shipping-taxable","13":"product-type-simple"},"_links":{"self":[{"href":"https:\/\/amthy.com\/lv\/wp-json\/wp\/v2\/product\/1485","targetHints":{"allow":["GET"]}}],"collection":[{"href":"https:\/\/amthy.com\/lv\/wp-json\/wp\/v2\/product"}],"about":[{"href":"https:\/\/amthy.com\/lv\/wp-json\/wp\/v2\/types\/product"}],"wp:featuredmedia":[{"embeddable":true,"href":"https:\/\/amthy.com\/lv\/wp-json\/wp\/v2\/media\/1489"}],"wp:attachment":[{"href":"https:\/\/amthy.com\/lv\/wp-json\/wp\/v2\/media?parent=1485"}],"wp:term":[{"taxonomy":"product_brand","embeddable":true,"href":"https:\/\/amthy.com\/lv\/wp-json\/wp\/v2\/product_brand?post=1485"},{"taxonomy":"product_cat","embeddable":true,"href":"https:\/\/amthy.com\/lv\/wp-json\/wp\/v2\/product_cat?post=1485"},{"taxonomy":"product_tag","embeddable":true,"href":"https:\/\/amthy.com\/lv\/wp-json\/wp\/v2\/product_tag?post=1485"}],"curies":[{"name":"wp","href":"https:\/\/api.w.org\/{rel}","templated":true}]}}