{"id":1512,"date":"2021-05-15T16:21:17","date_gmt":"2021-05-15T08:21:17","guid":{"rendered":"https:\/\/amthy.com\/?post_type=product&#038;p=1512"},"modified":"2021-05-15T16:33:54","modified_gmt":"2021-05-15T08:33:54","slug":"oval-profile-cylinder-manufacturer","status":"publish","type":"product","link":"https:\/\/amthy.com\/lv\/product\/oval-profile-cylinder-manufacturer\/","title":{"rendered":"Ov\u0101la profila durvju sl\u0113dzenes cilindrs Ra\u017eot\u0101js O500"},"content":{"rendered":"<h2>Who We Are?<\/h2>\n<p style=\"text-align: left;\">Amthy is an Oval Profile Cylinder Manufacturer and supplier from China. We offer normal <a href=\"https:\/\/en.wikipedia.org\/wiki\/Pin_tumbler_lock\" target=\"_blank\" rel=\"noopener\">cylinders<\/a> for interior doors and high-security cylinders for exterior doors. Being a top 3 cylinder manufacturer, 95.9% automatic or half-automatic facility is adopted to replace manual labor, to reduces cost, and to increases efficiency. <span style=\"color: #ff0000;\"><span style=\"color: #000000;\">Consequently, <\/span><\/span>Less labor cost always brings more competitive and attractive price. Thanks to the above benefits, <em>We are now willing to <a href=\"https:\/\/www.youtube.com\/watch?v=9Lw0FD68w1c\" target=\"_blank\" rel=\"noopener\">reveal and share the cost<\/a> of normal cylinders with buyers<\/em>,<span style=\"color: #ff0000;\"> <span style=\"color: #000000;\">that is to say, you will get a clear composition of unit price, which includes our 10% pure profit<\/span><\/span><span style=\"color: #ff0000;\"><span style=\"color: #000000;\">. <\/span><\/span>Meanwhile, our R&amp;D team develops the<em> S1000, S2000, and S3000 series<\/em> of HIGH-SECURITY euro profile door lock cylinders for higher market demands. The exclusive technology of\u00a0 Wafers and Pins combination structure greatly increases the security level. Moreover, an Oval Profile Cylinder <a href=\"https:\/\/amthy.com\/product-category\/lock-cylinder\/\">Manufacturer<\/a> should always do the works for the buyer&#8217;s main concern.<\/p>\n<p>&nbsp;<\/p>\n<h2 style=\"text-align: left;\">What is Oval Profile Cylinder?<\/h2>\n<p>Oval cylinders are a less prevalent profile of locking cylinders, but can still be found particularly in commercial settings from older installations.\u00a0\u00a0 They are used in conjunction with an appropriate oval-profile mortice lock.you can have\u00a0key-operation on both sides\u00a0(standard double-oval), as well as\u00a0key operation on one side\u00a0with a\u00a0handy thumb-turn on the inside\u00a0known as a\u00a0key &amp; turn oval cylinder,\u00a0for quick and\u00a0convenient keyless operation.<\/p>\n<p>&nbsp;<\/p>\n<h2>Why us? (Oval Profile<em>\u00a0Cylinder Manufacturer of AMTHY SECURITY<\/em>)<\/h2>\n<h3><strong>\u221aReliable Quality<\/strong><\/h3>\n<ul>\n<li>Professional QC team supervise all round of production<\/li>\n<li>Strict selection of cooperating partners<\/li>\n<\/ul>\n<h3><strong>\u221aCompetitive Price<\/strong><\/h3>\n<ul>\n<li>Raw material in 3 months stock to lower the risk of fluctuating price<\/li>\n<li>Automatic and Advanced Equipment reduce the high labor cost<\/li>\n<\/ul>\n<h3><strong>\u221aTrustful Service for over 20 countries.<\/strong><\/h3>\n<ul>\n<li>ODM\/OEM service<\/li>\n<li>Responsible after-sales service<\/li>\n<\/ul>\n<p>&nbsp;<\/p>\n<p>[wpforms id=&#8221;686&#8243; description=&#8221;true&#8221;]<\/p>\n<p>&nbsp;<\/p>\n","protected":false},"excerpt":{"rendered":"<p>&nbsp;<\/p>\n<ul>\n<li><strong>Lietas kods:<\/strong> H500H<\/li>\n<li><strong>Blo\u0137\u0113\u0161anas meh\u0101nisms:<\/strong> Pin Tumbler<\/li>\n<li><strong>Korpusa materi\u0101ls<\/strong><strong>:<\/strong> Misi\u0146\u0161\/cinka sakaus\u0113jums\/alum\u012bnijs<\/li>\n<li><strong>Spraud\u0146a materi\u0101ls<\/strong><strong>:<\/strong> Misi\u0146a\/cinka sakaus\u0113jums<\/li>\n<li><strong>Z\u012bmols:<\/strong> Ir pieejams ODM<\/li>\n<li><b>Profila veids: <\/b>eiro<\/li>\n<li><strong>Profila izm\u0113rs:<\/strong>17 * 33 * 10 mm<\/li>\n<li><strong>Tausti\u0146\u0161:<\/strong> Misi\u0146a\/t\u0113rauda \u201cS\u201d atsl\u0113gas izgriezums<\/li>\n<li><strong>Piederumi:<\/strong>55 mm skr\u016bves<\/li>\n<li><strong>Pielietojums:<\/strong> Koka\/UPVC\/dro\u0161\u012bbas durvis<\/li>\n<li><strong>Galven\u0101s atsl\u0113gas sist\u0113ma:<\/strong> Pieejams<\/li>\n<li><strong>Atsl\u0113gas l\u012bdz\u012bga sist\u0113ma:<\/strong> Pieejams<\/li>\n<li><strong>Preturb\u0161anas funkcija<\/strong>: Pieejams<\/li>\n<li><strong>Pretspie\u0161anas funkcija: <\/strong>Pieejams<\/li>\n<li><strong><strong>EN1303 2005 Klasifik\u0101cija:<\/strong><\/strong><br \/>\n<table>\n<tbody>\n<tr>\n<td>1<\/td>\n<td>6<\/td>\n<td>0<\/td>\n<td>1<\/td>\n<td>0<\/td>\n<td>C<\/td>\n<td>5<\/td>\n<td>2<\/td>\n<\/tr>\n<\/tbody>\n<\/table>\n<\/li>\n<li><strong>Pabeigt: <\/strong>Pul\u0113ts misi\u0146\u0161 (BP)\/ni\u0137el\u0113ts (NP)\/sat\u012bna ni\u0137elis (SN)\/hrom\u0113ts (CP)\/ant\u012bkais misi\u0146\u0161 (AB)<\/li>\n<\/ul>\n<p>&nbsp;<\/p>","protected":false},"featured_media":1514,"template":"","meta":{"nf_dc_page":""},"product_brand":[],"product_cat":[25],"product_tag":[34,35],"class_list":{"0":"post-1512","1":"product","2":"type-product","3":"status-publish","4":"has-post-thumbnail","6":"product_cat-euro-profile-cylinder-manufacturer","7":"product_tag-door-cylinder","8":"product_tag-europrofile","10":"first","11":"instock","12":"shipping-taxable","13":"product-type-simple"},"_links":{"self":[{"href":"https:\/\/amthy.com\/lv\/wp-json\/wp\/v2\/product\/1512","targetHints":{"allow":["GET"]}}],"collection":[{"href":"https:\/\/amthy.com\/lv\/wp-json\/wp\/v2\/product"}],"about":[{"href":"https:\/\/amthy.com\/lv\/wp-json\/wp\/v2\/types\/product"}],"wp:featuredmedia":[{"embeddable":true,"href":"https:\/\/amthy.com\/lv\/wp-json\/wp\/v2\/media\/1514"}],"wp:attachment":[{"href":"https:\/\/amthy.com\/lv\/wp-json\/wp\/v2\/media?parent=1512"}],"wp:term":[{"taxonomy":"product_brand","embeddable":true,"href":"https:\/\/amthy.com\/lv\/wp-json\/wp\/v2\/product_brand?post=1512"},{"taxonomy":"product_cat","embeddable":true,"href":"https:\/\/amthy.com\/lv\/wp-json\/wp\/v2\/product_cat?post=1512"},{"taxonomy":"product_tag","embeddable":true,"href":"https:\/\/amthy.com\/lv\/wp-json\/wp\/v2\/product_tag?post=1512"}],"curies":[{"name":"wp","href":"https:\/\/api.w.org\/{rel}","templated":true}]}}