{"id":1534,"date":"2021-05-15T21:34:14","date_gmt":"2021-05-15T13:34:14","guid":{"rendered":"https:\/\/amthy.com\/?post_type=product&#038;p=1534"},"modified":"2022-05-26T16:27:59","modified_gmt":"2022-05-26T08:27:59","slug":"europrofile-lock-cylinder-manufacturer-h1000","status":"publish","type":"product","link":"https:\/\/amthy.com\/lv\/product\/europrofile-lock-cylinder-manufacturer-h1000\/","title":{"rendered":"Europrofile dro\u0161\u012bbas durvju cilindrs -H1000"},"content":{"rendered":"<h2>Eiroprofila blo\u0137\u0113\u0161anas funkcija<\/h2>\n<ul>\n<li>Augstas dro\u0161\u012bbas dubulto tapu un diska tapu instrukcija<\/li>\n<li>Galven\u0101 AB atsl\u0113gas sist\u0113ma - 1 gabala pagaidu atsl\u0113ga, 5 prim\u0101r\u0101 atsl\u0113ga<\/li>\n<li>Pret ievilk\u0161anu, Pretspie\u0161anu<\/li>\n<li>Pilns misi\u0146a materi\u0101la kalpo\u0161anas laiks var b\u016bt vair\u0101k nek\u0101 10 gadi<\/li>\n<\/ul>\n<h2>Kas m\u0113s esam?<\/h2>\n<p style=\"text-align: left;\">Amthy ir Eiroprofila dro\u0161\u012bbas cilindrs <a href=\"https:\/\/amthy.com\/lv\/product-category\/lock-cylinder\/\">Pieg\u0101d\u0101t\u0101js <\/a>no \u0136\u012bnas. Pied\u0101v\u0101jam norm\u0101lu <a href=\"https:\/\/en.wikipedia.org\/wiki\/Pin_tumbler_lock\" target=\"_blank\" rel=\"noopener\">cilindri<\/a> iek\u0161durv\u012bm un augstas dro\u0161\u012bbas cilindriem \u0101rdurv\u012bm. T\u0101 k\u0101 95.9% autom\u0101tisk\u0101 vai pusautom\u0101tisk\u0101 iek\u0101rta ir 3\u00a0popul\u0101r\u0101kais cilindru ra\u017eot\u0101js, t\u0101 tiek izmantota, lai aizst\u0101tu manu\u0101lo darbu, samazin\u0101tu izmaksas un palielin\u0101tu efektivit\u0101ti. <span style=\"color: #ff0000;\"><span style=\"color: #000000;\">Sekojo\u0161i, <\/span><\/span>Maz\u0101kas darbasp\u0113ka izmaksas vienm\u0113r nodro\u0161ina konkur\u0113tsp\u0113j\u012bg\u0101kas un pievilc\u012bg\u0101kas cenas. Pateicoties iepriek\u0161min\u0113taj\u0101m priek\u0161roc\u012bb\u0101m, <em>M\u0113s tagad esam gatavi <a href=\"https:\/\/www.youtube.com\/watch?v=9Lw0FD68w1c\" target=\"_blank\" rel=\"noopener\">atkl\u0101t un dal\u012bties ar izmaks\u0101m<\/a> parasto cilindru ar pirc\u0113jiem<\/em>,<span style=\"color: #ff0000;\"> <span style=\"color: #000000;\">tas ir, j\u016bs ieg\u016bsit skaidru vien\u012bbas cenas sast\u0101vu, kas ietver m\u016bsu 10% t\u012bro pe\u013c\u0146u<\/span><\/span><span style=\"color: #ff0000;\"><span style=\"color: #000000;\">. <\/span><\/span><\/p>\n<p style=\"text-align: left;\">Tikm\u0113r m\u016bsu p\u0113tniec\u012bbas un att\u012bst\u012bbas komanda izstr\u0101d\u0101<em> S1000, S2000 un S3000 s\u0113rijas<\/em> AUGSTAS DRO\u0160\u012aBAS eiro profila durvju sl\u0113dze\u0146u cilindri augst\u0101k\u0101m tirgus pras\u012bb\u0101m. Ekskluz\u012bv\u0101 vafe\u013cu un tapu kombin\u0101cijas strukt\u016bras tehnolo\u0123ija iev\u0113rojami paaugstina dro\u0161\u012bbas l\u012bmeni. Turkl\u0101t Europrofile dro\u0161\u012bbas cilindru pieg\u0101d\u0101t\u0101jam vienm\u0113r b\u016btu j\u0101veic darbs pirc\u0113ja galvenaj\u0101s interes\u0113s.<\/p>\n<p>&nbsp;<\/p>\n<h2 style=\"text-align: left;\">Kas ir Europrofile sl\u0113dzenes cilindrs?<\/h2>\n<p><em><i>Sl\u0113dzenes cilindrs ir sl\u0113dzenes sast\u0101vda\u013ca, kas satur spraudni, izpildmeh\u0101nismu un blo\u0137\u0113\u0161anas komponentus, to var izgatavot no misi\u0146a, cinka sakaus\u0113juma, alum\u012bnija un ner\u016bs\u0113jo\u0161\u0101 t\u0113rauda. Lai gan visbie\u017e\u0101k tie ir saist\u012bti ar tapu tvert\u0146u konstrukcij\u0101m, cilindri tiek izmantoti daudzos citos, piem\u0113ram, vafeles un disku aizturi. Tas grie\u017eas, lai darbin\u0101tu fiksatora sl\u0113dzenes aizb\u012bdni un aizb\u012bdni ar atbilsto\u0161u atsl\u0113gu. <\/i><\/em>Europrofile sl\u0113dzenes cilindrs ir durvju sirds. Ieejas dro\u0161\u012bbas durv\u012bm izmantots Europrofile dro\u0161\u012bbas cilindrs. Eiroprofila sl\u0113dzene<\/p>\n<p><b>Eiropas profils<\/b>\u00a0(vai\u00a0<b>Eiro profils<\/b>) ir veids\u00a0<a title=\"Cilindrs\" href=\"http:\/\/www.lockwiki.com\/index.php\/Cylinder\" target=\"_blank\" rel=\"noopener\">cilindrs<\/a>\u00a0Eirop\u0101 p\u0101rsvar\u0101 izmantotais dizains. At\u0161\u0137ir\u012bb\u0101 no tradicion\u0101lajiem iedobes un loka cilindriem, Euro profil\u0101 tiek izmantots viens met\u0101la gabals, lai savienotu abas sl\u0113dzenes puses. Viens\u00a0<a class=\"mw-redirect\" title=\"Cam\" href=\"http:\/\/www.lockwiki.com\/index.php\/Cam\" target=\"_blank\" rel=\"noopener\">cam<\/a>\u00a0komponents ir novietots starp ab\u0101m sl\u0113dzenes pus\u0113m un ir tie\u0161i savienots ar ab\u0101m\u00a0<a title=\"Spraudnis\" href=\"http:\/\/www.lockwiki.com\/index.php\/Plug\" target=\"_blank\" rel=\"noopener\">kontaktdak\u0161as<\/a>. Euro profilu ir \u0113rti uzst\u0101d\u012bt un nomain\u012bt, ta\u010du tam ir da\u017ei nopietni dro\u0161\u012bbas tr\u016bkumi, kas j\u0101\u0146em v\u0113r\u0101. Skat\u00a0<a href=\"http:\/\/www.lockwiki.com\/index.php\/Euro_Profile#Vulnerabilities\" target=\"_blank\" rel=\"noopener\">Euro profils (ievainojam\u012bbas)<\/a>\u00a0papildu inform\u0101cijai.Eiroprofila sl\u0113dzene<\/p>\n<p>&nbsp;<\/p>\n<p><img fetchpriority=\"high\" decoding=\"async\" class=\"wp-image-2119 aligncenter\" src=\"https:\/\/amthy.com\/wp-content\/uploads\/2021\/05\/technical_drawing_C73_3-300x168.jpg\" alt=\"eiroprofils\" width=\"636\" height=\"356\" title=\"\" srcset=\"https:\/\/amthy.com\/wp-content\/uploads\/2021\/05\/technical_drawing_C73_3-300x168.jpg 300w, https:\/\/amthy.com\/wp-content\/uploads\/2021\/05\/technical_drawing_C73_3-600x336.jpg 600w, https:\/\/amthy.com\/wp-content\/uploads\/2021\/05\/technical_drawing_C73_3-768x430.jpg 768w, https:\/\/amthy.com\/wp-content\/uploads\/2021\/05\/technical_drawing_C73_3-18x10.jpg 18w, https:\/\/amthy.com\/wp-content\/uploads\/2021\/05\/technical_drawing_C73_3.jpg 1000w\" sizes=\"(max-width: 636px) 100vw, 636px\" \/><\/p>\n<p>&nbsp;<\/p>\n<h2>K\u0101p\u0113c mums?<\/h2>\n<h3><strong>\u221a Uzticama kvalit\u0101te<\/strong><\/h3>\n<ul>\n<li>Profesion\u0101la kvalit\u0101tes kontroles komanda uzrauga visu ra\u017eo\u0161anas posmu<\/li>\n<li>Stingra sadarb\u012bbas partneru atlase<\/li>\n<\/ul>\n<h3><strong>\u221aKonkur\u0113tsp\u0113j\u012bga cena<\/strong><\/h3>\n<ul>\n<li>Izejviela 3 m\u0113ne\u0161u noliktav\u0101, lai samazin\u0101tu cenu sv\u0101rst\u012bbu risku<\/li>\n<li>Autom\u0101tiskais un uzlabotais apr\u012bkojums samazina augst\u0101s darbasp\u0113ka izmaksas<\/li>\n<\/ul>\n<h3><strong>\u221aUzticams serviss vair\u0101k nek\u0101 20 valst\u012bs.<\/strong><\/h3>\n<ul>\n<li>ODM\/OEM pakalpojums<\/li>\n<li>Atbild\u012bgs p\u0113cp\u0101rdo\u0161anas serviss<\/li>\n<\/ul>\n<p>&nbsp;<\/p>","protected":false},"excerpt":{"rendered":"<p>&nbsp;<\/p>\n<ul>\n<li><strong>Lietas kods:<\/strong> H1000<\/li>\n<li><strong>Blo\u0137\u0113\u0161anas meh\u0101nisms:<\/strong> Pin Tumbler<\/li>\n<li><strong>Korpusa materi\u0101ls<\/strong><strong>:<\/strong> Misi\u0146\u0161<\/li>\n<li><strong>Spraud\u0146a materi\u0101ls<\/strong><strong>:<\/strong> Misi\u0146\u0161<\/li>\n<li><strong>Z\u012bmols:<\/strong> Ir pieejams ODM<\/li>\n<li><b>Profila veids: <\/b>eiro<\/li>\n<li><strong>Profila izm\u0113rs:<\/strong>17 * 33 * 10 mm<\/li>\n<li><strong>Tausti\u0146\u0161:<\/strong> Misi\u0146a dubult\u0101 &quot;S&quot; atsl\u0113ga<\/li>\n<li><strong>Piederumi:<\/strong>55 mm skr\u016bves<\/li>\n<li><strong>Pielietojums:<\/strong> Koka\/UPVC\/dro\u0161\u012bbas durvis<\/li>\n<li><strong>Galven\u0101s atsl\u0113gas sist\u0113ma:<\/strong> Pieejams<\/li>\n<li><strong>Atsl\u0113gas l\u012bdz\u012bga sist\u0113ma:<\/strong> Pieejams<\/li>\n<li><strong>Preturb\u0161anas funkcija<\/strong>: Pieejams<\/li>\n<li><strong>Pretspie\u0161anas funkcija: <\/strong>Pieejams<\/li>\n<li><strong><strong>EN1303 2005 Klasifik\u0101cija:<\/strong><\/strong><br \/>\n<table>\n<tbody>\n<tr>\n<td>1<\/td>\n<td>6<\/td>\n<td>0<\/td>\n<td>1<\/td>\n<td>0<\/td>\n<td>C<\/td>\n<td>5<\/td>\n<td>2<\/td>\n<\/tr>\n<\/tbody>\n<\/table>\n<\/li>\n<li><strong>Pabeigt: <\/strong>Pul\u0113ts misi\u0146\u0161 (BP)\/ni\u0137el\u0113ts (NP)\/sat\u012bna ni\u0137elis (SN)\/hrom\u0113ts (CP)\/ant\u012bkais misi\u0146\u0161 (AB)<\/li>\n<\/ul>\n<p>&nbsp;<\/p>","protected":false},"featured_media":1526,"template":"","meta":{"nf_dc_page":""},"product_brand":[],"product_cat":[25],"product_tag":[34,35],"class_list":{"0":"post-1534","1":"product","2":"type-product","3":"status-publish","4":"has-post-thumbnail","6":"product_cat-euro-profile-cylinder-manufacturer","7":"product_tag-door-cylinder","8":"product_tag-europrofile","10":"first","11":"instock","12":"shipping-taxable","13":"product-type-simple"},"_links":{"self":[{"href":"https:\/\/amthy.com\/lv\/wp-json\/wp\/v2\/product\/1534","targetHints":{"allow":["GET"]}}],"collection":[{"href":"https:\/\/amthy.com\/lv\/wp-json\/wp\/v2\/product"}],"about":[{"href":"https:\/\/amthy.com\/lv\/wp-json\/wp\/v2\/types\/product"}],"wp:featuredmedia":[{"embeddable":true,"href":"https:\/\/amthy.com\/lv\/wp-json\/wp\/v2\/media\/1526"}],"wp:attachment":[{"href":"https:\/\/amthy.com\/lv\/wp-json\/wp\/v2\/media?parent=1534"}],"wp:term":[{"taxonomy":"product_brand","embeddable":true,"href":"https:\/\/amthy.com\/lv\/wp-json\/wp\/v2\/product_brand?post=1534"},{"taxonomy":"product_cat","embeddable":true,"href":"https:\/\/amthy.com\/lv\/wp-json\/wp\/v2\/product_cat?post=1534"},{"taxonomy":"product_tag","embeddable":true,"href":"https:\/\/amthy.com\/lv\/wp-json\/wp\/v2\/product_tag?post=1534"}],"curies":[{"name":"wp","href":"https:\/\/api.w.org\/{rel}","templated":true}]}}