{"id":1871,"date":"2021-08-29T18:54:16","date_gmt":"2021-08-29T10:54:16","guid":{"rendered":"https:\/\/amthy.com\/?post_type=product&#038;p=1871"},"modified":"2023-05-26T19:51:58","modified_gmt":"2023-05-26T11:51:58","slug":"smart-lock-manufacturer-am-600","status":"publish","type":"product","link":"https:\/\/amthy.com\/lv\/product\/smart-lock-manufacturer-am-600\/","title":{"rendered":"Smart Lock AM-600"},"content":{"rendered":"<p><img fetchpriority=\"high\" decoding=\"async\" class=\"wp-image-2034 aligncenter\" src=\"https:\/\/amthy.com\/wp-content\/uploads\/2021\/08\/AM400-300x35.jpg\" alt=\"Vied\u0101s sl\u0113dzenes pieg\u0101d\u0101t\u0101js\" width=\"1003\" height=\"117\" title=\"\" srcset=\"https:\/\/amthy.com\/wp-content\/uploads\/2021\/08\/AM400-300x35.jpg 300w, https:\/\/amthy.com\/wp-content\/uploads\/2021\/08\/AM400-600x71.jpg 600w, https:\/\/amthy.com\/wp-content\/uploads\/2021\/08\/AM400-1024x120.jpg 1024w, https:\/\/amthy.com\/wp-content\/uploads\/2021\/08\/AM400-768x90.jpg 768w, https:\/\/amthy.com\/wp-content\/uploads\/2021\/08\/AM400-1536x181.jpg 1536w, https:\/\/amthy.com\/wp-content\/uploads\/2021\/08\/AM400-2048x241.jpg 2048w, https:\/\/amthy.com\/wp-content\/uploads\/2021\/08\/AM400-18x2.jpg 18w\" sizes=\"(max-width: 1003px) 100vw, 1003px\" \/><\/p>\n<p>&nbsp;<\/p>\n<p><iframe title=\"Smart Deadbolt Lock AM-600| K\u0101da ir lab\u0101k\u0101 un izdev\u012bg\u0101k\u0101 vied\u0101 aizb\u012bd\u0146a sl\u0113dzene 2022.\u00a0gad\u0101\" width=\"1435\" height=\"807\" src=\"https:\/\/www.youtube.com\/embed\/YckZv9yzx7k?feature=oembed\" frameborder=\"0\" allow=\"accelerometer; autoplay; clipboard-write; encrypted-media; gyroscope; picture-in-picture\" allowfullscreen><\/iframe><\/p>\n<p>&nbsp;<\/p>\n<p>AMTHY 600 ir vied\u0101 durvju sl\u0113dzene, kas sniedz jums piln\u012bgu kontroli p\u0101r j\u016bsu m\u0101jas dro\u0161\u012bbu, vienlaikus nodro\u0161inot piln\u012bgu sirdsmieru. Izmantojiet da\u017e\u0101dus veidus, k\u0101 piek\u013c\u016bt sav\u0101m m\u0101j\u0101m, izmantojot pirkstu nospiedumu, t\u0101lru\u0146a Bluetooth vai t\u0101lvad\u012bbas Wi-Fi moduli. Izmantojot AMTHY digit\u0101lo durvju sl\u0113dzeni, varat nos\u016bt\u012bt lietot\u0101jiem virtu\u0101l\u0101s atsl\u0113gas, lai draugi un \u0123imene var\u0113tu piek\u013c\u016bt j\u016bsu m\u0101jai, ja j\u016bs neesat tuvum\u0101. Kad vi\u0146i ir ieguvu\u0161i piek\u013cuvi, varat p\u0101rvald\u012bt, kas var iek\u013c\u016bt j\u016bsu \u012bpa\u0161um\u0101, t\u0101lru\u0146a lietotn\u0113 atsp\u0113jojot vai dz\u0113\u0161ot lietot\u0101jus. Virtu\u0101l\u0101s atsl\u0113gas var iepl\u0101not vai padar\u012bt par past\u0101v\u012bg\u0101m, lai piln\u012bb\u0101 kontrol\u0113tu j\u016bsu m\u0101ju vai \u012bpa\u0161umu. Varat ar\u012b uzraudz\u012bt, kur\u0161 n\u0101k un kur\u0161 iet, lai j\u016bs zin\u0101tu, kad j\u016bsu m\u012b\u013cie ir dro\u0161i m\u0101j\u0101s. J\u016bs pat varat sa\u0146emt pazi\u0146ojumu, kas inform\u0113s, kad k\u0101ds p\u0101rn\u0101k m\u0101j\u0101s. Nav j\u0101uztraucas par atsl\u0113gu n\u0113s\u0101\u0161anu l\u012bdzi. Viss, kas jums nepiecie\u0161ams, ir viedt\u0101lrunis, un ar vienu piesk\u0101rienu j\u016bs varat viegli atsl\u0113gt durvis. Ier\u012bce izmanto \u0161ifr\u0113tu Bluetooth viedo tehnolo\u0123iju, t\u0101p\u0113c vied\u0101 blo\u0137\u0113\u0161ana nav atkar\u012bga no t\u012bkla uztver\u0161anas. Padariet savu viedo sl\u0113dzeni v\u0113l gudr\u0101ku, pievienojot k\u0101du no m\u016bsu sl\u0113dzenes modu\u013ciem. Tie\u0161ais bizness no viedo durvju cilindru ra\u017eot\u0101ja. <a href=\"https:\/\/en.wikipedia.org\/wiki\/Lock\" target=\"_blank\" rel=\"noopener\">Sl\u0113dzene<\/a> un <a href=\"https:\/\/amthy.com\/lv\/product-category\/smart-lock\/\">Smart Lock ra\u017eot\u0101js AM-600<\/a><\/p>\n<p>&nbsp;<\/p>\n<p><img decoding=\"async\" class=\"wp-image-2045 aligncenter\" src=\"https:\/\/amthy.com\/wp-content\/uploads\/2021\/08\/O1CN01SiefB51qLt71ZUJPA_3014925480-0-cib-300x157.jpg\" alt=\"Vied\u0101s sl\u0113dzenes pieg\u0101d\u0101t\u0101js\" width=\"1095\" height=\"573\" title=\"\" srcset=\"https:\/\/amthy.com\/wp-content\/uploads\/2021\/08\/O1CN01SiefB51qLt71ZUJPA_3014925480-0-cib-300x157.jpg 300w, https:\/\/amthy.com\/wp-content\/uploads\/2021\/08\/O1CN01SiefB51qLt71ZUJPA_3014925480-0-cib-600x314.jpg 600w, https:\/\/amthy.com\/wp-content\/uploads\/2021\/08\/O1CN01SiefB51qLt71ZUJPA_3014925480-0-cib-18x9.jpg 18w, https:\/\/amthy.com\/wp-content\/uploads\/2021\/08\/O1CN01SiefB51qLt71ZUJPA_3014925480-0-cib.jpg 746w\" sizes=\"(max-width: 1095px) 100vw, 1095px\" \/><\/p>\n<h2><\/h2>\n<h2>K\u0101p\u0113c m\u0113s? (Euro profila dro\u0161\u012bbas durvju cilindru pieg\u0101d\u0101t\u0101js <em>no AMTHY SECURITY<\/em>)<\/h2>\n<h3><strong>\u221a Uzticama kvalit\u0101te (Smart Lock ra\u017eot\u0101ja AM-600)<\/strong><\/h3>\n<ul>\n<li>Profesion\u0101la kvalit\u0101tes kontroles komanda uzrauga visu ra\u017eo\u0161anas posmu<\/li>\n<li>Stingra sadarb\u012bbas partneru atlase<\/li>\n<\/ul>\n<h3><strong>\u221aKonkur\u0113tsp\u0113j\u012bga cena<\/strong><\/h3>\n<ul>\n<li>Izejviela 3 m\u0113ne\u0161u noliktav\u0101, lai samazin\u0101tu cenu sv\u0101rst\u012bbu risku<\/li>\n<li>Autom\u0101tiskais un uzlabotais apr\u012bkojums samazina augst\u0101s darbasp\u0113ka izmaksas<\/li>\n<\/ul>\n<h3><strong>\u221aUzticams serviss vair\u0101k nek\u0101 20 valst\u012bs.<\/strong><\/h3>\n<ul>\n<li>ODM\/OEM pakalpojums<\/li>\n<li>Atbild\u012bgs p\u0113cp\u0101rdo\u0161anas serviss<\/li>\n<\/ul>","protected":false},"excerpt":{"rendered":"<ul>\n<li><strong>Lietas kods:<\/strong> AM-600<\/li>\n<li><strong>Materi\u0101ls<\/strong><strong>:<\/strong> Cinka sakaus\u0113jums<\/li>\n<li><strong>Sl\u0113dzenes korpuss:<\/strong> Viens aizb\u012bdnis<\/li>\n<li><strong>Backset<\/strong>Regul\u0113jams 60-70 mm<\/li>\n<li><strong>Z\u012bmols:<\/strong> Ir pieejams ODM<\/li>\n<li><strong>Pielietojums:<\/strong> Koka\/UPVC\/dro\u0161\u012bbas durvis<\/li>\n<li><strong>Akumulators<\/strong>: 4*AA<\/li>\n<li><strong>Durvju biezums:<\/strong>40-70 mm<\/li>\n<li><b>Atblo\u0137\u0113\u0161anas re\u017e\u012bms: <\/b>Pirkstu nospiedums\/piek\u013cuves kods\/IC karte\/meh\u0101nisk\u0101 atsl\u0113ga\/Bluetooth<\/li>\n<\/ul>","protected":false},"featured_media":1872,"template":"","meta":{"nf_dc_page":""},"product_brand":[],"product_cat":[55],"product_tag":[],"class_list":{"0":"post-1871","1":"product","2":"type-product","3":"status-publish","4":"has-post-thumbnail","6":"product_cat-smart-lock","8":"first","9":"instock","10":"shipping-taxable","11":"product-type-simple"},"_links":{"self":[{"href":"https:\/\/amthy.com\/lv\/wp-json\/wp\/v2\/product\/1871","targetHints":{"allow":["GET"]}}],"collection":[{"href":"https:\/\/amthy.com\/lv\/wp-json\/wp\/v2\/product"}],"about":[{"href":"https:\/\/amthy.com\/lv\/wp-json\/wp\/v2\/types\/product"}],"wp:featuredmedia":[{"embeddable":true,"href":"https:\/\/amthy.com\/lv\/wp-json\/wp\/v2\/media\/1872"}],"wp:attachment":[{"href":"https:\/\/amthy.com\/lv\/wp-json\/wp\/v2\/media?parent=1871"}],"wp:term":[{"taxonomy":"product_brand","embeddable":true,"href":"https:\/\/amthy.com\/lv\/wp-json\/wp\/v2\/product_brand?post=1871"},{"taxonomy":"product_cat","embeddable":true,"href":"https:\/\/amthy.com\/lv\/wp-json\/wp\/v2\/product_cat?post=1871"},{"taxonomy":"product_tag","embeddable":true,"href":"https:\/\/amthy.com\/lv\/wp-json\/wp\/v2\/product_tag?post=1871"}],"curies":[{"name":"wp","href":"https:\/\/api.w.org\/{rel}","templated":true}]}}