{"id":1895,"date":"2021-08-29T20:15:13","date_gmt":"2021-08-29T12:15:13","guid":{"rendered":"https:\/\/amthy.com\/?post_type=product&#038;p=1895"},"modified":"2023-05-26T19:51:25","modified_gmt":"2023-05-26T11:51:25","slug":"smart-lock-manufacturer-am-900","status":"publish","type":"product","link":"https:\/\/amthy.com\/lv\/product\/smart-lock-manufacturer-am-900\/","title":{"rendered":"Smart Lock AM-900"},"content":{"rendered":"<p>AMTHY 900 ir vied\u0101 durvju sl\u0113dzene, kas sniedz jums piln\u012bgu kontroli p\u0101r j\u016bsu m\u0101jas dro\u0161\u012bbu, vienlaikus nodro\u0161inot piln\u012bgu sirdsmieru. Izmantojiet da\u017e\u0101dus veidus, k\u0101 piek\u013c\u016bt savai m\u0101jai, izmantojot PIN kodu vai meh\u0101nisko atsl\u0113gu. Nav j\u0101uztraucas par atsl\u0113gu n\u0113s\u0101\u0161anu l\u012bdzi. Viss, kas jums nepiecie\u0161ams, ir j\u016bsu PIN kods, j\u016bs varat viegli atsl\u0113gt durvis. Tie\u0161ais bizness no viedo durvju cilindru ra\u017eot\u0101ja. smart-lock-manufacturer-am-900.<a href=\"https:\/\/en.wikipedia.org\/wiki\/Lock\" target=\"_blank\" rel=\"noopener\">Sl\u0113dzene<\/a> un <a href=\"https:\/\/amthy.com\/lv\/product-category\/smart-lock\/\">Viedais durvju cilindrs<\/a><\/p>\n<h3>Viegli jauniniet savu eso\u0161o sl\u0113dzeni:<\/h3>\n<p>DIY draudz\u012bgs un viegli uzst\u0101d\u0101ms eso\u0161\u0101 cilindra un durvju roktura viet\u0101. Viss, kas Jums nepiecie\u0161ams, ir krustveida skr\u016bvgriezis un m\u0113rlente.<\/p>\n<h3><strong>Funkcijas un priek\u0161roc\u012bbas:<\/strong><\/h3>\n<ul>\n<li>Bez atsl\u0113gas \u2013 sniedz jums br\u012bv\u012bbu nodro\u0161in\u0101t j\u016bsu m\u0101ju bez atsl\u0113gas<\/li>\n<li>Vienk\u0101r\u0161i uzst\u0101d\u0101ms \u2013 piem\u0113rots liel\u0101kajai da\u013cai PVC un kompoz\u012btmateri\u0101lu durvju, nepiecie\u0161ams skr\u016bvgriezis<\/li>\n<li>Viegli pieejams\u00a0\u2014 ir pieejami 50\u00a0komplekti ar 4\u20138\u00a0ciparu pin kodu.<\/li>\n<li>Darbojas ar baterij\u0101m \u2013 4 x AA baterijas<\/li>\n<li>Piem\u0113rots durv\u012bm, kuru biezums ir no 35 l\u012bdz 55 mm<\/li>\n<li>Pieejams da\u017e\u0101d\u0101s apdares versij\u0101s, tostarp meln\u0101 un sudraba kr\u0101s\u0101<\/li>\n<\/ul>\n<h2>K\u0101p\u0113c m\u0113s? (Euro profila dro\u0161\u012bbas durvju cilindru pieg\u0101d\u0101t\u0101js <em>no AMTHY SECURITY<\/em>)<\/h2>\n<h3><strong>\u221aUzticama kvalit\u0101te (Smart Lock ra\u017eot\u0101ja AM-900)<\/strong><\/h3>\n<ul>\n<li>Profesion\u0101la kvalit\u0101tes kontroles komanda uzrauga visu ra\u017eo\u0161anas posmu<\/li>\n<li>Stingra sadarb\u012bbas partneru atlase<\/li>\n<\/ul>\n<h3><strong>\u221aKonkur\u0113tsp\u0113j\u012bga cena<\/strong><\/h3>\n<ul>\n<li>Izejviela 3 m\u0113ne\u0161u noliktav\u0101, lai samazin\u0101tu cenu sv\u0101rst\u012bbu risku<\/li>\n<li>Autom\u0101tiskais un uzlabotais apr\u012bkojums samazina augst\u0101s darbasp\u0113ka izmaksas<\/li>\n<\/ul>\n<h3><strong>\u221aUzticams serviss vair\u0101k nek\u0101 20 valst\u012bs.<\/strong><\/h3>\n<ul>\n<li>ODM\/OEM pakalpojums<\/li>\n<li>Atbild\u012bgs p\u0113cp\u0101rdo\u0161anas serviss<\/li>\n<\/ul>","protected":false},"excerpt":{"rendered":"<ul>\n<li><strong>Lietas kods:<\/strong> AM-900<\/li>\n<li><strong>Materi\u0101ls<\/strong><strong>:<\/strong> Cinka sakaus\u0113jums<\/li>\n<li><strong>Sl\u0113dzenes korpuss:<\/strong> Deadbolt<\/li>\n<li><strong>Backset<\/strong>: 60 mm<\/li>\n<li><strong>Z\u012bmols:<\/strong> Ir pieejams ODM<\/li>\n<li><strong>Pielietojums:<\/strong> Koka\/UPVC\/dro\u0161\u012bbas durvis<\/li>\n<li><strong>Akumulators<\/strong>: 4*AA 6V (izsl\u0113gts)<\/li>\n<li><strong>Durvju biezums: <\/strong>35-55 mm<\/li>\n<li><strong>Darb\u012bbas temperat\u016bra:<\/strong>-20\u00baC l\u012bdz +55\u00baC<\/li>\n<li><strong>\u016adensdro\u0161s: <\/strong>IP54<\/li>\n<li><b>Atblo\u0137\u0113\u0161anas re\u017e\u012bms: <\/b>Piek\u013cuves kods\/meh\u0101nisk\u0101 atsl\u0113ga<\/li>\n<\/ul>","protected":false},"featured_media":1908,"template":"","meta":{"nf_dc_page":""},"product_brand":[],"product_cat":[55],"product_tag":[],"class_list":{"0":"post-1895","1":"product","2":"type-product","3":"status-publish","4":"has-post-thumbnail","6":"product_cat-smart-lock","8":"first","9":"instock","10":"shipping-taxable","11":"product-type-simple"},"_links":{"self":[{"href":"https:\/\/amthy.com\/lv\/wp-json\/wp\/v2\/product\/1895","targetHints":{"allow":["GET"]}}],"collection":[{"href":"https:\/\/amthy.com\/lv\/wp-json\/wp\/v2\/product"}],"about":[{"href":"https:\/\/amthy.com\/lv\/wp-json\/wp\/v2\/types\/product"}],"wp:featuredmedia":[{"embeddable":true,"href":"https:\/\/amthy.com\/lv\/wp-json\/wp\/v2\/media\/1908"}],"wp:attachment":[{"href":"https:\/\/amthy.com\/lv\/wp-json\/wp\/v2\/media?parent=1895"}],"wp:term":[{"taxonomy":"product_brand","embeddable":true,"href":"https:\/\/amthy.com\/lv\/wp-json\/wp\/v2\/product_brand?post=1895"},{"taxonomy":"product_cat","embeddable":true,"href":"https:\/\/amthy.com\/lv\/wp-json\/wp\/v2\/product_cat?post=1895"},{"taxonomy":"product_tag","embeddable":true,"href":"https:\/\/amthy.com\/lv\/wp-json\/wp\/v2\/product_tag?post=1895"}],"curies":[{"name":"wp","href":"https:\/\/api.w.org\/{rel}","templated":true}]}}