{"id":1922,"date":"2021-08-29T20:52:21","date_gmt":"2021-08-29T12:52:21","guid":{"rendered":"https:\/\/amthy.com\/?post_type=product&#038;p=1922"},"modified":"2023-05-26T19:51:03","modified_gmt":"2023-05-26T11:51:03","slug":"smart-lock-manufacturer-am-h300","status":"publish","type":"product","link":"https:\/\/amthy.com\/lv\/product\/smart-lock-manufacturer-am-h300\/","title":{"rendered":"Smart Lock AM-H300"},"content":{"rendered":"<p><img fetchpriority=\"high\" decoding=\"async\" class=\"wp-image-2038 aligncenter\" src=\"https:\/\/amthy.com\/wp-content\/uploads\/2021\/08\/\u56fe\u7247-300x140.png\" alt=\"Vied\u0101s sl\u0113dzenes pieg\u0101d\u0101t\u0101js\" width=\"1011\" height=\"472\" title=\"\" srcset=\"https:\/\/amthy.com\/wp-content\/uploads\/2021\/08\/\u56fe\u7247-300x140.png 300w, https:\/\/amthy.com\/wp-content\/uploads\/2021\/08\/\u56fe\u7247-600x280.png 600w, https:\/\/amthy.com\/wp-content\/uploads\/2021\/08\/\u56fe\u7247-1024x478.png 1024w, https:\/\/amthy.com\/wp-content\/uploads\/2021\/08\/\u56fe\u7247-768x359.png 768w, https:\/\/amthy.com\/wp-content\/uploads\/2021\/08\/\u56fe\u7247-18x8.png 18w, https:\/\/amthy.com\/wp-content\/uploads\/2021\/08\/\u56fe\u7247.png 1026w\" sizes=\"(max-width: 1011px) 100vw, 1011px\" \/><\/p>\n<p>AMTHY H300 ir vied\u0101 durvju sl\u0113dzene, kas sniedz jums piln\u012bgu kontroli p\u0101r j\u016bsu m\u0101jas dro\u0161\u012bbu, vienlaikus nodro\u0161inot piln\u012bgu sirdsmieru. Izmantojiet da\u017e\u0101dus veidus, k\u0101 piek\u013c\u016bt sav\u0101m m\u0101j\u0101m, izmantojot pirkstu nospiedumu, t\u0101lru\u0146a Bluetooth vai t\u0101lvad\u012bbas Wi-Fi moduli. Izmantojot AMTHY digit\u0101lo durvju sl\u0113dzeni, varat nos\u016bt\u012bt lietot\u0101jiem virtu\u0101l\u0101s atsl\u0113gas, lai draugi un \u0123imene var\u0113tu piek\u013c\u016bt j\u016bsu m\u0101jai, ja j\u016bs neesat tuvum\u0101. Kad vi\u0146i ir ieguvu\u0161i piek\u013cuvi, j\u016bs varat ma<\/p>\n<p>nage, kur\u0161 var iek\u013c\u016bt j\u016bsu \u012bpa\u0161um\u0101, atsp\u0113jojot vai dz\u0113\u0161ot lietot\u0101jus, izmantojot t\u0101lru\u0146a lietotni. Virtu\u0101l\u0101s atsl\u0113gas var iepl\u0101not vai padar\u012bt par past\u0101v\u012bg\u0101m, lai piln\u012bb\u0101 kontrol\u0113tu j\u016bsu m\u0101ju vai \u012bpa\u0161umu. Varat ar\u012b uzraudz\u012bt, kur\u0161 n\u0101k un kur\u0161 iet, lai j\u016bs zin\u0101tu, kad j\u016bsu m\u012b\u013cie ir dro\u0161i m\u0101j\u0101s. J\u016bs pat varat sa\u0146emt pazi\u0146ojumu, kad k\u0101ds p\u0101rn\u0101k m\u0101j\u0101s. Nav j\u0101uztraucas par atsl\u0113gu n\u0113s\u0101\u0161anu l\u012bdzi. Viss, kas jums nepiecie\u0161ams, ir viedt\u0101lrunis, un ar vienu piesk\u0101rienu j\u016bs varat viegli atsl\u0113gt durvis. Ier\u012bce izmanto \u0161ifr\u0113tu Bluetooth viedo tehnolo\u0123iju, t\u0101p\u0113c vied\u0101 blo\u0137\u0113\u0161ana nav atkar\u012bga no t\u012bkla uztver\u0161anas. Padariet savu viedo sl\u0113dzeni v\u0113l gudr\u0101ku, pievienojot k\u0101du no m\u016bsu sl\u0113dzenes modu\u013ciem. Tie\u0161\u0101 uz\u0146\u0113m\u0113jdarb\u012bba no viedo durvju cilindru ra\u017eot\u0101ja. <a href=\"https:\/\/en.wikipedia.org\/wiki\/Lock\" target=\"_blank\" rel=\"noopener\">Sl\u0113dzene<\/a> un <a href=\"https:\/\/amthy.com\/lv\/product-category\/smart-lock\/\">Smart Lock ra\u017eot\u0101js AM-H300<\/a><\/p>\n<p>&nbsp;<\/p>\n<p><img decoding=\"async\" class=\"wp-image-2037 aligncenter\" src=\"https:\/\/amthy.com\/wp-content\/uploads\/2021\/08\/\u56fe\u7247-Copy-300x199.png\" alt=\"Vied\u0101s sl\u0113dzenes pieg\u0101d\u0101t\u0101js\" width=\"1016\" height=\"674\" title=\"\" srcset=\"https:\/\/amthy.com\/wp-content\/uploads\/2021\/08\/\u56fe\u7247-Copy-300x199.png 300w, https:\/\/amthy.com\/wp-content\/uploads\/2021\/08\/\u56fe\u7247-Copy-600x397.png 600w, https:\/\/amthy.com\/wp-content\/uploads\/2021\/08\/\u56fe\u7247-Copy-1024x678.png 1024w, https:\/\/amthy.com\/wp-content\/uploads\/2021\/08\/\u56fe\u7247-Copy-768x509.png 768w, https:\/\/amthy.com\/wp-content\/uploads\/2021\/08\/\u56fe\u7247-Copy-18x12.png 18w, https:\/\/amthy.com\/wp-content\/uploads\/2021\/08\/\u56fe\u7247-Copy.png 1143w\" sizes=\"(max-width: 1016px) 100vw, 1016px\" \/><\/p>\n<h2><\/h2>\n<h2>K\u0101p\u0113c m\u0113s? (Euro profila dro\u0161\u012bbas durvju cilindru pieg\u0101d\u0101t\u0101js <em>no AMTHY SECURITY<\/em>)<\/h2>\n<h3><strong>\u221aUzticama kvalit\u0101te (Smart Lock ra\u017eot\u0101js AM-H300)<\/strong><\/h3>\n<ul>\n<li>Profesion\u0101la kvalit\u0101tes kontroles komanda uzrauga visu ra\u017eo\u0161anas posmu<\/li>\n<li>Stingra sadarb\u012bbas partneru atlase<\/li>\n<\/ul>\n<h3><strong>\u221aKonkur\u0113tsp\u0113j\u012bga cena<\/strong><\/h3>\n<ul>\n<li>Izejviela 3 m\u0113ne\u0161u noliktav\u0101, lai samazin\u0101tu cenu sv\u0101rst\u012bbu risku<\/li>\n<li>Autom\u0101tiskais un uzlabotais apr\u012bkojums samazina augst\u0101s darbasp\u0113ka izmaksas<\/li>\n<\/ul>\n<h3><strong>\u221aUzticams serviss vair\u0101k nek\u0101 20 valst\u012bs.<\/strong><\/h3>\n<ul>\n<li>ODM\/OEM pakalpojums<\/li>\n<li>Atbild\u012bgs p\u0113cp\u0101rdo\u0161anas serviss<\/li>\n<\/ul>","protected":false},"excerpt":{"rendered":"<ul>\n<li><strong>Lietas kods:<\/strong> AM-H300<\/li>\n<li><strong>Materi\u0101ls<\/strong><strong>:<\/strong> Alum\u012bnijs<\/li>\n<li><strong>Sl\u0113dzenes korpuss:<\/strong> Viens aizb\u012bdnis<\/li>\n<li><strong>Backset<\/strong>Regul\u0113jams 60\/70 mm<\/li>\n<li><strong>Z\u012bmols:<\/strong> Ir pieejams ODM<\/li>\n<li><strong>Pielietojums:<\/strong> Koka\/UPVC\/dro\u0161\u012bbas durvis<\/li>\n<li><strong>Akumulators<\/strong>: 4*1,5v<\/li>\n<li><strong>Durvju biezums:<\/strong>30-65 mm<\/li>\n<li><b>Atblo\u0137\u0113\u0161anas re\u017e\u012bms: <\/b>Pirkstu nospiedums\/meh\u0101nisk\u0101 atsl\u0113ga<\/li>\n<\/ul>","protected":false},"featured_media":1924,"template":"","meta":[],"product_brand":[],"product_cat":[55],"product_tag":[],"class_list":{"0":"post-1922","1":"product","2":"type-product","3":"status-publish","4":"has-post-thumbnail","6":"product_cat-smart-lock","8":"first","9":"instock","10":"shipping-taxable","11":"product-type-simple"},"_links":{"self":[{"href":"https:\/\/amthy.com\/lv\/wp-json\/wp\/v2\/product\/1922","targetHints":{"allow":["GET"]}}],"collection":[{"href":"https:\/\/amthy.com\/lv\/wp-json\/wp\/v2\/product"}],"about":[{"href":"https:\/\/amthy.com\/lv\/wp-json\/wp\/v2\/types\/product"}],"wp:featuredmedia":[{"embeddable":true,"href":"https:\/\/amthy.com\/lv\/wp-json\/wp\/v2\/media\/1924"}],"wp:attachment":[{"href":"https:\/\/amthy.com\/lv\/wp-json\/wp\/v2\/media?parent=1922"}],"wp:term":[{"taxonomy":"product_brand","embeddable":true,"href":"https:\/\/amthy.com\/lv\/wp-json\/wp\/v2\/product_brand?post=1922"},{"taxonomy":"product_cat","embeddable":true,"href":"https:\/\/amthy.com\/lv\/wp-json\/wp\/v2\/product_cat?post=1922"},{"taxonomy":"product_tag","embeddable":true,"href":"https:\/\/amthy.com\/lv\/wp-json\/wp\/v2\/product_tag?post=1922"}],"curies":[{"name":"wp","href":"https:\/\/api.w.org\/{rel}","templated":true}]}}