{"id":1942,"date":"2021-08-31T16:53:46","date_gmt":"2021-08-31T08:53:46","guid":{"rendered":"https:\/\/amthy.com\/?post_type=product&#038;p=1942"},"modified":"2023-05-26T19:50:21","modified_gmt":"2023-05-26T11:50:21","slug":"smart-door-cylinder-am-400","status":"publish","type":"product","link":"https:\/\/amthy.com\/lv\/product\/smart-door-cylinder-am-400\/","title":{"rendered":"Viedais durvju cilindrs AM-400"},"content":{"rendered":"<p><img fetchpriority=\"high\" decoding=\"async\" class=\"wp-image-2024 aligncenter\" src=\"https:\/\/amthy.com\/wp-content\/uploads\/2021\/08\/AM4001-300x218.jpg\" alt=\"amthy\" width=\"994\" height=\"722\" title=\"\" srcset=\"https:\/\/amthy.com\/wp-content\/uploads\/2021\/08\/AM4001-300x218.jpg 300w, https:\/\/amthy.com\/wp-content\/uploads\/2021\/08\/AM4001-600x436.jpg 600w, https:\/\/amthy.com\/wp-content\/uploads\/2021\/08\/AM4001-1024x745.jpg 1024w, https:\/\/amthy.com\/wp-content\/uploads\/2021\/08\/AM4001-768x559.jpg 768w, https:\/\/amthy.com\/wp-content\/uploads\/2021\/08\/AM4001-1536x1117.jpg 1536w, https:\/\/amthy.com\/wp-content\/uploads\/2021\/08\/AM4001-2048x1489.jpg 2048w, https:\/\/amthy.com\/wp-content\/uploads\/2021\/08\/AM4001-18x12.jpg 18w\" sizes=\"(max-width: 994px) 100vw, 994px\" \/><\/p>\n<p><iframe title=\"Smart Lock Cilindrs| AM-400 ir pirkstu nospiedumu un t\u0101lru\u0146a lietotnes \/ PIN koda un IC kartes vied\u0101 atsl\u0113ga.\" width=\"1435\" height=\"807\" src=\"https:\/\/www.youtube.com\/embed\/BSfQK6yR4_Y?feature=oembed\" frameborder=\"0\" allow=\"accelerometer; autoplay; clipboard-write; encrypted-media; gyroscope; picture-in-picture\" allowfullscreen><\/iframe><\/p>\n<p>AMTHY 400 ir vied\u0101 durvju sl\u0113dzene, kas sniedz jums piln\u012bgu kontroli p\u0101r j\u016bsu m\u0101jas dro\u0161\u012bbu, vienlaikus nodro\u0161inot piln\u012bgu sirdsmieru. Izmantojiet da\u017e\u0101dus veidus, k\u0101 piek\u013c\u016bt sav\u0101m m\u0101j\u0101m, izmantojot pirkstu nospiedumu, t\u0101lru\u0146a Bluetooth vai t\u0101lvad\u012bbas Wi-Fi moduli. Izmantojot AMTHY digit\u0101lo durvju sl\u0113dzeni, varat nos\u016bt\u012bt lietot\u0101jiem virtu\u0101l\u0101s atsl\u0113gas, lai draugi un \u0123imene var\u0113tu piek\u013c\u016bt j\u016bsu m\u0101jai, ja j\u016bs neesat tuvum\u0101. Kad vi\u0146i ir ieguvu\u0161i piek\u013cuvi, varat p\u0101rvald\u012bt, kas var iek\u013c\u016bt j\u016bsu \u012bpa\u0161um\u0101, t\u0101lru\u0146a lietotn\u0113 atsp\u0113jojot vai dz\u0113\u0161ot lietot\u0101jus. Virtu\u0101l\u0101s atsl\u0113gas var iepl\u0101not vai padar\u012bt par past\u0101v\u012bg\u0101m, lai piln\u012bb\u0101 kontrol\u0113tu j\u016bsu m\u0101ju vai \u012bpa\u0161umu. Varat ar\u012b uzraudz\u012bt, kur\u0161 n\u0101k un kur\u0161 iet, lai j\u016bs zin\u0101tu, kad j\u016bsu m\u012b\u013cie ir dro\u0161i m\u0101j\u0101s. J\u016bs pat varat sa\u0146emt pazi\u0146ojumu, kad k\u0101ds p\u0101rn\u0101k m\u0101j\u0101s. Nav j\u0101uztraucas par atsl\u0113gu n\u0113s\u0101\u0161anu l\u012bdzi. Viss, kas jums nepiecie\u0161ams, ir viedt\u0101lrunis, un ar vienu piesk\u0101rienu j\u016bs varat viegli atsl\u0113gt durvis. Ier\u012bce izmanto \u0161ifr\u0113tu Bluetooth viedo tehnolo\u0123iju, t\u0101p\u0113c vied\u0101 blo\u0137\u0113\u0161ana nav atkar\u012bga no t\u012bkla uztver\u0161anas. Padariet savu viedo sl\u0113dzeni v\u0113l gudr\u0101ku, pievienojot k\u0101du no m\u016bsu sl\u0113dzenes modu\u013ciem. Tie\u0161\u0101 uz\u0146\u0113m\u0113jdarb\u012bba no viedo durvju cilindru ra\u017eot\u0101ja. <a href=\"https:\/\/en.wikipedia.org\/wiki\/Lock\" target=\"_blank\" rel=\"noopener\">Sl\u0113dzene<\/a> un <a href=\"https:\/\/amthy.com\/lv\/product-category\/smart-lock\/\">Viedais durvju cilindrs<\/a><\/p>\n<p><strong>Funkcijas un priek\u0161roc\u012bbas (viedo durvju cilindrs):<\/strong><\/p>\n<ul>\n<li>Bez atsl\u0113gas \u2013 sniedz jums br\u012bv\u012bbu nodro\u0161in\u0101t j\u016bsu m\u0101ju bez atsl\u0113gas<\/li>\n<li>Vienk\u0101r\u0161i uzst\u0101d\u0101ms \u2013 piem\u0113rots liel\u0101kajai da\u013cai PVC un kompoz\u012btmateri\u0101lu durvju, nepiecie\u0161ams skr\u016bvgriezis<\/li>\n<li>Vienk\u0101r\u0161i piegu\u013c - <strong>Nav j\u0101maina pilna komplekta sl\u0113dzene<\/strong> bet nomainiet tikai cilindru bez durvju boj\u0101jumiem. Viegla uzst\u0101d\u012b\u0161ana.<\/li>\n<li>Darbojas ar baterij\u0101m \u2013 3 x AAA baterijas, br\u012bdina, kad baterijas ir izl\u0101d\u0113ju\u0161\u0101s<\/li>\n<li>Piem\u0113rots durv\u012bm, kuru biezums ir no 60 l\u012bdz 100 mm<\/li>\n<li>Pieejams da\u017e\u0101d\u0101s apdares versij\u0101s, tostarp meln\u0101 un sudraba kr\u0101s\u0101<\/li>\n<\/ul>\n<p><img decoding=\"async\" class=\"aligncenter wp-image-2023\" src=\"https:\/\/amthy.com\/wp-content\/uploads\/2021\/08\/AM400.1-300x107.jpg\" alt=\"Viedais durvju cilindrs\" width=\"1001\" height=\"357\" title=\"\" srcset=\"https:\/\/amthy.com\/wp-content\/uploads\/2021\/08\/AM400.1-300x107.jpg 300w, https:\/\/amthy.com\/wp-content\/uploads\/2021\/08\/AM400.1-600x214.jpg 600w, https:\/\/amthy.com\/wp-content\/uploads\/2021\/08\/AM400.1-1024x365.jpg 1024w, https:\/\/amthy.com\/wp-content\/uploads\/2021\/08\/AM400.1-768x274.jpg 768w, https:\/\/amthy.com\/wp-content\/uploads\/2021\/08\/AM400.1-1536x548.jpg 1536w, https:\/\/amthy.com\/wp-content\/uploads\/2021\/08\/AM400.1-2048x730.jpg 2048w, https:\/\/amthy.com\/wp-content\/uploads\/2021\/08\/AM400.1-18x6.jpg 18w\" sizes=\"(max-width: 1001px) 100vw, 1001px\" \/><\/p>\n<p>&nbsp;<\/p>\n<hr \/>\n<p>&nbsp;<\/p>","protected":false},"excerpt":{"rendered":"<ul>\n<li><strong>Lietas kods:<\/strong> AM-400<\/li>\n<li><strong>Materi\u0101ls<\/strong><strong>:<\/strong>\u00a0Misi\u0146\u0161<\/li>\n<li><strong>Profils\u00a0<\/strong>Izm\u0113rs: 17 * 33 * 10 mm<\/li>\n<li><strong>Z\u012bmols:<\/strong>\u00a0Ir pieejams ODM<\/li>\n<li><strong>Pielietojums:<\/strong>\u00a0Koka\/UPVC\/dro\u0161\u012bbas durvis<\/li>\n<li><strong>Akumulators<\/strong>: 3*AAA (izsl\u0113gts)<\/li>\n<li><strong>Durvju biezums:<\/strong>60-100 mm<\/li>\n<li><strong>Darb\u012bbas temperat\u016bra:<\/strong>-20\u00baC l\u012bdz +55\u00baC<\/li>\n<li><strong>\u016adensdro\u0161s: <\/strong>IP54<\/li>\n<li><b>Atblo\u0137\u0113\u0161anas re\u017e\u012bms: <\/b>Pirkstu nospiedums\/piek\u013cuves kods\/kartes atsl\u0113ga\/Bluetooth\/t\u0101lvad\u012bbas pults, izmantojot Wifi moduli\/meh\u0101nisk\u0101 atsl\u0113ga<\/li>\n<\/ul>","protected":false},"featured_media":1943,"template":"","meta":{"nf_dc_page":""},"product_brand":[],"product_cat":[55,25],"product_tag":[],"class_list":{"0":"post-1942","1":"product","2":"type-product","3":"status-publish","4":"has-post-thumbnail","6":"product_cat-smart-lock","7":"product_cat-euro-profile-cylinder-manufacturer","9":"first","10":"instock","11":"shipping-taxable","12":"product-type-simple"},"_links":{"self":[{"href":"https:\/\/amthy.com\/lv\/wp-json\/wp\/v2\/product\/1942","targetHints":{"allow":["GET"]}}],"collection":[{"href":"https:\/\/amthy.com\/lv\/wp-json\/wp\/v2\/product"}],"about":[{"href":"https:\/\/amthy.com\/lv\/wp-json\/wp\/v2\/types\/product"}],"wp:featuredmedia":[{"embeddable":true,"href":"https:\/\/amthy.com\/lv\/wp-json\/wp\/v2\/media\/1943"}],"wp:attachment":[{"href":"https:\/\/amthy.com\/lv\/wp-json\/wp\/v2\/media?parent=1942"}],"wp:term":[{"taxonomy":"product_brand","embeddable":true,"href":"https:\/\/amthy.com\/lv\/wp-json\/wp\/v2\/product_brand?post=1942"},{"taxonomy":"product_cat","embeddable":true,"href":"https:\/\/amthy.com\/lv\/wp-json\/wp\/v2\/product_cat?post=1942"},{"taxonomy":"product_tag","embeddable":true,"href":"https:\/\/amthy.com\/lv\/wp-json\/wp\/v2\/product_tag?post=1942"}],"curies":[{"name":"wp","href":"https:\/\/api.w.org\/{rel}","templated":true}]}}