{"id":1225,"date":"2021-05-12T14:00:35","date_gmt":"2021-05-12T06:00:35","guid":{"rendered":"https:\/\/amthy.com\/?post_type=product&#038;p=1225"},"modified":"2021-10-19T16:51:46","modified_gmt":"2021-10-19T08:51:46","slug":"mortise-handle-manufacturer-supplier","status":"publish","type":"product","link":"https:\/\/amthy.com\/pl\/product\/mortise-handle-manufacturer-supplier\/","title":{"rendered":"Klamka AM-237"},"content":{"rendered":"<h2>Kim jeste\u015bmy? (<a href=\"https:\/\/en.wikipedia.org\/wiki\/Mortise_lock\" target=\"_blank\" rel=\"noopener\">Gniazdo<\/a> Producent uchwytu i dostawca)<\/h2>\n<p style=\"text-align: left;\"><a href=\"https:\/\/amthy.com\/wp-content\/uploads\/2021\/10\/AMTHY-Zinc-Handle.pdf\">Amthy <\/a>to firma i producent klamek do drzwi z Chin. Nasz asortyment obejmuje materia\u0142y ze stop\u00f3w cynku, mosi\u0105dzu, stali nierdzewnej i aluminium. Zestawy klamek chromowanych i czarnych s\u0105 bardzo popularne w drzwiach wewn\u0119trznych, tymczasem klamka ze stali nierdzewnej jest mile widziana w zastosowaniach komercyjnych. Podczas produkcji, polerowanie i galwanizacja maj\u0105 najwi\u0119kszy wp\u0142yw na JAKO\u015a\u0106. Jako profesjonalny producent i dostawca zamk\u00f3w do drzwi wykonujemy dok\u0142adne polerowanie r\u0119cznie i automatycznie. W przypadku powierzchniowej warstwy galwanicznej nasze produkty utrzymuj\u0105 ponad 72 godziny podczas testu w komorze solnej. Dlatego nasz artystyczny projekt i przemy\u015blana obs\u0142uga sprawiaj\u0105, \u017ce jeste\u015bmy jedn\u0105 z najlepszych firm zajmuj\u0105cych si\u0119 klamkami do drzwi w Chinach.<\/p>\n<h2 style=\"text-align: left;\">Co to jest klamka do drzwi?<\/h2>\n<p>Klamka lub klamka to narz\u0119dzie u\u017cywane do otwierania lub zamykania drzwi. mo\u017cna go znale\u017a\u0107 na wszystkich typach drzwi, w tym drzwiach zewn\u0119trznych i wewn\u0119trznych do budynk\u00f3w mieszkalnych i komercyjnych. Poza tym musi zawiera\u0107 mechanizmy zatrzaskowe lub blokuj\u0105ce. Takich jak korpus zamka wpuszczanego i cylinder zamka drzwi.<\/p>\n<p><img fetchpriority=\"high\" decoding=\"async\" class=\"aligncenter wp-image-917\" src=\"https:\/\/amthy.com\/wp-content\/uploads\/2021\/05\/\u5fae\u4fe1\u56fe\u7247_20210503173056-300x201.png\" alt=\"Producent i dostawca uchwyt\u00f3w wpuszczanych\" width=\"469\" height=\"314\" title=\"\" srcset=\"https:\/\/amthy.com\/wp-content\/uploads\/2021\/05\/\u5fae\u4fe1\u56fe\u7247_20210503173056-300x201.png 300w, https:\/\/amthy.com\/wp-content\/uploads\/2021\/05\/\u5fae\u4fe1\u56fe\u7247_20210503173056-600x401.png 600w, https:\/\/amthy.com\/wp-content\/uploads\/2021\/05\/\u5fae\u4fe1\u56fe\u7247_20210503173056-1024x685.png 1024w, https:\/\/amthy.com\/wp-content\/uploads\/2021\/05\/\u5fae\u4fe1\u56fe\u7247_20210503173056-768x514.png 768w, https:\/\/amthy.com\/wp-content\/uploads\/2021\/05\/\u5fae\u4fe1\u56fe\u7247_20210503173056.png 1097w\" sizes=\"(max-width: 469px) 100vw, 469px\" \/><\/p>\n<h2>Dlaczego my? (producent i dostawca uchwyt\u00f3w wpuszczanych)<\/h2>\n<h3><strong>\u221aNiezawodna jako\u015b\u0107<\/strong><\/h3>\n<ul>\n<li>Profesjonalny zesp\u00f3\u0142 QC nadzoruje ca\u0142\u0105 produkcj\u0119<\/li>\n<li>\u015acis\u0142a selekcja wsp\u00f3\u0142pracuj\u0105cych partner\u00f3w<\/li>\n<\/ul>\n<h3><strong>\u221aKonkurencyjna cena<\/strong><\/h3>\n<ul>\n<li>Surowiec w magazynie 3 miesi\u0105ce, aby zmniejszy\u0107 ryzyko waha\u0144 ceny<\/li>\n<li>Automatyczny i zaawansowany sprz\u0119t zmniejsza wysokie koszty pracy<\/li>\n<\/ul>\n<h3><strong>\u221aTrustful Service dla ponad 20 kraj\u00f3w.<\/strong><\/h3>\n<ul>\n<li>Us\u0142uga ODM\/OEM<\/li>\n<li>Odpowiedzialna obs\u0142uga posprzeda\u017cna<\/li>\n<\/ul>\n<p>&nbsp;<\/p>","protected":false},"excerpt":{"rendered":"<p>Klamki do drzwi mo\u017cna dostosowa\u0107 za pomoc\u0105 innego wyko\u0144czenia powierzchni i innego wrzeciona do r\u00f3\u017cnych drzwi.<\/p>\n<ul>\n<li><strong>Kod produktu:<\/strong> AM-237<\/li>\n<li><strong>Materia\u0142:<\/strong> Stop cynkowy<\/li>\n<li><strong>Marka:<\/strong> Dost\u0119pny ODM<\/li>\n<li><strong>Powierzchnia:<\/strong> Chrom CP, Satynowy Chrom SC, Polerowany Mosi\u0105dz PB, Stain Brass SB, Polerowany Nikiel PN, Satynowy Nikiel SN, Antyczny Mosi\u0105dz AB, Olej przetarty br\u0105z ORB, Czarny BL<\/li>\n<li><strong>Akcesoria:<\/strong>Wrzeciono 7,6 mm x 7,6 mm x 100 mm x 1 szt. + \u015aruba M3,8 x 30 mm x 4 szt. + Klucz imbusowy 2,5 mm x 1 szt.<\/li>\n<li><strong>Podanie:<\/strong> Drewniane\/Metalowe, Drzwi Wewn\u0119trzne\/Wej\u015bciowe, (35-50mm)<\/li>\n<\/ul>\n<p>&nbsp;<\/p>","protected":false},"featured_media":1229,"template":"","meta":{"nf_dc_page":""},"product_brand":[],"product_cat":[26,31],"product_tag":[28,29],"class_list":{"0":"post-1225","1":"product","2":"type-product","3":"status-publish","4":"has-post-thumbnail","6":"product_cat-door-handle-manufacturer","7":"product_cat-zinc-alloy-door-handle","8":"product_tag-door-handle","9":"product_tag-door-knob","11":"first","12":"instock","13":"shipping-taxable","14":"product-type-simple"},"_links":{"self":[{"href":"https:\/\/amthy.com\/pl\/wp-json\/wp\/v2\/product\/1225","targetHints":{"allow":["GET"]}}],"collection":[{"href":"https:\/\/amthy.com\/pl\/wp-json\/wp\/v2\/product"}],"about":[{"href":"https:\/\/amthy.com\/pl\/wp-json\/wp\/v2\/types\/product"}],"wp:featuredmedia":[{"embeddable":true,"href":"https:\/\/amthy.com\/pl\/wp-json\/wp\/v2\/media\/1229"}],"wp:attachment":[{"href":"https:\/\/amthy.com\/pl\/wp-json\/wp\/v2\/media?parent=1225"}],"wp:term":[{"taxonomy":"product_brand","embeddable":true,"href":"https:\/\/amthy.com\/pl\/wp-json\/wp\/v2\/product_brand?post=1225"},{"taxonomy":"product_cat","embeddable":true,"href":"https:\/\/amthy.com\/pl\/wp-json\/wp\/v2\/product_cat?post=1225"},{"taxonomy":"product_tag","embeddable":true,"href":"https:\/\/amthy.com\/pl\/wp-json\/wp\/v2\/product_tag?post=1225"}],"curies":[{"name":"wp","href":"https:\/\/api.w.org\/{rel}","templated":true}]}}