{"id":1341,"date":"2021-05-12T19:50:51","date_gmt":"2021-05-12T11:50:51","guid":{"rendered":"https:\/\/amthy.com\/?post_type=product&#038;p=1341"},"modified":"2021-10-19T16:51:47","modified_gmt":"2021-10-19T08:51:47","slug":"brass-door-handle-supplier","status":"publish","type":"product","link":"https:\/\/amthy.com\/pl\/product\/brass-door-handle-supplier\/","title":{"rendered":"Klamka AM-816"},"content":{"rendered":"<h2>Kim jeste\u015bmy? (<a href=\"https:\/\/amthy.com\/wp-content\/uploads\/2021\/10\/AMTHY-Brass-Handle.pdf\">Klamka z mosi\u0105dzu<\/a> dostawca)<\/h2>\n<p style=\"text-align: left;\">Amthy jest <a href=\"https:\/\/en.wikipedia.org\/wiki\/Door_handle\" target=\"_blank\" rel=\"noopener\">klamka<\/a> firma i producent z Chin. Nasz asortyment obejmuje materia\u0142y ze stop\u00f3w cynku, mosi\u0105dzu, stali nierdzewnej i aluminium. Zestawy klamek chromowanych i czarnych s\u0105 bardzo popularne w drzwiach wewn\u0119trznych, tymczasem klamka ze stali nierdzewnej jest mile widziana w zastosowaniach komercyjnych. Podczas produkcji, polerowanie i galwanizacja maj\u0105 najwi\u0119kszy wp\u0142yw na JAKO\u015a\u0106. Jako profesjonalny producent i dostawca zamk\u00f3w do drzwi wykonujemy dok\u0142adne polerowanie r\u0119cznie i automatycznie. W przypadku powierzchniowej warstwy galwanicznej nasze produkty zachowuj\u0105 ponad 72 godziny podczas testu w komorze solnej. Dlatego nasz artystyczny projekt i przemy\u015blana obs\u0142uga sprawiaj\u0105, \u017ce jeste\u015bmy jedn\u0105 z najlepszych firm zajmuj\u0105cych si\u0119 klamkami do drzwi w Chinach.<\/p>\n<h2 style=\"text-align: left;\">Co to jest klamka do drzwi?<\/h2>\n<p>Klamka lub klamka to narz\u0119dzie u\u017cywane do otwierania lub zamykania drzwi. mo\u017cna go znale\u017a\u0107 na wszystkich typach drzwi, w tym drzwiach zewn\u0119trznych i wewn\u0119trznych do budynk\u00f3w mieszkalnych i komercyjnych. Poza tym musi zawiera\u0107 mechanizmy zatrzaskowe lub blokuj\u0105ce. Takich jak korpus zamka wpuszczanego i cylinder zamka drzwi.<\/p>\n<p>&nbsp;<\/p>\n<p><img fetchpriority=\"high\" decoding=\"async\" class=\"wp-image-938 aligncenter\" src=\"https:\/\/amthy.com\/wp-content\/uploads\/2021\/05\/Design_PC-300x187.jpg\" alt=\"Dostawca mosi\u0119\u017cnych klamek\" width=\"419\" height=\"261\" title=\"\" srcset=\"https:\/\/amthy.com\/wp-content\/uploads\/2021\/05\/Design_PC-300x187.jpg 300w, https:\/\/amthy.com\/wp-content\/uploads\/2021\/05\/Design_PC-600x374.jpg 600w, https:\/\/amthy.com\/wp-content\/uploads\/2021\/05\/Design_PC-768x478.jpg 768w, https:\/\/amthy.com\/wp-content\/uploads\/2021\/05\/Design_PC.jpg 928w\" sizes=\"(max-width: 419px) 100vw, 419px\" \/><\/p>\n<h2>Dlaczego my? (Dostawca mosi\u0119\u017cnych klamek do drzwi)<\/h2>\n<h3><strong>\u221aNiezawodna jako\u015b\u0107<\/strong><\/h3>\n<ul>\n<li>Profesjonalny zesp\u00f3\u0142 QC nadzoruje ca\u0142\u0105 produkcj\u0119<\/li>\n<li>\u015acis\u0142a selekcja wsp\u00f3\u0142pracuj\u0105cych partner\u00f3w<\/li>\n<\/ul>\n<h3><strong>\u221aKonkurencyjna cena<\/strong><\/h3>\n<ul>\n<li>Surowiec w magazynie 3 miesi\u0105ce, aby zmniejszy\u0107 ryzyko waha\u0144 ceny<\/li>\n<li>Automatyczny i zaawansowany sprz\u0119t zmniejsza wysokie koszty pracy<\/li>\n<\/ul>\n<h3><strong>\u221aTrustful Service dla ponad 20 kraj\u00f3w.<\/strong><\/h3>\n<ul>\n<li>Us\u0142uga ODM\/OEM<\/li>\n<li>Odpowiedzialna obs\u0142uga posprzeda\u017cna<\/li>\n<\/ul>\n<p>&nbsp;<\/p>","protected":false},"excerpt":{"rendered":"<p>Klamki do drzwi mo\u017cna dostosowa\u0107 za pomoc\u0105 innego wyko\u0144czenia powierzchni i innego wrzeciona do r\u00f3\u017cnych drzwi.<\/p>\n<ul>\n<li><strong>Kod produktu:<\/strong> AM-816<\/li>\n<li><strong>Materia\u0142:<\/strong> Stop mosi\u0105dz\/cynk<\/li>\n<li><strong>Marka:<\/strong> Dost\u0119pny ODM<\/li>\n<li><strong>Powierzchnia:<\/strong> Chrom CP, Satynowy Chrom SC, Polerowany Mosi\u0105dz PB, Stain Brass SB, Polerowany Nikiel PN, Satynowy Nikiel SN, Antyczny Mosi\u0105dz AB, Olej przetarty br\u0105z ORB, Czarny BL<\/li>\n<li><strong>Akcesoria:<\/strong>Wrzeciono 7,6 mm x 7,6 mm x 100 mm x 1 szt. + \u015aruba M3,8 x 30 mm x 4 szt. + Klucz imbusowy 2,5 mm x 1 szt.<\/li>\n<li><strong>Podanie:<\/strong> Drewniane\/Metalowe, Drzwi Wewn\u0119trzne\/Wej\u015bciowe, (35-50mm)<\/li>\n<\/ul>\n<p>&nbsp;<\/p>","protected":false},"featured_media":796,"template":"","meta":{"nf_dc_page":""},"product_brand":[],"product_cat":[26,33],"product_tag":[28,29],"class_list":{"0":"post-1341","1":"product","2":"type-product","3":"status-publish","4":"has-post-thumbnail","6":"product_cat-door-handle-manufacturer","7":"product_cat-brass-door-handle","8":"product_tag-door-handle","9":"product_tag-door-knob","11":"first","12":"instock","13":"shipping-taxable","14":"product-type-simple"},"_links":{"self":[{"href":"https:\/\/amthy.com\/pl\/wp-json\/wp\/v2\/product\/1341","targetHints":{"allow":["GET"]}}],"collection":[{"href":"https:\/\/amthy.com\/pl\/wp-json\/wp\/v2\/product"}],"about":[{"href":"https:\/\/amthy.com\/pl\/wp-json\/wp\/v2\/types\/product"}],"wp:featuredmedia":[{"embeddable":true,"href":"https:\/\/amthy.com\/pl\/wp-json\/wp\/v2\/media\/796"}],"wp:attachment":[{"href":"https:\/\/amthy.com\/pl\/wp-json\/wp\/v2\/media?parent=1341"}],"wp:term":[{"taxonomy":"product_brand","embeddable":true,"href":"https:\/\/amthy.com\/pl\/wp-json\/wp\/v2\/product_brand?post=1341"},{"taxonomy":"product_cat","embeddable":true,"href":"https:\/\/amthy.com\/pl\/wp-json\/wp\/v2\/product_cat?post=1341"},{"taxonomy":"product_tag","embeddable":true,"href":"https:\/\/amthy.com\/pl\/wp-json\/wp\/v2\/product_tag?post=1341"}],"curies":[{"name":"wp","href":"https:\/\/api.w.org\/{rel}","templated":true}]}}