{"id":1364,"date":"2021-05-12T20:15:37","date_gmt":"2021-05-12T12:15:37","guid":{"rendered":"https:\/\/amthy.com\/?post_type=product&#038;p=1364"},"modified":"2022-10-14T15:55:48","modified_gmt":"2022-10-14T07:55:48","slug":"mortise-handle-manufacturer","status":"publish","type":"product","link":"https:\/\/amthy.com\/pl\/product\/mortise-handle-manufacturer\/","title":{"rendered":"Producent klamek wpuszczanych |Bezkluczowy zamek"},"content":{"rendered":"<h2>Kim jeste\u015bmy?<\/h2>\n<p style=\"text-align: left;\">Amthy to oryginalny producent uchwyt\u00f3w wpuszczanych z Chin. Nasz asortyment produkt\u00f3w obejmuje stop cynku, mosi\u0105dz, stal nierdzewn\u0105 i aluminium. Zestawy chromowanych i czarnych klamek do drzwi s\u0105 bardzo popularne w przypadku drzwi wewn\u0119trznych, tymczasem klamka ze stali nierdzewnej jest mile widziana w zastosowaniach komercyjnych. Podczas produkcji polerowanie i galwanizacja maj\u0105 najwi\u0119kszy wp\u0142yw na JAKO\u015a\u0106. Jako profesjonalny producent i dostawca zamk\u00f3w do drzwi wykonujemy \u015bcis\u0142e polerowanie r\u0119cznie i automatycznie. W przypadku warstwy galwanicznej powierzchni nasze produkty utrzymuj\u0105 ponad 72 godziny podczas testu mg\u0142y solnej. Dlatego nasz artystyczny projekt i przemy\u015blana obs\u0142uga prowadz\u0105 nas do jednego z najlepszych producent\u00f3w uchwyt\u00f3w wpuszczanych w Chinach.<\/p>\n<h2 style=\"text-align: left;\">Co to jest klamka do drzwi?<\/h2>\n<p>Klamka lub klamka to narz\u0119dzie u\u017cywane do otwierania lub zamykania drzwi. mo\u017cna go znale\u017a\u0107 na wszystkich typach drzwi, w tym drzwiach zewn\u0119trznych i wewn\u0119trznych do budynk\u00f3w mieszkalnych i komercyjnych. Poza tym musi zawiera\u0107 mechanizmy zatrzaskowe lub blokuj\u0105ce. Takich jak korpus zamka wpuszczanego i cylinder zamka drzwi.<\/p>\n<h2>Dlaczego my? (Producent uchwytu wpuszczanego)<\/h2>\n<h3><strong>\u221aNiezawodna jako\u015b\u0107<\/strong><\/h3>\n<ul>\n<li>Profesjonalny zesp\u00f3\u0142 QC nadzoruje ca\u0142\u0105 rund\u0119 produkcji<\/li>\n<li>\u015acis\u0142a selekcja wsp\u00f3\u0142pracuj\u0105cych partner\u00f3w<\/li>\n<\/ul>\n<h3><strong>\u221aKonkurencyjna cena<\/strong><\/h3>\n<ul>\n<li>Surowiec w magazynie na 3 miesi\u0105ce w celu zmniejszenia ryzyka waha\u0144 cen<\/li>\n<li>Automatyczny i zaawansowany sprz\u0119t zmniejsza wysokie koszty pracy<\/li>\n<\/ul>\n<h3><strong>\u221aTrustful Service dla ponad 20 kraj\u00f3w.<\/strong><\/h3>\n<ul>\n<li>Us\u0142uga ODM\/OEM<\/li>\n<li>Odpowiedzialna obs\u0142uga posprzeda\u017cna<\/li>\n<\/ul>\n<p>&nbsp;<\/p>","protected":false},"excerpt":{"rendered":"<p>System klamek bez klucza z korpusem zamka magnetycznego, koniec z kluczami<\/p>\n<ul>\n<li><strong>Kod produktu:<\/strong> AM-003<\/li>\n<li><strong>Materia\u0142:<\/strong> Stop cynkowy<\/li>\n<li><strong>Marka:<\/strong> Dost\u0119pny ODM<\/li>\n<li><strong>Powierzchnia:<\/strong> Chrom CP, Satynowy Chrom SC, Polerowany Mosi\u0105dz PB, Stain Brass SB, Polerowany Nikiel PN, Satynowy Nikiel SN, Antyczny Mosi\u0105dz AB, Olej przetarty br\u0105z ORB, Czarny BL<\/li>\n<li><strong>Akcesoria:<\/strong>Wrzeciono 7,6 mm x 7,6 mm x 100 mm x 1 szt. + \u015aruba M3,8 x 30 mm x 4 szt. + Klucz imbusowy 2,5 mm x 1 szt.<\/li>\n<li><strong>Podanie:<\/strong> Drewniane\/Metalowe, Drzwi Wewn\u0119trzne\/Wej\u015bciowe, (35-50mm)<\/li>\n<\/ul>\n<p>&nbsp;<\/p>","protected":false},"featured_media":1365,"template":"","meta":{"nf_dc_page":""},"product_brand":[],"product_cat":[26,31],"product_tag":[28,29],"class_list":{"0":"post-1364","1":"product","2":"type-product","3":"status-publish","4":"has-post-thumbnail","6":"product_cat-door-handle-manufacturer","7":"product_cat-zinc-alloy-door-handle","8":"product_tag-door-handle","9":"product_tag-door-knob","11":"first","12":"instock","13":"shipping-taxable","14":"product-type-simple"},"_links":{"self":[{"href":"https:\/\/amthy.com\/pl\/wp-json\/wp\/v2\/product\/1364","targetHints":{"allow":["GET"]}}],"collection":[{"href":"https:\/\/amthy.com\/pl\/wp-json\/wp\/v2\/product"}],"about":[{"href":"https:\/\/amthy.com\/pl\/wp-json\/wp\/v2\/types\/product"}],"wp:featuredmedia":[{"embeddable":true,"href":"https:\/\/amthy.com\/pl\/wp-json\/wp\/v2\/media\/1365"}],"wp:attachment":[{"href":"https:\/\/amthy.com\/pl\/wp-json\/wp\/v2\/media?parent=1364"}],"wp:term":[{"taxonomy":"product_brand","embeddable":true,"href":"https:\/\/amthy.com\/pl\/wp-json\/wp\/v2\/product_brand?post=1364"},{"taxonomy":"product_cat","embeddable":true,"href":"https:\/\/amthy.com\/pl\/wp-json\/wp\/v2\/product_cat?post=1364"},{"taxonomy":"product_tag","embeddable":true,"href":"https:\/\/amthy.com\/pl\/wp-json\/wp\/v2\/product_tag?post=1364"}],"curies":[{"name":"wp","href":"https:\/\/api.w.org\/{rel}","templated":true}]}}