{"id":1372,"date":"2021-05-12T20:42:00","date_gmt":"2021-05-12T12:42:00","guid":{"rendered":"https:\/\/amthy.com\/?post_type=product&#038;p=1372"},"modified":"2021-10-19T17:11:17","modified_gmt":"2021-10-19T09:11:17","slug":"stainless-steel-door-handle-manufacturer","status":"publish","type":"product","link":"https:\/\/amthy.com\/pl\/product\/stainless-steel-door-handle-manufacturer\/","title":{"rendered":"Klamka ze stali nierdzewnej AM-SS01"},"content":{"rendered":"<h2>Kim jeste\u015bmy? (producent klamek ze stali nierdzewnej)<\/h2>\n<p style=\"text-align: left;\">Amthy to firma i producent klamek do drzwi z Chin. Nasz asortyment produkt\u00f3w obejmuje stop cynku, mosi\u0105dz, stal nierdzewn\u0105 i aluminium. Zestawy chromowanych i czarnych klamek do drzwi s\u0105 bardzo popularne w przypadku drzwi wewn\u0119trznych, tymczasem klamka ze stali nierdzewnej jest mile widziana w zastosowaniach komercyjnych. Podczas produkcji polerowanie i galwanizacja maj\u0105 najwi\u0119kszy wp\u0142yw na JAKO\u015a\u0106. Jako profesjonalny producent i dostawca zamk\u00f3w do drzwi wykonujemy \u015bcis\u0142e polerowanie r\u0119cznie i automatycznie. W przypadku warstwy galwanicznej powierzchni nasze produkty utrzymuj\u0105 ponad 72 godziny podczas testu mg\u0142y solnej. Dlatego nasz artystyczny projekt i przemy\u015blana obs\u0142uga sprawiaj\u0105, \u017ce jeste\u015bmy jedn\u0105 z najlepszych firm zajmuj\u0105cych si\u0119 klamkami do drzwi w Chinach. <a href=\"https:\/\/amthy.com\/wp-content\/uploads\/2021\/09\/AMTHY-Stainless-Steel.pdf\">klamka do drzwi ze stali nierdzewnej<\/a> producent<\/p>\n<h2 style=\"text-align: left;\">Co to jest klamka do drzwi?<\/h2>\n<p>A <a href=\"https:\/\/en.wikipedia.org\/wiki\/Door_handle\" target=\"_blank\" rel=\"noopener\">klamka<\/a> lub klamka to narz\u0119dzie s\u0142u\u017c\u0105ce do otwierania lub zamykania drzwi. mo\u017cna go znale\u017a\u0107 na wszystkich typach drzwi, w tym drzwiach zewn\u0119trznych i wewn\u0119trznych do budynk\u00f3w mieszkalnych i komercyjnych. Poza tym musi zawiera\u0107 mechanizmy zatrzaskowe lub blokuj\u0105ce. Takich jak korpus zamka wpuszczanego i cylinder zamka drzwi. producent klamek do drzwi ze stali nierdzewnej<\/p>\n<h2>Dlaczego my?<\/h2>\n<h3><strong>\u221aNiezawodna jako\u015b\u0107<\/strong><\/h3>\n<ul>\n<li>Profesjonalny zesp\u00f3\u0142 QC nadzoruje ca\u0142\u0105 produkcj\u0119<\/li>\n<li>\u015acis\u0142a selekcja wsp\u00f3\u0142pracuj\u0105cych partner\u00f3w<\/li>\n<\/ul>\n<h3><strong>\u221aKonkurencyjna cena<\/strong><\/h3>\n<ul>\n<li>Surowiec w magazynie 3 miesi\u0105ce, aby zmniejszy\u0107 ryzyko waha\u0144 ceny<\/li>\n<li>Automatyczny i zaawansowany sprz\u0119t zmniejsza wysokie koszty pracy<\/li>\n<\/ul>\n<h3><strong>\u221aTrustful Service dla ponad 20 kraj\u00f3w.<\/strong><\/h3>\n<ul>\n<li>Us\u0142uga ODM\/OEM<\/li>\n<li>Odpowiedzialna obs\u0142uga posprzeda\u017cna<\/li>\n<\/ul>\n<p>&nbsp;<\/p>\n<p>&nbsp;<\/p>","protected":false},"excerpt":{"rendered":"<p>Klamki do drzwi mo\u017cna dostosowa\u0107 za pomoc\u0105 innego wyko\u0144czenia powierzchni i innego wrzeciona do r\u00f3\u017cnych drzwi.<\/p>\n<ul>\n<li><strong>Kod produktu:<\/strong> AM-SS01<\/li>\n<li><strong>Materia\u0142:<\/strong> Stal nierdzewna 201\/304<\/li>\n<li><strong>Marka:<\/strong> Dost\u0119pny ODM<\/li>\n<li><b>\u015arednica rury:<\/b>18\/22mm<\/li>\n<li><strong>Akcesoria:<\/strong>Wrzeciono 7,6 mm x 7,6 mm x 100 mm x 1 szt. + \u015aruba M3,8 x 30 mm x 4 szt. + Klucz imbusowy 2,5 mm x 1 szt.<\/li>\n<li><strong>Podanie:<\/strong> Drzwi awaryjne\/przej\u015bciowe (35-50mm)<\/li>\n<li><strong>Ogniotrwa\u0142y<\/strong>: TAK<\/li>\n<\/ul>","protected":false},"featured_media":1387,"template":"","meta":{"nf_dc_page":""},"product_brand":[],"product_cat":[26,32],"product_tag":[28,29],"class_list":{"0":"post-1372","1":"product","2":"type-product","3":"status-publish","4":"has-post-thumbnail","6":"product_cat-door-handle-manufacturer","7":"product_cat-stainless-steel-handle-manufacturer","8":"product_tag-door-handle","9":"product_tag-door-knob","11":"first","12":"instock","13":"shipping-taxable","14":"product-type-simple"},"_links":{"self":[{"href":"https:\/\/amthy.com\/pl\/wp-json\/wp\/v2\/product\/1372","targetHints":{"allow":["GET"]}}],"collection":[{"href":"https:\/\/amthy.com\/pl\/wp-json\/wp\/v2\/product"}],"about":[{"href":"https:\/\/amthy.com\/pl\/wp-json\/wp\/v2\/types\/product"}],"wp:featuredmedia":[{"embeddable":true,"href":"https:\/\/amthy.com\/pl\/wp-json\/wp\/v2\/media\/1387"}],"wp:attachment":[{"href":"https:\/\/amthy.com\/pl\/wp-json\/wp\/v2\/media?parent=1372"}],"wp:term":[{"taxonomy":"product_brand","embeddable":true,"href":"https:\/\/amthy.com\/pl\/wp-json\/wp\/v2\/product_brand?post=1372"},{"taxonomy":"product_cat","embeddable":true,"href":"https:\/\/amthy.com\/pl\/wp-json\/wp\/v2\/product_cat?post=1372"},{"taxonomy":"product_tag","embeddable":true,"href":"https:\/\/amthy.com\/pl\/wp-json\/wp\/v2\/product_tag?post=1372"}],"curies":[{"name":"wp","href":"https:\/\/api.w.org\/{rel}","templated":true}]}}