{"id":1531,"date":"2021-05-15T21:28:11","date_gmt":"2021-05-15T13:28:11","guid":{"rendered":"https:\/\/amthy.com\/?post_type=product&#038;p=1531"},"modified":"2021-11-13T13:08:47","modified_gmt":"2021-11-13T05:08:47","slug":"wafer-cylinder-manufacturer","status":"publish","type":"product","link":"https:\/\/amthy.com\/pl\/product\/wafer-cylinder-manufacturer\/","title":{"rendered":"Producent cylindra zamka Europrofil W500"},"content":{"rendered":"<h2>Kim jeste\u015bmy?<\/h2>\n<p style=\"text-align: left;\">Amthy to cylinder waflowy o profilu europejskim <a href=\"https:\/\/amthy.com\/pl\/product-category\/lock-cylinder\/\">Producent\u00a0<\/a>i dostawca z Chin. Oferujemy normalne <a href=\"https:\/\/en.wikipedia.org\/wiki\/Pin_tumbler_lock\" target=\"_blank\" rel=\"noopener\">cylindry<\/a> do drzwi wewn\u0119trznych i wk\u0142adki o wysokim stopniu bezpiecze\u0144stwa do drzwi zewn\u0119trznych. B\u0119d\u0105c jednym z trzech najwi\u0119kszych producent\u00f3w cylindr\u00f3w, 95.9% automatyczne lub p\u00f3\u0142automatyczne urz\u0105dzenie zosta\u0142o przyj\u0119te w celu zast\u0105pienia pracy r\u0119cznej, obni\u017cenia koszt\u00f3w i zwi\u0119kszenia wydajno\u015bci. <span style=\"color: #ff0000;\"><span style=\"color: #000000;\">W konsekwencji, <\/span><\/span>Mniejsze koszty pracy zawsze oznaczaj\u0105 bardziej konkurencyjn\u0105 i atrakcyjn\u0105 cen\u0119. Dzi\u0119ki powy\u017cszym korzy\u015bciom, <em>Jeste\u015bmy teraz gotowi <a href=\"https:\/\/www.youtube.com\/watch?v=9Lw0FD68w1c\" target=\"_blank\" rel=\"noopener\">ujawnij i podziel si\u0119 kosztami<\/a> normalnych butli z kupuj\u0105cymi<\/em>,<span style=\"color: #ff0000;\"> <span style=\"color: #000000;\">to znaczy, otrzymasz przejrzyst\u0105 kompozycj\u0119 ceny jednostkowej, kt\u00f3ra obejmuje nasz czysty zysk 10%<\/span><\/span><span style=\"color: #ff0000;\"><span style=\"color: #000000;\">. <\/span><\/span>Tymczasem nasz zesp\u00f3\u0142 badawczo-rozwojowy opracowuje<em> Serie S1000, S2000 i S3000<\/em> wk\u0142adek b\u0119benkowych do zamk\u00f3w o profilu euro o wysokim poziomie bezpiecze\u0144stwa, spe\u0142niaj\u0105cych wy\u017csze wymagania rynku. Ekskluzywna technologia \u0142\u0105czenia wafli i szpilek znacznie zwi\u0119ksza poziom bezpiecze\u0144stwa. Co wi\u0119cej, producent butli waflowych o profilu europejskim powinien zawsze wykonywa\u0107 prace dla g\u0142\u00f3wnej troski kupuj\u0105cego.<\/p>\n<p>&nbsp;<\/p>\n<h2 style=\"text-align: left;\">Co to jest producent cylindra waflowego Europrofile?<\/h2>\n<p><em><i>Cylinder zamka to element zamka, kt\u00f3ry utrzymuje zatyczk\u0119, si\u0142ownik i elementy blokuj\u0105ce, mo\u017ce by\u0107 wykonany z mosi\u0105dzu, stopu cynku, aluminium i stali nierdzewnej. Chocia\u017c najcz\u0119\u015bciej kojarzone s\u0105 z konstrukcjami pin-tumbler, cylindry s\u0105 u\u017cywane w wielu innych, takich jak wafel i blokad\u0119 dysku. Obraca si\u0119, aby nap\u0119dza\u0107 zatrzask zamka wpuszczanego i rygiel z dopasowanym kluczem.\u00a0<\/i><\/em>Cylinder zamka drzwi Europrofile to serce drzwi. Europrofile Wafer Cylinder to kubek do wafli wewn\u0105trz.<\/p>\n<p>&nbsp;<\/p>\n<p><img fetchpriority=\"high\" decoding=\"async\" class=\"wp-image-2135\" src=\"https:\/\/amthy.com\/wp-content\/uploads\/2021\/05\/Inner-Instruction-300x155.jpg\" alt=\"Producent butli waflowych\" width=\"534\" height=\"276\" title=\"\" srcset=\"https:\/\/amthy.com\/wp-content\/uploads\/2021\/05\/Inner-Instruction-300x155.jpg 300w, https:\/\/amthy.com\/wp-content\/uploads\/2021\/05\/Inner-Instruction-600x310.jpg 600w, https:\/\/amthy.com\/wp-content\/uploads\/2021\/05\/Inner-Instruction-1024x530.jpg 1024w, https:\/\/amthy.com\/wp-content\/uploads\/2021\/05\/Inner-Instruction-768x397.jpg 768w, https:\/\/amthy.com\/wp-content\/uploads\/2021\/05\/Inner-Instruction-18x9.jpg 18w, https:\/\/amthy.com\/wp-content\/uploads\/2021\/05\/Inner-Instruction.jpg 1156w\" sizes=\"(max-width: 534px) 100vw, 534px\" \/><\/p>\n<p>&nbsp;<\/p>\n<h2>Dlaczego my? (Producent cylindra waflowego Europrofil)<em>\u00a0AMTHY BEZPIECZE\u0143STWA<\/em>)<\/h2>\n<h3><strong>\u221aNiezawodna jako\u015b\u0107<\/strong><\/h3>\n<ul>\n<li>Profesjonalny zesp\u00f3\u0142 QC nadzoruje ca\u0142\u0105 produkcj\u0119<\/li>\n<li>\u015acis\u0142a selekcja wsp\u00f3\u0142pracuj\u0105cych partner\u00f3w<\/li>\n<\/ul>\n<h3><strong>\u221aKonkurencyjna cena<\/strong><\/h3>\n<ul>\n<li>Surowiec w magazynie 3 miesi\u0105ce, aby zmniejszy\u0107 ryzyko waha\u0144 ceny<\/li>\n<li>Automatyczny i zaawansowany sprz\u0119t zmniejsza wysokie koszty pracy<\/li>\n<\/ul>\n<h3><strong>\u221aTrustful Service dla ponad 20 kraj\u00f3w.<\/strong><\/h3>\n<ul>\n<li>Us\u0142uga ODM\/OEM<\/li>\n<li>Odpowiedzialna obs\u0142uga posprzeda\u017cna<\/li>\n<\/ul>\n<p>&nbsp;<\/p>","protected":false},"excerpt":{"rendered":"<p>&nbsp;<\/p>\n<ul>\n<li><strong>Kod produktu:<\/strong> W500<\/li>\n<li><strong>Mechanizm blokady:<\/strong> Kubek do wafli<\/li>\n<li><strong>Materia\u0142 cia\u0142a<\/strong><strong>:<\/strong> Mosi\u0105dz<\/li>\n<li><strong>Materia\u0142 wtyczki<\/strong><strong>:<\/strong> Mosi\u0105dz<\/li>\n<li><strong>Marka:<\/strong> Dost\u0119pny ODM<\/li>\n<li><b>Typ profilu: <\/b>Euro<\/li>\n<li><strong>Rozmiar profilu:<\/strong>17*33*10mm<\/li>\n<li><strong>Klucz:<\/strong> Mosi\u0119\u017cny wpust podw\u00f3jny \u201eS\u201d<\/li>\n<li><strong>Akcesoria:<\/strong>\u015aruby 55mm<\/li>\n<li><strong>Podanie:<\/strong> Drzwi drewniane\/UPVC\/bezpieczne<\/li>\n<li><strong>System klucza g\u0142\u00f3wnego:<\/strong> Dost\u0119pny<\/li>\n<li><strong>Kluczowy system:<\/strong> Dost\u0119pny<\/li>\n<li><strong>Funkcja zapobiegaj\u0105ca wierceniu<\/strong>: Dost\u0119pny<\/li>\n<li><strong>Funkcja zapobiegaj\u0105ca zatrzaskiwaniu: <\/strong>Dost\u0119pny<\/li>\n<li><strong><strong>EN1303 2005 Klasyfikacja:<\/strong><\/strong><br \/>\n<table>\n<tbody>\n<tr>\n<td>1<\/td>\n<td>6<\/td>\n<td>0<\/td>\n<td>1<\/td>\n<td>0<\/td>\n<td>C<\/td>\n<td>5<\/td>\n<td>2<\/td>\n<\/tr>\n<\/tbody>\n<\/table>\n<\/li>\n<li><strong>Sko\u0144czy\u0107: <\/strong>Mosi\u0105dz polerowany (BP) \/ Niklowany (NP) \/ Nikiel satynowy (SN) \/ Chromowany (CP) \/ Antyczny mosi\u0105dz (AB)<\/li>\n<\/ul>\n<p>&nbsp;<\/p>","protected":false},"featured_media":1527,"template":"","meta":[],"product_brand":[],"product_cat":[25],"product_tag":[34,35],"class_list":{"0":"post-1531","1":"product","2":"type-product","3":"status-publish","4":"has-post-thumbnail","6":"product_cat-euro-profile-cylinder-manufacturer","7":"product_tag-door-cylinder","8":"product_tag-europrofile","10":"first","11":"instock","12":"shipping-taxable","13":"product-type-simple"},"_links":{"self":[{"href":"https:\/\/amthy.com\/pl\/wp-json\/wp\/v2\/product\/1531","targetHints":{"allow":["GET"]}}],"collection":[{"href":"https:\/\/amthy.com\/pl\/wp-json\/wp\/v2\/product"}],"about":[{"href":"https:\/\/amthy.com\/pl\/wp-json\/wp\/v2\/types\/product"}],"wp:featuredmedia":[{"embeddable":true,"href":"https:\/\/amthy.com\/pl\/wp-json\/wp\/v2\/media\/1527"}],"wp:attachment":[{"href":"https:\/\/amthy.com\/pl\/wp-json\/wp\/v2\/media?parent=1531"}],"wp:term":[{"taxonomy":"product_brand","embeddable":true,"href":"https:\/\/amthy.com\/pl\/wp-json\/wp\/v2\/product_brand?post=1531"},{"taxonomy":"product_cat","embeddable":true,"href":"https:\/\/amthy.com\/pl\/wp-json\/wp\/v2\/product_cat?post=1531"},{"taxonomy":"product_tag","embeddable":true,"href":"https:\/\/amthy.com\/pl\/wp-json\/wp\/v2\/product_tag?post=1531"}],"curies":[{"name":"wp","href":"https:\/\/api.w.org\/{rel}","templated":true}]}}