{"id":1879,"date":"2021-08-29T19:08:10","date_gmt":"2021-08-29T11:08:10","guid":{"rendered":"https:\/\/amthy.com\/?post_type=product&#038;p=1879"},"modified":"2023-05-26T19:51:48","modified_gmt":"2023-05-26T11:51:48","slug":"smart-lock-manufacturer-am-700","status":"publish","type":"product","link":"https:\/\/amthy.com\/pl\/product\/smart-lock-manufacturer-am-700\/","title":{"rendered":"Inteligentny zamek AM-700"},"content":{"rendered":"<p>AMTHY 700 to inteligentny zamek do drzwi, kt\u00f3ry zapewnia pe\u0142n\u0105 kontrol\u0119 nad bezpiecze\u0144stwem domu, zapewniaj\u0105c jednocze\u015bnie ca\u0142kowity spok\u00f3j ducha. Korzystaj z r\u00f3\u017cnych sposob\u00f3w, aby uzyska\u0107 dost\u0119p do swojego domu, niezale\u017cnie od tego, czy jest to kod PIN czy klucz mechaniczny. Nie musisz si\u0119 martwi\u0107, \u017ce masz przy sobie klucze. Wszystko czego potrzebujesz to kod PIN, mo\u017cesz z \u0142atwo\u015bci\u0105 otworzy\u0107 drzwi. Bezpo\u015bredni biznes od producenta inteligentnych wk\u0142adek do drzwi. smart-lock-producent-am-700.<a href=\"https:\/\/en.wikipedia.org\/wiki\/Lock\" target=\"_blank\" rel=\"noopener\">Zamek<\/a> oraz <a href=\"https:\/\/amthy.com\/pl\/product-category\/smart-lock\/\">Inteligentny cylinder drzwi<\/a><\/p>\n<h2>\u0141atwo uaktualnij istniej\u0105cy zamek:<\/h2>\n<p>Przyjazny dla majsterkowicz\u00f3w i \u0142atwy do zainstalowania w miejsce dotychczasowej wk\u0142adki i klamki. Wszystko czego potrzebujesz to \u015brubokr\u0119t krzy\u017cakowy i ta\u015bma miernicza.<\/p>\n<h2><strong>Cechy i zalety:<\/strong><\/h2>\n<ul>\n<li>Keyless \u2013 daje swobod\u0119 zabezpieczenia domu bez konieczno\u015bci posiadania klucza<\/li>\n<li>Prosty w monta\u017cu \u2013 Nadaje si\u0119 do wi\u0119kszo\u015bci drzwi z PVC i kompozytu, wymagany \u015brubokr\u0119t<\/li>\n<li>\u0141atwy dost\u0119p - dost\u0119pnych jest 50 zestaw\u00f3w kodu PIN sk\u0142adaj\u0105cego si\u0119 z 4-8 cyfr.<\/li>\n<li>Zasilanie bateryjne \u2013 4 baterie AA<\/li>\n<li>Nadaje si\u0119 do drzwi o grubo\u015bci od 35 do 55 mm<\/li>\n<li>Dost\u0119pny w wielu wyko\u0144czeniach \u2014 w tym czarnym i srebrnym<\/li>\n<\/ul>\n<h2>Dlaczego my? (Dostawca cylindra do drzwi antyw\u0142amaniowych o profilu euro) <em>AMTHY BEZPIECZE\u0143STWA<\/em>)<\/h2>\n<h3><strong>\u221aNiezawodna jako\u015b\u0107 (producent Smart Lock AM-700)<\/strong><\/h3>\n<ul>\n<li>Profesjonalny zesp\u00f3\u0142 QC nadzoruje ca\u0142\u0105 produkcj\u0119<\/li>\n<li>\u015acis\u0142a selekcja wsp\u00f3\u0142pracuj\u0105cych partner\u00f3w<\/li>\n<\/ul>\n<h3><strong>\u221aKonkurencyjna cena<\/strong><\/h3>\n<ul>\n<li>Surowiec w magazynie 3 miesi\u0105ce, aby zmniejszy\u0107 ryzyko waha\u0144 ceny<\/li>\n<li>Automatyczny i zaawansowany sprz\u0119t zmniejsza wysokie koszty pracy<\/li>\n<\/ul>\n<h3><strong>\u221aTrustful Service dla ponad 20 kraj\u00f3w.<\/strong><\/h3>\n<ul>\n<li>Us\u0142uga ODM\/OEM<\/li>\n<li>Odpowiedzialna obs\u0142uga posprzeda\u017cna<\/li>\n<\/ul>","protected":false},"excerpt":{"rendered":"<ul>\n<li><strong>Kod produktu:<\/strong> AM-700<\/li>\n<li><strong>Materia\u0142<\/strong><strong>:<\/strong> Stop cynkowy<\/li>\n<li><strong>Korpus zamka:<\/strong> Pojedynczy zatrzask<\/li>\n<li><strong>Pr\u0105d wsteczny<\/strong>: 60mm<\/li>\n<li><strong>Marka:<\/strong> Dost\u0119pny ODM<\/li>\n<li><strong>Podanie:<\/strong> Drzwi drewniane\/UPVC\/bezpieczne<\/li>\n<li><strong>Bateria<\/strong>: 4*AA<\/li>\n<li><strong>Grubo\u015b\u0107 drzwi:<\/strong>35-55mm<\/li>\n<li><b>Tryb odblokowania: <\/b>Kod dost\u0119pu\/klucz mechaniczny<\/li>\n<\/ul>","protected":false},"featured_media":1880,"template":"","meta":{"nf_dc_page":""},"product_brand":[],"product_cat":[55],"product_tag":[],"class_list":{"0":"post-1879","1":"product","2":"type-product","3":"status-publish","4":"has-post-thumbnail","6":"product_cat-smart-lock","8":"first","9":"instock","10":"shipping-taxable","11":"product-type-simple"},"_links":{"self":[{"href":"https:\/\/amthy.com\/pl\/wp-json\/wp\/v2\/product\/1879","targetHints":{"allow":["GET"]}}],"collection":[{"href":"https:\/\/amthy.com\/pl\/wp-json\/wp\/v2\/product"}],"about":[{"href":"https:\/\/amthy.com\/pl\/wp-json\/wp\/v2\/types\/product"}],"wp:featuredmedia":[{"embeddable":true,"href":"https:\/\/amthy.com\/pl\/wp-json\/wp\/v2\/media\/1880"}],"wp:attachment":[{"href":"https:\/\/amthy.com\/pl\/wp-json\/wp\/v2\/media?parent=1879"}],"wp:term":[{"taxonomy":"product_brand","embeddable":true,"href":"https:\/\/amthy.com\/pl\/wp-json\/wp\/v2\/product_brand?post=1879"},{"taxonomy":"product_cat","embeddable":true,"href":"https:\/\/amthy.com\/pl\/wp-json\/wp\/v2\/product_cat?post=1879"},{"taxonomy":"product_tag","embeddable":true,"href":"https:\/\/amthy.com\/pl\/wp-json\/wp\/v2\/product_tag?post=1879"}],"curies":[{"name":"wp","href":"https:\/\/api.w.org\/{rel}","templated":true}]}}