{"id":1885,"date":"2021-08-29T19:14:53","date_gmt":"2021-08-29T11:14:53","guid":{"rendered":"https:\/\/amthy.com\/?post_type=product&#038;p=1885"},"modified":"2023-05-26T19:51:39","modified_gmt":"2023-05-26T11:51:39","slug":"smart-lock-manufacturer-am-800","status":"publish","type":"product","link":"https:\/\/amthy.com\/pl\/product\/smart-lock-manufacturer-am-800\/","title":{"rendered":"Inteligentny zamek AM-800"},"content":{"rendered":"<p>&nbsp;<\/p>\n<p><img fetchpriority=\"high\" decoding=\"async\" class=\"wp-image-2034 aligncenter\" src=\"https:\/\/amthy.com\/wp-content\/uploads\/2021\/08\/AM400-300x35.jpg\" alt=\"Dostawca inteligentnych zamk\u00f3w\" width=\"1003\" height=\"117\" title=\"\" srcset=\"https:\/\/amthy.com\/wp-content\/uploads\/2021\/08\/AM400-300x35.jpg 300w, https:\/\/amthy.com\/wp-content\/uploads\/2021\/08\/AM400-600x71.jpg 600w, https:\/\/amthy.com\/wp-content\/uploads\/2021\/08\/AM400-1024x120.jpg 1024w, https:\/\/amthy.com\/wp-content\/uploads\/2021\/08\/AM400-768x90.jpg 768w, https:\/\/amthy.com\/wp-content\/uploads\/2021\/08\/AM400-1536x181.jpg 1536w, https:\/\/amthy.com\/wp-content\/uploads\/2021\/08\/AM400-2048x241.jpg 2048w, https:\/\/amthy.com\/wp-content\/uploads\/2021\/08\/AM400-18x2.jpg 18w\" sizes=\"(max-width: 1003px) 100vw, 1003px\" \/><\/p>\n<p><iframe title=\"Inteligentny zamek AM 800| Najlepszy inteligentny zamek rygluj\u0105cy w 2021 r.\" width=\"1435\" height=\"807\" src=\"https:\/\/www.youtube.com\/embed\/ExIn-r0rDro?feature=oembed\" frameborder=\"0\" allow=\"accelerometer; autoplay; clipboard-write; encrypted-media; gyroscope; picture-in-picture\" allowfullscreen><\/iframe><\/p>\n<p>AMTHY 800 to inteligentny zamek do drzwi, kt\u00f3ry zapewnia pe\u0142n\u0105 kontrol\u0119 nad bezpiecze\u0144stwem domu, zapewniaj\u0105c jednocze\u015bnie ca\u0142kowity spok\u00f3j ducha. Korzystaj z r\u00f3\u017cnych sposob\u00f3w, aby uzyska\u0107 dost\u0119p do swojego domu, niezale\u017cnie od tego, czy jest to odcisk palca, telefon Bluetooth, czy modu\u0142 Wi-Fi do zdalnego sterowania. Dzi\u0119ki cyfrowemu zamkowi AMTHY mo\u017cesz wysy\u0142a\u0107 u\u017cytkownikom wirtualne klucze, aby przyjaciele i rodzina mogli uzyska\u0107 dost\u0119p do Twojego domu, gdy nie ma Ci\u0119 w pobli\u017cu. Po uzyskaniu dost\u0119pu mo\u017cesz zarz\u0105dza\u0107 tym, kto mo\u017ce wej\u015b\u0107 do Twojej nieruchomo\u015bci, wy\u0142\u0105czaj\u0105c lub usuwaj\u0105c u\u017cytkownik\u00f3w za pomoc\u0105 aplikacji telefonu. Wirtualne klucze mo\u017cna zaplanowa\u0107 lub ustawi\u0107 na sta\u0142e, aby uzyska\u0107 pe\u0142n\u0105 kontrol\u0119 nad domem lub posiad\u0142o\u015bci\u0105. Mo\u017cesz tak\u017ce monitorowa\u0107, kto przychodzi, a kto odchodzi, dzi\u0119ki czemu b\u0119dziesz wiedzia\u0142, kiedy Twoi bliscy bezpiecznie wr\u00f3c\u0105 do domu. Mo\u017cesz nawet otrzyma\u0107 powiadomienie, gdy kto\u015b wr\u00f3ci do domu. Nie musisz si\u0119 martwi\u0107, \u017ce masz przy sobie klucze. Wszystko czego potrzebujesz to smartfon i jednym dotkni\u0119ciem z \u0142atwo\u015bci\u0105 odblokujesz drzwi. Urz\u0105dzenie wykorzystuje szyfrowan\u0105 inteligentn\u0105 technologi\u0119 Bluetooth, dzi\u0119ki czemu inteligentny zamek nie jest zale\u017cny od odbioru sieci. Spraw, aby Tw\u00f3j inteligentny zamek by\u0142 jeszcze inteligentniejszy, pod\u0142\u0105czaj\u0105c jeden z naszych modu\u0142\u00f3w zamka. Bezpo\u015bredni biznes od producenta inteligentnych wk\u0142adek do drzwi. <a href=\"https:\/\/en.wikipedia.org\/wiki\/Lock\" target=\"_blank\" rel=\"noopener\">Zamek<\/a> oraz <a href=\"https:\/\/amthy.com\/pl\/product-category\/smart-lock\/\">Producent inteligentnych zamk\u00f3w AM-800<\/a><\/p>\n<p><img decoding=\"async\" class=\"wp-image-2042 aligncenter\" src=\"https:\/\/amthy.com\/wp-content\/uploads\/2021\/08\/13719413601_1312227755-300x149.jpg\" alt=\"Dostawca inteligentnych zamk\u00f3w\" width=\"1005\" height=\"499\" title=\"\" srcset=\"https:\/\/amthy.com\/wp-content\/uploads\/2021\/08\/13719413601_1312227755-300x149.jpg 300w, https:\/\/amthy.com\/wp-content\/uploads\/2021\/08\/13719413601_1312227755-600x297.jpg 600w, https:\/\/amthy.com\/wp-content\/uploads\/2021\/08\/13719413601_1312227755-18x9.jpg 18w, https:\/\/amthy.com\/wp-content\/uploads\/2021\/08\/13719413601_1312227755.jpg 743w\" sizes=\"(max-width: 1005px) 100vw, 1005px\" \/><\/p>\n<p><img decoding=\"async\" class=\"wp-image-2043 aligncenter\" src=\"https:\/\/amthy.com\/wp-content\/uploads\/2021\/08\/13719428305_1312227755-300x179.jpg\" alt=\"Dostawca inteligentnych zamk\u00f3w\" width=\"1001\" height=\"597\" title=\"\" srcset=\"https:\/\/amthy.com\/wp-content\/uploads\/2021\/08\/13719428305_1312227755-300x179.jpg 300w, https:\/\/amthy.com\/wp-content\/uploads\/2021\/08\/13719428305_1312227755-600x357.jpg 600w, https:\/\/amthy.com\/wp-content\/uploads\/2021\/08\/13719428305_1312227755-18x12.jpg 18w, https:\/\/amthy.com\/wp-content\/uploads\/2021\/08\/13719428305_1312227755.jpg 746w\" sizes=\"(max-width: 1001px) 100vw, 1001px\" \/><\/p>\n<div class=\"mceTemp\"><\/div>\n<h2>Dlaczego my? (Dostawca cylindra do drzwi antyw\u0142amaniowych o profilu euro) <em>AMTHY BEZPIECZE\u0143STWA<\/em>)<\/h2>\n<h3><strong>\u221aNiezawodna jako\u015b\u0107 (producent Smart Lock AM-800)<\/strong><\/h3>\n<ul>\n<li>Profesjonalny zesp\u00f3\u0142 QC nadzoruje ca\u0142\u0105 produkcj\u0119<\/li>\n<li>\u015acis\u0142a selekcja wsp\u00f3\u0142pracuj\u0105cych partner\u00f3w<\/li>\n<\/ul>\n<h3><strong>\u221aKonkurencyjna cena<\/strong><\/h3>\n<ul>\n<li>Surowiec w magazynie 3 miesi\u0105ce, aby zmniejszy\u0107 ryzyko waha\u0144 ceny<\/li>\n<li>Automatyczny i zaawansowany sprz\u0119t zmniejsza wysokie koszty pracy<\/li>\n<\/ul>\n<h3><strong>\u221aTrustful Service dla ponad 20 kraj\u00f3w.<\/strong><\/h3>\n<ul>\n<li>Us\u0142uga ODM\/OEM<\/li>\n<li>Odpowiedzialna obs\u0142uga posprzeda\u017cna<\/li>\n<\/ul>","protected":false},"excerpt":{"rendered":"<ul>\n<li><strong>Kod produktu:<\/strong> AM-H100<\/li>\n<li><strong>Materia\u0142<\/strong><strong>:<\/strong> Stop cynkowy<\/li>\n<li><strong>Korpus zamka:<\/strong> Pojedynczy zatrzask<\/li>\n<li><strong>Pr\u0105d wsteczny<\/strong>: Regulacja 60-70mm<\/li>\n<li><strong>Marka:<\/strong> Dost\u0119pny ODM<\/li>\n<li><strong>Rozmiar panelu<\/strong>:58*154*35mm<\/li>\n<li><strong>Podanie:<\/strong> Drzwi drewniane\/UPVC\/bezpieczne<\/li>\n<li><strong>Bateria<\/strong>: 4*AA<\/li>\n<li><strong>Grubo\u015b\u0107 drzwi:<\/strong>40-70mm<\/li>\n<li><b>Tryb odblokowania: <\/b>Odcisk palca\/has\u0142o\/dow\u00f3d osobisty\/klucz mechaniczny\/Bluetooth<\/li>\n<\/ul>","protected":false},"featured_media":1894,"template":"","meta":{"nf_dc_page":""},"product_brand":[],"product_cat":[55],"product_tag":[],"class_list":{"0":"post-1885","1":"product","2":"type-product","3":"status-publish","4":"has-post-thumbnail","6":"product_cat-smart-lock","8":"first","9":"instock","10":"shipping-taxable","11":"product-type-simple"},"_links":{"self":[{"href":"https:\/\/amthy.com\/pl\/wp-json\/wp\/v2\/product\/1885","targetHints":{"allow":["GET"]}}],"collection":[{"href":"https:\/\/amthy.com\/pl\/wp-json\/wp\/v2\/product"}],"about":[{"href":"https:\/\/amthy.com\/pl\/wp-json\/wp\/v2\/types\/product"}],"wp:featuredmedia":[{"embeddable":true,"href":"https:\/\/amthy.com\/pl\/wp-json\/wp\/v2\/media\/1894"}],"wp:attachment":[{"href":"https:\/\/amthy.com\/pl\/wp-json\/wp\/v2\/media?parent=1885"}],"wp:term":[{"taxonomy":"product_brand","embeddable":true,"href":"https:\/\/amthy.com\/pl\/wp-json\/wp\/v2\/product_brand?post=1885"},{"taxonomy":"product_cat","embeddable":true,"href":"https:\/\/amthy.com\/pl\/wp-json\/wp\/v2\/product_cat?post=1885"},{"taxonomy":"product_tag","embeddable":true,"href":"https:\/\/amthy.com\/pl\/wp-json\/wp\/v2\/product_tag?post=1885"}],"curies":[{"name":"wp","href":"https:\/\/api.w.org\/{rel}","templated":true}]}}