{"id":1937,"date":"2021-08-31T16:46:30","date_gmt":"2021-08-31T08:46:30","guid":{"rendered":"https:\/\/amthy.com\/?post_type=product&#038;p=1937"},"modified":"2023-05-26T19:50:36","modified_gmt":"2023-05-26T11:50:36","slug":"smart-door-cylinder-manufacturer-am-200","status":"publish","type":"product","link":"https:\/\/amthy.com\/pl\/product\/smart-door-cylinder-manufacturer-am-200\/","title":{"rendered":"Inteligentny cylinder drzwi AM-200"},"content":{"rendered":"<p><img fetchpriority=\"high\" decoding=\"async\" class=\"alignnone wp-image-2019 aligncenter\" src=\"https:\/\/amthy.com\/wp-content\/uploads\/2021\/08\/AM20-300x41.jpg\" alt=\"Amty\" width=\"857\" height=\"117\" title=\"\" srcset=\"https:\/\/amthy.com\/wp-content\/uploads\/2021\/08\/AM20-300x41.jpg 300w, https:\/\/amthy.com\/wp-content\/uploads\/2021\/08\/AM20-600x81.jpg 600w, https:\/\/amthy.com\/wp-content\/uploads\/2021\/08\/AM20-1024x139.jpg 1024w, https:\/\/amthy.com\/wp-content\/uploads\/2021\/08\/AM20-768x104.jpg 768w, https:\/\/amthy.com\/wp-content\/uploads\/2021\/08\/AM20-1536x208.jpg 1536w, https:\/\/amthy.com\/wp-content\/uploads\/2021\/08\/AM20-2048x278.jpg 2048w, https:\/\/amthy.com\/wp-content\/uploads\/2021\/08\/AM20-18x2.jpg 18w\" sizes=\"(max-width: 857px) 100vw, 857px\" \/><\/p>\n<p><iframe title=\"Cylinder zamka inteligentnego| AM-200 to inteligentna blokada funkcji odblokowywania odcisk\u00f3w palc\u00f3w i aplikacji na telefon.\" width=\"1435\" height=\"807\" src=\"https:\/\/www.youtube.com\/embed\/yRCbSkD6CE8?feature=oembed\" frameborder=\"0\" allow=\"accelerometer; autoplay; clipboard-write; encrypted-media; gyroscope; picture-in-picture\" allowfullscreen><\/iframe><\/p>\n<p>AMTHY 200 to inteligentny zamek do drzwi, kt\u00f3ry zapewnia pe\u0142n\u0105 kontrol\u0119 nad bezpiecze\u0144stwem domu, zapewniaj\u0105c jednocze\u015bnie ca\u0142kowity spok\u00f3j ducha. Korzystaj z r\u00f3\u017cnych sposob\u00f3w, aby uzyska\u0107 dost\u0119p do swojego domu, niezale\u017cnie od tego, czy jest to odcisk palca, telefon Bluetooth, czy modu\u0142 Wi-Fi do zdalnego sterowania. Dzi\u0119ki cyfrowemu zamkowi AMTHY mo\u017cesz wysy\u0142a\u0107 u\u017cytkownikom wirtualne klucze, aby przyjaciele i rodzina mogli uzyska\u0107 dost\u0119p do Twojego domu, gdy nie ma Ci\u0119 w pobli\u017cu. Po uzyskaniu dost\u0119pu mo\u017cesz zarz\u0105dza\u0107 tym, kto mo\u017ce wej\u015b\u0107 do Twojej nieruchomo\u015bci, wy\u0142\u0105czaj\u0105c lub usuwaj\u0105c u\u017cytkownik\u00f3w za pomoc\u0105 aplikacji telefonu. Wirtualne klucze mo\u017cna zaplanowa\u0107 lub ustawi\u0107 na sta\u0142e, aby uzyska\u0107 pe\u0142n\u0105 kontrol\u0119 nad domem lub posiad\u0142o\u015bci\u0105. Mo\u017cesz tak\u017ce monitorowa\u0107, kto przychodzi, a kto odchodzi, dzi\u0119ki czemu b\u0119dziesz wiedzia\u0142, kiedy Twoi bliscy bezpiecznie wr\u00f3c\u0105 do domu. Mo\u017cesz nawet otrzyma\u0107 powiadomienie, gdy kto\u015b wr\u00f3ci do domu. Nie musisz si\u0119 martwi\u0107, \u017ce masz przy sobie klucze. Wszystko czego potrzebujesz to smartfon i jednym dotkni\u0119ciem z \u0142atwo\u015bci\u0105 odblokujesz drzwi. Urz\u0105dzenie wykorzystuje szyfrowan\u0105 inteligentn\u0105 technologi\u0119 Bluetooth, dzi\u0119ki czemu inteligentny zamek nie jest zale\u017cny od odbioru sieci. Spraw, aby Tw\u00f3j inteligentny zamek by\u0142 jeszcze inteligentniejszy, pod\u0142\u0105czaj\u0105c jeden z naszych modu\u0142\u00f3w zamka. Bezpo\u015bredni biznes od producenta inteligentnych wk\u0142adek do drzwi. <a href=\"https:\/\/en.wikipedia.org\/wiki\/Lock\" target=\"_blank\" rel=\"noopener\">Zamek<\/a> oraz <a href=\"https:\/\/amthy.com\/pl\/product-category\/smart-lock\/\">Inteligentny cylinder drzwi<\/a><\/p>\n<p><strong>Funkcje i korzy\u015bci (producent inteligentnych wk\u0142adek do drzwi):<\/strong><\/p>\n<ul>\n<li>Keyless \u2013 daje swobod\u0119 zabezpieczenia domu bez konieczno\u015bci posiadania klucza<\/li>\n<li>Prosty w monta\u017cu \u2013 Nadaje si\u0119 do wi\u0119kszo\u015bci drzwi z PVC i kompozytu, wymagany \u015brubokr\u0119t<\/li>\n<li>Prosty w monta\u017cu \u2013 <strong>Nie ma potrzeby zmiany pe\u0142nego zestawu blokady<\/strong> ale wymieniaj tylko cylinder bez uszkodzenia drzwi. \u0141atwa instalacja.<\/li>\n<li>Zasilany bateryjnie \u2013 3 baterie AAA, alarm sygnalizowany, gdy baterie si\u0119 wyczerpuj\u0105<\/li>\n<li>Nadaje si\u0119 do drzwi o grubo\u015bci od 60 do 100 mm<\/li>\n<li>Dost\u0119pny w wielu wyko\u0144czeniach \u2014 w tym czarnym i srebrnym<\/li>\n<\/ul>\n<p>&nbsp;<\/p>\n<hr \/>\n<p>&nbsp;<\/p>","protected":false},"excerpt":{"rendered":"<ul>\n<li><strong>Kod produktu:<\/strong> AM-200<\/li>\n<li><strong>Materia\u0142<\/strong><strong>:<\/strong> Mosi\u0105dz<\/li>\n<li><strong>Profil <\/strong>Rozmiar: 17*33*10mm<\/li>\n<li><strong>Marka:<\/strong> Dost\u0119pny ODM<\/li>\n<li><strong>Podanie:<\/strong> Drzwi drewniane\/UPVC\/bezpieczne<\/li>\n<li><strong>Bateria<\/strong>: Wbudowany litowy<\/li>\n<li><strong>Grubo\u015b\u0107 drzwi:<\/strong>60-100mm<\/li>\n<li><strong>Temperatura robocza:<\/strong>-20\u00baC do +55\u00baC<\/li>\n<li><strong>Wodoodporny:<\/strong>IP54<\/li>\n<li><b>Tryb odblokowania: <\/b><em>Odcisk palca\/Bluetooth\/pilot zdalnego sterowania za po\u015brednictwem modu\u0142u Wi-Fi<\/em><\/li>\n<\/ul>","protected":false},"featured_media":1938,"template":"","meta":[],"product_brand":[],"product_cat":[55,25],"product_tag":[],"class_list":{"0":"post-1937","1":"product","2":"type-product","3":"status-publish","4":"has-post-thumbnail","6":"product_cat-smart-lock","7":"product_cat-euro-profile-cylinder-manufacturer","9":"first","10":"instock","11":"shipping-taxable","12":"product-type-simple"},"_links":{"self":[{"href":"https:\/\/amthy.com\/pl\/wp-json\/wp\/v2\/product\/1937","targetHints":{"allow":["GET"]}}],"collection":[{"href":"https:\/\/amthy.com\/pl\/wp-json\/wp\/v2\/product"}],"about":[{"href":"https:\/\/amthy.com\/pl\/wp-json\/wp\/v2\/types\/product"}],"wp:featuredmedia":[{"embeddable":true,"href":"https:\/\/amthy.com\/pl\/wp-json\/wp\/v2\/media\/1938"}],"wp:attachment":[{"href":"https:\/\/amthy.com\/pl\/wp-json\/wp\/v2\/media?parent=1937"}],"wp:term":[{"taxonomy":"product_brand","embeddable":true,"href":"https:\/\/amthy.com\/pl\/wp-json\/wp\/v2\/product_brand?post=1937"},{"taxonomy":"product_cat","embeddable":true,"href":"https:\/\/amthy.com\/pl\/wp-json\/wp\/v2\/product_cat?post=1937"},{"taxonomy":"product_tag","embeddable":true,"href":"https:\/\/amthy.com\/pl\/wp-json\/wp\/v2\/product_tag?post=1937"}],"curies":[{"name":"wp","href":"https:\/\/api.w.org\/{rel}","templated":true}]}}