{"id":1942,"date":"2021-08-31T16:53:46","date_gmt":"2021-08-31T08:53:46","guid":{"rendered":"https:\/\/amthy.com\/?post_type=product&#038;p=1942"},"modified":"2023-05-26T19:50:21","modified_gmt":"2023-05-26T11:50:21","slug":"smart-door-cylinder-am-400","status":"publish","type":"product","link":"https:\/\/amthy.com\/pl\/product\/smart-door-cylinder-am-400\/","title":{"rendered":"Inteligentny cylinder drzwi AM-400"},"content":{"rendered":"<p><img fetchpriority=\"high\" decoding=\"async\" class=\"wp-image-2024 aligncenter\" src=\"https:\/\/amthy.com\/wp-content\/uploads\/2021\/08\/AM4001-300x218.jpg\" alt=\"Amty\" width=\"994\" height=\"722\" title=\"\" srcset=\"https:\/\/amthy.com\/wp-content\/uploads\/2021\/08\/AM4001-300x218.jpg 300w, https:\/\/amthy.com\/wp-content\/uploads\/2021\/08\/AM4001-600x436.jpg 600w, https:\/\/amthy.com\/wp-content\/uploads\/2021\/08\/AM4001-1024x745.jpg 1024w, https:\/\/amthy.com\/wp-content\/uploads\/2021\/08\/AM4001-768x559.jpg 768w, https:\/\/amthy.com\/wp-content\/uploads\/2021\/08\/AM4001-1536x1117.jpg 1536w, https:\/\/amthy.com\/wp-content\/uploads\/2021\/08\/AM4001-2048x1489.jpg 2048w, https:\/\/amthy.com\/wp-content\/uploads\/2021\/08\/AM4001-18x12.jpg 18w\" sizes=\"(max-width: 994px) 100vw, 994px\" \/><\/p>\n<p><iframe title=\"Cylinder inteligentnego zamka| AM-400 to inteligentna blokada aplikacji odcisk\u00f3w palc\u00f3w i telefonu \/ kodu PIN i karty IC.\" width=\"1435\" height=\"807\" src=\"https:\/\/www.youtube.com\/embed\/BSfQK6yR4_Y?feature=oembed\" frameborder=\"0\" allow=\"accelerometer; autoplay; clipboard-write; encrypted-media; gyroscope; picture-in-picture\" allowfullscreen><\/iframe><\/p>\n<p>AMTHY 400 to inteligentny zamek do drzwi, kt\u00f3ry zapewnia pe\u0142n\u0105 kontrol\u0119 nad bezpiecze\u0144stwem domu, zapewniaj\u0105c jednocze\u015bnie ca\u0142kowity spok\u00f3j. Korzystaj z r\u00f3\u017cnych sposob\u00f3w, aby uzyska\u0107 dost\u0119p do swojego domu, czy to za pomoc\u0105 odcisku palca, telefonu Bluetooth lub modu\u0142u Wi-Fi do zdalnego sterowania. Dzi\u0119ki cyfrowemu zamkowi do drzwi AMTHY mo\u017cesz wysy\u0142a\u0107 u\u017cytkownikom wirtualne klucze, aby przyjaciele i rodzina mogli uzyska\u0107 dost\u0119p do Twojego domu, gdy nie ma Ci\u0119 w pobli\u017cu. Po uzyskaniu dost\u0119pu mo\u017cesz zarz\u0105dza\u0107, kto mo\u017ce wej\u015b\u0107 do Twojej nieruchomo\u015bci, wy\u0142\u0105czaj\u0105c lub usuwaj\u0105c u\u017cytkownik\u00f3w za pomoc\u0105 aplikacji na telefon. Klucze wirtualne mo\u017cna zaplanowa\u0107 lub ustawi\u0107 na sta\u0142e, aby uzyska\u0107 pe\u0142n\u0105 kontrol\u0119 nad domem lub nieruchomo\u015bci\u0105. Mo\u017cesz tak\u017ce monitorowa\u0107, kto przychodzi, a kto wychodzi, aby wiedzie\u0107, kiedy Twoi bliscy s\u0105 bezpiecznie w domu. Mo\u017cesz nawet otrzyma\u0107 powiadomienie, gdy kto\u015b wr\u00f3ci do domu. Nie musisz si\u0119 martwi\u0107 o noszenie ze sob\u0105 kluczy. Wszystko czego potrzebujesz to smartfon i jednym dotkni\u0119ciem mo\u017cesz z \u0142atwo\u015bci\u0105 odblokowa\u0107 drzwi. Urz\u0105dzenie wykorzystuje szyfrowan\u0105 inteligentn\u0105 technologi\u0119 Bluetooth, dzi\u0119ki czemu inteligentny zamek nie jest zale\u017cny od odbioru sieci. Spraw, aby Tw\u00f3j inteligentny zamek by\u0142 jeszcze inteligentniejszy, pod\u0142\u0105czaj\u0105c jeden z naszych modu\u0142\u00f3w zamka. Bezpo\u015bredni biznes od producenta wk\u0142adki do inteligentnych drzwi. <a href=\"https:\/\/en.wikipedia.org\/wiki\/Lock\" target=\"_blank\" rel=\"noopener\">Zamek<\/a> oraz <a href=\"https:\/\/amthy.com\/pl\/product-category\/smart-lock\/\">Inteligentny cylinder drzwi<\/a><\/p>\n<p><strong>Cechy i korzy\u015bci (Inteligentny Cylinder Drzwi):<\/strong><\/p>\n<ul>\n<li>Keyless \u2013 daje swobod\u0119 zabezpieczenia domu bez konieczno\u015bci posiadania klucza<\/li>\n<li>Prosty w monta\u017cu \u2013 Nadaje si\u0119 do wi\u0119kszo\u015bci drzwi z PVC i kompozytu, wymagany \u015brubokr\u0119t<\/li>\n<li>Prosty w monta\u017cu \u2013 <strong>Nie ma potrzeby zmiany pe\u0142nego zestawu blokady<\/strong> ale wymieniaj tylko cylinder bez uszkodzenia drzwi. \u0141atwa instalacja.<\/li>\n<li>Zasilany bateryjnie \u2013 3 baterie AAA, alarm sygnalizowany, gdy baterie si\u0119 wyczerpuj\u0105<\/li>\n<li>Nadaje si\u0119 do drzwi o grubo\u015bci od 60 do 100 mm<\/li>\n<li>Dost\u0119pny w wielu wyko\u0144czeniach \u2014 w tym czarnym i srebrnym<\/li>\n<\/ul>\n<p><img decoding=\"async\" class=\"aligncenter wp-image-2023\" src=\"https:\/\/amthy.com\/wp-content\/uploads\/2021\/08\/AM400.1-300x107.jpg\" alt=\"Inteligentny cylinder drzwi\" width=\"1001\" height=\"357\" title=\"\" srcset=\"https:\/\/amthy.com\/wp-content\/uploads\/2021\/08\/AM400.1-300x107.jpg 300w, https:\/\/amthy.com\/wp-content\/uploads\/2021\/08\/AM400.1-600x214.jpg 600w, https:\/\/amthy.com\/wp-content\/uploads\/2021\/08\/AM400.1-1024x365.jpg 1024w, https:\/\/amthy.com\/wp-content\/uploads\/2021\/08\/AM400.1-768x274.jpg 768w, https:\/\/amthy.com\/wp-content\/uploads\/2021\/08\/AM400.1-1536x548.jpg 1536w, https:\/\/amthy.com\/wp-content\/uploads\/2021\/08\/AM400.1-2048x730.jpg 2048w, https:\/\/amthy.com\/wp-content\/uploads\/2021\/08\/AM400.1-18x6.jpg 18w\" sizes=\"(max-width: 1001px) 100vw, 1001px\" \/><\/p>\n<p>&nbsp;<\/p>\n<hr \/>\n<p>&nbsp;<\/p>","protected":false},"excerpt":{"rendered":"<ul>\n<li><strong>Kod produktu:<\/strong> AM-400<\/li>\n<li><strong>Materia\u0142<\/strong><strong>:<\/strong>\u00a0Mosi\u0105dz<\/li>\n<li><strong>Profil\u00a0<\/strong>Rozmiar: 17*33*10mm<\/li>\n<li><strong>Marka:<\/strong>\u00a0Dost\u0119pny ODM<\/li>\n<li><strong>Podanie:<\/strong>\u00a0Drzwi drewniane\/UPVC\/bezpieczne<\/li>\n<li><strong>Bateria<\/strong>: 3*AAA (wy\u0142\u0105czone)<\/li>\n<li><strong>Grubo\u015b\u0107 drzwi:<\/strong>60-100mm<\/li>\n<li><strong>Temperatura robocza:<\/strong>-20\u00baC do +55\u00baC<\/li>\n<li><strong>Wodoodporny: <\/strong>IP54<\/li>\n<li><b>Tryb odblokowania: <\/b>Odcisk palca\/kod dost\u0119pu\/klucz do karty\/Bluetooth\/pilot za po\u015brednictwem modu\u0142u Wi-Fi\/klucz mechaniczny<\/li>\n<\/ul>","protected":false},"featured_media":1943,"template":"","meta":{"nf_dc_page":""},"product_brand":[],"product_cat":[55,25],"product_tag":[],"class_list":{"0":"post-1942","1":"product","2":"type-product","3":"status-publish","4":"has-post-thumbnail","6":"product_cat-smart-lock","7":"product_cat-euro-profile-cylinder-manufacturer","9":"first","10":"instock","11":"shipping-taxable","12":"product-type-simple"},"_links":{"self":[{"href":"https:\/\/amthy.com\/pl\/wp-json\/wp\/v2\/product\/1942","targetHints":{"allow":["GET"]}}],"collection":[{"href":"https:\/\/amthy.com\/pl\/wp-json\/wp\/v2\/product"}],"about":[{"href":"https:\/\/amthy.com\/pl\/wp-json\/wp\/v2\/types\/product"}],"wp:featuredmedia":[{"embeddable":true,"href":"https:\/\/amthy.com\/pl\/wp-json\/wp\/v2\/media\/1943"}],"wp:attachment":[{"href":"https:\/\/amthy.com\/pl\/wp-json\/wp\/v2\/media?parent=1942"}],"wp:term":[{"taxonomy":"product_brand","embeddable":true,"href":"https:\/\/amthy.com\/pl\/wp-json\/wp\/v2\/product_brand?post=1942"},{"taxonomy":"product_cat","embeddable":true,"href":"https:\/\/amthy.com\/pl\/wp-json\/wp\/v2\/product_cat?post=1942"},{"taxonomy":"product_tag","embeddable":true,"href":"https:\/\/amthy.com\/pl\/wp-json\/wp\/v2\/product_tag?post=1942"}],"curies":[{"name":"wp","href":"https:\/\/api.w.org\/{rel}","templated":true}]}}