{"id":1364,"date":"2021-05-12T20:15:37","date_gmt":"2021-05-12T12:15:37","guid":{"rendered":"https:\/\/amthy.com\/?post_type=product&#038;p=1364"},"modified":"2022-10-14T15:55:48","modified_gmt":"2022-10-14T07:55:48","slug":"mortise-handle-manufacturer","status":"publish","type":"product","link":"https:\/\/amthy.com\/pt\/product\/mortise-handle-manufacturer\/","title":{"rendered":"Fabricante de al\u00e7a de encaixe | Fechadura sem chave"},"content":{"rendered":"<h2>Quem somos n\u00f3s?<\/h2>\n<p style=\"text-align: left;\">Amthy \u00e9 um fabricante original de cabo de encaixe da China. Nossa linha de produtos inclui liga de zinco, lat\u00e3o, a\u00e7o inoxid\u00e1vel e materiais de alum\u00ednio. Conjuntos de ma\u00e7anetas cromadas e pretas s\u00e3o muito populares para portas internas, enquanto isso, a ma\u00e7aneta de a\u00e7o inoxid\u00e1vel \u00e9 bem-vinda para aplica\u00e7\u00f5es comerciais. Durante a fabrica\u00e7\u00e3o, o polimento e a galvanoplastia afetam principalmente a QUALIDADE. Como um fabricante e fornecedor profissional de fechaduras de portas, fazemos um polimento rigoroso manualmente e automaticamente. Para a camada de superf\u00edcie galvanizada, nossos itens mant\u00eam mais de 72 horas durante o teste de n\u00e9voa salina. Portanto, nosso design art\u00edstico e servi\u00e7o atencioso nos levam a um dos melhores fabricantes de cabos de encaixe na China.<\/p>\n<h2 style=\"text-align: left;\">O que \u00e9 a ma\u00e7aneta da porta?<\/h2>\n<p>Um puxador ou ma\u00e7aneta de porta \u00e9 uma ferramenta utilizada para abrir ou fechar uma porta. pode ser encontrada em todos os tipos de portas, incluindo portas exteriores e interiores para edif\u00edcios residenciais e comerciais, para al\u00e9m de ter de incorporar mecanismos de fecho ou bloqueio. Tais como o corpo da fechadura de encaixe e o cilindro da fechadura da porta.<\/p>\n<h2>Por que n\u00f3s? (Fabricante de cabo de encaixe)<\/h2>\n<h3><strong>\u221aReliable Qualidade<\/strong><\/h3>\n<ul>\n<li>A equipe profissional de controle de qualidade supervisiona toda a produ\u00e7\u00e3o<\/li>\n<li>Rigorosa selec\u00e7\u00e3o de parceiros cooperantes<\/li>\n<\/ul>\n<h3><strong>\u221aCompetitive Pre\u00e7o<\/strong><\/h3>\n<ul>\n<li>Mat\u00e9ria-prima em estoque de 3 meses para diminuir o risco de oscila\u00e7\u00e3o de pre\u00e7o<\/li>\n<li>Equipamento autom\u00e1tico e avan\u00e7ado para reduzir o elevado custo de m\u00e3o-de-obra<\/li>\n<\/ul>\n<h3><strong>\u221aTrustful Servi\u00e7o para mais de 20 pa\u00edses.<\/strong><\/h3>\n<ul>\n<li>Servi\u00e7o ODM\/OEM<\/li>\n<li>Servi\u00e7o p\u00f3s-venda respons\u00e1vel<\/li>\n<\/ul>\n<p>&nbsp;<\/p>","protected":false},"excerpt":{"rendered":"<p>Sistema de ma\u00e7aneta de porta sem chave com corpo de trava magn\u00e9tica, sem mais chaves<\/p>\n<ul>\n<li><strong>C\u00f3digo do artigo:<\/strong> AM-003<\/li>\n<li><strong>Materia:<\/strong> Liga de Zinco<\/li>\n<li><strong>Marca:<\/strong> ODM Dispon\u00edvel<\/li>\n<li><strong>Superf\u00edcie:<\/strong> Cromo CP, Cromo Cetim SC, Lat\u00e3o Polido PB, Lat\u00e3o Inoxid\u00e1vel SB, N\u00edquel Polido PN, N\u00edquel Cetim SN, Lat\u00e3o Antigo AB, Bronze Orbital Orbital, Lat\u00e3o Preto BL<\/li>\n<li><strong>Acess\u00f3rios:<\/strong>7,6mmx7,6mm x100mm Fuso x 1 pcs+M3,8x30mm Parafuso x 4 pcs+2,5mm Chave Allen x 1 pcs<\/li>\n<li><strong>Aplica\u00e7\u00e3o:<\/strong> Madeira\/Metal, Porta Interior\/Entran\u00e7a, (35-50mm)<\/li>\n<\/ul>\n<p>&nbsp;<\/p>","protected":false},"featured_media":1365,"template":"","meta":{"nf_dc_page":""},"product_brand":[],"product_cat":[26,31],"product_tag":[28,29],"class_list":{"0":"post-1364","1":"product","2":"type-product","3":"status-publish","4":"has-post-thumbnail","6":"product_cat-door-handle-manufacturer","7":"product_cat-zinc-alloy-door-handle","8":"product_tag-door-handle","9":"product_tag-door-knob","11":"first","12":"instock","13":"shipping-taxable","14":"product-type-simple"},"_links":{"self":[{"href":"https:\/\/amthy.com\/pt\/wp-json\/wp\/v2\/product\/1364","targetHints":{"allow":["GET"]}}],"collection":[{"href":"https:\/\/amthy.com\/pt\/wp-json\/wp\/v2\/product"}],"about":[{"href":"https:\/\/amthy.com\/pt\/wp-json\/wp\/v2\/types\/product"}],"wp:featuredmedia":[{"embeddable":true,"href":"https:\/\/amthy.com\/pt\/wp-json\/wp\/v2\/media\/1365"}],"wp:attachment":[{"href":"https:\/\/amthy.com\/pt\/wp-json\/wp\/v2\/media?parent=1364"}],"wp:term":[{"taxonomy":"product_brand","embeddable":true,"href":"https:\/\/amthy.com\/pt\/wp-json\/wp\/v2\/product_brand?post=1364"},{"taxonomy":"product_cat","embeddable":true,"href":"https:\/\/amthy.com\/pt\/wp-json\/wp\/v2\/product_cat?post=1364"},{"taxonomy":"product_tag","embeddable":true,"href":"https:\/\/amthy.com\/pt\/wp-json\/wp\/v2\/product_tag?post=1364"}],"curies":[{"name":"wp","href":"https:\/\/api.w.org\/{rel}","templated":true}]}}