{"id":1372,"date":"2021-05-12T20:42:00","date_gmt":"2021-05-12T12:42:00","guid":{"rendered":"https:\/\/amthy.com\/?post_type=product&#038;p=1372"},"modified":"2021-10-19T17:11:17","modified_gmt":"2021-10-19T09:11:17","slug":"stainless-steel-door-handle-manufacturer","status":"publish","type":"product","link":"https:\/\/amthy.com\/pt\/product\/stainless-steel-door-handle-manufacturer\/","title":{"rendered":"Ma\u00e7aneta de porta de a\u00e7o inoxid\u00e1vel AM-SS01"},"content":{"rendered":"<h2>Quem n\u00f3s somos? (fabricante de ma\u00e7aneta de porta de a\u00e7o inoxid\u00e1vel)<\/h2>\n<p style=\"text-align: left;\">Amthy \u00e9 uma empresa e fabricante de ma\u00e7anetas de porta da China.\u00a0A nossa gama de produtos inclui liga de zinco, lat\u00e3o, a\u00e7o inoxid\u00e1vel, e materiais de alum\u00ednio. Os conjuntos de puxadores de porta cromados e pretos s\u00e3o muito populares para portas de salas interiores, enquanto que o puxador de porta de a\u00e7o inoxid\u00e1vel \u00e9 bem-vindo para aplica\u00e7\u00e3o comercial. Durante o fabrico, o polimento e a galvanoplastia afectam sobretudo a QUALIDADE. Como fabricante e fornecedor profissional de fechaduras de portas, fazemos um polimento rigoroso manual e autom\u00e1tico. Para a camada galv\u00e2nica de superf\u00edcie, os nossos artigos mant\u00eam mais de 72 horas durante o teste de pulveriza\u00e7\u00e3o de sal. Portanto, o nosso design art\u00edstico e servi\u00e7o atencioso trazem-nos a ser uma das melhores empresas de puxadores de portas da China.Amthy - \u043a\u043e\u043c\u043f\u0430\u043d\u0438\u044f-\u043f\u0440\u043e\u0438\u0437\u0432\u043e\u0434\u0438\u0442\u0435\u043b\u044c \u0434\u0432\u0435\u0440\u043d\u044b\u0445 \u0440\u0443\u0447\u0435\u043a \u0438\u0437 \u041a\u0438\u0442\u0430\u044f.\u00a0\u0410\u0441\u0441\u043e\u0440\u0442\u0438\u043c\u0435\u043d\u0442 \u043d\u0430\u0448\u0435\u0439 \u043f\u0440\u043e\u0434\u0443\u043a\u0446\u0438\u0438 \u0432\u043a\u043b\u044e\u0447\u0430\u0435\u0442 \u0446\u0438\u043d\u043a\u043e\u0432\u044b\u0439 \u0441\u043f\u043b\u0430\u0432, \u043b\u0430\u0442\u0443\u043d\u044c, \u043d\u0435\u0440\u0436\u0430\u0432\u0435\u044e\u0449\u0443\u044e \u0441\u0442\u0430\u043b\u044c \u0438 \u0430\u043b\u044e\u043c\u0438\u043d\u0438\u0435\u0432\u044b\u0435 \u043c\u0430\u0442\u0435\u0440\u0438\u0430\u043b\u044b. \u0425\u0440\u043e\u043c\u0438\u0440\u043e\u0432\u0430\u043d\u043d\u044b\u0435 \u0438 \u0447\u0435\u0440\u043d\u044b\u0435 \u0434\u0432\u0435\u0440\u043d\u044b\u0435 \u0440\u0443\u0447\u043a\u0438 \u043e\u0447\u0435\u043d\u044c \u043f\u043e\u043f\u0443\u043b\u044f\u0440\u043d\u044b \u0434\u043b\u044f \u043c\u0435\u0436\u043a\u043e\u043c\u043d\u0430\u0442\u043d\u044b\u0445 \u0434\u0432\u0435\u0440\u0435\u0439, \u0430 \u0434\u0432\u0435\u0440\u043d\u044b\u0435 \u0440\u0443\u0447\u043a\u0438 \u0438\u0437 \u043d\u0435\u0440\u0436\u0430\u0432\u0435\u044e\u0449\u0435\u0439 \u0441\u0442\u0430\u043b\u0438 \u0445\u043e\u0440\u043e\u0448\u043e \u043f\u043e\u0434\u0445\u043e\u0434\u044f\u0442 \u0434\u043b\u044f \u043a\u043e\u043c\u043c\u0435\u0440\u0447\u0435\u0441\u043a\u043e\u0433\u043e \u043f\u0440\u0438\u043c\u0435\u043d\u0435\u043d\u0438\u044f. \u0412\u043e \u0432\u0440\u0435\u043c\u044f \u043f\u0440\u043e\u0438\u0437\u0432\u043e\u0434\u0441\u0442\u0432\u0430, \u043f\u043e\u043b\u0438\u0440\u043e\u0432\u043a\u0430 \u0438 \u0433\u0430\u043b\u044c\u0432\u0430\u043d\u0438\u0447\u0435\u0441\u043a\u043e\u0435 \u043f\u043e\u043a\u0440\u044b\u0442\u0438\u0435 \u0432\u043b\u0438\u044f\u044e\u0442 \u043d\u0430 \u041a\u0410\u0427\u0415\u0421\u0422\u0412\u041e \u0432 \u043e\u0441\u043d\u043e\u0432\u043d\u043e\u043c. \u041a\u0430\u043a \u043f\u0440\u043e\u0444\u0435\u0441\u0441\u0438\u043e\u043d\u0430\u043b\u044c\u043d\u044b\u0439 \u043f\u0440\u043e\u0438\u0437\u0432\u043e\u0434\u0438\u0442\u0435\u043b\u044c \u0438 \u043f\u043e\u0441\u0442\u0430\u0432\u0449\u0438\u043a \u0434\u0432\u0435\u0440\u043d\u044b\u0445 \u0437\u0430\u043c\u043a\u043e\u0432, \u043c\u044b \u043f\u0440\u043e\u0432\u043e\u0434\u0438\u043c \u0441\u0442\u0440\u043e\u0433\u0443\u044e \u043f\u043e\u043b\u0438\u0440\u043e\u0432\u043a\u0443 \u0432\u0440\u0443\u0447\u043d\u0443\u044e \u0438 \u0430\u0432\u0442\u043e\u043c\u0430\u0442\u0438\u0447\u0435\u0441\u043a\u0438. \u0414\u043b\u044f \u043f\u043e\u0432\u0435\u0440\u0445\u043d\u043e\u0441\u0442\u043d\u043e\u0433\u043e \u0433\u0430\u043b\u044c\u0432\u0430\u043d\u0438\u0447\u0435\u0441\u043a\u043e\u0433\u043e \u0441\u043b\u043e\u044f, \u043d\u0430\u0448\u0438 \u0438\u0437\u0434\u0435\u043b\u0438\u044f \u0432\u044b\u0434\u0435\u0440\u0436\u0438\u0432\u0430\u044e\u0442 \u0431\u043e\u043b\u0435\u0435 72 \u0447\u0430\u0441\u043e\u0432 \u0432\u043e \u0432\u0440\u0435\u043c\u044f \u0438\u0441\u043f\u044b\u0442\u0430\u043d\u0438\u044f \u0441\u043e\u043b\u044f\u043d\u044b\u043c \u0442\u0443\u043c\u0430\u043d\u043e\u043c. \u041f\u043e\u044d\u0442\u043e\u043c\u0443 \u043d\u0430\u0448 \u0445\u0443\u0434\u043e\u0436\u0435\u0441\u0442\u0432\u0435\u043d\u043d\u044b\u0439 \u0434\u0438\u0437\u0430\u0439\u043d \u0438 \u0432\u043d\u0438\u043c\u0430\u0442\u0435\u043b\u044c\u043d\u043e\u0435 \u043e\u0431\u0441\u043b\u0443\u0436\u0438\u0432\u0430\u043d\u0438\u0435 \u0434\u0435\u043b\u0430\u044e\u0442 \u043d\u0430\u0441 \u043e\u0434\u043d\u043e\u0439 \u0438\u0437 \u043b\u0443\u0447\u0448\u0438\u0445 \u043a\u043e\u043c\u043f\u0430\u043d\u0438\u0439 \u043f\u043e \u043f\u0440\u043e\u0438\u0437\u0432\u043e\u0434\u0441\u0442\u0432\u0443 \u0434\u0432\u0435\u0440\u043d\u044b\u0445 \u0440\u0443\u0447\u0435\u043a \u0432 \u041a\u0438\u0442\u0430\u0435. <a href=\"https:\/\/amthy.com\/wp-content\/uploads\/2021\/09\/AMTHY-Stainless-Steel.pdf\">ma\u00e7aneta da porta de a\u00e7o inoxid\u00e1vel<\/a> fabricante<\/p>\n<h2 style=\"text-align: left;\">O que \u00e9 a ma\u00e7aneta da porta?<\/h2>\n<p>UMA <a href=\"https:\/\/en.wikipedia.org\/wiki\/Door_handle\" target=\"_blank\" rel=\"noopener\">ma\u00e7aneta<\/a> ou ma\u00e7aneta \u00e9 uma ferramenta usada para abrir ou fechar uma porta. pode ser encontrado em todos os tipos de portas, incluindo portas externas e internas de edif\u00edcios residenciais e comerciais, al\u00e9m de incorporar mecanismos de travamento ou travamento. Tal como o corpo da fechadura de encaixe e o cilindro da fechadura da porta. fabricante de ma\u00e7aneta de porta de a\u00e7o inoxid\u00e1vel<\/p>\n<h2>Porqu\u00ea n\u00f3s?<\/h2>\n<h3><strong>\u221aReliable Qualidade<\/strong><\/h3>\n<ul>\n<li>Equipa profissional de QC supervisiona toda a produ\u00e7\u00e3o<\/li>\n<li>Rigorosa selec\u00e7\u00e3o de parceiros cooperantes<\/li>\n<\/ul>\n<h3><strong>\u221aCompetitive Pre\u00e7o<\/strong><\/h3>\n<ul>\n<li>Mat\u00e9ria-prima em 3 meses de stock para diminuir o risco de flutua\u00e7\u00e3o do pre\u00e7o<\/li>\n<li>Equipamento autom\u00e1tico e avan\u00e7ado para reduzir o elevado custo de m\u00e3o-de-obra<\/li>\n<\/ul>\n<h3><strong>\u221aTrustful Servi\u00e7o para mais de 20 pa\u00edses.<\/strong><\/h3>\n<ul>\n<li>Servi\u00e7o ODM\/OEM<\/li>\n<li>Servi\u00e7o p\u00f3s-venda respons\u00e1vel<\/li>\n<\/ul>\n<p>&nbsp;<\/p>\n<p>&nbsp;<\/p>","protected":false},"excerpt":{"rendered":"<p>As ma\u00e7anetas das portas podem ser personalizadas com diferentes acabamentos de superf\u00edcie e diferentes fusos para diferentes portas.<\/p>\n<ul>\n<li><strong>C\u00f3digo do artigo:<\/strong> AM-SS01<\/li>\n<li><strong>Materia:<\/strong> A\u00e7o Inox 201\/304<\/li>\n<li><strong>Marca:<\/strong> ODM Dispon\u00edvel<\/li>\n<li><b>Di\u00e2metro do tubo:<\/b>18\/22mm<\/li>\n<li><strong>Acess\u00f3rios:<\/strong>7,6mmx7,6mm x100mm Fuso x 1 pcs+M3,8x30mm Parafuso x 4 pcs+2,5mm Chave Allen x 1 pcs<\/li>\n<li><strong>Aplica\u00e7\u00e3o:<\/strong> Porta de emerg\u00eancia \/Passagem (35-50mm)<\/li>\n<li><strong>\u00c0 prova de fogo<\/strong>: SIM<\/li>\n<\/ul>","protected":false},"featured_media":1387,"template":"","meta":{"nf_dc_page":""},"product_brand":[],"product_cat":[26,32],"product_tag":[28,29],"class_list":{"0":"post-1372","1":"product","2":"type-product","3":"status-publish","4":"has-post-thumbnail","6":"product_cat-door-handle-manufacturer","7":"product_cat-stainless-steel-handle-manufacturer","8":"product_tag-door-handle","9":"product_tag-door-knob","11":"first","12":"instock","13":"shipping-taxable","14":"product-type-simple"},"_links":{"self":[{"href":"https:\/\/amthy.com\/pt\/wp-json\/wp\/v2\/product\/1372","targetHints":{"allow":["GET"]}}],"collection":[{"href":"https:\/\/amthy.com\/pt\/wp-json\/wp\/v2\/product"}],"about":[{"href":"https:\/\/amthy.com\/pt\/wp-json\/wp\/v2\/types\/product"}],"wp:featuredmedia":[{"embeddable":true,"href":"https:\/\/amthy.com\/pt\/wp-json\/wp\/v2\/media\/1387"}],"wp:attachment":[{"href":"https:\/\/amthy.com\/pt\/wp-json\/wp\/v2\/media?parent=1372"}],"wp:term":[{"taxonomy":"product_brand","embeddable":true,"href":"https:\/\/amthy.com\/pt\/wp-json\/wp\/v2\/product_brand?post=1372"},{"taxonomy":"product_cat","embeddable":true,"href":"https:\/\/amthy.com\/pt\/wp-json\/wp\/v2\/product_cat?post=1372"},{"taxonomy":"product_tag","embeddable":true,"href":"https:\/\/amthy.com\/pt\/wp-json\/wp\/v2\/product_tag?post=1372"}],"curies":[{"name":"wp","href":"https:\/\/api.w.org\/{rel}","templated":true}]}}