{"id":1485,"date":"2021-05-15T15:21:47","date_gmt":"2021-05-15T07:21:47","guid":{"rendered":"https:\/\/amthy.com\/?post_type=product&#038;p=1485"},"modified":"2022-05-25T20:37:59","modified_gmt":"2022-05-25T12:37:59","slug":"europrofile-lock-cylinder-manufacturer","status":"publish","type":"product","link":"https:\/\/amthy.com\/pt\/product\/europrofile-lock-cylinder-manufacturer\/","title":{"rendered":"Europrofile Cilindro de fechadura de porta Fabricante V500K"},"content":{"rendered":"<h2>Quem somos n\u00f3s?<\/h2>\n<p style=\"text-align: left;\">Amthy \u00e9 um perfil europeu <a href=\"https:\/\/amthy.com\/pt\/product-category\/lock-cylinder\/\">cilindro de bloqueio<\/a> Fabricante e fornecedor da China. Oferecemos normais <a href=\"https:\/\/en.wikipedia.org\/wiki\/Pin_tumbler_lock\" target=\"_blank\" rel=\"noopener\">cilindros<\/a> para portas interiores e cilindros de alta seguran\u00e7a para portas exteriores. Sendo um dos principais fabricantes de 3 cilindros, a instala\u00e7\u00e3o autom\u00e1tica ou semiautom\u00e1tica 95.9% \u00e9 adotada para substituir o trabalho manual, reduzir custos e aumentar a efici\u00eancia. <span style=\"color: #ff0000;\"><span style=\"color: #000000;\">Consequentemente, <\/span><\/span>Menos custo de m\u00e3o de obra sempre traz pre\u00e7o mais competitivo e atraente. Gra\u00e7as aos benef\u00edcios acima, <em>Estamos agora dispostos a <a href=\"https:\/\/www.youtube.com\/watch?v=9Lw0FD68w1c\" target=\"_blank\" rel=\"noopener\">revelar e compartilhar o custo<\/a> de cilindros normais com compradores<\/em>,<span style=\"color: #ff0000;\"> <span style=\"color: #000000;\">ou seja, voc\u00ea obter\u00e1 uma composi\u00e7\u00e3o clara do pre\u00e7o unit\u00e1rio, que inclui nosso lucro puro 10%<\/span><\/span><span style=\"color: #ff0000;\"><span style=\"color: #000000;\">. <\/span><\/span>Enquanto isso, nossa equipe de P&amp;D desenvolve o<em> S\u00e9rie S1000, S2000 e S3000<\/em> de cilindros de fechadura de porta de perfil euro de ALTA SEGURAN\u00c7A para maiores exig\u00eancias do mercado. A tecnologia exclusiva da estrutura de combina\u00e7\u00e3o de Wafers e Pins aumenta muito o n\u00edvel de seguran\u00e7a. Al\u00e9m disso, um perfil europeu <a href=\"https:\/\/amthy.com\/pt\/product-category\/lock-cylinder\/\">Cilindro de fecho<\/a> O fabricante deve sempre fazer os trabalhos para a principal preocupa\u00e7\u00e3o do comprador.<\/p>\n<p>&nbsp;<\/p>\n<h2 style=\"text-align: left;\">O que \u00e9 o Cilindro de Bloqueio Europrofile?<\/h2>\n<p><em><i>Cilindro de bloqueio \u00e9 um componente de bloqueio que segura o plugue, o atuador e os componentes de bloqueio, podendo ser feito de lat\u00e3o, liga de zinco, alum\u00ednio e a\u00e7o inoxid\u00e1vel. Embora mais comumente associados aos designs de pino-trava, os cilindros s\u00e3o usados em muitos outros, como wafer e disco retentor. Ele gira para acionar a trava da fechadura de encaixe e a trava com a chave correspondente.\u00a0<\/i><\/em>O cilindro da fechadura da porta Europrofile \u00e9 o cora\u00e7\u00e3o da porta.<\/p>\n<p>&nbsp;<\/p>\n<h2>Por que n\u00f3s? (<em>Fabricante de Cilindro de Fechadura Europrofile da AMTHY SECURITY<\/em>)<\/h2>\n<h3><strong>\u221aReliable Qualidade<\/strong><\/h3>\n<ul>\n<li>Equipa profissional de QC supervisiona toda a produ\u00e7\u00e3o<\/li>\n<li>Rigorosa selec\u00e7\u00e3o de parceiros cooperantes<\/li>\n<\/ul>\n<h3><strong>\u221aCompetitive Pre\u00e7o<\/strong><\/h3>\n<ul>\n<li>Mat\u00e9ria-prima em 3 meses de stock para diminuir o risco de flutua\u00e7\u00e3o do pre\u00e7o<\/li>\n<li>Equipamento autom\u00e1tico e avan\u00e7ado para reduzir o elevado custo de m\u00e3o-de-obra<\/li>\n<\/ul>\n<h3><strong>\u221aTrustful Servi\u00e7o para mais de 20 pa\u00edses.<\/strong><\/h3>\n<ul>\n<li>Servi\u00e7o ODM\/OEM<\/li>\n<li>Servi\u00e7o p\u00f3s-venda respons\u00e1vel<\/li>\n<\/ul>\n<p>&nbsp;<\/p>\n<p>&nbsp;<\/p>\n<p>&nbsp;<\/p>\n<p>&nbsp;<\/p>","protected":false},"excerpt":{"rendered":"<p>&nbsp;<\/p>\n<ul>\n<li><strong>C\u00f3digo do artigo:<\/strong> V500K<\/li>\n<li><strong>Mecanismo de fechadura:<\/strong> Fechadura Pin Tumbler<\/li>\n<li><strong>Material do corpo<\/strong><strong>:<\/strong> Br\u00e1s\/liga de zinco\/alum\u00ednio<\/li>\n<li><strong>Material do Plug<\/strong><strong>:<\/strong> Br\u00e1s\/liga de zinco<\/li>\n<li><strong>Marca:<\/strong> ODM Dispon\u00edvel<\/li>\n<li><b>Tipo de perfil: <\/b>Euro<\/li>\n<li><strong>Tamanho do perfil:<\/strong>17*33*10mm<\/li>\n<li><strong>Chave:<\/strong> Chaveiro de lat\u00e3o\/a\u00e7o \"S<\/li>\n<li><strong>Acess\u00f3rios:<\/strong>Parafusos de 55mm<\/li>\n<li><strong>Aplica\u00e7\u00e3o:<\/strong> Madeira\/UPVC\/ Portas de Seguran\u00e7a<\/li>\n<li><strong>Sistema de Chave Mestra:<\/strong> Dispon\u00edvel em<\/li>\n<li><strong>Sistema de Chave Igual:<\/strong> Dispon\u00edvel em<\/li>\n<li><strong>Sistema de Chave Igual:<\/strong>Dispon\u00edvel em<\/li>\n<li><strong>Fun\u00e7\u00e3o Anti-Snap: <\/strong>Dispon\u00edvel em<\/li>\n<li><strong><strong>Classifica\u00e7\u00e3o EN1303 2005:<\/strong><\/strong><br \/>\n<table>\n<tbody>\n<tr>\n<td>1<\/td>\n<td>6<\/td>\n<td>0<\/td>\n<td>1<\/td>\n<td>0<\/td>\n<td>C<\/td>\n<td>5<\/td>\n<td>2<\/td>\n<\/tr>\n<\/tbody>\n<\/table>\n<\/li>\n<li><strong>Cor <\/strong>Lat\u00e3o Polido (BP)\/Niquelado (NP)\/N\u00edquel Lat\u00e3o Lat\u00e3o Lat\u00e3o (SN)\/Cromado (CP)\/ Lat\u00e3o Antique (AB)<\/li>\n<\/ul>\n<p>&nbsp;<\/p>","protected":false},"featured_media":1489,"template":"","meta":{"nf_dc_page":""},"product_brand":[],"product_cat":[25],"product_tag":[34,35],"class_list":{"0":"post-1485","1":"product","2":"type-product","3":"status-publish","4":"has-post-thumbnail","6":"product_cat-euro-profile-cylinder-manufacturer","7":"product_tag-door-cylinder","8":"product_tag-europrofile","10":"first","11":"instock","12":"shipping-taxable","13":"product-type-simple"},"_links":{"self":[{"href":"https:\/\/amthy.com\/pt\/wp-json\/wp\/v2\/product\/1485","targetHints":{"allow":["GET"]}}],"collection":[{"href":"https:\/\/amthy.com\/pt\/wp-json\/wp\/v2\/product"}],"about":[{"href":"https:\/\/amthy.com\/pt\/wp-json\/wp\/v2\/types\/product"}],"wp:featuredmedia":[{"embeddable":true,"href":"https:\/\/amthy.com\/pt\/wp-json\/wp\/v2\/media\/1489"}],"wp:attachment":[{"href":"https:\/\/amthy.com\/pt\/wp-json\/wp\/v2\/media?parent=1485"}],"wp:term":[{"taxonomy":"product_brand","embeddable":true,"href":"https:\/\/amthy.com\/pt\/wp-json\/wp\/v2\/product_brand?post=1485"},{"taxonomy":"product_cat","embeddable":true,"href":"https:\/\/amthy.com\/pt\/wp-json\/wp\/v2\/product_cat?post=1485"},{"taxonomy":"product_tag","embeddable":true,"href":"https:\/\/amthy.com\/pt\/wp-json\/wp\/v2\/product_tag?post=1485"}],"curies":[{"name":"wp","href":"https:\/\/api.w.org\/{rel}","templated":true}]}}