{"id":1534,"date":"2021-05-15T21:34:14","date_gmt":"2021-05-15T13:34:14","guid":{"rendered":"https:\/\/amthy.com\/?post_type=product&#038;p=1534"},"modified":"2022-05-26T16:27:59","modified_gmt":"2022-05-26T08:27:59","slug":"europrofile-lock-cylinder-manufacturer-h1000","status":"publish","type":"product","link":"https:\/\/amthy.com\/pt\/product\/europrofile-lock-cylinder-manufacturer-h1000\/","title":{"rendered":"Cilindro da porta de seguran\u00e7a Europrofile -H1000"},"content":{"rendered":"<h2>Recurso de bloqueio de perfil europeu<\/h2>\n<ul>\n<li>Alta seguran\u00e7a - pinos duplos e instru\u00e7\u00f5es de pino de disco<\/li>\n<li>Sistema de chave AB mestre - chave tempor\u00e1ria de 1 pe\u00e7a, chave prim\u00e1ria 5<\/li>\n<li>Anti-pick, Anti-snap<\/li>\n<li>A vida \u00fatil do produto em lat\u00e3o completo pode ser superior a 10 anos<\/li>\n<\/ul>\n<h2>Quem somos n\u00f3s?<\/h2>\n<p style=\"text-align: left;\">Amthy \u00e9 um Cilindro de Seguran\u00e7a Europrofile <a href=\"https:\/\/amthy.com\/pt\/product-category\/lock-cylinder\/\">Fornecedor <\/a>da China. N\u00f3s oferecemos normal <a href=\"https:\/\/en.wikipedia.org\/wiki\/Pin_tumbler_lock\" target=\"_blank\" rel=\"noopener\">cilindros<\/a> para portas interiores e cilindros de alta seguran\u00e7a para portas exteriores. Sendo um dos principais fabricantes de 3 cilindros, a instala\u00e7\u00e3o autom\u00e1tica ou semiautom\u00e1tica 95.9% \u00e9 adotada para substituir o trabalho manual, reduzir custos e aumentar a efici\u00eancia. <span style=\"color: #ff0000;\"><span style=\"color: #000000;\">Consequentemente, <\/span><\/span>Menor custo de m\u00e3o de obra sempre traz pre\u00e7os mais competitivos e atrativos. Gra\u00e7as aos benef\u00edcios acima, <em>Estamos agora dispostos a <a href=\"https:\/\/www.youtube.com\/watch?v=9Lw0FD68w1c\" target=\"_blank\" rel=\"noopener\">revelar e compartilhar o custo<\/a> de cilindros normais com compradores<\/em>,<span style=\"color: #ff0000;\"> <span style=\"color: #000000;\">ou seja, voc\u00ea obter\u00e1 uma composi\u00e7\u00e3o clara do pre\u00e7o unit\u00e1rio, que inclui nosso lucro puro 10%<\/span><\/span><span style=\"color: #ff0000;\"><span style=\"color: #000000;\">. <\/span><\/span><\/p>\n<p style=\"text-align: left;\">Enquanto isso, nossa equipe de P&amp;D desenvolve o<em> S\u00e9rie S1000, S2000 e S3000<\/em> de cilindros de fechadura de porta de perfil euro de ALTA SEGURAN\u00c7A para demandas de mercado mais altas. A tecnologia exclusiva da estrutura combinada de Wafers e Pins aumenta muito o n\u00edvel de seguran\u00e7a. Al\u00e9m disso, um fornecedor de cilindros de seguran\u00e7a Europrofile deve sempre fazer o trabalho para a principal preocupa\u00e7\u00e3o do comprador.<\/p>\n<p>&nbsp;<\/p>\n<h2 style=\"text-align: left;\">O que \u00e9 o Cilindro de Bloqueio Europrofile?<\/h2>\n<p><em><i>Cilindro de bloqueio \u00e9 um componente de bloqueio que cont\u00e9m o plugue, atuador e componentes de bloqueio, pode ser feito de lat\u00e3o, liga de zinco, alum\u00ednio e a\u00e7o inoxid\u00e1vel. Embora mais comumente associados a designs de pinos, os cilindros s\u00e3o usados em muitos outros, como bolacha e detentor de disco. Ele gira para acionar a trava de encaixe e a trava com a chave combinada. <\/i><\/em>O Cilindro de Fechadura Europrofile \u00e9 o cora\u00e7\u00e3o da porta. O Cilindro de Seguran\u00e7a Europrofile \u00e9 usado para a porta de entrada de seguran\u00e7a.Fechadura Europrofile<\/p>\n<p><b>perfil europeu<\/b>\u00a0(ou\u00a0<b>Perfil Euro<\/b>) \u00e9 um tipo de\u00a0<a title=\"Cilindro\" href=\"http:\/\/www.lockwiki.com\/index.php\/Cylinder\" target=\"_blank\" rel=\"noopener\">cilindro<\/a>\u00a0design predominantemente usado na Europa. Ao contr\u00e1rio dos cilindros tradicionais de encaixe e aro, o perfil Euro usa uma \u00fanica pe\u00e7a de metal para conectar os dois lados da fechadura. um \u00fanico\u00a0<a class=\"mw-redirect\" title=\"c\u00e2mera\" href=\"http:\/\/www.lockwiki.com\/index.php\/Cam\" target=\"_blank\" rel=\"noopener\">c\u00e2mera<\/a>\u00a0componente \u00e9 colocado entre os dois lados da fechadura e est\u00e1 diretamente conectado a ambos\u00a0<a title=\"Plugue\" href=\"http:\/\/www.lockwiki.com\/index.php\/Plug\" target=\"_blank\" rel=\"noopener\">plugues<\/a>. O perfil Euro \u00e9 conveniente de instalar e substituir, mas apresenta algumas defici\u00eancias de seguran\u00e7a s\u00e9rias que devem ser levadas em considera\u00e7\u00e3o. Ver\u00a0<a href=\"http:\/\/www.lockwiki.com\/index.php\/Euro_Profile#Vulnerabilities\" target=\"_blank\" rel=\"noopener\">Perfil Euro (Vulnerabilidades)<\/a>\u00a0para informa\u00e7\u00f5es adicionais. Bloqueio de perfil europeu<\/p>\n<p>&nbsp;<\/p>\n<p><img fetchpriority=\"high\" decoding=\"async\" class=\"wp-image-2119 aligncenter\" src=\"https:\/\/amthy.com\/wp-content\/uploads\/2021\/05\/technical_drawing_C73_3-300x168.jpg\" alt=\"perfil europeu\" width=\"636\" height=\"356\" title=\"\" srcset=\"https:\/\/amthy.com\/wp-content\/uploads\/2021\/05\/technical_drawing_C73_3-300x168.jpg 300w, https:\/\/amthy.com\/wp-content\/uploads\/2021\/05\/technical_drawing_C73_3-600x336.jpg 600w, https:\/\/amthy.com\/wp-content\/uploads\/2021\/05\/technical_drawing_C73_3-768x430.jpg 768w, https:\/\/amthy.com\/wp-content\/uploads\/2021\/05\/technical_drawing_C73_3-18x10.jpg 18w, https:\/\/amthy.com\/wp-content\/uploads\/2021\/05\/technical_drawing_C73_3.jpg 1000w\" sizes=\"(max-width: 636px) 100vw, 636px\" \/><\/p>\n<p>&nbsp;<\/p>\n<h2>Porqu\u00ea n\u00f3s?<\/h2>\n<h3><strong>\u221aReliable Qualidade<\/strong><\/h3>\n<ul>\n<li>A equipe profissional de controle de qualidade supervisiona toda a produ\u00e7\u00e3o<\/li>\n<li>Rigorosa selec\u00e7\u00e3o de parceiros cooperantes<\/li>\n<\/ul>\n<h3><strong>\u221aCompetitive Pre\u00e7o<\/strong><\/h3>\n<ul>\n<li>Mat\u00e9ria-prima em 3 meses de stock para diminuir o risco de flutua\u00e7\u00e3o do pre\u00e7o<\/li>\n<li>Equipamento autom\u00e1tico e avan\u00e7ado para reduzir o elevado custo de m\u00e3o-de-obra<\/li>\n<\/ul>\n<h3><strong>\u221aTrustful Servi\u00e7o para mais de 20 pa\u00edses.<\/strong><\/h3>\n<ul>\n<li>Servi\u00e7o ODM\/OEM<\/li>\n<li>Servi\u00e7o p\u00f3s-venda respons\u00e1vel<\/li>\n<\/ul>\n<p>&nbsp;<\/p>","protected":false},"excerpt":{"rendered":"<p>&nbsp;<\/p>\n<ul>\n<li><strong>C\u00f3digo do artigo:<\/strong> H1000<\/li>\n<li><strong>Mecanismo de fechadura:<\/strong> Fechadura Pin Tumbler<\/li>\n<li><strong>Material do corpo<\/strong><strong>:<\/strong> Lat\u00e3o<\/li>\n<li><strong>Material do Plug<\/strong><strong>:<\/strong> Lat\u00e3o<\/li>\n<li><strong>Marca:<\/strong> ODM Dispon\u00edvel<\/li>\n<li><b>Tipo de perfil: <\/b>Euro<\/li>\n<li><strong>Tamanho do perfil:<\/strong>17*33*10mm<\/li>\n<li><strong>Chave:<\/strong> Chaveta &quot;S&quot; dupla em lat\u00e3o<\/li>\n<li><strong>Acess\u00f3rios:<\/strong>Parafusos de 55mm<\/li>\n<li><strong>Aplica\u00e7\u00e3o:<\/strong> Madeira\/UPVC\/ Portas de Seguran\u00e7a<\/li>\n<li><strong>Sistema de Chave Mestra:<\/strong> Dispon\u00edvel em<\/li>\n<li><strong>Sistema de Chave Igual:<\/strong> Dispon\u00edvel em<\/li>\n<li><strong>Sistema de Chave Igual:<\/strong>Dispon\u00edvel em<\/li>\n<li><strong>Fun\u00e7\u00e3o Anti-Snap: <\/strong>Dispon\u00edvel em<\/li>\n<li><strong><strong>Classifica\u00e7\u00e3o EN1303 2005:<\/strong><\/strong><br \/>\n<table>\n<tbody>\n<tr>\n<td>1<\/td>\n<td>6<\/td>\n<td>0<\/td>\n<td>1<\/td>\n<td>0<\/td>\n<td>C<\/td>\n<td>5<\/td>\n<td>2<\/td>\n<\/tr>\n<\/tbody>\n<\/table>\n<\/li>\n<li><strong>Cor <\/strong>Lat\u00e3o Polido (BP)\/Niquelado (NP)\/N\u00edquel Lat\u00e3o Lat\u00e3o Lat\u00e3o (SN)\/Cromado (CP)\/ Lat\u00e3o Antique (AB)<\/li>\n<\/ul>\n<p>&nbsp;<\/p>","protected":false},"featured_media":1526,"template":"","meta":[],"product_brand":[],"product_cat":[25],"product_tag":[34,35],"class_list":{"0":"post-1534","1":"product","2":"type-product","3":"status-publish","4":"has-post-thumbnail","6":"product_cat-euro-profile-cylinder-manufacturer","7":"product_tag-door-cylinder","8":"product_tag-europrofile","10":"first","11":"instock","12":"shipping-taxable","13":"product-type-simple"},"_links":{"self":[{"href":"https:\/\/amthy.com\/pt\/wp-json\/wp\/v2\/product\/1534","targetHints":{"allow":["GET"]}}],"collection":[{"href":"https:\/\/amthy.com\/pt\/wp-json\/wp\/v2\/product"}],"about":[{"href":"https:\/\/amthy.com\/pt\/wp-json\/wp\/v2\/types\/product"}],"wp:featuredmedia":[{"embeddable":true,"href":"https:\/\/amthy.com\/pt\/wp-json\/wp\/v2\/media\/1526"}],"wp:attachment":[{"href":"https:\/\/amthy.com\/pt\/wp-json\/wp\/v2\/media?parent=1534"}],"wp:term":[{"taxonomy":"product_brand","embeddable":true,"href":"https:\/\/amthy.com\/pt\/wp-json\/wp\/v2\/product_brand?post=1534"},{"taxonomy":"product_cat","embeddable":true,"href":"https:\/\/amthy.com\/pt\/wp-json\/wp\/v2\/product_cat?post=1534"},{"taxonomy":"product_tag","embeddable":true,"href":"https:\/\/amthy.com\/pt\/wp-json\/wp\/v2\/product_tag?post=1534"}],"curies":[{"name":"wp","href":"https:\/\/api.w.org\/{rel}","templated":true}]}}