{"id":1885,"date":"2021-08-29T19:14:53","date_gmt":"2021-08-29T11:14:53","guid":{"rendered":"https:\/\/amthy.com\/?post_type=product&#038;p=1885"},"modified":"2023-05-26T19:51:39","modified_gmt":"2023-05-26T11:51:39","slug":"smart-lock-manufacturer-am-800","status":"publish","type":"product","link":"https:\/\/amthy.com\/pt\/product\/smart-lock-manufacturer-am-800\/","title":{"rendered":"Fechadura inteligente AM-800"},"content":{"rendered":"<p>&nbsp;<\/p>\n<p><img fetchpriority=\"high\" decoding=\"async\" class=\"wp-image-2034 aligncenter\" src=\"https:\/\/amthy.com\/wp-content\/uploads\/2021\/08\/AM400-300x35.jpg\" alt=\"Fornecedor de fechadura inteligente\" width=\"1003\" height=\"117\" title=\"\" srcset=\"https:\/\/amthy.com\/wp-content\/uploads\/2021\/08\/AM400-300x35.jpg 300w, https:\/\/amthy.com\/wp-content\/uploads\/2021\/08\/AM400-600x71.jpg 600w, https:\/\/amthy.com\/wp-content\/uploads\/2021\/08\/AM400-1024x120.jpg 1024w, https:\/\/amthy.com\/wp-content\/uploads\/2021\/08\/AM400-768x90.jpg 768w, https:\/\/amthy.com\/wp-content\/uploads\/2021\/08\/AM400-1536x181.jpg 1536w, https:\/\/amthy.com\/wp-content\/uploads\/2021\/08\/AM400-2048x241.jpg 2048w, https:\/\/amthy.com\/wp-content\/uploads\/2021\/08\/AM400-18x2.jpg 18w\" sizes=\"(max-width: 1003px) 100vw, 1003px\" \/><\/p>\n<p><iframe title=\"Fechadura Inteligente AM 800| A melhor trava inteligente em 2021\" width=\"1435\" height=\"807\" src=\"https:\/\/www.youtube.com\/embed\/ExIn-r0rDro?feature=oembed\" frameborder=\"0\" allow=\"accelerometer; autoplay; clipboard-write; encrypted-media; gyroscope; picture-in-picture\" allowfullscreen><\/iframe><\/p>\n<p>O AMTHY 800 \u00e9 uma fechadura de porta inteligente que lhe d\u00e1 controle total da seguran\u00e7a de sua casa, proporcionando-lhe total tranquilidade. Use uma variedade de maneiras de obter acesso \u00e0 sua casa, seja por impress\u00e3o digital, Bluetooth do telefone ou pelo m\u00f3dulo wi-fi para controle remoto. Com a fechadura digital AMTHY, voc\u00ea pode enviar chaves virtuais aos usu\u00e1rios para que amigos e familiares tenham acesso \u00e0 sua casa se voc\u00ea n\u00e3o estiver por perto. Depois que eles obtiverem acesso, voc\u00ea poder\u00e1 gerenciar quem pode entrar em sua propriedade desativando ou excluindo usu\u00e1rios por meio do aplicativo de telefone. As chaves virtuais podem ser agendadas ou tornadas permanentes para o controle final de sua casa ou propriedade. Voc\u00ea tamb\u00e9m pode monitorar quem vem e quem sai para saber quando seus entes queridos est\u00e3o em casa com seguran\u00e7a. Voc\u00ea pode at\u00e9 receber uma notifica\u00e7\u00e3o informando quando algu\u00e9m chegar em casa. N\u00e3o precisa se preocupar em carregar suas chaves com voc\u00ea. Tudo o que voc\u00ea precisa \u00e9 do seu smartphone e, com um toque, voc\u00ea pode destrancar a porta com facilidade. O dispositivo usa tecnologia inteligente Bluetooth criptografada para que o bloqueio inteligente n\u00e3o dependa da recep\u00e7\u00e3o da rede. Torne sua fechadura inteligente ainda mais inteligente conectando um de nossos m\u00f3dulos de fechadura. Neg\u00f3cios diretos do fabricante de cilindros de porta inteligente. <a href=\"https:\/\/en.wikipedia.org\/wiki\/Lock\" target=\"_blank\" rel=\"noopener\">Trancar<\/a> e <a href=\"https:\/\/amthy.com\/pt\/product-category\/smart-lock\/\">Smart Lock Fabricante AM-800<\/a><\/p>\n<p><img decoding=\"async\" class=\"wp-image-2042 aligncenter\" src=\"https:\/\/amthy.com\/wp-content\/uploads\/2021\/08\/13719413601_1312227755-300x149.jpg\" alt=\"Fornecedor de fechadura inteligente\" width=\"1005\" height=\"499\" title=\"\" srcset=\"https:\/\/amthy.com\/wp-content\/uploads\/2021\/08\/13719413601_1312227755-300x149.jpg 300w, https:\/\/amthy.com\/wp-content\/uploads\/2021\/08\/13719413601_1312227755-600x297.jpg 600w, https:\/\/amthy.com\/wp-content\/uploads\/2021\/08\/13719413601_1312227755-18x9.jpg 18w, https:\/\/amthy.com\/wp-content\/uploads\/2021\/08\/13719413601_1312227755.jpg 743w\" sizes=\"(max-width: 1005px) 100vw, 1005px\" \/><\/p>\n<p><img decoding=\"async\" class=\"wp-image-2043 aligncenter\" src=\"https:\/\/amthy.com\/wp-content\/uploads\/2021\/08\/13719428305_1312227755-300x179.jpg\" alt=\"Fornecedor de fechadura inteligente\" width=\"1001\" height=\"597\" title=\"\" srcset=\"https:\/\/amthy.com\/wp-content\/uploads\/2021\/08\/13719428305_1312227755-300x179.jpg 300w, https:\/\/amthy.com\/wp-content\/uploads\/2021\/08\/13719428305_1312227755-600x357.jpg 600w, https:\/\/amthy.com\/wp-content\/uploads\/2021\/08\/13719428305_1312227755-18x12.jpg 18w, https:\/\/amthy.com\/wp-content\/uploads\/2021\/08\/13719428305_1312227755.jpg 746w\" sizes=\"(max-width: 1001px) 100vw, 1001px\" \/><\/p>\n<div class=\"mceTemp\"><\/div>\n<h2>Por que n\u00f3s? (Fornecedor de cilindro de porta de seguran\u00e7a perfil Euro <em>de AMTHY SEGURAN\u00c7A<\/em>)<\/h2>\n<h3><strong>\u221aQualidade confi\u00e1vel (fabricante de fechaduras inteligentes AM-800)<\/strong><\/h3>\n<ul>\n<li>Equipa profissional de QC supervisiona toda a produ\u00e7\u00e3o<\/li>\n<li>Rigorosa selec\u00e7\u00e3o de parceiros cooperantes<\/li>\n<\/ul>\n<h3><strong>\u221aCompetitive Pre\u00e7o<\/strong><\/h3>\n<ul>\n<li>Mat\u00e9ria-prima em 3 meses de stock para diminuir o risco de flutua\u00e7\u00e3o do pre\u00e7o<\/li>\n<li>Equipamento autom\u00e1tico e avan\u00e7ado para reduzir o elevado custo de m\u00e3o-de-obra<\/li>\n<\/ul>\n<h3><strong>\u221aTrustful Servi\u00e7o para mais de 20 pa\u00edses.<\/strong><\/h3>\n<ul>\n<li>Servi\u00e7o ODM\/OEM<\/li>\n<li>Servi\u00e7o p\u00f3s-venda respons\u00e1vel<\/li>\n<\/ul>","protected":false},"excerpt":{"rendered":"<ul>\n<li><strong>C\u00f3digo do artigo:<\/strong> AM-H100<\/li>\n<li><strong>Material<\/strong><strong>:<\/strong> Liga de Zinco<\/li>\n<li><strong>Corpo de fechadura:<\/strong> Trinco \u00fanico<\/li>\n<li><strong>Backset<\/strong>: 60-70mm ajust\u00e1vel<\/li>\n<li><strong>Marca:<\/strong> ODM Dispon\u00edvel<\/li>\n<li><strong>Tamanho do painel<\/strong>: 58*154*35mm<\/li>\n<li><strong>Aplica\u00e7\u00e3o:<\/strong> Madeira\/UPVC\/ Portas de Seguran\u00e7a<\/li>\n<li><strong>Bateria<\/strong>: 4*AA<\/li>\n<li><strong>Espessura das portas:<\/strong>40-70mm<\/li>\n<li><b>Modo de desbloqueio: <\/b>Impress\u00e3o digital\/Passcodifica\u00e7\u00e3o\/Cart\u00e3o de identifica\u00e7\u00e3o\/IC Chave\/Mec\u00e2nica\/Dente de Azul<\/li>\n<\/ul>","protected":false},"featured_media":1894,"template":"","meta":{"nf_dc_page":""},"product_brand":[],"product_cat":[55],"product_tag":[],"class_list":{"0":"post-1885","1":"product","2":"type-product","3":"status-publish","4":"has-post-thumbnail","6":"product_cat-smart-lock","8":"first","9":"instock","10":"shipping-taxable","11":"product-type-simple"},"_links":{"self":[{"href":"https:\/\/amthy.com\/pt\/wp-json\/wp\/v2\/product\/1885","targetHints":{"allow":["GET"]}}],"collection":[{"href":"https:\/\/amthy.com\/pt\/wp-json\/wp\/v2\/product"}],"about":[{"href":"https:\/\/amthy.com\/pt\/wp-json\/wp\/v2\/types\/product"}],"wp:featuredmedia":[{"embeddable":true,"href":"https:\/\/amthy.com\/pt\/wp-json\/wp\/v2\/media\/1894"}],"wp:attachment":[{"href":"https:\/\/amthy.com\/pt\/wp-json\/wp\/v2\/media?parent=1885"}],"wp:term":[{"taxonomy":"product_brand","embeddable":true,"href":"https:\/\/amthy.com\/pt\/wp-json\/wp\/v2\/product_brand?post=1885"},{"taxonomy":"product_cat","embeddable":true,"href":"https:\/\/amthy.com\/pt\/wp-json\/wp\/v2\/product_cat?post=1885"},{"taxonomy":"product_tag","embeddable":true,"href":"https:\/\/amthy.com\/pt\/wp-json\/wp\/v2\/product_tag?post=1885"}],"curies":[{"name":"wp","href":"https:\/\/api.w.org\/{rel}","templated":true}]}}