{"id":1895,"date":"2021-08-29T20:15:13","date_gmt":"2021-08-29T12:15:13","guid":{"rendered":"https:\/\/amthy.com\/?post_type=product&#038;p=1895"},"modified":"2023-05-26T19:51:25","modified_gmt":"2023-05-26T11:51:25","slug":"smart-lock-manufacturer-am-900","status":"publish","type":"product","link":"https:\/\/amthy.com\/pt\/product\/smart-lock-manufacturer-am-900\/","title":{"rendered":"Fechadura inteligente AM-900"},"content":{"rendered":"<p>O AMTHY 900 \u00e9 uma fechadura de porta inteligente que lhe d\u00e1 controle total da seguran\u00e7a de sua casa, proporcionando total tranquilidade. Use uma variedade de maneiras de obter acesso \u00e0 sua casa, seja por meio de c\u00f3digo PIN e chave mec\u00e2nica. N\u00e3o precisa se preocupar em carregar suas chaves com voc\u00ea. Tudo que voc\u00ea precisa \u00e9 o seu c\u00f3digo PIN, voc\u00ea pode destrancar a porta com facilidade. Neg\u00f3cios Diretos do Fabricante de Cilindros de Porta Inteligente. fabricante de fechadura inteligente-am-900.<a href=\"https:\/\/en.wikipedia.org\/wiki\/Lock\" target=\"_blank\" rel=\"noopener\">Trancar<\/a> e <a href=\"https:\/\/amthy.com\/pt\/product-category\/smart-lock\/\">Cilindro de Porta Inteligente<\/a><\/p>\n<h3>Atualize facilmente seu bloqueio existente:<\/h3>\n<p>Adequado para bricolage e facilmente instalado no lugar do cilindro e da ma\u00e7aneta da porta existentes. Tudo o que voc\u00ea precisa \u00e9 de uma chave de fenda cruzada e uma fita m\u00e9trica.<\/p>\n<h3><strong>Caracter\u00edsticas e benef\u00edcios:<\/strong><\/h3>\n<ul>\n<li>Sem chave - d\u00e1 a voc\u00ea a liberdade de proteger sua casa sem a necessidade de uma chave<\/li>\n<li>Simples de instalar - Adequado para a maioria das portas de PVC e compostas, \u00e9 necess\u00e1ria uma chave de fenda<\/li>\n<li>F\u00e1cil acesso - 50 conjuntos de c\u00f3digo PIN de 4 a 8 d\u00edgitos est\u00e3o dispon\u00edveis.<\/li>\n<li>Alimentado por bateria \u2013 4 pilhas AA<\/li>\n<li>Adequado para portas com espessura entre 35-55mm<\/li>\n<li>Dispon\u00edvel em uma variedade de acabamentos - incluindo preto e prata<\/li>\n<\/ul>\n<h2>Por que n\u00f3s? (Fornecedor de cilindro de porta de seguran\u00e7a perfil Euro <em>de AMTHY SEGURAN\u00c7A<\/em>)<\/h2>\n<h3><strong>\u221aQualidade confi\u00e1vel (fabricante de fechaduras inteligentes AM-900)<\/strong><\/h3>\n<ul>\n<li>Equipa profissional de QC supervisiona toda a produ\u00e7\u00e3o<\/li>\n<li>Rigorosa selec\u00e7\u00e3o de parceiros cooperantes<\/li>\n<\/ul>\n<h3><strong>\u221aCompetitive Pre\u00e7o<\/strong><\/h3>\n<ul>\n<li>Mat\u00e9ria-prima em 3 meses de stock para diminuir o risco de flutua\u00e7\u00e3o do pre\u00e7o<\/li>\n<li>Equipamento autom\u00e1tico e avan\u00e7ado para reduzir o elevado custo de m\u00e3o-de-obra<\/li>\n<\/ul>\n<h3><strong>\u221aTrustful Servi\u00e7o para mais de 20 pa\u00edses.<\/strong><\/h3>\n<ul>\n<li>Servi\u00e7o ODM\/OEM<\/li>\n<li>Servi\u00e7o p\u00f3s-venda respons\u00e1vel<\/li>\n<\/ul>","protected":false},"excerpt":{"rendered":"<ul>\n<li><strong>C\u00f3digo do artigo:<\/strong> AM-900<\/li>\n<li><strong>Material<\/strong><strong>:<\/strong> Liga de Zinco<\/li>\n<li><strong>Corpo de fechadura:<\/strong> fechadura<\/li>\n<li><strong>Backset<\/strong>: 60mm<\/li>\n<li><strong>Marca:<\/strong> ODM Dispon\u00edvel<\/li>\n<li><strong>Aplica\u00e7\u00e3o:<\/strong> Madeira\/UPVC\/ Portas de Seguran\u00e7a<\/li>\n<li><strong>Bateria<\/strong>: 4*AA 6V (Exclu\u00eddo)<\/li>\n<li><strong>Espessura das portas: <\/strong>35-55mm<\/li>\n<li><strong>Temperatura de opera\u00e7\u00e3o:<\/strong>-20\u00baC a +55\u00baC<\/li>\n<li><strong>\u00c0 prova d&#039;\u00e1gua: <\/strong>IP54<\/li>\n<li><b>Modo de desbloqueio: <\/b>C\u00f3digo de acesso \/ Chave mec\u00e2nica<\/li>\n<\/ul>","protected":false},"featured_media":1908,"template":"","meta":{"nf_dc_page":""},"product_brand":[],"product_cat":[55],"product_tag":[],"class_list":{"0":"post-1895","1":"product","2":"type-product","3":"status-publish","4":"has-post-thumbnail","6":"product_cat-smart-lock","8":"first","9":"instock","10":"shipping-taxable","11":"product-type-simple"},"_links":{"self":[{"href":"https:\/\/amthy.com\/pt\/wp-json\/wp\/v2\/product\/1895","targetHints":{"allow":["GET"]}}],"collection":[{"href":"https:\/\/amthy.com\/pt\/wp-json\/wp\/v2\/product"}],"about":[{"href":"https:\/\/amthy.com\/pt\/wp-json\/wp\/v2\/types\/product"}],"wp:featuredmedia":[{"embeddable":true,"href":"https:\/\/amthy.com\/pt\/wp-json\/wp\/v2\/media\/1908"}],"wp:attachment":[{"href":"https:\/\/amthy.com\/pt\/wp-json\/wp\/v2\/media?parent=1895"}],"wp:term":[{"taxonomy":"product_brand","embeddable":true,"href":"https:\/\/amthy.com\/pt\/wp-json\/wp\/v2\/product_brand?post=1895"},{"taxonomy":"product_cat","embeddable":true,"href":"https:\/\/amthy.com\/pt\/wp-json\/wp\/v2\/product_cat?post=1895"},{"taxonomy":"product_tag","embeddable":true,"href":"https:\/\/amthy.com\/pt\/wp-json\/wp\/v2\/product_tag?post=1895"}],"curies":[{"name":"wp","href":"https:\/\/api.w.org\/{rel}","templated":true}]}}