{"id":1925,"date":"2021-08-29T20:56:13","date_gmt":"2021-08-29T12:56:13","guid":{"rendered":"https:\/\/amthy.com\/?post_type=product&#038;p=1925"},"modified":"2023-05-26T19:50:53","modified_gmt":"2023-05-26T11:50:53","slug":"smart-lock-manufacturer-am-p100","status":"publish","type":"product","link":"https:\/\/amthy.com\/pt\/product\/smart-lock-manufacturer-am-p100\/","title":{"rendered":"Fechadura Inteligente AM-P100"},"content":{"rendered":"<p><img fetchpriority=\"high\" decoding=\"async\" class=\"alignnone wp-image-2034\" src=\"https:\/\/amthy.com\/wp-content\/uploads\/2021\/08\/AM400-300x35.jpg\" alt=\"amthy\" width=\"994\" height=\"116\" title=\"\" srcset=\"https:\/\/amthy.com\/wp-content\/uploads\/2021\/08\/AM400-300x35.jpg 300w, https:\/\/amthy.com\/wp-content\/uploads\/2021\/08\/AM400-600x71.jpg 600w, https:\/\/amthy.com\/wp-content\/uploads\/2021\/08\/AM400-1024x120.jpg 1024w, https:\/\/amthy.com\/wp-content\/uploads\/2021\/08\/AM400-768x90.jpg 768w, https:\/\/amthy.com\/wp-content\/uploads\/2021\/08\/AM400-1536x181.jpg 1536w, https:\/\/amthy.com\/wp-content\/uploads\/2021\/08\/AM400-2048x241.jpg 2048w, https:\/\/amthy.com\/wp-content\/uploads\/2021\/08\/AM400-18x2.jpg 18w\" sizes=\"(max-width: 994px) 100vw, 994px\" \/><\/p>\n<p>&nbsp;<\/p>\n<p>A AMTHY P100 \u00e9 uma fechadura de porta inteligente que lhe d\u00e1 controlo total da seguran\u00e7a da sua casa, ao mesmo tempo que lhe proporciona total tranquilidade. Use uma variedade de maneiras de obter acesso \u00e0 sua casa, seja via senha, impress\u00e3o digital, chave do cart\u00e3o, telefone Bluetooth ou atrav\u00e9s do m\u00f3dulo wifi para controle remoto. Com a fechadura digital AMTHY, voc\u00ea pode enviar chaves virtuais aos usu\u00e1rios para que amigos e familiares possam ter acesso \u00e0 sua casa se voc\u00ea n\u00e3o estiver por perto. Depois que eles obtiverem acesso, voc\u00ea poder\u00e1 gerenciar quem pode entrar em sua propriedade desativando ou excluindo usu\u00e1rios por meio do aplicativo de telefone. As chaves virtuais podem ser programadas ou permanentes para controle final de sua casa ou propriedade. Voc\u00ea tamb\u00e9m pode monitorar quem vem e quem vai para saber quando seus entes queridos est\u00e3o em casa com seguran\u00e7a. Voc\u00ea pode at\u00e9 receber uma notifica\u00e7\u00e3o informando quando algu\u00e9m chega em casa. N\u00e3o h\u00e1 necessidade de se preocupar em carregar suas chaves com voc\u00ea. Tudo o que voc\u00ea precisa \u00e9 do seu smartphone e, com um toque, voc\u00ea pode destravar a porta com facilidade. O dispositivo usa a tecnologia inteligente Bluetooth criptografada para que o bloqueio inteligente n\u00e3o dependa da recep\u00e7\u00e3o da rede. Torne a sua fechadura inteligente ainda mais inteligente ligando um dos nossos m\u00f3dulos de fechadura. Neg\u00f3cios diretos do fabricante de fechaduras inteligentes. <a href=\"https:\/\/en.wikipedia.org\/wiki\/Lock\" target=\"_blank\" rel=\"noopener\">Trancar<\/a> e <a href=\"https:\/\/amthy.com\/pt\/product-category\/smart-lock\/\">Fabricante de Smart Lock AM-P100<\/a><\/p>\n<p><strong>Caracter\u00edsticas e benef\u00edcios:<\/strong><\/p>\n<ul>\n<li>Sem chave - d\u00e1 a voc\u00ea a liberdade de proteger sua casa sem a necessidade de uma chave<\/li>\n<li>Simples de instalar - Adequado para a maioria das portas de PVC e compostas, \u00e9 necess\u00e1ria uma chave de fenda<\/li>\n<li>Simples de ajustar - <strong>N\u00e3o h\u00e1 necessidade de alterar o bloqueio de conjunto completo<\/strong> mas apenas substitua o cilindro sem danificar a porta. Instala\u00e7\u00e3o f\u00e1cil.<\/li>\n<li>Alimentado por bateria - 3 pilhas AAA, alerta dado quando as baterias est\u00e3o fracas<\/li>\n<li>Adequado para portas com espessura entre 60-100mm<\/li>\n<li>Dispon\u00edvel em uma variedade de acabamentos - incluindo preto e prata<\/li>\n<\/ul>\n<p>&nbsp;<\/p>\n<h2>Por que n\u00f3s? (Fornecedor de cilindro de porta de seguran\u00e7a perfil Euro <em>de AMTHY SEGURAN\u00c7A<\/em>)<\/h2>\n<h3><strong>\u221aQualidade confi\u00e1vel (fabricante de Smart Lock AM-P100)<\/strong><\/h3>\n<ul>\n<li>Equipa profissional de QC supervisiona toda a produ\u00e7\u00e3o<\/li>\n<li>Rigorosa selec\u00e7\u00e3o de parceiros cooperantes<\/li>\n<\/ul>\n<h3><strong>\u221aCompetitive Pre\u00e7o<\/strong><\/h3>\n<ul>\n<li>Mat\u00e9ria-prima em 3 meses de stock para diminuir o risco de flutua\u00e7\u00e3o do pre\u00e7o<\/li>\n<li>Equipamento autom\u00e1tico e avan\u00e7ado para reduzir o elevado custo de m\u00e3o-de-obra<\/li>\n<\/ul>\n<h3><strong>\u221aTrustful Servi\u00e7o para mais de 20 pa\u00edses.<\/strong><\/h3>\n<ul>\n<li>Servi\u00e7o ODM\/OEM<\/li>\n<li>Servi\u00e7o p\u00f3s-venda respons\u00e1vel<\/li>\n<\/ul>","protected":false},"excerpt":{"rendered":"<ul>\n<li><strong>C\u00f3digo do artigo:<\/strong> AM-P100<\/li>\n<li><strong>Material de manuseamento<\/strong><strong>:<\/strong> A\u00e7o Inox 304<\/li>\n<li><strong>Marca:<\/strong> ODM Dispon\u00edvel<\/li>\n<li><strong>Tamanho da placa:<\/strong>\u00a0303*43mm<\/li>\n<li><strong>Acess\u00f3rios:<\/strong>Parafusos de 55mm<\/li>\n<li><strong>Espessura das portas:<\/strong>30-70mm<\/li>\n<li><strong>Aplica\u00e7\u00e3o:<\/strong> Madeira\/UPVC\/ Portas de Seguran\u00e7a<\/li>\n<li><strong>Bateria<\/strong>: carreg\u00e1vel por USB (6 meses)<\/li>\n<li><b>Modo de desbloqueio:<\/b> Impress\u00e3o digital\/aplicativo\/chave mec\u00e2nica\/senha\/chave do cart\u00e3o<\/li>\n<\/ul>","protected":false},"featured_media":2177,"template":"","meta":{"nf_dc_page":""},"product_brand":[],"product_cat":[55],"product_tag":[],"class_list":{"0":"post-1925","1":"product","2":"type-product","3":"status-publish","4":"has-post-thumbnail","6":"product_cat-smart-lock","8":"first","9":"instock","10":"shipping-taxable","11":"product-type-simple"},"_links":{"self":[{"href":"https:\/\/amthy.com\/pt\/wp-json\/wp\/v2\/product\/1925","targetHints":{"allow":["GET"]}}],"collection":[{"href":"https:\/\/amthy.com\/pt\/wp-json\/wp\/v2\/product"}],"about":[{"href":"https:\/\/amthy.com\/pt\/wp-json\/wp\/v2\/types\/product"}],"wp:featuredmedia":[{"embeddable":true,"href":"https:\/\/amthy.com\/pt\/wp-json\/wp\/v2\/media\/2177"}],"wp:attachment":[{"href":"https:\/\/amthy.com\/pt\/wp-json\/wp\/v2\/media?parent=1925"}],"wp:term":[{"taxonomy":"product_brand","embeddable":true,"href":"https:\/\/amthy.com\/pt\/wp-json\/wp\/v2\/product_brand?post=1925"},{"taxonomy":"product_cat","embeddable":true,"href":"https:\/\/amthy.com\/pt\/wp-json\/wp\/v2\/product_cat?post=1925"},{"taxonomy":"product_tag","embeddable":true,"href":"https:\/\/amthy.com\/pt\/wp-json\/wp\/v2\/product_tag?post=1925"}],"curies":[{"name":"wp","href":"https:\/\/api.w.org\/{rel}","templated":true}]}}