{"id":1937,"date":"2021-08-31T16:46:30","date_gmt":"2021-08-31T08:46:30","guid":{"rendered":"https:\/\/amthy.com\/?post_type=product&#038;p=1937"},"modified":"2023-05-26T19:50:36","modified_gmt":"2023-05-26T11:50:36","slug":"smart-door-cylinder-manufacturer-am-200","status":"publish","type":"product","link":"https:\/\/amthy.com\/pt\/product\/smart-door-cylinder-manufacturer-am-200\/","title":{"rendered":"Cilindro de porta inteligente AM-200"},"content":{"rendered":"<p><img fetchpriority=\"high\" decoding=\"async\" class=\"alignnone wp-image-2019 aligncenter\" src=\"https:\/\/amthy.com\/wp-content\/uploads\/2021\/08\/AM20-300x41.jpg\" alt=\"amthy\" width=\"857\" height=\"117\" title=\"\" srcset=\"https:\/\/amthy.com\/wp-content\/uploads\/2021\/08\/AM20-300x41.jpg 300w, https:\/\/amthy.com\/wp-content\/uploads\/2021\/08\/AM20-600x81.jpg 600w, https:\/\/amthy.com\/wp-content\/uploads\/2021\/08\/AM20-1024x139.jpg 1024w, https:\/\/amthy.com\/wp-content\/uploads\/2021\/08\/AM20-768x104.jpg 768w, https:\/\/amthy.com\/wp-content\/uploads\/2021\/08\/AM20-1536x208.jpg 1536w, https:\/\/amthy.com\/wp-content\/uploads\/2021\/08\/AM20-2048x278.jpg 2048w, https:\/\/amthy.com\/wp-content\/uploads\/2021\/08\/AM20-18x2.jpg 18w\" sizes=\"(max-width: 857px) 100vw, 857px\" \/><\/p>\n<p><iframe title=\"Cilindro de Fechadura Inteligente| AM-200 \u00e9 o bloqueio inteligente das fun\u00e7\u00f5es de desbloqueio de aplicativo de impress\u00e3o digital e telefone.\" width=\"1435\" height=\"807\" src=\"https:\/\/www.youtube.com\/embed\/yRCbSkD6CE8?feature=oembed\" frameborder=\"0\" allow=\"accelerometer; autoplay; clipboard-write; encrypted-media; gyroscope; picture-in-picture\" allowfullscreen><\/iframe><\/p>\n<p>O AMTHY 200 \u00e9 uma fechadura de porta inteligente que lhe d\u00e1 total controle da seguran\u00e7a de sua casa e, ao mesmo tempo, oferece total tranquilidade. Use uma variedade de maneiras para obter acesso \u00e0 sua casa, seja por impress\u00e3o digital, telefone Bluetooth ou por meio do m\u00f3dulo wi-fi para controle remoto. Com a fechadura digital AMTHY, voc\u00ea pode enviar chaves virtuais aos usu\u00e1rios para que amigos e familiares possam ter acesso \u00e0 sua casa, caso voc\u00ea n\u00e3o esteja por perto. Assim que eles obtiverem acesso, voc\u00ea pode gerenciar quem pode entrar em sua propriedade, desativando ou excluindo usu\u00e1rios por meio do aplicativo de telefone. As chaves virtuais podem ser programadas ou permanentes para o controle total de sua casa ou propriedade. Voc\u00ea tamb\u00e9m pode monitorar quem chega e quem sai para saber quando seus entes queridos est\u00e3o em casa com seguran\u00e7a. Voc\u00ea pode at\u00e9 receber uma notifica\u00e7\u00e3o informando quando algu\u00e9m chega em casa. N\u00e3o precisa se preocupar em carregar suas chaves com voc\u00ea. Tudo que voc\u00ea precisa \u00e9 do seu smartphone e com um toque, voc\u00ea pode desbloquear a porta com facilidade. O dispositivo usa tecnologia inteligente Bluetooth criptografada para que o bloqueio inteligente n\u00e3o dependa da recep\u00e7\u00e3o da rede. Torne o seu bloqueio inteligente ainda mais inteligente conectando um de nossos m\u00f3dulos de bloqueio. Neg\u00f3cio direto do fabricante de cilindros de porta inteligente. <a href=\"https:\/\/en.wikipedia.org\/wiki\/Lock\" target=\"_blank\" rel=\"noopener\">Trancar<\/a> e <a href=\"https:\/\/amthy.com\/pt\/product-category\/smart-lock\/\">Cilindro de Porta Inteligente<\/a><\/p>\n<p><strong>Recursos e benef\u00edcios (fabricante de cilindro de porta inteligente):<\/strong><\/p>\n<ul>\n<li>Sem chave - d\u00e1 a voc\u00ea a liberdade de proteger sua casa sem a necessidade de uma chave<\/li>\n<li>Simples de instalar - Adequado para a maioria das portas de PVC e compostas, \u00e9 necess\u00e1ria uma chave de fenda<\/li>\n<li>Simples de ajustar - <strong>N\u00e3o h\u00e1 necessidade de alterar o bloqueio de conjunto completo<\/strong> mas apenas substitua o cilindro sem danificar a porta. Instala\u00e7\u00e3o f\u00e1cil.<\/li>\n<li>Alimentado por bateria - 3 pilhas AAA, alerta dado quando as baterias est\u00e3o fracas<\/li>\n<li>Adequado para portas com espessura entre 60-100mm<\/li>\n<li>Dispon\u00edvel em uma variedade de acabamentos - incluindo preto e prata<\/li>\n<\/ul>\n<p>&nbsp;<\/p>\n<hr \/>\n<p>&nbsp;<\/p>","protected":false},"excerpt":{"rendered":"<ul>\n<li><strong>C\u00f3digo do artigo:<\/strong> AM-200<\/li>\n<li><strong>Material<\/strong><strong>:<\/strong> Lat\u00e3o<\/li>\n<li><strong>Perfil <\/strong>Tamanho: 17*33*10mm<\/li>\n<li><strong>Marca:<\/strong> ODM Dispon\u00edvel<\/li>\n<li><strong>Aplica\u00e7\u00e3o:<\/strong> Madeira\/UPVC\/ Portas de Seguran\u00e7a<\/li>\n<li><strong>Bateria<\/strong>: L\u00edtio embutido<\/li>\n<li><strong>Espessura das portas:<\/strong>60-100mm<\/li>\n<li><strong>Temperatura de opera\u00e7\u00e3o:<\/strong>-20\u00baC a +55\u00baC<\/li>\n<li><strong>\u00c0 prova d&#039;\u00e1gua:<\/strong>IP54<\/li>\n<li><b>Modo de desbloqueio: <\/b><em>Impress\u00e3o digital \/ Bluetooth \/ controle remoto via m\u00f3dulo Wifi<\/em><\/li>\n<\/ul>","protected":false},"featured_media":1938,"template":"","meta":{"nf_dc_page":""},"product_brand":[],"product_cat":[55,25],"product_tag":[],"class_list":{"0":"post-1937","1":"product","2":"type-product","3":"status-publish","4":"has-post-thumbnail","6":"product_cat-smart-lock","7":"product_cat-euro-profile-cylinder-manufacturer","9":"first","10":"instock","11":"shipping-taxable","12":"product-type-simple"},"_links":{"self":[{"href":"https:\/\/amthy.com\/pt\/wp-json\/wp\/v2\/product\/1937","targetHints":{"allow":["GET"]}}],"collection":[{"href":"https:\/\/amthy.com\/pt\/wp-json\/wp\/v2\/product"}],"about":[{"href":"https:\/\/amthy.com\/pt\/wp-json\/wp\/v2\/types\/product"}],"wp:featuredmedia":[{"embeddable":true,"href":"https:\/\/amthy.com\/pt\/wp-json\/wp\/v2\/media\/1938"}],"wp:attachment":[{"href":"https:\/\/amthy.com\/pt\/wp-json\/wp\/v2\/media?parent=1937"}],"wp:term":[{"taxonomy":"product_brand","embeddable":true,"href":"https:\/\/amthy.com\/pt\/wp-json\/wp\/v2\/product_brand?post=1937"},{"taxonomy":"product_cat","embeddable":true,"href":"https:\/\/amthy.com\/pt\/wp-json\/wp\/v2\/product_cat?post=1937"},{"taxonomy":"product_tag","embeddable":true,"href":"https:\/\/amthy.com\/pt\/wp-json\/wp\/v2\/product_tag?post=1937"}],"curies":[{"name":"wp","href":"https:\/\/api.w.org\/{rel}","templated":true}]}}